{"id":1510,"date":"2022-03-24T10:17:46","date_gmt":"2022-03-24T10:17:46","guid":{"rendered":"https:\/\/aurora-kaas.com\/bioland-maashof-familie-imig\/"},"modified":"2022-04-08T13:34:14","modified_gmt":"2022-04-08T13:34:14","slug":"bioland-maashof-familie-imig","status":"publish","type":"page","link":"https:\/\/aurora-kaas.com\/de\/bioland-maashof-familie-imig\/","title":{"rendered":"Bioland Maashof, Familie Imig"},"content":{"rendered":"<style>.kb-advanced-slider-_27561e-62 .kb-slider-size-fixed .kb-advanced-slide-inner-wrap{min-height:700px;}.kb-advanced-slider-_27561e-62 .kb-slider-pause-button{color:#fff;background-color:transparent;border:2px solid #fff;}@media all and (max-width: 1024px){.kb-advanced-slider-_27561e-62 .kb-slider-size-fixed .kb-advanced-slide-inner-wrap{min-height:400px;}}@media all and (max-width: 767px){.kb-advanced-slider-_27561e-62 .kb-slider-size-fixed .kb-advanced-slide-inner-wrap{min-height:350px;}}<\/style>\n<div class=\"wp-block-kadence-slider kb-advanced-slider kb-advanced-slider-_27561e-62\"><div class=\"kb-advanced-slider-inner-contain\"><div class=\"kb-blocks-advanced-carousel kt-blocks-carousel kt-carousel-container-dotstyle-dark\"><div class=\"kb-blocks-advanced-slider-init kb-slider-loading kb-blocks-slider kt-carousel-arrowstyle-outlinewhite kt-carousel-dotstyle-dark kb-slider-size-fixed kb-slider-ratio-12-5 kb-slider-tab-ratio-inherit kb-slider-mobile-ratio-inherit\" data-slider-anim-speed=\"400\" data-slider-type=\"slider\" data-slider-scroll=\"1\" data-slider-fade=\"true\" data-slider-arrows=\"true\" data-slider-dots=\"true\" data-slider-hover-pause=\"false\" data-slider-auto=\"false\" data-slider-speed=\"7000\">\n<div class=\"wp-block-kadence-slide kb-advanced-slide-item kb-slide-_42a694-e5\"><div class=\"kb-advanced-slide\"><div class=\"kb-advanced-slide-inner-wrap\" style=\"background-image:url(https:\/\/aurora-kaas.com\/wp-content\/uploads\/2022\/03\/default-eyecatcher-image.jpeg);background-size:cover;background-position:center center;background-repeat:no-repeat\"><div class=\"kb-advanced-slide-inner\"><\/div><\/div><\/div><\/div>\n<\/div><\/div><\/div><\/div>\n\n\n\n\n<style>.kb-row-layout-id_3301d4-7b > .kt-row-column-wrap{align-content:start;}:where(.kb-row-layout-id_3301d4-7b > .kt-row-column-wrap) > .wp-block-kadence-column{justify-content:start;}.kb-row-layout-id_3301d4-7b > .kt-row-column-wrap{column-gap:var(--global-kb-gap-md, 2rem);row-gap:var(--global-kb-gap-md, 2rem);padding-top:var(--global-kb-spacing-sm, 1.5rem);padding-bottom:var(--global-kb-spacing-sm, 1.5rem);grid-template-columns:minmax(0, 1fr);}.kb-row-layout-id_3301d4-7b > .kt-row-layout-overlay{opacity:0.30;}@media all and (max-width: 1024px){.kb-row-layout-id_3301d4-7b > .kt-row-column-wrap{grid-template-columns:minmax(0, 1fr);}}@media all and (max-width: 767px){.kb-row-layout-id_3301d4-7b > .kt-row-column-wrap{grid-template-columns:minmax(0, 1fr);}}<\/style><div class=\"kb-row-layout-wrap kb-row-layout-id_3301d4-7b alignnone header-text-overlay wp-block-kadence-rowlayout\"><div class=\"kt-row-column-wrap kt-has-1-columns kt-row-layout-equal kt-tab-layout-inherit kt-mobile-layout-row kt-row-valign-top\">\n<style>.kadence-column_979397-6a > .kt-inside-inner-col,.kadence-column_979397-6a > .kt-inside-inner-col:before{border-top-left-radius:0px;border-top-right-radius:0px;border-bottom-right-radius:0px;border-bottom-left-radius:0px;}.kadence-column_979397-6a > .kt-inside-inner-col{column-gap:var(--global-kb-gap-sm, 1rem);}.kadence-column_979397-6a > .kt-inside-inner-col{flex-direction:column;}.kadence-column_979397-6a > .kt-inside-inner-col > .aligncenter{width:100%;}.kadence-column_979397-6a > .kt-inside-inner-col:before{opacity:0.3;}.kadence-column_979397-6a{position:relative;}@media all and (max-width: 1024px){.kadence-column_979397-6a > .kt-inside-inner-col{flex-direction:column;justify-content:center;}}@media all and (max-width: 767px){.kadence-column_979397-6a > .kt-inside-inner-col{flex-direction:column;justify-content:center;}}<\/style>\n<div class=\"wp-block-kadence-column kadence-column_979397-6a inner-column-1\"><div class=\"kt-inside-inner-col\"><\/div><\/div>\n\n<\/div><\/div>\n\n<style>#kt-layout-id_43ed1a-37 > .kt-row-column-wrap{align-content:start;}:where(#kt-layout-id_43ed1a-37 > .kt-row-column-wrap) > .wp-block-kadence-column{justify-content:start;}#kt-layout-id_43ed1a-37 > .kt-row-column-wrap{column-gap:var(--global-kb-gap-md, 2rem);row-gap:var(--global-kb-gap-md, 2rem);max-width:var( --global-content-width, 1290px );padding-left:var(--global-content-edge-padding);padding-right:var(--global-content-edge-padding);padding-top:var( --global-kb-row-default-top, 25px );padding-bottom:var( --global-kb-row-default-bottom, 25px );padding-top:var(--global-kb-spacing-sm, 1.5rem);padding-bottom:var(--global-kb-spacing-sm, 1.5rem);grid-template-columns:minmax(0, 1fr);}#kt-layout-id_43ed1a-37 > .kt-row-layout-overlay{opacity:0.30;}@media all and (max-width: 1024px){#kt-layout-id_43ed1a-37 > .kt-row-column-wrap{grid-template-columns:minmax(0, 1fr);}}@media all and (max-width: 767px){#kt-layout-id_43ed1a-37 > .kt-row-column-wrap{grid-template-columns:minmax(0, 1fr);}}<\/style>\n<div class=\"wp-block-kadence-rowlayout alignnone\"><div id=\"kt-layout-id_43ed1a-37\" class=\"kt-row-layout-inner kt-layout-id_43ed1a-37\"><div class=\"kt-row-column-wrap kt-has-1-columns kt-gutter-default kt-v-gutter-default kt-row-valign-top kt-row-layout-equal kt-tab-layout-inherit kt-m-colapse-left-to-right kt-mobile-layout-row kb-theme-content-width\"><style>.kadence-column_badcd2-ec > .kt-inside-inner-col{border-top-width:0px;border-right-width:0px;border-bottom-width:0px;border-left-width:0px;}.kadence-column_badcd2-ec > .kt-inside-inner-col,.kadence-column_badcd2-ec > .kt-inside-inner-col:before{border-top-left-radius:0px;border-top-right-radius:0px;border-bottom-right-radius:0px;border-bottom-left-radius:0px;}.kadence-column_badcd2-ec > .kt-inside-inner-col{column-gap:var(--global-kb-gap-sm, 1rem);}.kadence-column_badcd2-ec > .kt-inside-inner-col{flex-direction:column;}.kadence-column_badcd2-ec > .kt-inside-inner-col > .aligncenter{width:100%;}.kadence-column_badcd2-ec > .kt-inside-inner-col:before{opacity:0.3;}.kadence-column_badcd2-ec{position:relative;}@media all and (max-width: 1024px){.kadence-column_badcd2-ec > .kt-inside-inner-col{flex-direction:column;justify-content:center;}}@media all and (max-width: 767px){.kadence-column_badcd2-ec > .kt-inside-inner-col{flex-direction:column;justify-content:center;}}<\/style>\n<div class=\"wp-block-kadence-column inner-column-1 kadence-column_badcd2-ec\"><div class=\"kt-inside-inner-col\"><style>.wp-block-kadence-advancedheading.kt-adv-heading_6889c3-03, .wp-block-kadence-advancedheading.kt-adv-heading_6889c3-03[data-kb-block=\"kb-adv-heading_6889c3-03\"]{font-style:normal;}.wp-block-kadence-advancedheading.kt-adv-heading_6889c3-03 mark.kt-highlight, .wp-block-kadence-advancedheading.kt-adv-heading_6889c3-03[data-kb-block=\"kb-adv-heading_6889c3-03\"] mark.kt-highlight{font-style:normal;color:#f76a0c;-webkit-box-decoration-break:clone;box-decoration-break:clone;padding-top:0px;padding-right:0px;padding-bottom:0px;padding-left:0px;}.wp-block-kadence-advancedheading.kt-adv-heading_6889c3-03 img.kb-inline-image, .wp-block-kadence-advancedheading.kt-adv-heading_6889c3-03[data-kb-block=\"kb-adv-heading_6889c3-03\"] img.kb-inline-image{width:150px;vertical-align:baseline;}<\/style>\n<h1 class=\"kt-adv-heading_6889c3-03 wp-block-kadence-advancedheading\" data-kb-block=\"kb-adv-heading_6889c3-03\">Bioland Maashof, Familie Imig<\/h1>\n\n\n\n<p>Der \u201eMaashof\u201c wird von der Familie Imig in der 4. Generation bewirtschaftet. Unser Betrieb liegt am linken unteren Niederrhein zwischen dem Rhein und der niederl\u00e4ndischen Grenze. &nbsp;<\/p>\n\n\n\n<p>Auf inzwischen 108 ha Acker und Gr\u00fcnland wird das Futter f\u00fcr die 110 Milchk\u00fche angebaut. Unsere Herde \u201eHolsteiner Friesen\u201c wird in einem modernen ger\u00e4umigen Boxenlaufstall gehalten, wo die Tiere sich ohne Stress wohlf\u00fchlen k\u00f6nnen. Auf den umliegenden Weiden genie\u00dfen unsere K\u00fche das frische Gras. Neben den Milchk\u00fchen haben wir mit ca. 70 Rindern unsere eigene Nachzucht, so dass wir keine Tiere zukaufen und sich \u201eunsere\u201c Tiere \u00fcber die Jahrzehnte bei uns zuhause f\u00fchlen.<\/p>\n\n\n\n<p>Uns ist es wichtig, durch einen geschlossenen N\u00e4hrstoffkreislauf das Futter f\u00fcr die K\u00fche gr\u00f6\u00dftenteils selbst anzubauen. Wir m\u00f6chten den \u00f6kologischen Landbau mit Weidegang in einer von&nbsp; intensiven Landwirtschaft gepr\u00e4gten Region weiter etablieren und weiter entwickeln.<\/p>\n\n\n<style>.wp-block-kadence-advancedgallery .kb-gallery-type-masonry.kb-gallery-id-_568978-0b{margin:-5px;}.kb-gallery-type-masonry.kb-gallery-id-_568978-0b .kadence-blocks-gallery-item{padding:5px;}.kb-gallery-id-_568978-0b .kadence-blocks-gallery-item .kb-gal-image-radius, .kb-gallery-id-_568978-0b .kb-slide-item .kb-gal-image-radius img{border-radius:0px 0px 0px 0px;;}<\/style><div class=\"kb-gallery-wrap-id-_568978-0b alignnone wp-block-kadence-advancedgallery\"><ul class=\"kb-gallery-ul kb-gallery-non-static kb-gallery-type-masonry kb-masonry-init kb-gallery-id-_568978-0b kb-gallery-caption-style-bottom-hover kb-gallery-filter-none kb-gallery-magnific-init\" data-image-filter=\"none\" data-item-selector=\".kadence-blocks-gallery-item\" data-lightbox-caption=\"true\" data-columns-xxl=\"3\" data-columns-xl=\"3\" data-columns-md=\"3\" data-columns-sm=\"2\" data-columns-xs=\"1\" data-columns-ss=\"1\"><li class=\"kadence-blocks-gallery-item\"><div class=\"kadence-blocks-gallery-item-inner\"><figure class=\"kb-gallery-figure kb-gallery-item-has-link kadence-blocks-gallery-item-hide-caption\"><a href=\"https:\/\/aurora-kaas.com\/wp-content\/uploads\/2022\/03\/25aangepast.jpeg\" class=\"kb-gallery-item-link\"   role=\"button\" aria-haspopup=\"dialog\"><div class=\"kb-gal-image-radius\" style=\"max-width:800px;\"><div class=\"kb-gallery-image-contain kadence-blocks-gallery-intrinsic\" style=\"padding-bottom:66%;\"><img loading=\"lazy\" decoding=\"async\" src=\"https:\/\/aurora-kaas.com\/wp-content\/uploads\/2022\/03\/25aangepast.jpeg\" width=\"800\" height=\"534\" alt=\"\" data-full-image=\"https:\/\/aurora-kaas.com\/wp-content\/uploads\/2022\/03\/25aangepast.jpeg\" data-light-image=\"https:\/\/aurora-kaas.com\/wp-content\/uploads\/2022\/03\/25aangepast.jpeg\" data-id=\"951\" class=\"wp-image-951\" srcset=\"https:\/\/aurora-kaas.com\/wp-content\/uploads\/2022\/03\/25aangepast.jpeg 800w, https:\/\/aurora-kaas.com\/wp-content\/uploads\/2022\/03\/25aangepast-600x401.jpeg 600w, https:\/\/aurora-kaas.com\/wp-content\/uploads\/2022\/03\/25aangepast-300x200.jpeg 300w, https:\/\/aurora-kaas.com\/wp-content\/uploads\/2022\/03\/25aangepast-768x513.jpeg 768w\" sizes=\"auto, (max-width: 800px) 100vw, 800px\" \/><\/div><\/div><\/a><\/figure><\/div><\/li><li class=\"kadence-blocks-gallery-item\"><div class=\"kadence-blocks-gallery-item-inner\"><figure class=\"kb-gallery-figure kb-gallery-item-has-link kadence-blocks-gallery-item-hide-caption\"><a href=\"https:\/\/aurora-kaas.com\/wp-content\/uploads\/2022\/03\/aurora-sonsbeck-henny-van-roomen-fotografie-6.jpeg\" class=\"kb-gallery-item-link\"   role=\"button\" aria-haspopup=\"dialog\"><div class=\"kb-gal-image-radius\" style=\"max-width:534px;\"><div class=\"kb-gallery-image-contain kadence-blocks-gallery-intrinsic\" style=\"padding-bottom:149%;\"><img loading=\"lazy\" decoding=\"async\" src=\"https:\/\/aurora-kaas.com\/wp-content\/uploads\/2022\/03\/aurora-sonsbeck-henny-van-roomen-fotografie-6.jpeg\" width=\"534\" height=\"800\" alt=\"\" data-full-image=\"https:\/\/aurora-kaas.com\/wp-content\/uploads\/2022\/03\/aurora-sonsbeck-henny-van-roomen-fotografie-6.jpeg\" data-light-image=\"https:\/\/aurora-kaas.com\/wp-content\/uploads\/2022\/03\/aurora-sonsbeck-henny-van-roomen-fotografie-6.jpeg\" data-id=\"952\" class=\"wp-image-952\" srcset=\"https:\/\/aurora-kaas.com\/wp-content\/uploads\/2022\/03\/aurora-sonsbeck-henny-van-roomen-fotografie-6.jpeg 534w, https:\/\/aurora-kaas.com\/wp-content\/uploads\/2022\/03\/aurora-sonsbeck-henny-van-roomen-fotografie-6-200x300.jpeg 200w\" sizes=\"auto, (max-width: 534px) 100vw, 534px\" \/><\/div><\/div><\/a><\/figure><\/div><\/li><li class=\"kadence-blocks-gallery-item\"><div class=\"kadence-blocks-gallery-item-inner\"><figure class=\"kb-gallery-figure kb-gallery-item-has-link kadence-blocks-gallery-item-hide-caption\"><a href=\"https:\/\/aurora-kaas.com\/wp-content\/uploads\/2022\/03\/aurora-sonsbeck-henny-van-roomen-fotografie-11.jpeg\" class=\"kb-gallery-item-link\"   role=\"button\" aria-haspopup=\"dialog\"><div class=\"kb-gal-image-radius\" style=\"max-width:800px;\"><div class=\"kb-gallery-image-contain kadence-blocks-gallery-intrinsic\" style=\"padding-bottom:66%;\"><img loading=\"lazy\" decoding=\"async\" src=\"https:\/\/aurora-kaas.com\/wp-content\/uploads\/2022\/03\/aurora-sonsbeck-henny-van-roomen-fotografie-11.jpeg\" width=\"800\" height=\"534\" alt=\"\" data-full-image=\"https:\/\/aurora-kaas.com\/wp-content\/uploads\/2022\/03\/aurora-sonsbeck-henny-van-roomen-fotografie-11.jpeg\" data-light-image=\"https:\/\/aurora-kaas.com\/wp-content\/uploads\/2022\/03\/aurora-sonsbeck-henny-van-roomen-fotografie-11.jpeg\" data-id=\"953\" class=\"wp-image-953\" srcset=\"https:\/\/aurora-kaas.com\/wp-content\/uploads\/2022\/03\/aurora-sonsbeck-henny-van-roomen-fotografie-11.jpeg 800w, https:\/\/aurora-kaas.com\/wp-content\/uploads\/2022\/03\/aurora-sonsbeck-henny-van-roomen-fotografie-11-600x401.jpeg 600w, https:\/\/aurora-kaas.com\/wp-content\/uploads\/2022\/03\/aurora-sonsbeck-henny-van-roomen-fotografie-11-300x200.jpeg 300w, https:\/\/aurora-kaas.com\/wp-content\/uploads\/2022\/03\/aurora-sonsbeck-henny-van-roomen-fotografie-11-768x513.jpeg 768w\" sizes=\"auto, (max-width: 800px) 100vw, 800px\" \/><\/div><\/div><\/a><\/figure><\/div><\/li><li class=\"kadence-blocks-gallery-item\"><div class=\"kadence-blocks-gallery-item-inner\"><figure class=\"kb-gallery-figure kb-gallery-item-has-link kadence-blocks-gallery-item-hide-caption\"><a href=\"https:\/\/aurora-kaas.com\/wp-content\/uploads\/2022\/03\/aurora-sonsbeck-henny-van-roomen-fotografie-26-1.jpeg\" class=\"kb-gallery-item-link\"   role=\"button\" aria-haspopup=\"dialog\"><div class=\"kb-gal-image-radius\" style=\"max-width:800px;\"><div class=\"kb-gallery-image-contain kadence-blocks-gallery-intrinsic\" style=\"padding-bottom:66%;\"><img loading=\"lazy\" decoding=\"async\" src=\"https:\/\/aurora-kaas.com\/wp-content\/uploads\/2022\/03\/aurora-sonsbeck-henny-van-roomen-fotografie-26-1.jpeg\" width=\"800\" height=\"534\" alt=\"\" data-full-image=\"https:\/\/aurora-kaas.com\/wp-content\/uploads\/2022\/03\/aurora-sonsbeck-henny-van-roomen-fotografie-26-1.jpeg\" data-light-image=\"https:\/\/aurora-kaas.com\/wp-content\/uploads\/2022\/03\/aurora-sonsbeck-henny-van-roomen-fotografie-26-1.jpeg\" data-id=\"954\" class=\"wp-image-954\" srcset=\"https:\/\/aurora-kaas.com\/wp-content\/uploads\/2022\/03\/aurora-sonsbeck-henny-van-roomen-fotografie-26-1.jpeg 800w, https:\/\/aurora-kaas.com\/wp-content\/uploads\/2022\/03\/aurora-sonsbeck-henny-van-roomen-fotografie-26-1-600x401.jpeg 600w, https:\/\/aurora-kaas.com\/wp-content\/uploads\/2022\/03\/aurora-sonsbeck-henny-van-roomen-fotografie-26-1-300x200.jpeg 300w, https:\/\/aurora-kaas.com\/wp-content\/uploads\/2022\/03\/aurora-sonsbeck-henny-van-roomen-fotografie-26-1-768x513.jpeg 768w\" sizes=\"auto, (max-width: 800px) 100vw, 800px\" \/><\/div><\/div><\/a><\/figure><\/div><\/li><\/ul><\/div>\n\n\n<p>Bilder durch\u00a0<a href=\"https:\/\/www.hennyvanroomen.nl\/\" target=\"_blank\" rel=\"noreferrer noopener\">Henny van Roomen Fotografie<\/a><\/p>\n\n\n\n<p><strong>Adresse :<\/strong><br>Schwarze Stra\u00dfe 70<br>47665 Sonsbeck DE<\/p>\n<\/div><\/div>\n<\/div><\/div><\/div>\n","protected":false},"excerpt":{"rendered":"<p>Bioland Maashof, Familie Imig Der \u201eMaashof\u201c wird von der Familie Imig in der 4. Generation bewirtschaftet. Unser Betrieb liegt am linken unteren Niederrhein zwischen dem Rhein und der niederl\u00e4ndischen Grenze. &nbsp; Auf inzwischen 108 ha Acker und Gr\u00fcnland wird das Futter f\u00fcr die 110 Milchk\u00fche angebaut. Unsere Herde \u201eHolsteiner Friesen\u201c wird in einem modernen ger\u00e4umigen&#8230;<\/p>\n","protected":false},"author":1,"featured_media":0,"parent":0,"menu_order":0,"comment_status":"closed","ping_status":"closed","template":"","meta":{"inline_featured_image":false,"_kad_blocks_custom_css":"","_kad_blocks_head_custom_js":"","_kad_blocks_body_custom_js":"","_kad_blocks_footer_custom_js":"","_kadence_starter_templates_imported_post":false,"_kad_post_transparent":"","_kad_post_title":"","_kad_post_layout":"","_kad_post_sidebar_id":"","_kad_post_content_style":"","_kad_post_vertical_padding":"","_kad_post_feature":"","_kad_post_feature_position":"","_kad_post_header":false,"_kad_post_footer":false,"_kad_post_classname":"","footnotes":""},"class_list":["post-1510","page","type-page","status-publish","hentry"],"yoast_head":"<!-- This site is optimized with the Yoast SEO plugin v27.4 - https:\/\/yoast.com\/product\/yoast-seo-wordpress\/ -->\n<title>Bioland Maashof, Familie Imig - Aurora kaas<\/title>\n<meta name=\"robots\" content=\"index, follow, max-snippet:-1, max-image-preview:large, max-video-preview:-1\" \/>\n<link rel=\"canonical\" href=\"https:\/\/aurora-kaas.com\/de\/bioland-maashof-familie-imig\/\" \/>\n<meta property=\"og:locale\" content=\"de_DE\" \/>\n<meta property=\"og:type\" content=\"article\" \/>\n<meta property=\"og:title\" content=\"Bioland Maashof, Familie Imig - Aurora kaas\" \/>\n<meta property=\"og:description\" content=\"Bioland Maashof, Familie Imig Der \u201eMaashof\u201c wird von der Familie Imig in der 4. Generation bewirtschaftet. Unser Betrieb liegt am linken unteren Niederrhein zwischen dem Rhein und der niederl\u00e4ndischen Grenze. &nbsp; Auf inzwischen 108 ha Acker und Gr\u00fcnland wird das Futter f\u00fcr die 110 Milchk\u00fche angebaut. Unsere Herde \u201eHolsteiner Friesen\u201c wird in einem modernen ger\u00e4umigen...\" \/>\n<meta property=\"og:url\" content=\"https:\/\/aurora-kaas.com\/de\/bioland-maashof-familie-imig\/\" \/>\n<meta property=\"og:site_name\" content=\"Aurora kaas\" \/>\n<meta property=\"article:publisher\" content=\"https:\/\/www.facebook.com\/auroracheese\" \/>\n<meta property=\"article:modified_time\" content=\"2022-04-08T13:34:14+00:00\" \/>\n<meta property=\"og:image\" content=\"https:\/\/aurora-kaas.com\/wp-content\/uploads\/2022\/03\/25aangepast.jpeg\" \/>\n<meta name=\"twitter:card\" content=\"summary_large_image\" \/>\n<meta name=\"twitter:label1\" content=\"Gesch\u00e4tzte Lesezeit\" \/>\n\t<meta name=\"twitter:data1\" content=\"1\u00a0Minute\" \/>\n<script type=\"application\/ld+json\" class=\"yoast-schema-graph\">{\"@context\":\"https:\\\/\\\/schema.org\",\"@graph\":[{\"@type\":\"WebPage\",\"@id\":\"https:\\\/\\\/aurora-kaas.com\\\/de\\\/bioland-maashof-familie-imig\\\/\",\"url\":\"https:\\\/\\\/aurora-kaas.com\\\/de\\\/bioland-maashof-familie-imig\\\/\",\"name\":\"Bioland Maashof, Familie Imig - Aurora kaas\",\"isPartOf\":{\"@id\":\"https:\\\/\\\/aurora-kaas.com\\\/de\\\/#website\"},\"primaryImageOfPage\":{\"@id\":\"https:\\\/\\\/aurora-kaas.com\\\/de\\\/bioland-maashof-familie-imig\\\/#primaryimage\"},\"image\":{\"@id\":\"https:\\\/\\\/aurora-kaas.com\\\/de\\\/bioland-maashof-familie-imig\\\/#primaryimage\"},\"thumbnailUrl\":\"https:\\\/\\\/aurora-kaas.com\\\/wp-content\\\/uploads\\\/2022\\\/03\\\/25aangepast.jpeg\",\"datePublished\":\"2022-03-24T10:17:46+00:00\",\"dateModified\":\"2022-04-08T13:34:14+00:00\",\"breadcrumb\":{\"@id\":\"https:\\\/\\\/aurora-kaas.com\\\/de\\\/bioland-maashof-familie-imig\\\/#breadcrumb\"},\"inLanguage\":\"de\",\"potentialAction\":[{\"@type\":\"ReadAction\",\"target\":[\"https:\\\/\\\/aurora-kaas.com\\\/de\\\/bioland-maashof-familie-imig\\\/\"]}]},{\"@type\":\"ImageObject\",\"inLanguage\":\"de\",\"@id\":\"https:\\\/\\\/aurora-kaas.com\\\/de\\\/bioland-maashof-familie-imig\\\/#primaryimage\",\"url\":\"https:\\\/\\\/aurora-kaas.com\\\/wp-content\\\/uploads\\\/2022\\\/03\\\/25aangepast.jpeg\",\"contentUrl\":\"https:\\\/\\\/aurora-kaas.com\\\/wp-content\\\/uploads\\\/2022\\\/03\\\/25aangepast.jpeg\"},{\"@type\":\"BreadcrumbList\",\"@id\":\"https:\\\/\\\/aurora-kaas.com\\\/de\\\/bioland-maashof-familie-imig\\\/#breadcrumb\",\"itemListElement\":[{\"@type\":\"ListItem\",\"position\":1,\"name\":\"Startseite\",\"item\":\"https:\\\/\\\/aurora-kaas.com\\\/de\\\/\"},{\"@type\":\"ListItem\",\"position\":2,\"name\":\"Bioland Maashof, Familie Imig\"}]},{\"@type\":\"WebSite\",\"@id\":\"https:\\\/\\\/aurora-kaas.com\\\/de\\\/#website\",\"url\":\"https:\\\/\\\/aurora-kaas.com\\\/de\\\/\",\"name\":\"Aurora Kaas\",\"description\":\"Biok\u00e4se vom Niederrhein\",\"publisher\":{\"@id\":\"https:\\\/\\\/aurora-kaas.com\\\/de\\\/#organization\"},\"potentialAction\":[{\"@type\":\"SearchAction\",\"target\":{\"@type\":\"EntryPoint\",\"urlTemplate\":\"https:\\\/\\\/aurora-kaas.com\\\/de\\\/?s={search_term_string}\"},\"query-input\":{\"@type\":\"PropertyValueSpecification\",\"valueRequired\":true,\"valueName\":\"search_term_string\"}}],\"inLanguage\":\"de\"},{\"@type\":\"Organization\",\"@id\":\"https:\\\/\\\/aurora-kaas.com\\\/de\\\/#organization\",\"name\":\"Aurora Kaas GmbH\",\"url\":\"https:\\\/\\\/aurora-kaas.com\\\/de\\\/\",\"logo\":{\"@type\":\"ImageObject\",\"inLanguage\":\"de\",\"@id\":\"https:\\\/\\\/aurora-kaas.com\\\/de\\\/#\\\/schema\\\/logo\\\/image\\\/\",\"url\":\"https:\\\/\\\/aurora-kaas.com\\\/wp-content\\\/uploads\\\/2022\\\/03\\\/logo.svg\",\"contentUrl\":\"https:\\\/\\\/aurora-kaas.com\\\/wp-content\\\/uploads\\\/2022\\\/03\\\/logo.svg\",\"width\":155,\"height\":82,\"caption\":\"Aurora Kaas GmbH\"},\"image\":{\"@id\":\"https:\\\/\\\/aurora-kaas.com\\\/de\\\/#\\\/schema\\\/logo\\\/image\\\/\"},\"sameAs\":[\"https:\\\/\\\/www.facebook.com\\\/auroracheese\",\"https:\\\/\\\/www.instagram.com\\\/aurora_kaas\\\/\"]}]}<\/script>\n<!-- \/ Yoast SEO plugin. -->","yoast_head_json":{"title":"Bioland Maashof, Familie Imig - Aurora kaas","robots":{"index":"index","follow":"follow","max-snippet":"max-snippet:-1","max-image-preview":"max-image-preview:large","max-video-preview":"max-video-preview:-1"},"canonical":"https:\/\/aurora-kaas.com\/de\/bioland-maashof-familie-imig\/","og_locale":"de_DE","og_type":"article","og_title":"Bioland Maashof, Familie Imig - Aurora kaas","og_description":"Bioland Maashof, Familie Imig Der \u201eMaashof\u201c wird von der Familie Imig in der 4. Generation bewirtschaftet. Unser Betrieb liegt am linken unteren Niederrhein zwischen dem Rhein und der niederl\u00e4ndischen Grenze. &nbsp; Auf inzwischen 108 ha Acker und Gr\u00fcnland wird das Futter f\u00fcr die 110 Milchk\u00fche angebaut. Unsere Herde \u201eHolsteiner Friesen\u201c wird in einem modernen ger\u00e4umigen...","og_url":"https:\/\/aurora-kaas.com\/de\/bioland-maashof-familie-imig\/","og_site_name":"Aurora kaas","article_publisher":"https:\/\/www.facebook.com\/auroracheese","article_modified_time":"2022-04-08T13:34:14+00:00","og_image":[{"url":"https:\/\/aurora-kaas.com\/wp-content\/uploads\/2022\/03\/25aangepast.jpeg","type":"","width":"","height":""}],"twitter_card":"summary_large_image","twitter_misc":{"Gesch\u00e4tzte Lesezeit":"1\u00a0Minute"},"schema":{"@context":"https:\/\/schema.org","@graph":[{"@type":"WebPage","@id":"https:\/\/aurora-kaas.com\/de\/bioland-maashof-familie-imig\/","url":"https:\/\/aurora-kaas.com\/de\/bioland-maashof-familie-imig\/","name":"Bioland Maashof, Familie Imig - Aurora kaas","isPartOf":{"@id":"https:\/\/aurora-kaas.com\/de\/#website"},"primaryImageOfPage":{"@id":"https:\/\/aurora-kaas.com\/de\/bioland-maashof-familie-imig\/#primaryimage"},"image":{"@id":"https:\/\/aurora-kaas.com\/de\/bioland-maashof-familie-imig\/#primaryimage"},"thumbnailUrl":"https:\/\/aurora-kaas.com\/wp-content\/uploads\/2022\/03\/25aangepast.jpeg","datePublished":"2022-03-24T10:17:46+00:00","dateModified":"2022-04-08T13:34:14+00:00","breadcrumb":{"@id":"https:\/\/aurora-kaas.com\/de\/bioland-maashof-familie-imig\/#breadcrumb"},"inLanguage":"de","potentialAction":[{"@type":"ReadAction","target":["https:\/\/aurora-kaas.com\/de\/bioland-maashof-familie-imig\/"]}]},{"@type":"ImageObject","inLanguage":"de","@id":"https:\/\/aurora-kaas.com\/de\/bioland-maashof-familie-imig\/#primaryimage","url":"https:\/\/aurora-kaas.com\/wp-content\/uploads\/2022\/03\/25aangepast.jpeg","contentUrl":"https:\/\/aurora-kaas.com\/wp-content\/uploads\/2022\/03\/25aangepast.jpeg"},{"@type":"BreadcrumbList","@id":"https:\/\/aurora-kaas.com\/de\/bioland-maashof-familie-imig\/#breadcrumb","itemListElement":[{"@type":"ListItem","position":1,"name":"Startseite","item":"https:\/\/aurora-kaas.com\/de\/"},{"@type":"ListItem","position":2,"name":"Bioland Maashof, Familie Imig"}]},{"@type":"WebSite","@id":"https:\/\/aurora-kaas.com\/de\/#website","url":"https:\/\/aurora-kaas.com\/de\/","name":"Aurora Kaas","description":"Biok\u00e4se vom Niederrhein","publisher":{"@id":"https:\/\/aurora-kaas.com\/de\/#organization"},"potentialAction":[{"@type":"SearchAction","target":{"@type":"EntryPoint","urlTemplate":"https:\/\/aurora-kaas.com\/de\/?s={search_term_string}"},"query-input":{"@type":"PropertyValueSpecification","valueRequired":true,"valueName":"search_term_string"}}],"inLanguage":"de"},{"@type":"Organization","@id":"https:\/\/aurora-kaas.com\/de\/#organization","name":"Aurora Kaas GmbH","url":"https:\/\/aurora-kaas.com\/de\/","logo":{"@type":"ImageObject","inLanguage":"de","@id":"https:\/\/aurora-kaas.com\/de\/#\/schema\/logo\/image\/","url":"https:\/\/aurora-kaas.com\/wp-content\/uploads\/2022\/03\/logo.svg","contentUrl":"https:\/\/aurora-kaas.com\/wp-content\/uploads\/2022\/03\/logo.svg","width":155,"height":82,"caption":"Aurora Kaas GmbH"},"image":{"@id":"https:\/\/aurora-kaas.com\/de\/#\/schema\/logo\/image\/"},"sameAs":["https:\/\/www.facebook.com\/auroracheese","https:\/\/www.instagram.com\/aurora_kaas\/"]}]}},"taxonomy_info":[],"featured_image_src_large":false,"author_info":{"display_name":"HPU Internet Services","author_link":"https:\/\/aurora-kaas.com\/de\/author\/admin_55mrb345\/"},"comment_info":0,"_links":{"self":[{"href":"https:\/\/aurora-kaas.com\/de\/wp-json\/wp\/v2\/pages\/1510","targetHints":{"allow":["GET"]}}],"collection":[{"href":"https:\/\/aurora-kaas.com\/de\/wp-json\/wp\/v2\/pages"}],"about":[{"href":"https:\/\/aurora-kaas.com\/de\/wp-json\/wp\/v2\/types\/page"}],"author":[{"embeddable":true,"href":"https:\/\/aurora-kaas.com\/de\/wp-json\/wp\/v2\/users\/1"}],"replies":[{"embeddable":true,"href":"https:\/\/aurora-kaas.com\/de\/wp-json\/wp\/v2\/comments?post=1510"}],"version-history":[{"count":2,"href":"https:\/\/aurora-kaas.com\/de\/wp-json\/wp\/v2\/pages\/1510\/revisions"}],"predecessor-version":[{"id":1968,"href":"https:\/\/aurora-kaas.com\/de\/wp-json\/wp\/v2\/pages\/1510\/revisions\/1968"}],"wp:attachment":[{"href":"https:\/\/aurora-kaas.com\/de\/wp-json\/wp\/v2\/media?parent=1510"}],"curies":[{"name":"wp","href":"https:\/\/api.w.org\/{rel}","templated":true}]}}