{"id":1514,"date":"2022-03-24T09:45:04","date_gmt":"2022-03-24T09:45:04","guid":{"rendered":"https:\/\/aurora-kaas.com\/demeter-hof-schanzenhof\/"},"modified":"2022-05-30T09:15:37","modified_gmt":"2022-05-30T09:15:37","slug":"demeter-hof-schanzenhof","status":"publish","type":"page","link":"https:\/\/aurora-kaas.com\/de\/demeter-hof-schanzenhof\/","title":{"rendered":"Demeter Hof Schanzenhof"},"content":{"rendered":"<style>.kb-advanced-slider-_27561e-62 .kb-slider-size-fixed .kb-advanced-slide-inner-wrap{min-height:700px;}.kb-advanced-slider-_27561e-62 .kb-slider-pause-button{color:#fff;background-color:transparent;border:2px solid #fff;}@media all and (max-width: 1024px){.kb-advanced-slider-_27561e-62 .kb-slider-size-fixed .kb-advanced-slide-inner-wrap{min-height:400px;}}@media all and (max-width: 767px){.kb-advanced-slider-_27561e-62 .kb-slider-size-fixed .kb-advanced-slide-inner-wrap{min-height:350px;}}<\/style>\n<div class=\"wp-block-kadence-slider kb-advanced-slider kb-advanced-slider-_27561e-62\"><div class=\"kb-advanced-slider-inner-contain\"><div class=\"kb-blocks-advanced-carousel kt-blocks-carousel kt-carousel-container-dotstyle-dark\"><div class=\"kb-blocks-advanced-slider-init kb-slider-loading kb-blocks-slider kt-carousel-arrowstyle-outlinewhite kt-carousel-dotstyle-dark kb-slider-size-fixed kb-slider-ratio-12-5 kb-slider-tab-ratio-inherit kb-slider-mobile-ratio-inherit\" data-slider-anim-speed=\"400\" data-slider-type=\"slider\" data-slider-scroll=\"1\" data-slider-fade=\"true\" data-slider-arrows=\"true\" data-slider-dots=\"true\" data-slider-hover-pause=\"false\" data-slider-auto=\"false\" data-slider-speed=\"7000\">\n<div class=\"wp-block-kadence-slide kb-advanced-slide-item kb-slide-_42a694-e5\"><div class=\"kb-advanced-slide\"><div class=\"kb-advanced-slide-inner-wrap\" style=\"background-image:url(https:\/\/aurora-kaas.com\/wp-content\/uploads\/2022\/05\/Aurora-Kaas-Biokaese_Schanzenhof-Alpen0080-web.jpg);background-size:cover;background-position:center center;background-repeat:no-repeat\"><div class=\"kb-advanced-slide-inner\"><\/div><\/div><\/div><\/div>\n<\/div><\/div><\/div><\/div>\n\n\n\n\n<style>#kt-layout-id_221507-0a > .kt-row-column-wrap{align-content:start;}:where(#kt-layout-id_221507-0a > .kt-row-column-wrap) > .wp-block-kadence-column{justify-content:start;}#kt-layout-id_221507-0a > .kt-row-column-wrap{column-gap:var(--global-kb-gap-md, 2rem);row-gap:var(--global-kb-gap-md, 2rem);max-width:var( --global-content-width, 1290px );padding-left:var(--global-content-edge-padding);padding-right:var(--global-content-edge-padding);padding-top:var( --global-kb-row-default-top, 25px );padding-bottom:var( --global-kb-row-default-bottom, 25px );padding-top:var(--global-kb-spacing-sm, 1.5rem);padding-bottom:var(--global-kb-spacing-sm, 1.5rem);grid-template-columns:minmax(0, 1fr);}#kt-layout-id_221507-0a > .kt-row-layout-overlay{opacity:0.30;}@media all and (max-width: 1024px){#kt-layout-id_221507-0a > .kt-row-column-wrap{grid-template-columns:minmax(0, 1fr);}}@media all and (max-width: 767px){#kt-layout-id_221507-0a > .kt-row-column-wrap{grid-template-columns:minmax(0, 1fr);}}<\/style>\n<div class=\"wp-block-kadence-rowlayout alignnone\"><div id=\"kt-layout-id_221507-0a\" class=\"kt-row-layout-inner kt-layout-id_221507-0a\"><div class=\"kt-row-column-wrap kt-has-1-columns kt-gutter-default kt-v-gutter-default kt-row-valign-top kt-row-layout-equal kt-tab-layout-inherit kt-m-colapse-left-to-right kt-mobile-layout-row kb-theme-content-width\"><style>.kadence-column_3dbefa-26 > .kt-inside-inner-col{border-top-width:0px;border-right-width:0px;border-bottom-width:0px;border-left-width:0px;}.kadence-column_3dbefa-26 > .kt-inside-inner-col,.kadence-column_3dbefa-26 > .kt-inside-inner-col:before{border-top-left-radius:0px;border-top-right-radius:0px;border-bottom-right-radius:0px;border-bottom-left-radius:0px;}.kadence-column_3dbefa-26 > .kt-inside-inner-col{column-gap:var(--global-kb-gap-sm, 1rem);}.kadence-column_3dbefa-26 > .kt-inside-inner-col{flex-direction:column;}.kadence-column_3dbefa-26 > .kt-inside-inner-col > .aligncenter{width:100%;}.kadence-column_3dbefa-26 > .kt-inside-inner-col:before{opacity:0.3;}.kadence-column_3dbefa-26{position:relative;}@media all and (max-width: 1024px){.kadence-column_3dbefa-26 > .kt-inside-inner-col{flex-direction:column;justify-content:center;}}@media all and (max-width: 767px){.kadence-column_3dbefa-26 > .kt-inside-inner-col{flex-direction:column;justify-content:center;}}<\/style>\n<div class=\"wp-block-kadence-column inner-column-1 kadence-column_3dbefa-26\"><div class=\"kt-inside-inner-col\"><style>.wp-block-kadence-advancedheading.kt-adv-heading_42244f-2d, .wp-block-kadence-advancedheading.kt-adv-heading_42244f-2d[data-kb-block=\"kb-adv-heading_42244f-2d\"]{font-style:normal;}.wp-block-kadence-advancedheading.kt-adv-heading_42244f-2d mark.kt-highlight, .wp-block-kadence-advancedheading.kt-adv-heading_42244f-2d[data-kb-block=\"kb-adv-heading_42244f-2d\"] mark.kt-highlight{font-style:normal;color:#f76a0c;-webkit-box-decoration-break:clone;box-decoration-break:clone;padding-top:0px;padding-right:0px;padding-bottom:0px;padding-left:0px;}.wp-block-kadence-advancedheading.kt-adv-heading_42244f-2d img.kb-inline-image, .wp-block-kadence-advancedheading.kt-adv-heading_42244f-2d[data-kb-block=\"kb-adv-heading_42244f-2d\"] img.kb-inline-image{width:150px;vertical-align:baseline;}<\/style>\n<h1 class=\"kt-adv-heading_42244f-2d wp-block-kadence-advancedheading\" data-kb-block=\"kb-adv-heading_42244f-2d\">Demeter Hof Schanzenhof<\/h1>\n\n\n<style>#kt-layout-id_eb5e27-44 > .kt-row-column-wrap{align-content:start;}:where(#kt-layout-id_eb5e27-44 > .kt-row-column-wrap) > .wp-block-kadence-column{justify-content:start;}#kt-layout-id_eb5e27-44 > .kt-row-column-wrap{column-gap:var(--global-kb-gap-md, 2rem);row-gap:var(--global-kb-gap-md, 2rem);padding-top:var( --global-kb-row-default-top, 25px );padding-bottom:var( --global-kb-row-default-bottom, 25px );padding-top:var(--global-kb-spacing-sm, 1.5rem);padding-bottom:var(--global-kb-spacing-sm, 1.5rem);grid-template-columns:repeat(2, minmax(0, 1fr));}#kt-layout-id_eb5e27-44 > .kt-row-layout-overlay{opacity:0.30;}@media all and (max-width: 1024px){#kt-layout-id_eb5e27-44 > .kt-row-column-wrap{grid-template-columns:repeat(2, minmax(0, 1fr));}}@media all and (max-width: 767px){#kt-layout-id_eb5e27-44 > .kt-row-column-wrap{grid-template-columns:minmax(0, 1fr);}}<\/style>\n<div class=\"wp-block-kadence-rowlayout alignnone\"><div id=\"kt-layout-id_eb5e27-44\" class=\"kt-row-layout-inner kt-layout-id_eb5e27-44\"><div class=\"kt-row-column-wrap kt-has-2-columns kt-gutter-default kt-v-gutter-default kt-row-valign-top kt-row-layout-equal kt-tab-layout-inherit kt-m-colapse-left-to-right kt-mobile-layout-row\"><style>.kadence-column_d357d0-72 > .kt-inside-inner-col{border-top-width:0px;border-right-width:0px;border-bottom-width:0px;border-left-width:0px;}.kadence-column_d357d0-72 > .kt-inside-inner-col,.kadence-column_d357d0-72 > .kt-inside-inner-col:before{border-top-left-radius:0px;border-top-right-radius:0px;border-bottom-right-radius:0px;border-bottom-left-radius:0px;}.kadence-column_d357d0-72 > .kt-inside-inner-col{column-gap:var(--global-kb-gap-sm, 1rem);}.kadence-column_d357d0-72 > .kt-inside-inner-col{flex-direction:column;}.kadence-column_d357d0-72 > .kt-inside-inner-col > .aligncenter{width:100%;}.kadence-column_d357d0-72 > .kt-inside-inner-col:before{opacity:0.3;}.kadence-column_d357d0-72{position:relative;}@media all and (max-width: 1024px){.kadence-column_d357d0-72 > .kt-inside-inner-col{flex-direction:column;justify-content:center;}}@media all and (max-width: 767px){.kadence-column_d357d0-72 > .kt-inside-inner-col{flex-direction:column;justify-content:center;}}<\/style>\n<div class=\"wp-block-kadence-column inner-column-1 kadence-column_d357d0-72\"><div class=\"kt-inside-inner-col\">\n<p>Der &#8222;Schanzenhof&#8220; am Niederrhein in Alpen ist ein vielseitiger Gemischtbetrieb. Seit 1995 ist der Hof komplett auf die biologisch-dynamische Wirtschaftsweise umgestellt.<\/p>\n\n\n\n<p>Etwa 90 Milchk\u00fche mit Jungvieh, darunter auch einige Bullen und Zuchtbullen leben auf dem Schanzenhof, dar\u00fcber hinaus noch \u00fcber 40 Mastschweine. Die K\u00e4lber f\u00fcr die eigene Aufzucht werden kuhgebunden aufgezogen. Sobald die Witterung und das Wachstum es zul\u00e4sst, weiden die Tiere. Das Gr\u00fcnland mit Hecken und Streuobst dient in besonderer Weise der Biodiversit\u00e4t. Neben dem Gr\u00fcnland betreiben wir einen vielseitigen Ackerbau mit diversen Arten und soweit m\u00f6glichst biodynamische Sorten. Auf den Feldern wachsen Luzerne-Kleegras und Kr\u00e4uter, Mais, Weizen, Roggen, Gerste, Kartoffeln, Rote Bete, Zuckerr\u00fcben und Leguminosen-Getreidegemenge. Ein Garten mit Fr\u00fchgem\u00fcse und Beerenobst rundet den umfangreichen Anbau ab.<\/p>\n<\/div><\/div>\n\n\n<style>.kadence-column_97e75a-b5 > .kt-inside-inner-col{border-top-width:0px;border-right-width:0px;border-bottom-width:0px;border-left-width:0px;}.kadence-column_97e75a-b5 > .kt-inside-inner-col,.kadence-column_97e75a-b5 > .kt-inside-inner-col:before{border-top-left-radius:0px;border-top-right-radius:0px;border-bottom-right-radius:0px;border-bottom-left-radius:0px;}.kadence-column_97e75a-b5 > .kt-inside-inner-col{column-gap:var(--global-kb-gap-sm, 1rem);}.kadence-column_97e75a-b5 > .kt-inside-inner-col{flex-direction:column;}.kadence-column_97e75a-b5 > .kt-inside-inner-col > .aligncenter{width:100%;}.kadence-column_97e75a-b5 > .kt-inside-inner-col:before{opacity:0.3;}.kadence-column_97e75a-b5{position:relative;}@media all and (max-width: 1024px){.kadence-column_97e75a-b5 > .kt-inside-inner-col{flex-direction:column;justify-content:center;}}@media all and (max-width: 767px){.kadence-column_97e75a-b5 > .kt-inside-inner-col{flex-direction:column;justify-content:center;}}<\/style>\n<div class=\"wp-block-kadence-column inner-column-2 kadence-column_97e75a-b5\"><div class=\"kt-inside-inner-col\">\n<figure class=\"wp-block-image size-large\"><img loading=\"lazy\" decoding=\"async\" width=\"1024\" height=\"680\" src=\"https:\/\/aurora-kaas.com\/wp-content\/uploads\/2022\/05\/Aurora-Kaas-Biokaese_Schanzenhof-Alpen0031-web-1024x680.jpg\" alt=\"\" class=\"wp-image-2670\" srcset=\"https:\/\/aurora-kaas.com\/wp-content\/uploads\/2022\/05\/Aurora-Kaas-Biokaese_Schanzenhof-Alpen0031-web-1024x680.jpg 1024w, https:\/\/aurora-kaas.com\/wp-content\/uploads\/2022\/05\/Aurora-Kaas-Biokaese_Schanzenhof-Alpen0031-web-600x398.jpg 600w, https:\/\/aurora-kaas.com\/wp-content\/uploads\/2022\/05\/Aurora-Kaas-Biokaese_Schanzenhof-Alpen0031-web-300x199.jpg 300w, https:\/\/aurora-kaas.com\/wp-content\/uploads\/2022\/05\/Aurora-Kaas-Biokaese_Schanzenhof-Alpen0031-web-768x510.jpg 768w, https:\/\/aurora-kaas.com\/wp-content\/uploads\/2022\/05\/Aurora-Kaas-Biokaese_Schanzenhof-Alpen0031-web.jpg 1372w\" sizes=\"auto, (max-width: 1024px) 100vw, 1024px\" \/><\/figure>\n<\/div><\/div>\n<\/div><\/div><\/div>\n\n\n\n<p>Die Erzeugnisse werden m\u00f6glichst regional verkauft, so auch die Milch an die Molkerei Aurora. Auf dem Hof verarbeiten wir&nbsp; u.a. Fleisch und Rote Bete. &nbsp;Die Produkte findet man auch in unserem Hofladen, insbesondere den Aurora-K\u00e4se.<\/p>\n\n\n\n<p>Ein Team aus den Betriebsleitern und engagierten Mitarbeitern, Auszubildenden und Praktikanten sind f\u00fcr den Schanzenhof im Einsatz. Im Durchschnitt des Jahres arbeiten sieben Menschen.<\/p>\n\n\n\n<p>Die Weiterentwicklung des \u00f6kologischen und besonders des biologisch-dynamischen Landbaus liegt uns am sehr am Herzen: Wir sind einer von 30 \u00f6kologischen Leitbetrieben in NRW und Wasserrahmenmodellbetrieb. Hier finden Versuche statt und wir beteiligen uns verschiedenen Projekten mit u.a. Fragen zur Klimarelevanz von Milchviehbetrieben, zur D\u00fcngungseffizienz und zum Wasserschutz.<\/p>\n\n\n\n<p>Auf Anfrage bieten wir gerne Betriebsf\u00fchrungen f\u00fcr Besuchergruppen, Schulklassen, Kinderg\u00e4rten und Vortr\u00e4ge an.<\/p>\n\n\n\n<p>Der Schanzenhof ist Ausbildungsbetrieb, biodynamische Ausbildung ist m\u00f6glich.<\/p>\n\n\n\n<p><strong>Adresse :<\/strong><br>Winnenthaler Strasse 41<br>46519 Alpen<\/p>\n<\/div><\/div>\n<\/div><\/div><\/div>\n","protected":false},"excerpt":{"rendered":"<p>Demeter Hof Schanzenhof Der &#8222;Schanzenhof&#8220; am Niederrhein in Alpen ist ein vielseitiger Gemischtbetrieb. Seit 1995 ist der Hof komplett auf die biologisch-dynamische Wirtschaftsweise umgestellt. Etwa 90 Milchk\u00fche mit Jungvieh, darunter auch einige Bullen und Zuchtbullen leben auf dem Schanzenhof, dar\u00fcber hinaus noch \u00fcber 40 Mastschweine. Die K\u00e4lber f\u00fcr die eigene Aufzucht werden kuhgebunden aufgezogen. Sobald&#8230;<\/p>\n","protected":false},"author":1,"featured_media":0,"parent":0,"menu_order":0,"comment_status":"closed","ping_status":"closed","template":"","meta":{"inline_featured_image":false,"_kad_blocks_custom_css":"","_kad_blocks_head_custom_js":"","_kad_blocks_body_custom_js":"","_kad_blocks_footer_custom_js":"","_kadence_starter_templates_imported_post":false,"_kad_post_transparent":"","_kad_post_title":"","_kad_post_layout":"","_kad_post_sidebar_id":"","_kad_post_content_style":"","_kad_post_vertical_padding":"","_kad_post_feature":"","_kad_post_feature_position":"","_kad_post_header":false,"_kad_post_footer":false,"_kad_post_classname":"","footnotes":""},"class_list":["post-1514","page","type-page","status-publish","hentry"],"yoast_head":"<!-- This site is optimized with the Yoast SEO plugin v27.3 - https:\/\/yoast.com\/product\/yoast-seo-wordpress\/ -->\n<title>Demeter Hof Schanzenhof - Aurora kaas<\/title>\n<meta name=\"robots\" content=\"index, follow, max-snippet:-1, max-image-preview:large, max-video-preview:-1\" \/>\n<link rel=\"canonical\" href=\"https:\/\/aurora-kaas.com\/de\/demeter-hof-schanzenhof\/\" \/>\n<meta property=\"og:locale\" content=\"de_DE\" \/>\n<meta property=\"og:type\" content=\"article\" \/>\n<meta property=\"og:title\" content=\"Demeter Hof Schanzenhof - Aurora kaas\" \/>\n<meta property=\"og:description\" content=\"Demeter Hof Schanzenhof Der &#8222;Schanzenhof&#8220; am Niederrhein in Alpen ist ein vielseitiger Gemischtbetrieb. Seit 1995 ist der Hof komplett auf die biologisch-dynamische Wirtschaftsweise umgestellt. Etwa 90 Milchk\u00fche mit Jungvieh, darunter auch einige Bullen und Zuchtbullen leben auf dem Schanzenhof, dar\u00fcber hinaus noch \u00fcber 40 Mastschweine. Die K\u00e4lber f\u00fcr die eigene Aufzucht werden kuhgebunden aufgezogen. Sobald...\" \/>\n<meta property=\"og:url\" content=\"https:\/\/aurora-kaas.com\/de\/demeter-hof-schanzenhof\/\" \/>\n<meta property=\"og:site_name\" content=\"Aurora kaas\" \/>\n<meta property=\"article:publisher\" content=\"https:\/\/www.facebook.com\/auroracheese\" \/>\n<meta property=\"article:modified_time\" content=\"2022-05-30T09:15:37+00:00\" \/>\n<meta property=\"og:image\" content=\"https:\/\/aurora-kaas.com\/wp-content\/uploads\/2022\/05\/Aurora-Kaas-Biokaese_Schanzenhof-Alpen0031-web-1024x680.jpg\" \/>\n<meta name=\"twitter:card\" content=\"summary_large_image\" \/>\n<meta name=\"twitter:label1\" content=\"Gesch\u00e4tzte Lesezeit\" \/>\n\t<meta name=\"twitter:data1\" content=\"1\u00a0Minute\" \/>\n<script type=\"application\/ld+json\" class=\"yoast-schema-graph\">{\"@context\":\"https:\\\/\\\/schema.org\",\"@graph\":[{\"@type\":\"WebPage\",\"@id\":\"https:\\\/\\\/aurora-kaas.com\\\/de\\\/demeter-hof-schanzenhof\\\/\",\"url\":\"https:\\\/\\\/aurora-kaas.com\\\/de\\\/demeter-hof-schanzenhof\\\/\",\"name\":\"Demeter Hof Schanzenhof - Aurora kaas\",\"isPartOf\":{\"@id\":\"https:\\\/\\\/aurora-kaas.com\\\/de\\\/#website\"},\"primaryImageOfPage\":{\"@id\":\"https:\\\/\\\/aurora-kaas.com\\\/de\\\/demeter-hof-schanzenhof\\\/#primaryimage\"},\"image\":{\"@id\":\"https:\\\/\\\/aurora-kaas.com\\\/de\\\/demeter-hof-schanzenhof\\\/#primaryimage\"},\"thumbnailUrl\":\"https:\\\/\\\/aurora-kaas.com\\\/wp-content\\\/uploads\\\/2022\\\/05\\\/Aurora-Kaas-Biokaese_Schanzenhof-Alpen0031-web-1024x680.jpg\",\"datePublished\":\"2022-03-24T09:45:04+00:00\",\"dateModified\":\"2022-05-30T09:15:37+00:00\",\"breadcrumb\":{\"@id\":\"https:\\\/\\\/aurora-kaas.com\\\/de\\\/demeter-hof-schanzenhof\\\/#breadcrumb\"},\"inLanguage\":\"de\",\"potentialAction\":[{\"@type\":\"ReadAction\",\"target\":[\"https:\\\/\\\/aurora-kaas.com\\\/de\\\/demeter-hof-schanzenhof\\\/\"]}]},{\"@type\":\"ImageObject\",\"inLanguage\":\"de\",\"@id\":\"https:\\\/\\\/aurora-kaas.com\\\/de\\\/demeter-hof-schanzenhof\\\/#primaryimage\",\"url\":\"https:\\\/\\\/aurora-kaas.com\\\/wp-content\\\/uploads\\\/2022\\\/05\\\/Aurora-Kaas-Biokaese_Schanzenhof-Alpen0031-web-1024x680.jpg\",\"contentUrl\":\"https:\\\/\\\/aurora-kaas.com\\\/wp-content\\\/uploads\\\/2022\\\/05\\\/Aurora-Kaas-Biokaese_Schanzenhof-Alpen0031-web-1024x680.jpg\"},{\"@type\":\"BreadcrumbList\",\"@id\":\"https:\\\/\\\/aurora-kaas.com\\\/de\\\/demeter-hof-schanzenhof\\\/#breadcrumb\",\"itemListElement\":[{\"@type\":\"ListItem\",\"position\":1,\"name\":\"Startseite\",\"item\":\"https:\\\/\\\/aurora-kaas.com\\\/de\\\/\"},{\"@type\":\"ListItem\",\"position\":2,\"name\":\"Demeter Hof Schanzenhof\"}]},{\"@type\":\"WebSite\",\"@id\":\"https:\\\/\\\/aurora-kaas.com\\\/de\\\/#website\",\"url\":\"https:\\\/\\\/aurora-kaas.com\\\/de\\\/\",\"name\":\"Aurora Kaas\",\"description\":\"Biok\u00e4se vom Niederrhein\",\"publisher\":{\"@id\":\"https:\\\/\\\/aurora-kaas.com\\\/de\\\/#organization\"},\"potentialAction\":[{\"@type\":\"SearchAction\",\"target\":{\"@type\":\"EntryPoint\",\"urlTemplate\":\"https:\\\/\\\/aurora-kaas.com\\\/de\\\/?s={search_term_string}\"},\"query-input\":{\"@type\":\"PropertyValueSpecification\",\"valueRequired\":true,\"valueName\":\"search_term_string\"}}],\"inLanguage\":\"de\"},{\"@type\":\"Organization\",\"@id\":\"https:\\\/\\\/aurora-kaas.com\\\/de\\\/#organization\",\"name\":\"Aurora Kaas GmbH\",\"url\":\"https:\\\/\\\/aurora-kaas.com\\\/de\\\/\",\"logo\":{\"@type\":\"ImageObject\",\"inLanguage\":\"de\",\"@id\":\"https:\\\/\\\/aurora-kaas.com\\\/de\\\/#\\\/schema\\\/logo\\\/image\\\/\",\"url\":\"https:\\\/\\\/aurora-kaas.com\\\/wp-content\\\/uploads\\\/2022\\\/03\\\/logo.svg\",\"contentUrl\":\"https:\\\/\\\/aurora-kaas.com\\\/wp-content\\\/uploads\\\/2022\\\/03\\\/logo.svg\",\"width\":155,\"height\":82,\"caption\":\"Aurora Kaas GmbH\"},\"image\":{\"@id\":\"https:\\\/\\\/aurora-kaas.com\\\/de\\\/#\\\/schema\\\/logo\\\/image\\\/\"},\"sameAs\":[\"https:\\\/\\\/www.facebook.com\\\/auroracheese\",\"https:\\\/\\\/www.instagram.com\\\/aurora_kaas\\\/\"]}]}<\/script>\n<!-- \/ Yoast SEO plugin. -->","yoast_head_json":{"title":"Demeter Hof Schanzenhof - Aurora kaas","robots":{"index":"index","follow":"follow","max-snippet":"max-snippet:-1","max-image-preview":"max-image-preview:large","max-video-preview":"max-video-preview:-1"},"canonical":"https:\/\/aurora-kaas.com\/de\/demeter-hof-schanzenhof\/","og_locale":"de_DE","og_type":"article","og_title":"Demeter Hof Schanzenhof - Aurora kaas","og_description":"Demeter Hof Schanzenhof Der &#8222;Schanzenhof&#8220; am Niederrhein in Alpen ist ein vielseitiger Gemischtbetrieb. Seit 1995 ist der Hof komplett auf die biologisch-dynamische Wirtschaftsweise umgestellt. Etwa 90 Milchk\u00fche mit Jungvieh, darunter auch einige Bullen und Zuchtbullen leben auf dem Schanzenhof, dar\u00fcber hinaus noch \u00fcber 40 Mastschweine. Die K\u00e4lber f\u00fcr die eigene Aufzucht werden kuhgebunden aufgezogen. Sobald...","og_url":"https:\/\/aurora-kaas.com\/de\/demeter-hof-schanzenhof\/","og_site_name":"Aurora kaas","article_publisher":"https:\/\/www.facebook.com\/auroracheese","article_modified_time":"2022-05-30T09:15:37+00:00","og_image":[{"url":"https:\/\/aurora-kaas.com\/wp-content\/uploads\/2022\/05\/Aurora-Kaas-Biokaese_Schanzenhof-Alpen0031-web-1024x680.jpg","type":"","width":"","height":""}],"twitter_card":"summary_large_image","twitter_misc":{"Gesch\u00e4tzte Lesezeit":"1\u00a0Minute"},"schema":{"@context":"https:\/\/schema.org","@graph":[{"@type":"WebPage","@id":"https:\/\/aurora-kaas.com\/de\/demeter-hof-schanzenhof\/","url":"https:\/\/aurora-kaas.com\/de\/demeter-hof-schanzenhof\/","name":"Demeter Hof Schanzenhof - Aurora kaas","isPartOf":{"@id":"https:\/\/aurora-kaas.com\/de\/#website"},"primaryImageOfPage":{"@id":"https:\/\/aurora-kaas.com\/de\/demeter-hof-schanzenhof\/#primaryimage"},"image":{"@id":"https:\/\/aurora-kaas.com\/de\/demeter-hof-schanzenhof\/#primaryimage"},"thumbnailUrl":"https:\/\/aurora-kaas.com\/wp-content\/uploads\/2022\/05\/Aurora-Kaas-Biokaese_Schanzenhof-Alpen0031-web-1024x680.jpg","datePublished":"2022-03-24T09:45:04+00:00","dateModified":"2022-05-30T09:15:37+00:00","breadcrumb":{"@id":"https:\/\/aurora-kaas.com\/de\/demeter-hof-schanzenhof\/#breadcrumb"},"inLanguage":"de","potentialAction":[{"@type":"ReadAction","target":["https:\/\/aurora-kaas.com\/de\/demeter-hof-schanzenhof\/"]}]},{"@type":"ImageObject","inLanguage":"de","@id":"https:\/\/aurora-kaas.com\/de\/demeter-hof-schanzenhof\/#primaryimage","url":"https:\/\/aurora-kaas.com\/wp-content\/uploads\/2022\/05\/Aurora-Kaas-Biokaese_Schanzenhof-Alpen0031-web-1024x680.jpg","contentUrl":"https:\/\/aurora-kaas.com\/wp-content\/uploads\/2022\/05\/Aurora-Kaas-Biokaese_Schanzenhof-Alpen0031-web-1024x680.jpg"},{"@type":"BreadcrumbList","@id":"https:\/\/aurora-kaas.com\/de\/demeter-hof-schanzenhof\/#breadcrumb","itemListElement":[{"@type":"ListItem","position":1,"name":"Startseite","item":"https:\/\/aurora-kaas.com\/de\/"},{"@type":"ListItem","position":2,"name":"Demeter Hof Schanzenhof"}]},{"@type":"WebSite","@id":"https:\/\/aurora-kaas.com\/de\/#website","url":"https:\/\/aurora-kaas.com\/de\/","name":"Aurora Kaas","description":"Biok\u00e4se vom Niederrhein","publisher":{"@id":"https:\/\/aurora-kaas.com\/de\/#organization"},"potentialAction":[{"@type":"SearchAction","target":{"@type":"EntryPoint","urlTemplate":"https:\/\/aurora-kaas.com\/de\/?s={search_term_string}"},"query-input":{"@type":"PropertyValueSpecification","valueRequired":true,"valueName":"search_term_string"}}],"inLanguage":"de"},{"@type":"Organization","@id":"https:\/\/aurora-kaas.com\/de\/#organization","name":"Aurora Kaas GmbH","url":"https:\/\/aurora-kaas.com\/de\/","logo":{"@type":"ImageObject","inLanguage":"de","@id":"https:\/\/aurora-kaas.com\/de\/#\/schema\/logo\/image\/","url":"https:\/\/aurora-kaas.com\/wp-content\/uploads\/2022\/03\/logo.svg","contentUrl":"https:\/\/aurora-kaas.com\/wp-content\/uploads\/2022\/03\/logo.svg","width":155,"height":82,"caption":"Aurora Kaas GmbH"},"image":{"@id":"https:\/\/aurora-kaas.com\/de\/#\/schema\/logo\/image\/"},"sameAs":["https:\/\/www.facebook.com\/auroracheese","https:\/\/www.instagram.com\/aurora_kaas\/"]}]}},"taxonomy_info":[],"featured_image_src_large":false,"author_info":{"display_name":"HPU Internet Services","author_link":"https:\/\/aurora-kaas.com\/de\/author\/admin_55mrb345\/"},"comment_info":0,"_links":{"self":[{"href":"https:\/\/aurora-kaas.com\/de\/wp-json\/wp\/v2\/pages\/1514","targetHints":{"allow":["GET"]}}],"collection":[{"href":"https:\/\/aurora-kaas.com\/de\/wp-json\/wp\/v2\/pages"}],"about":[{"href":"https:\/\/aurora-kaas.com\/de\/wp-json\/wp\/v2\/types\/page"}],"author":[{"embeddable":true,"href":"https:\/\/aurora-kaas.com\/de\/wp-json\/wp\/v2\/users\/1"}],"replies":[{"embeddable":true,"href":"https:\/\/aurora-kaas.com\/de\/wp-json\/wp\/v2\/comments?post=1514"}],"version-history":[{"count":4,"href":"https:\/\/aurora-kaas.com\/de\/wp-json\/wp\/v2\/pages\/1514\/revisions"}],"predecessor-version":[{"id":2678,"href":"https:\/\/aurora-kaas.com\/de\/wp-json\/wp\/v2\/pages\/1514\/revisions\/2678"}],"wp:attachment":[{"href":"https:\/\/aurora-kaas.com\/de\/wp-json\/wp\/v2\/media?parent=1514"}],"curies":[{"name":"wp","href":"https:\/\/api.w.org\/{rel}","templated":true}]}}