{"id":1519,"date":"2022-03-24T09:32:58","date_gmt":"2022-03-24T09:32:58","guid":{"rendered":"https:\/\/aurora-kaas.com\/eko-boerderij-veldhorst\/"},"modified":"2023-06-28T13:06:09","modified_gmt":"2023-06-28T13:06:09","slug":"eko-boerderij-veldhorst","status":"publish","type":"page","link":"https:\/\/aurora-kaas.com\/de\/eko-boerderij-veldhorst\/","title":{"rendered":"Eko boerderij Veldhorst"},"content":{"rendered":"<style>.kb-advanced-slider-_27561e-62 .kb-slider-size-fixed .kb-advanced-slide-inner-wrap{min-height:700px;}.kb-advanced-slider-_27561e-62 .kb-slider-pause-button{color:#fff;background-color:transparent;border:2px solid #fff;}@media all and (max-width: 1024px){.kb-advanced-slider-_27561e-62 .kb-slider-size-fixed .kb-advanced-slide-inner-wrap{min-height:400px;}}@media all and (max-width: 767px){.kb-advanced-slider-_27561e-62 .kb-slider-size-fixed .kb-advanced-slide-inner-wrap{min-height:350px;}}<\/style>\n<div class=\"wp-block-kadence-slider kb-advanced-slider kb-advanced-slider-_27561e-62\"><div class=\"kb-advanced-slider-inner-contain\"><div class=\"kb-blocks-advanced-carousel kt-blocks-carousel kt-carousel-container-dotstyle-dark\"><div class=\"kb-blocks-advanced-slider-init kb-slider-loading kb-blocks-slider kt-carousel-arrowstyle-outlinewhite kt-carousel-dotstyle-dark kb-slider-size-fixed kb-slider-ratio-12-5 kb-slider-tab-ratio-inherit kb-slider-mobile-ratio-inherit\" data-slider-anim-speed=\"400\" data-slider-type=\"slider\" data-slider-scroll=\"1\" data-slider-fade=\"true\" data-slider-arrows=\"true\" data-slider-dots=\"true\" data-slider-hover-pause=\"false\" data-slider-auto=\"false\" data-slider-speed=\"7000\">\n<div class=\"wp-block-kadence-slide kb-advanced-slide-item kb-slide-_995ded-d6\"><div class=\"kb-advanced-slide\"><div class=\"kb-advanced-slide-inner-wrap\" style=\"background-image:url(https:\/\/aurora-kaas.com\/wp-content\/uploads\/2023\/06\/Aurora_Kaas_Boerderij_Veldhorst-Achterhooks-dearntjen-web.jpg);background-size:cover;background-position:center center;background-repeat:no-repeat\"><div class=\"kb-advanced-slide-inner\"><\/div><\/div><\/div><\/div>\n<\/div><\/div><\/div><\/div>\n\n\n<style>.kb-row-layout-id_04b90a-a3 > .kt-row-column-wrap{align-content:start;}:where(.kb-row-layout-id_04b90a-a3 > .kt-row-column-wrap) > .wp-block-kadence-column{justify-content:start;}.kb-row-layout-id_04b90a-a3 > .kt-row-column-wrap{column-gap:var(--global-kb-gap-md, 2rem);row-gap:var(--global-kb-gap-md, 2rem);max-width:var( --global-content-width, 1290px );padding-left:var(--global-content-edge-padding);padding-right:var(--global-content-edge-padding);padding-top:var(--global-kb-spacing-sm, 1.5rem);padding-bottom:var(--global-kb-spacing-sm, 1.5rem);grid-template-columns:minmax(0, 1fr);}.kb-row-layout-id_04b90a-a3 > .kt-row-layout-overlay{opacity:0.30;}@media all and (max-width: 1024px){.kb-row-layout-id_04b90a-a3 > .kt-row-column-wrap{grid-template-columns:minmax(0, 1fr);}}@media all and (max-width: 767px){.kb-row-layout-id_04b90a-a3 > .kt-row-column-wrap{grid-template-columns:minmax(0, 1fr);}}<\/style><div class=\"kb-row-layout-wrap kb-row-layout-id_04b90a-a3 alignnone wp-block-kadence-rowlayout\"><div class=\"kt-row-column-wrap kt-has-1-columns kt-row-layout-equal kt-tab-layout-inherit kt-mobile-layout-row kt-row-valign-top kb-theme-content-width\">\n<style>.kadence-column_179f05-c9 > .kt-inside-inner-col,.kadence-column_179f05-c9 > .kt-inside-inner-col:before{border-top-left-radius:0px;border-top-right-radius:0px;border-bottom-right-radius:0px;border-bottom-left-radius:0px;}.kadence-column_179f05-c9 > .kt-inside-inner-col{column-gap:var(--global-kb-gap-sm, 1rem);}.kadence-column_179f05-c9 > .kt-inside-inner-col{flex-direction:column;}.kadence-column_179f05-c9 > .kt-inside-inner-col > .aligncenter{width:100%;}.kadence-column_179f05-c9 > .kt-inside-inner-col:before{opacity:0.3;}.kadence-column_179f05-c9{position:relative;}@media all and (max-width: 1024px){.kadence-column_179f05-c9 > .kt-inside-inner-col{flex-direction:column;justify-content:center;}}@media all and (max-width: 767px){.kadence-column_179f05-c9 > .kt-inside-inner-col{flex-direction:column;justify-content:center;}}<\/style>\n<div class=\"wp-block-kadence-column kadence-column_179f05-c9 inner-column-1\"><div class=\"kt-inside-inner-col\"><style>.wp-block-kadence-advancedheading.kt-adv-heading_49e2c8-5b, .wp-block-kadence-advancedheading.kt-adv-heading_49e2c8-5b[data-kb-block=\"kb-adv-heading_49e2c8-5b\"]{font-style:normal;}.wp-block-kadence-advancedheading.kt-adv-heading_49e2c8-5b mark.kt-highlight, .wp-block-kadence-advancedheading.kt-adv-heading_49e2c8-5b[data-kb-block=\"kb-adv-heading_49e2c8-5b\"] mark.kt-highlight{font-style:normal;color:#f76a0c;-webkit-box-decoration-break:clone;box-decoration-break:clone;padding-top:0px;padding-right:0px;padding-bottom:0px;padding-left:0px;}.wp-block-kadence-advancedheading.kt-adv-heading_49e2c8-5b img.kb-inline-image, .wp-block-kadence-advancedheading.kt-adv-heading_49e2c8-5b[data-kb-block=\"kb-adv-heading_49e2c8-5b\"] img.kb-inline-image{width:150px;vertical-align:baseline;}<\/style>\n<h1 class=\"kt-adv-heading_49e2c8-5b wp-block-kadence-advancedheading\" data-kb-block=\"kb-adv-heading_49e2c8-5b\">Eko boerderij Veldhorst<\/h1>\n\n\n<style>.kb-row-layout-id_3564ff-88 > .kt-row-column-wrap{align-content:start;}:where(.kb-row-layout-id_3564ff-88 > .kt-row-column-wrap) > .wp-block-kadence-column{justify-content:start;}.kb-row-layout-id_3564ff-88 > .kt-row-column-wrap{column-gap:var(--global-kb-gap-md, 2rem);row-gap:var(--global-kb-gap-md, 2rem);padding-top:var(--global-kb-spacing-sm, 1.5rem);padding-bottom:var(--global-kb-spacing-sm, 1.5rem);grid-template-columns:repeat(2, minmax(0, 1fr));}.kb-row-layout-id_3564ff-88 > .kt-row-layout-overlay{opacity:0.30;}@media all and (max-width: 1024px){.kb-row-layout-id_3564ff-88 > .kt-row-column-wrap{grid-template-columns:repeat(2, minmax(0, 1fr));}}@media all and (max-width: 767px){.kb-row-layout-id_3564ff-88 > .kt-row-column-wrap{grid-template-columns:minmax(0, 1fr);}}<\/style><div class=\"kb-row-layout-wrap kb-row-layout-id_3564ff-88 alignnone wp-block-kadence-rowlayout\"><div class=\"kt-row-column-wrap kt-has-2-columns kt-row-layout-equal kt-tab-layout-inherit kt-mobile-layout-row kt-row-valign-top\">\n<style>.kadence-column_922b31-a2 > .kt-inside-inner-col,.kadence-column_922b31-a2 > .kt-inside-inner-col:before{border-top-left-radius:0px;border-top-right-radius:0px;border-bottom-right-radius:0px;border-bottom-left-radius:0px;}.kadence-column_922b31-a2 > .kt-inside-inner-col{column-gap:var(--global-kb-gap-sm, 1rem);}.kadence-column_922b31-a2 > .kt-inside-inner-col{flex-direction:column;}.kadence-column_922b31-a2 > .kt-inside-inner-col > .aligncenter{width:100%;}.kadence-column_922b31-a2 > .kt-inside-inner-col:before{opacity:0.3;}.kadence-column_922b31-a2{position:relative;}@media all and (max-width: 1024px){.kadence-column_922b31-a2 > .kt-inside-inner-col{flex-direction:column;justify-content:center;}}@media all and (max-width: 767px){.kadence-column_922b31-a2 > .kt-inside-inner-col{flex-direction:column;justify-content:center;}}<\/style>\n<div class=\"wp-block-kadence-column kadence-column_922b31-a2 inner-column-1\"><div class=\"kt-inside-inner-col\">\n<p><strong>Wim und Ria, Meindert und Folkje Veldhorst<\/strong><\/p>\n\n\n\n<p>Auf unserem Hof arbeiten wir zusammen mit Jugendlichen, die in welcher Art auch immer, Unterst\u00fctzung ben\u00f6tigen.<\/p>\n\n\n\n<p>Unser Bauernhof, die Familie und das Leben Drumherum bilden die Basis. Der eine Jugendliche m\u00f6chte nichts lieber als richtig mit anpacken beim Melken und den T\u00e4tigkeiten auf dem Land. Ein anderer genie\u00dft gerade den Raum und die Spielm\u00f6glichkeiten die ein Bauernhof zu bieten hat und wieder andere freuen sich darauf&nbsp;mit Ria Leckereien f\u00fcr die Kaffeerunde zu machen.<\/p>\n\n\n\n<p>Gerade die einfachen Dinge machen diesen Ort&nbsp;so besonders!<\/p>\n\n\n\n<p><a href=\"http:\/\/www.boerderijzorg-aalten.nl\/pagina.cfm?pag_titel=boerderij-veldhorst&amp;pag_uuid=CDFE8B60-E756-40D0-BFEB01DD8FD57E1C#.WA4Ok_mLTIU\">Hier finden Sie weitere Informationen.<\/a><\/p>\n\n\n\n<p><strong>Adresse :<\/strong><br>Luimesweg 9A<br>7084 AS Breedenbroek NL<\/p>\n<\/div><\/div>\n\n\n<style>.kadence-column_e9b190-11 > .kt-inside-inner-col,.kadence-column_e9b190-11 > .kt-inside-inner-col:before{border-top-left-radius:0px;border-top-right-radius:0px;border-bottom-right-radius:0px;border-bottom-left-radius:0px;}.kadence-column_e9b190-11 > .kt-inside-inner-col{column-gap:var(--global-kb-gap-sm, 1rem);}.kadence-column_e9b190-11 > .kt-inside-inner-col{flex-direction:column;}.kadence-column_e9b190-11 > .kt-inside-inner-col > .aligncenter{width:100%;}.kadence-column_e9b190-11 > .kt-inside-inner-col:before{opacity:0.3;}.kadence-column_e9b190-11{position:relative;}@media all and (max-width: 1024px){.kadence-column_e9b190-11 > .kt-inside-inner-col{flex-direction:column;justify-content:center;}}@media all and (max-width: 767px){.kadence-column_e9b190-11 > .kt-inside-inner-col{flex-direction:column;justify-content:center;}}<\/style>\n<div class=\"wp-block-kadence-column kadence-column_e9b190-11 inner-column-2\"><div class=\"kt-inside-inner-col\">\n<figure class=\"wp-block-image size-large\"><img loading=\"lazy\" decoding=\"async\" width=\"1024\" height=\"680\" src=\"https:\/\/aurora-kaas.com\/wp-content\/uploads\/2023\/06\/Aurora_Kaas_Boerderij_Veldhorst-biologische-kaas-1024x680.jpg\" alt=\"\" class=\"wp-image-6539\" srcset=\"https:\/\/aurora-kaas.com\/wp-content\/uploads\/2023\/06\/Aurora_Kaas_Boerderij_Veldhorst-biologische-kaas-1024x680.jpg 1024w, https:\/\/aurora-kaas.com\/wp-content\/uploads\/2023\/06\/Aurora_Kaas_Boerderij_Veldhorst-biologische-kaas-300x199.jpg 300w, https:\/\/aurora-kaas.com\/wp-content\/uploads\/2023\/06\/Aurora_Kaas_Boerderij_Veldhorst-biologische-kaas-768x510.jpg 768w, https:\/\/aurora-kaas.com\/wp-content\/uploads\/2023\/06\/Aurora_Kaas_Boerderij_Veldhorst-biologische-kaas-1536x1020.jpg 1536w, https:\/\/aurora-kaas.com\/wp-content\/uploads\/2023\/06\/Aurora_Kaas_Boerderij_Veldhorst-biologische-kaas-600x398.jpg 600w, https:\/\/aurora-kaas.com\/wp-content\/uploads\/2023\/06\/Aurora_Kaas_Boerderij_Veldhorst-biologische-kaas.jpg 2000w\" sizes=\"auto, (max-width: 1024px) 100vw, 1024px\" \/><\/figure>\n<\/div><\/div>\n\n<\/div><\/div><\/div><\/div>\n\n<\/div><\/div>","protected":false},"excerpt":{"rendered":"<p>Eko boerderij Veldhorst Wim und Ria, Meindert und Folkje Veldhorst Auf unserem Hof arbeiten wir zusammen mit Jugendlichen, die in welcher Art auch immer, Unterst\u00fctzung ben\u00f6tigen. Unser Bauernhof, die Familie und das Leben Drumherum bilden die Basis. Der eine Jugendliche m\u00f6chte nichts lieber als richtig mit anpacken beim Melken und den T\u00e4tigkeiten auf dem Land&#8230;.<\/p>\n","protected":false},"author":1,"featured_media":0,"parent":0,"menu_order":0,"comment_status":"closed","ping_status":"closed","template":"","meta":{"inline_featured_image":false,"_kad_blocks_custom_css":"","_kad_blocks_head_custom_js":"","_kad_blocks_body_custom_js":"","_kad_blocks_footer_custom_js":"","_kadence_starter_templates_imported_post":false,"_kad_post_transparent":"","_kad_post_title":"","_kad_post_layout":"","_kad_post_sidebar_id":"","_kad_post_content_style":"","_kad_post_vertical_padding":"","_kad_post_feature":"","_kad_post_feature_position":"","_kad_post_header":false,"_kad_post_footer":false,"_kad_post_classname":"","footnotes":""},"class_list":["post-1519","page","type-page","status-publish","hentry"],"yoast_head":"<!-- This site is optimized with the Yoast SEO plugin v27.4 - https:\/\/yoast.com\/product\/yoast-seo-wordpress\/ -->\n<title>Eko boerderij Veldhorst - Aurora kaas<\/title>\n<meta name=\"robots\" content=\"index, follow, max-snippet:-1, max-image-preview:large, max-video-preview:-1\" \/>\n<link rel=\"canonical\" href=\"https:\/\/aurora-kaas.com\/de\/eko-boerderij-veldhorst\/\" \/>\n<meta property=\"og:locale\" content=\"de_DE\" \/>\n<meta property=\"og:type\" content=\"article\" \/>\n<meta property=\"og:title\" content=\"Eko boerderij Veldhorst - Aurora kaas\" \/>\n<meta property=\"og:description\" content=\"Eko boerderij Veldhorst Wim und Ria, Meindert und Folkje Veldhorst Auf unserem Hof arbeiten wir zusammen mit Jugendlichen, die in welcher Art auch immer, Unterst\u00fctzung ben\u00f6tigen. Unser Bauernhof, die Familie und das Leben Drumherum bilden die Basis. Der eine Jugendliche m\u00f6chte nichts lieber als richtig mit anpacken beim Melken und den T\u00e4tigkeiten auf dem Land....\" \/>\n<meta property=\"og:url\" content=\"https:\/\/aurora-kaas.com\/de\/eko-boerderij-veldhorst\/\" \/>\n<meta property=\"og:site_name\" content=\"Aurora kaas\" \/>\n<meta property=\"article:publisher\" content=\"https:\/\/www.facebook.com\/auroracheese\" \/>\n<meta property=\"article:modified_time\" content=\"2023-06-28T13:06:09+00:00\" \/>\n<meta property=\"og:image\" content=\"https:\/\/aurora-kaas.com\/wp-content\/uploads\/2023\/06\/Aurora_Kaas_Boerderij_Veldhorst-biologische-kaas-1024x680.jpg\" \/>\n<meta name=\"twitter:card\" content=\"summary_large_image\" \/>\n<meta name=\"twitter:label1\" content=\"Gesch\u00e4tzte Lesezeit\" \/>\n\t<meta name=\"twitter:data1\" content=\"1\u00a0Minute\" \/>\n<script type=\"application\/ld+json\" class=\"yoast-schema-graph\">{\"@context\":\"https:\\\/\\\/schema.org\",\"@graph\":[{\"@type\":\"WebPage\",\"@id\":\"https:\\\/\\\/aurora-kaas.com\\\/de\\\/eko-boerderij-veldhorst\\\/\",\"url\":\"https:\\\/\\\/aurora-kaas.com\\\/de\\\/eko-boerderij-veldhorst\\\/\",\"name\":\"Eko boerderij Veldhorst - Aurora kaas\",\"isPartOf\":{\"@id\":\"https:\\\/\\\/aurora-kaas.com\\\/de\\\/#website\"},\"primaryImageOfPage\":{\"@id\":\"https:\\\/\\\/aurora-kaas.com\\\/de\\\/eko-boerderij-veldhorst\\\/#primaryimage\"},\"image\":{\"@id\":\"https:\\\/\\\/aurora-kaas.com\\\/de\\\/eko-boerderij-veldhorst\\\/#primaryimage\"},\"thumbnailUrl\":\"https:\\\/\\\/aurora-kaas.com\\\/wp-content\\\/uploads\\\/2023\\\/06\\\/Aurora_Kaas_Boerderij_Veldhorst-biologische-kaas-1024x680.jpg\",\"datePublished\":\"2022-03-24T09:32:58+00:00\",\"dateModified\":\"2023-06-28T13:06:09+00:00\",\"breadcrumb\":{\"@id\":\"https:\\\/\\\/aurora-kaas.com\\\/de\\\/eko-boerderij-veldhorst\\\/#breadcrumb\"},\"inLanguage\":\"de\",\"potentialAction\":[{\"@type\":\"ReadAction\",\"target\":[\"https:\\\/\\\/aurora-kaas.com\\\/de\\\/eko-boerderij-veldhorst\\\/\"]}]},{\"@type\":\"ImageObject\",\"inLanguage\":\"de\",\"@id\":\"https:\\\/\\\/aurora-kaas.com\\\/de\\\/eko-boerderij-veldhorst\\\/#primaryimage\",\"url\":\"https:\\\/\\\/aurora-kaas.com\\\/wp-content\\\/uploads\\\/2023\\\/06\\\/Aurora_Kaas_Boerderij_Veldhorst-biologische-kaas-1024x680.jpg\",\"contentUrl\":\"https:\\\/\\\/aurora-kaas.com\\\/wp-content\\\/uploads\\\/2023\\\/06\\\/Aurora_Kaas_Boerderij_Veldhorst-biologische-kaas-1024x680.jpg\"},{\"@type\":\"BreadcrumbList\",\"@id\":\"https:\\\/\\\/aurora-kaas.com\\\/de\\\/eko-boerderij-veldhorst\\\/#breadcrumb\",\"itemListElement\":[{\"@type\":\"ListItem\",\"position\":1,\"name\":\"Startseite\",\"item\":\"https:\\\/\\\/aurora-kaas.com\\\/de\\\/\"},{\"@type\":\"ListItem\",\"position\":2,\"name\":\"Eko boerderij Veldhorst\"}]},{\"@type\":\"WebSite\",\"@id\":\"https:\\\/\\\/aurora-kaas.com\\\/de\\\/#website\",\"url\":\"https:\\\/\\\/aurora-kaas.com\\\/de\\\/\",\"name\":\"Aurora Kaas\",\"description\":\"Biok\u00e4se vom Niederrhein\",\"publisher\":{\"@id\":\"https:\\\/\\\/aurora-kaas.com\\\/de\\\/#organization\"},\"potentialAction\":[{\"@type\":\"SearchAction\",\"target\":{\"@type\":\"EntryPoint\",\"urlTemplate\":\"https:\\\/\\\/aurora-kaas.com\\\/de\\\/?s={search_term_string}\"},\"query-input\":{\"@type\":\"PropertyValueSpecification\",\"valueRequired\":true,\"valueName\":\"search_term_string\"}}],\"inLanguage\":\"de\"},{\"@type\":\"Organization\",\"@id\":\"https:\\\/\\\/aurora-kaas.com\\\/de\\\/#organization\",\"name\":\"Aurora Kaas GmbH\",\"url\":\"https:\\\/\\\/aurora-kaas.com\\\/de\\\/\",\"logo\":{\"@type\":\"ImageObject\",\"inLanguage\":\"de\",\"@id\":\"https:\\\/\\\/aurora-kaas.com\\\/de\\\/#\\\/schema\\\/logo\\\/image\\\/\",\"url\":\"https:\\\/\\\/aurora-kaas.com\\\/wp-content\\\/uploads\\\/2022\\\/03\\\/logo.svg\",\"contentUrl\":\"https:\\\/\\\/aurora-kaas.com\\\/wp-content\\\/uploads\\\/2022\\\/03\\\/logo.svg\",\"width\":155,\"height\":82,\"caption\":\"Aurora Kaas GmbH\"},\"image\":{\"@id\":\"https:\\\/\\\/aurora-kaas.com\\\/de\\\/#\\\/schema\\\/logo\\\/image\\\/\"},\"sameAs\":[\"https:\\\/\\\/www.facebook.com\\\/auroracheese\",\"https:\\\/\\\/www.instagram.com\\\/aurora_kaas\\\/\"]}]}<\/script>\n<!-- \/ Yoast SEO plugin. -->","yoast_head_json":{"title":"Eko boerderij Veldhorst - Aurora kaas","robots":{"index":"index","follow":"follow","max-snippet":"max-snippet:-1","max-image-preview":"max-image-preview:large","max-video-preview":"max-video-preview:-1"},"canonical":"https:\/\/aurora-kaas.com\/de\/eko-boerderij-veldhorst\/","og_locale":"de_DE","og_type":"article","og_title":"Eko boerderij Veldhorst - Aurora kaas","og_description":"Eko boerderij Veldhorst Wim und Ria, Meindert und Folkje Veldhorst Auf unserem Hof arbeiten wir zusammen mit Jugendlichen, die in welcher Art auch immer, Unterst\u00fctzung ben\u00f6tigen. Unser Bauernhof, die Familie und das Leben Drumherum bilden die Basis. Der eine Jugendliche m\u00f6chte nichts lieber als richtig mit anpacken beim Melken und den T\u00e4tigkeiten auf dem Land....","og_url":"https:\/\/aurora-kaas.com\/de\/eko-boerderij-veldhorst\/","og_site_name":"Aurora kaas","article_publisher":"https:\/\/www.facebook.com\/auroracheese","article_modified_time":"2023-06-28T13:06:09+00:00","og_image":[{"url":"https:\/\/aurora-kaas.com\/wp-content\/uploads\/2023\/06\/Aurora_Kaas_Boerderij_Veldhorst-biologische-kaas-1024x680.jpg","type":"","width":"","height":""}],"twitter_card":"summary_large_image","twitter_misc":{"Gesch\u00e4tzte Lesezeit":"1\u00a0Minute"},"schema":{"@context":"https:\/\/schema.org","@graph":[{"@type":"WebPage","@id":"https:\/\/aurora-kaas.com\/de\/eko-boerderij-veldhorst\/","url":"https:\/\/aurora-kaas.com\/de\/eko-boerderij-veldhorst\/","name":"Eko boerderij Veldhorst - Aurora kaas","isPartOf":{"@id":"https:\/\/aurora-kaas.com\/de\/#website"},"primaryImageOfPage":{"@id":"https:\/\/aurora-kaas.com\/de\/eko-boerderij-veldhorst\/#primaryimage"},"image":{"@id":"https:\/\/aurora-kaas.com\/de\/eko-boerderij-veldhorst\/#primaryimage"},"thumbnailUrl":"https:\/\/aurora-kaas.com\/wp-content\/uploads\/2023\/06\/Aurora_Kaas_Boerderij_Veldhorst-biologische-kaas-1024x680.jpg","datePublished":"2022-03-24T09:32:58+00:00","dateModified":"2023-06-28T13:06:09+00:00","breadcrumb":{"@id":"https:\/\/aurora-kaas.com\/de\/eko-boerderij-veldhorst\/#breadcrumb"},"inLanguage":"de","potentialAction":[{"@type":"ReadAction","target":["https:\/\/aurora-kaas.com\/de\/eko-boerderij-veldhorst\/"]}]},{"@type":"ImageObject","inLanguage":"de","@id":"https:\/\/aurora-kaas.com\/de\/eko-boerderij-veldhorst\/#primaryimage","url":"https:\/\/aurora-kaas.com\/wp-content\/uploads\/2023\/06\/Aurora_Kaas_Boerderij_Veldhorst-biologische-kaas-1024x680.jpg","contentUrl":"https:\/\/aurora-kaas.com\/wp-content\/uploads\/2023\/06\/Aurora_Kaas_Boerderij_Veldhorst-biologische-kaas-1024x680.jpg"},{"@type":"BreadcrumbList","@id":"https:\/\/aurora-kaas.com\/de\/eko-boerderij-veldhorst\/#breadcrumb","itemListElement":[{"@type":"ListItem","position":1,"name":"Startseite","item":"https:\/\/aurora-kaas.com\/de\/"},{"@type":"ListItem","position":2,"name":"Eko boerderij Veldhorst"}]},{"@type":"WebSite","@id":"https:\/\/aurora-kaas.com\/de\/#website","url":"https:\/\/aurora-kaas.com\/de\/","name":"Aurora Kaas","description":"Biok\u00e4se vom Niederrhein","publisher":{"@id":"https:\/\/aurora-kaas.com\/de\/#organization"},"potentialAction":[{"@type":"SearchAction","target":{"@type":"EntryPoint","urlTemplate":"https:\/\/aurora-kaas.com\/de\/?s={search_term_string}"},"query-input":{"@type":"PropertyValueSpecification","valueRequired":true,"valueName":"search_term_string"}}],"inLanguage":"de"},{"@type":"Organization","@id":"https:\/\/aurora-kaas.com\/de\/#organization","name":"Aurora Kaas GmbH","url":"https:\/\/aurora-kaas.com\/de\/","logo":{"@type":"ImageObject","inLanguage":"de","@id":"https:\/\/aurora-kaas.com\/de\/#\/schema\/logo\/image\/","url":"https:\/\/aurora-kaas.com\/wp-content\/uploads\/2022\/03\/logo.svg","contentUrl":"https:\/\/aurora-kaas.com\/wp-content\/uploads\/2022\/03\/logo.svg","width":155,"height":82,"caption":"Aurora Kaas GmbH"},"image":{"@id":"https:\/\/aurora-kaas.com\/de\/#\/schema\/logo\/image\/"},"sameAs":["https:\/\/www.facebook.com\/auroracheese","https:\/\/www.instagram.com\/aurora_kaas\/"]}]}},"taxonomy_info":[],"featured_image_src_large":false,"author_info":{"display_name":"HPU Internet Services","author_link":"https:\/\/aurora-kaas.com\/de\/author\/admin_55mrb345\/"},"comment_info":0,"_links":{"self":[{"href":"https:\/\/aurora-kaas.com\/de\/wp-json\/wp\/v2\/pages\/1519","targetHints":{"allow":["GET"]}}],"collection":[{"href":"https:\/\/aurora-kaas.com\/de\/wp-json\/wp\/v2\/pages"}],"about":[{"href":"https:\/\/aurora-kaas.com\/de\/wp-json\/wp\/v2\/types\/page"}],"author":[{"embeddable":true,"href":"https:\/\/aurora-kaas.com\/de\/wp-json\/wp\/v2\/users\/1"}],"replies":[{"embeddable":true,"href":"https:\/\/aurora-kaas.com\/de\/wp-json\/wp\/v2\/comments?post=1519"}],"version-history":[{"count":7,"href":"https:\/\/aurora-kaas.com\/de\/wp-json\/wp\/v2\/pages\/1519\/revisions"}],"predecessor-version":[{"id":6572,"href":"https:\/\/aurora-kaas.com\/de\/wp-json\/wp\/v2\/pages\/1519\/revisions\/6572"}],"wp:attachment":[{"href":"https:\/\/aurora-kaas.com\/de\/wp-json\/wp\/v2\/media?parent=1519"}],"curies":[{"name":"wp","href":"https:\/\/api.w.org\/{rel}","templated":true}]}}