{"id":1538,"date":"2022-03-23T15:16:36","date_gmt":"2022-03-23T15:16:36","guid":{"rendered":"https:\/\/aurora-kaas.com\/eko-boerderij-de-leurhoeve\/"},"modified":"2023-06-28T12:55:52","modified_gmt":"2023-06-28T12:55:52","slug":"eko-boerderij-de-leurhoeve","status":"publish","type":"page","link":"https:\/\/aurora-kaas.com\/de\/eko-boerderij-de-leurhoeve\/","title":{"rendered":"Eko boerderij De Leurhoeve"},"content":{"rendered":"<style>.kb-advanced-slider-_27561e-62 .kb-slider-size-fixed .kb-advanced-slide-inner-wrap{min-height:700px;}.kb-advanced-slider-_27561e-62 .kb-slider-pause-button{color:#fff;background-color:transparent;border:2px solid #fff;}@media all and (max-width: 1024px){.kb-advanced-slider-_27561e-62 .kb-slider-size-fixed .kb-advanced-slide-inner-wrap{min-height:400px;}}@media all and (max-width: 767px){.kb-advanced-slider-_27561e-62 .kb-slider-size-fixed .kb-advanced-slide-inner-wrap{min-height:350px;}}<\/style>\n<div class=\"wp-block-kadence-slider kb-advanced-slider kb-advanced-slider-_27561e-62\"><div class=\"kb-advanced-slider-inner-contain\"><div class=\"kb-blocks-advanced-carousel kt-blocks-carousel kt-carousel-container-dotstyle-dark\"><div class=\"kb-blocks-advanced-slider-init kb-slider-loading kb-blocks-slider kt-carousel-arrowstyle-outlinewhite kt-carousel-dotstyle-dark kb-slider-size-fixed kb-slider-ratio-12-5 kb-slider-tab-ratio-inherit kb-slider-mobile-ratio-inherit\" data-slider-anim-speed=\"400\" data-slider-type=\"slider\" data-slider-scroll=\"1\" data-slider-fade=\"true\" data-slider-arrows=\"true\" data-slider-dots=\"true\" data-slider-hover-pause=\"false\" data-slider-auto=\"false\" data-slider-speed=\"7000\">\n<div class=\"wp-block-kadence-slide kb-advanced-slide-item kb-slide-_42a694-e5\"><div class=\"kb-advanced-slide\"><div class=\"kb-advanced-slide-inner-wrap\" style=\"background-image:url(https:\/\/aurora-kaas.com\/wp-content\/uploads\/2023\/06\/DSC06574-scaled.jpg);background-size:cover;background-position:center center;background-repeat:no-repeat\"><div class=\"kb-advanced-slide-inner\"><\/div><\/div><\/div><\/div>\n<\/div><\/div><\/div><\/div>\n\n\n\n\n<style>.kb-row-layout-id_3301d4-7b > .kt-row-column-wrap{align-content:start;}:where(.kb-row-layout-id_3301d4-7b > .kt-row-column-wrap) > .wp-block-kadence-column{justify-content:start;}.kb-row-layout-id_3301d4-7b > .kt-row-column-wrap{column-gap:var(--global-kb-gap-md, 2rem);row-gap:var(--global-kb-gap-md, 2rem);padding-top:var(--global-kb-spacing-sm, 1.5rem);padding-bottom:var(--global-kb-spacing-sm, 1.5rem);grid-template-columns:minmax(0, 1fr);}.kb-row-layout-id_3301d4-7b > .kt-row-layout-overlay{opacity:0.30;}@media all and (max-width: 1024px){.kb-row-layout-id_3301d4-7b > .kt-row-column-wrap{grid-template-columns:minmax(0, 1fr);}}@media all and (max-width: 767px){.kb-row-layout-id_3301d4-7b > .kt-row-column-wrap{grid-template-columns:minmax(0, 1fr);}}<\/style><div class=\"kb-row-layout-wrap kb-row-layout-id_3301d4-7b alignnone header-text-overlay wp-block-kadence-rowlayout\"><div class=\"kt-row-column-wrap kt-has-1-columns kt-row-layout-equal kt-tab-layout-inherit kt-mobile-layout-row kt-row-valign-top\">\n<style>.kadence-column_979397-6a > .kt-inside-inner-col,.kadence-column_979397-6a > .kt-inside-inner-col:before{border-top-left-radius:0px;border-top-right-radius:0px;border-bottom-right-radius:0px;border-bottom-left-radius:0px;}.kadence-column_979397-6a > .kt-inside-inner-col{column-gap:var(--global-kb-gap-sm, 1rem);}.kadence-column_979397-6a > .kt-inside-inner-col{flex-direction:column;}.kadence-column_979397-6a > .kt-inside-inner-col > .aligncenter{width:100%;}.kadence-column_979397-6a > .kt-inside-inner-col:before{opacity:0.3;}.kadence-column_979397-6a{position:relative;}@media all and (max-width: 1024px){.kadence-column_979397-6a > .kt-inside-inner-col{flex-direction:column;justify-content:center;}}@media all and (max-width: 767px){.kadence-column_979397-6a > .kt-inside-inner-col{flex-direction:column;justify-content:center;}}<\/style>\n<div class=\"wp-block-kadence-column kadence-column_979397-6a inner-column-1\"><div class=\"kt-inside-inner-col\"><\/div><\/div>\n\n<\/div><\/div>\n\n<style>.kb-row-layout-id_3892b5-c2 > .kt-row-column-wrap{align-content:start;}:where(.kb-row-layout-id_3892b5-c2 > .kt-row-column-wrap) > .wp-block-kadence-column{justify-content:start;}.kb-row-layout-id_3892b5-c2 > .kt-row-column-wrap{column-gap:var(--global-kb-gap-md, 2rem);row-gap:var(--global-kb-gap-md, 2rem);max-width:var( --global-content-width, 1290px );padding-left:var(--global-content-edge-padding);padding-right:var(--global-content-edge-padding);padding-top:var(--global-kb-spacing-sm, 1.5rem);padding-bottom:var(--global-kb-spacing-sm, 1.5rem);grid-template-columns:minmax(0, 1fr);}.kb-row-layout-id_3892b5-c2 > .kt-row-layout-overlay{opacity:0.30;}@media all and (max-width: 1024px){.kb-row-layout-id_3892b5-c2 > .kt-row-column-wrap{grid-template-columns:minmax(0, 1fr);}}@media all and (max-width: 767px){.kb-row-layout-id_3892b5-c2 > .kt-row-column-wrap{grid-template-columns:minmax(0, 1fr);}}<\/style><div class=\"kb-row-layout-wrap kb-row-layout-id_3892b5-c2 alignnone wp-block-kadence-rowlayout\"><div class=\"kt-row-column-wrap kt-has-1-columns kt-row-layout-equal kt-tab-layout-inherit kt-mobile-layout-row kt-row-valign-top kb-theme-content-width\">\n<style>.kadence-column_82722a-33 > .kt-inside-inner-col,.kadence-column_82722a-33 > .kt-inside-inner-col:before{border-top-left-radius:0px;border-top-right-radius:0px;border-bottom-right-radius:0px;border-bottom-left-radius:0px;}.kadence-column_82722a-33 > .kt-inside-inner-col{column-gap:var(--global-kb-gap-sm, 1rem);}.kadence-column_82722a-33 > .kt-inside-inner-col{flex-direction:column;}.kadence-column_82722a-33 > .kt-inside-inner-col > .aligncenter{width:100%;}.kadence-column_82722a-33 > .kt-inside-inner-col:before{opacity:0.3;}.kadence-column_82722a-33{position:relative;}@media all and (max-width: 1024px){.kadence-column_82722a-33 > .kt-inside-inner-col{flex-direction:column;justify-content:center;}}@media all and (max-width: 767px){.kadence-column_82722a-33 > .kt-inside-inner-col{flex-direction:column;justify-content:center;}}<\/style>\n<div class=\"wp-block-kadence-column kadence-column_82722a-33 inner-column-1\"><div class=\"kt-inside-inner-col\"><style>.wp-block-kadence-advancedheading.kt-adv-heading_b86d08-96, .wp-block-kadence-advancedheading.kt-adv-heading_b86d08-96[data-kb-block=\"kb-adv-heading_b86d08-96\"]{font-style:normal;}.wp-block-kadence-advancedheading.kt-adv-heading_b86d08-96 mark.kt-highlight, .wp-block-kadence-advancedheading.kt-adv-heading_b86d08-96[data-kb-block=\"kb-adv-heading_b86d08-96\"] mark.kt-highlight{font-style:normal;color:#f76a0c;-webkit-box-decoration-break:clone;box-decoration-break:clone;padding-top:0px;padding-right:0px;padding-bottom:0px;padding-left:0px;}.wp-block-kadence-advancedheading.kt-adv-heading_b86d08-96 img.kb-inline-image, .wp-block-kadence-advancedheading.kt-adv-heading_b86d08-96[data-kb-block=\"kb-adv-heading_b86d08-96\"] img.kb-inline-image{width:150px;vertical-align:baseline;}<\/style>\n<h1 class=\"kt-adv-heading_b86d08-96 wp-block-kadence-advancedheading\" data-kb-block=\"kb-adv-heading_b86d08-96\">Eko boerderij De Leurhoeve<\/h1>\n\n\n<style>.kb-row-layout-id_bc7a9d-2c > .kt-row-column-wrap{align-content:start;}:where(.kb-row-layout-id_bc7a9d-2c > .kt-row-column-wrap) > .wp-block-kadence-column{justify-content:start;}.kb-row-layout-id_bc7a9d-2c > .kt-row-column-wrap{column-gap:var(--global-kb-gap-md, 2rem);row-gap:var(--global-kb-gap-md, 2rem);padding-top:var(--global-kb-spacing-sm, 1.5rem);padding-bottom:var(--global-kb-spacing-sm, 1.5rem);grid-template-columns:repeat(2, minmax(0, 1fr));}.kb-row-layout-id_bc7a9d-2c > .kt-row-layout-overlay{opacity:0.30;}@media all and (max-width: 1024px){.kb-row-layout-id_bc7a9d-2c > .kt-row-column-wrap{grid-template-columns:repeat(2, minmax(0, 1fr));}}@media all and (max-width: 767px){.kb-row-layout-id_bc7a9d-2c > .kt-row-column-wrap{grid-template-columns:minmax(0, 1fr);}}<\/style><div class=\"kb-row-layout-wrap kb-row-layout-id_bc7a9d-2c alignnone wp-block-kadence-rowlayout\"><div class=\"kt-row-column-wrap kt-has-2-columns kt-row-layout-equal kt-tab-layout-inherit kt-mobile-layout-row kt-row-valign-top\">\n<style>.kadence-column_696656-dc > .kt-inside-inner-col,.kadence-column_696656-dc > .kt-inside-inner-col:before{border-top-left-radius:0px;border-top-right-radius:0px;border-bottom-right-radius:0px;border-bottom-left-radius:0px;}.kadence-column_696656-dc > .kt-inside-inner-col{column-gap:var(--global-kb-gap-sm, 1rem);}.kadence-column_696656-dc > .kt-inside-inner-col{flex-direction:column;}.kadence-column_696656-dc > .kt-inside-inner-col > .aligncenter{width:100%;}.kadence-column_696656-dc > .kt-inside-inner-col:before{opacity:0.3;}.kadence-column_696656-dc{position:relative;}@media all and (max-width: 1024px){.kadence-column_696656-dc > .kt-inside-inner-col{flex-direction:column;justify-content:center;}}@media all and (max-width: 767px){.kadence-column_696656-dc > .kt-inside-inner-col{flex-direction:column;justify-content:center;}}<\/style>\n<div class=\"wp-block-kadence-column kadence-column_696656-dc inner-column-1\"><div class=\"kt-inside-inner-col\">\n<p><strong> Wilco Postmus<\/strong> <strong>&amp; Silvia<\/strong><\/p>\n\n\n\n<p>Auf dem Hof \u201ede Leurhoeve\u201c in Winterswijk halten Wilco und Silvia rund 65 Milchk\u00fche plus Jungvieh. Es sind Jersey-K\u00fche. Jerseys sind eine Rasse, die etwa 200 kg leichter ist als ein Standard-Holsteiner.<br>\u201eDas sind 200 kg, die nicht gef\u00fcttert werden m\u00fcssen\u201c, sagt Wilco. Diese kleine Rasse ist nicht nur effizient in der Ern\u00e4hrung, sie ist auch stark und gesund und es macht viel Spa\u00df, mit ihr zu arbeiten. Sie sind freundlich und ein bisschen eigensinnig. Jedes Tier hat seinen eigenen Charakter, deshalb bekommt jedes geborene Kalb seinen eigenen Namen. Wilco und Silvia kennen ihre Tiere gut. Selbst wenn er in der Melkgrube steht, kann Wilco noch erkennen, mit welcher Kuh er es zu tun hat, denn er erkennt es an den Eutern.<br>2016 haben sich Wilco und Silvia und Wim &amp; Hermien \u00fcber die Website boer-zoekt-boer gefunden. Ein Gl\u00fccksfall f\u00fcr alle Beteiligten, denn Nachfolger sind heutzutage rar. Wim und Hermiens Bio-Bauernhof, traf genau das Idealbild, das Wilco und seine Freundin Silvia f\u00fcr ihre Zukunft als Viehhalter vor Augen hatten. Vor allem Silvia, die in Leeuwarden Wildtiermanagement studiert hat, hatte idealistische Vorstellungen von naturverbundenem und nachhaltigem Unternehmertum. Mit einem Hintergrund in der Milchwirtschaft kam Wilco zun\u00e4chst nicht aus der Bio-Ecke, stellte sich aber schnell um und m\u00f6chte heute nie mehr anders wirtschaften.<br>Biobauern wie Wim und Hermien, die vor \u00fcber 25 Jahren mit der biologischen Landwirtschaft begannen, haben viel geschaffen. Insbesonder f\u00fcr die Tiere. Werden die Tiere nicht \u00fcberfordert, sind sie ges\u00fcnder und leben l\u00e4nger. K\u00fche auf der Leurhoeve werden ziemlich alt. Das Durchschnittsalter einer Milchkuh in den Niederlanden betr\u00e4gt 5,9 Jahre. Das Durchschnittsalter bei Leurhoeve betr\u00e4gt 8,6 Jahre. Die \u00e4lteste Kuh auf dem Hof \u200b\u200bist vor Kurzem gestorben. Sie war \u00fcber 16 Jahre alt und hat bis zum Schluss noch Milch gegeben.<br>Im Anfang behielt Wilco noch seinen Arbeitsplatz in Overijssel und arbeitete zwei Tage die Woche auf de Leurhoeve. Nach zwei Jahren wurde er Miteigent\u00fcmer und im September 2022, nachdem Wim und Hermien umgezogen waren, zog er mit Silvia auf den Hof. Nun liegt es an ihnen, die Zukunft auf dem Hof \u200b\u200bzu gestalten. Daf\u00fcr haben sie noch einige Pl\u00e4ne, denn Betriebswirtschaft und Tierwohl k\u00f6nnen immer noch ein bisschen besser werden. Um sich regelm\u00e4\u00dfig mit Gleichgesinnten zu auszutauschen, sind sie Mitglieder einer Interessengemeinschaft. Diese Gruppe besteht aus 10 Landwirten mit Jersey-K\u00fchen aus den ganzen Niederlanden. Sie haben sich auf Initiative einer der Bauern \u00fcber Social Media gefunden und treffen sich nun alle 6 Wochen abwechselnd auf einem ihrer H\u00f6fe.<\/p>\n\n\n\n<p><a rel=\"noreferrer noopener\" href=\"https:\/\/www.facebook.com\/JerseyBoerderij\/\" target=\"_blank\">Hier finden Sie weitere Informationen.<\/a><\/p>\n\n\n\n<p><strong>Adresse :<\/strong><br>Goorweg 49<br>7104 GE Winterswijk-Meddo NL<\/p>\n<\/div><\/div>\n\n\n<style>.kadence-column_22191d-0c > .kt-inside-inner-col,.kadence-column_22191d-0c > .kt-inside-inner-col:before{border-top-left-radius:0px;border-top-right-radius:0px;border-bottom-right-radius:0px;border-bottom-left-radius:0px;}.kadence-column_22191d-0c > .kt-inside-inner-col{column-gap:var(--global-kb-gap-sm, 1rem);}.kadence-column_22191d-0c > .kt-inside-inner-col{flex-direction:column;}.kadence-column_22191d-0c > .kt-inside-inner-col > .aligncenter{width:100%;}.kadence-column_22191d-0c > .kt-inside-inner-col:before{opacity:0.3;}.kadence-column_22191d-0c{position:relative;}@media all and (max-width: 1024px){.kadence-column_22191d-0c > .kt-inside-inner-col{flex-direction:column;justify-content:center;}}@media all and (max-width: 767px){.kadence-column_22191d-0c > .kt-inside-inner-col{flex-direction:column;justify-content:center;}}<\/style>\n<div class=\"wp-block-kadence-column kadence-column_22191d-0c inner-column-2\"><div class=\"kt-inside-inner-col\">\n<figure class=\"wp-block-image size-full\"><img loading=\"lazy\" decoding=\"async\" width=\"600\" height=\"400\" src=\"https:\/\/aurora-kaas.com\/wp-content\/uploads\/2022\/03\/img_9190.jpeg\" alt=\"\" class=\"wp-image-903\" srcset=\"https:\/\/aurora-kaas.com\/wp-content\/uploads\/2022\/03\/img_9190.jpeg 600w, https:\/\/aurora-kaas.com\/wp-content\/uploads\/2022\/03\/img_9190-300x200.jpeg 300w\" sizes=\"auto, (max-width: 600px) 100vw, 600px\" \/><\/figure>\n<\/div><\/div>\n\n<\/div><\/div><\/div><\/div>\n\n<\/div><\/div>","protected":false},"excerpt":{"rendered":"<p>Eko boerderij De Leurhoeve Wilco Postmus &amp; Silvia Auf dem Hof \u201ede Leurhoeve\u201c in Winterswijk halten Wilco und Silvia rund 65 Milchk\u00fche plus Jungvieh. Es sind Jersey-K\u00fche. Jerseys sind eine Rasse, die etwa 200 kg leichter ist als ein Standard-Holsteiner.\u201eDas sind 200 kg, die nicht gef\u00fcttert werden m\u00fcssen\u201c, sagt Wilco. Diese kleine Rasse ist nicht&#8230;<\/p>\n","protected":false},"author":1,"featured_media":0,"parent":0,"menu_order":0,"comment_status":"closed","ping_status":"closed","template":"","meta":{"inline_featured_image":false,"_kad_blocks_custom_css":"","_kad_blocks_head_custom_js":"","_kad_blocks_body_custom_js":"","_kad_blocks_footer_custom_js":"","_kadence_starter_templates_imported_post":false,"_kad_post_transparent":"","_kad_post_title":"","_kad_post_layout":"","_kad_post_sidebar_id":"","_kad_post_content_style":"","_kad_post_vertical_padding":"","_kad_post_feature":"","_kad_post_feature_position":"","_kad_post_header":false,"_kad_post_footer":false,"_kad_post_classname":"","footnotes":""},"class_list":["post-1538","page","type-page","status-publish","hentry"],"yoast_head":"<!-- This site is optimized with the Yoast SEO plugin v27.4 - https:\/\/yoast.com\/product\/yoast-seo-wordpress\/ -->\n<title>Eko boerderij De Leurhoeve - Aurora kaas<\/title>\n<meta name=\"robots\" content=\"index, follow, max-snippet:-1, max-image-preview:large, max-video-preview:-1\" \/>\n<link rel=\"canonical\" href=\"https:\/\/aurora-kaas.com\/de\/eko-boerderij-de-leurhoeve\/\" \/>\n<meta property=\"og:locale\" content=\"de_DE\" \/>\n<meta property=\"og:type\" content=\"article\" \/>\n<meta property=\"og:title\" content=\"Eko boerderij De Leurhoeve - Aurora kaas\" \/>\n<meta property=\"og:description\" content=\"Eko boerderij De Leurhoeve Wilco Postmus &amp; Silvia Auf dem Hof \u201ede Leurhoeve\u201c in Winterswijk halten Wilco und Silvia rund 65 Milchk\u00fche plus Jungvieh. Es sind Jersey-K\u00fche. Jerseys sind eine Rasse, die etwa 200 kg leichter ist als ein Standard-Holsteiner.\u201eDas sind 200 kg, die nicht gef\u00fcttert werden m\u00fcssen\u201c, sagt Wilco. Diese kleine Rasse ist nicht...\" \/>\n<meta property=\"og:url\" content=\"https:\/\/aurora-kaas.com\/de\/eko-boerderij-de-leurhoeve\/\" \/>\n<meta property=\"og:site_name\" content=\"Aurora kaas\" \/>\n<meta property=\"article:publisher\" content=\"https:\/\/www.facebook.com\/auroracheese\" \/>\n<meta property=\"article:modified_time\" content=\"2023-06-28T12:55:52+00:00\" \/>\n<meta property=\"og:image\" content=\"https:\/\/aurora-kaas.com\/wp-content\/uploads\/2022\/03\/img_9190.jpeg\" \/>\n<meta name=\"twitter:card\" content=\"summary_large_image\" \/>\n<meta name=\"twitter:label1\" content=\"Gesch\u00e4tzte Lesezeit\" \/>\n\t<meta name=\"twitter:data1\" content=\"3\u00a0Minuten\" \/>\n<script type=\"application\/ld+json\" class=\"yoast-schema-graph\">{\"@context\":\"https:\\\/\\\/schema.org\",\"@graph\":[{\"@type\":\"WebPage\",\"@id\":\"https:\\\/\\\/aurora-kaas.com\\\/de\\\/eko-boerderij-de-leurhoeve\\\/\",\"url\":\"https:\\\/\\\/aurora-kaas.com\\\/de\\\/eko-boerderij-de-leurhoeve\\\/\",\"name\":\"Eko boerderij De Leurhoeve - Aurora kaas\",\"isPartOf\":{\"@id\":\"https:\\\/\\\/aurora-kaas.com\\\/de\\\/#website\"},\"primaryImageOfPage\":{\"@id\":\"https:\\\/\\\/aurora-kaas.com\\\/de\\\/eko-boerderij-de-leurhoeve\\\/#primaryimage\"},\"image\":{\"@id\":\"https:\\\/\\\/aurora-kaas.com\\\/de\\\/eko-boerderij-de-leurhoeve\\\/#primaryimage\"},\"thumbnailUrl\":\"https:\\\/\\\/aurora-kaas.com\\\/wp-content\\\/uploads\\\/2022\\\/03\\\/img_9190.jpeg\",\"datePublished\":\"2022-03-23T15:16:36+00:00\",\"dateModified\":\"2023-06-28T12:55:52+00:00\",\"breadcrumb\":{\"@id\":\"https:\\\/\\\/aurora-kaas.com\\\/de\\\/eko-boerderij-de-leurhoeve\\\/#breadcrumb\"},\"inLanguage\":\"de\",\"potentialAction\":[{\"@type\":\"ReadAction\",\"target\":[\"https:\\\/\\\/aurora-kaas.com\\\/de\\\/eko-boerderij-de-leurhoeve\\\/\"]}]},{\"@type\":\"ImageObject\",\"inLanguage\":\"de\",\"@id\":\"https:\\\/\\\/aurora-kaas.com\\\/de\\\/eko-boerderij-de-leurhoeve\\\/#primaryimage\",\"url\":\"https:\\\/\\\/aurora-kaas.com\\\/wp-content\\\/uploads\\\/2022\\\/03\\\/img_9190.jpeg\",\"contentUrl\":\"https:\\\/\\\/aurora-kaas.com\\\/wp-content\\\/uploads\\\/2022\\\/03\\\/img_9190.jpeg\"},{\"@type\":\"BreadcrumbList\",\"@id\":\"https:\\\/\\\/aurora-kaas.com\\\/de\\\/eko-boerderij-de-leurhoeve\\\/#breadcrumb\",\"itemListElement\":[{\"@type\":\"ListItem\",\"position\":1,\"name\":\"Startseite\",\"item\":\"https:\\\/\\\/aurora-kaas.com\\\/de\\\/\"},{\"@type\":\"ListItem\",\"position\":2,\"name\":\"Eko boerderij De Leurhoeve\"}]},{\"@type\":\"WebSite\",\"@id\":\"https:\\\/\\\/aurora-kaas.com\\\/de\\\/#website\",\"url\":\"https:\\\/\\\/aurora-kaas.com\\\/de\\\/\",\"name\":\"Aurora Kaas\",\"description\":\"Biok\u00e4se vom Niederrhein\",\"publisher\":{\"@id\":\"https:\\\/\\\/aurora-kaas.com\\\/de\\\/#organization\"},\"potentialAction\":[{\"@type\":\"SearchAction\",\"target\":{\"@type\":\"EntryPoint\",\"urlTemplate\":\"https:\\\/\\\/aurora-kaas.com\\\/de\\\/?s={search_term_string}\"},\"query-input\":{\"@type\":\"PropertyValueSpecification\",\"valueRequired\":true,\"valueName\":\"search_term_string\"}}],\"inLanguage\":\"de\"},{\"@type\":\"Organization\",\"@id\":\"https:\\\/\\\/aurora-kaas.com\\\/de\\\/#organization\",\"name\":\"Aurora Kaas GmbH\",\"url\":\"https:\\\/\\\/aurora-kaas.com\\\/de\\\/\",\"logo\":{\"@type\":\"ImageObject\",\"inLanguage\":\"de\",\"@id\":\"https:\\\/\\\/aurora-kaas.com\\\/de\\\/#\\\/schema\\\/logo\\\/image\\\/\",\"url\":\"https:\\\/\\\/aurora-kaas.com\\\/wp-content\\\/uploads\\\/2022\\\/03\\\/logo.svg\",\"contentUrl\":\"https:\\\/\\\/aurora-kaas.com\\\/wp-content\\\/uploads\\\/2022\\\/03\\\/logo.svg\",\"width\":155,\"height\":82,\"caption\":\"Aurora Kaas GmbH\"},\"image\":{\"@id\":\"https:\\\/\\\/aurora-kaas.com\\\/de\\\/#\\\/schema\\\/logo\\\/image\\\/\"},\"sameAs\":[\"https:\\\/\\\/www.facebook.com\\\/auroracheese\",\"https:\\\/\\\/www.instagram.com\\\/aurora_kaas\\\/\"]}]}<\/script>\n<!-- \/ Yoast SEO plugin. -->","yoast_head_json":{"title":"Eko boerderij De Leurhoeve - Aurora kaas","robots":{"index":"index","follow":"follow","max-snippet":"max-snippet:-1","max-image-preview":"max-image-preview:large","max-video-preview":"max-video-preview:-1"},"canonical":"https:\/\/aurora-kaas.com\/de\/eko-boerderij-de-leurhoeve\/","og_locale":"de_DE","og_type":"article","og_title":"Eko boerderij De Leurhoeve - Aurora kaas","og_description":"Eko boerderij De Leurhoeve Wilco Postmus &amp; Silvia Auf dem Hof \u201ede Leurhoeve\u201c in Winterswijk halten Wilco und Silvia rund 65 Milchk\u00fche plus Jungvieh. Es sind Jersey-K\u00fche. Jerseys sind eine Rasse, die etwa 200 kg leichter ist als ein Standard-Holsteiner.\u201eDas sind 200 kg, die nicht gef\u00fcttert werden m\u00fcssen\u201c, sagt Wilco. Diese kleine Rasse ist nicht...","og_url":"https:\/\/aurora-kaas.com\/de\/eko-boerderij-de-leurhoeve\/","og_site_name":"Aurora kaas","article_publisher":"https:\/\/www.facebook.com\/auroracheese","article_modified_time":"2023-06-28T12:55:52+00:00","og_image":[{"url":"https:\/\/aurora-kaas.com\/wp-content\/uploads\/2022\/03\/img_9190.jpeg","type":"","width":"","height":""}],"twitter_card":"summary_large_image","twitter_misc":{"Gesch\u00e4tzte Lesezeit":"3\u00a0Minuten"},"schema":{"@context":"https:\/\/schema.org","@graph":[{"@type":"WebPage","@id":"https:\/\/aurora-kaas.com\/de\/eko-boerderij-de-leurhoeve\/","url":"https:\/\/aurora-kaas.com\/de\/eko-boerderij-de-leurhoeve\/","name":"Eko boerderij De Leurhoeve - Aurora kaas","isPartOf":{"@id":"https:\/\/aurora-kaas.com\/de\/#website"},"primaryImageOfPage":{"@id":"https:\/\/aurora-kaas.com\/de\/eko-boerderij-de-leurhoeve\/#primaryimage"},"image":{"@id":"https:\/\/aurora-kaas.com\/de\/eko-boerderij-de-leurhoeve\/#primaryimage"},"thumbnailUrl":"https:\/\/aurora-kaas.com\/wp-content\/uploads\/2022\/03\/img_9190.jpeg","datePublished":"2022-03-23T15:16:36+00:00","dateModified":"2023-06-28T12:55:52+00:00","breadcrumb":{"@id":"https:\/\/aurora-kaas.com\/de\/eko-boerderij-de-leurhoeve\/#breadcrumb"},"inLanguage":"de","potentialAction":[{"@type":"ReadAction","target":["https:\/\/aurora-kaas.com\/de\/eko-boerderij-de-leurhoeve\/"]}]},{"@type":"ImageObject","inLanguage":"de","@id":"https:\/\/aurora-kaas.com\/de\/eko-boerderij-de-leurhoeve\/#primaryimage","url":"https:\/\/aurora-kaas.com\/wp-content\/uploads\/2022\/03\/img_9190.jpeg","contentUrl":"https:\/\/aurora-kaas.com\/wp-content\/uploads\/2022\/03\/img_9190.jpeg"},{"@type":"BreadcrumbList","@id":"https:\/\/aurora-kaas.com\/de\/eko-boerderij-de-leurhoeve\/#breadcrumb","itemListElement":[{"@type":"ListItem","position":1,"name":"Startseite","item":"https:\/\/aurora-kaas.com\/de\/"},{"@type":"ListItem","position":2,"name":"Eko boerderij De Leurhoeve"}]},{"@type":"WebSite","@id":"https:\/\/aurora-kaas.com\/de\/#website","url":"https:\/\/aurora-kaas.com\/de\/","name":"Aurora Kaas","description":"Biok\u00e4se vom Niederrhein","publisher":{"@id":"https:\/\/aurora-kaas.com\/de\/#organization"},"potentialAction":[{"@type":"SearchAction","target":{"@type":"EntryPoint","urlTemplate":"https:\/\/aurora-kaas.com\/de\/?s={search_term_string}"},"query-input":{"@type":"PropertyValueSpecification","valueRequired":true,"valueName":"search_term_string"}}],"inLanguage":"de"},{"@type":"Organization","@id":"https:\/\/aurora-kaas.com\/de\/#organization","name":"Aurora Kaas GmbH","url":"https:\/\/aurora-kaas.com\/de\/","logo":{"@type":"ImageObject","inLanguage":"de","@id":"https:\/\/aurora-kaas.com\/de\/#\/schema\/logo\/image\/","url":"https:\/\/aurora-kaas.com\/wp-content\/uploads\/2022\/03\/logo.svg","contentUrl":"https:\/\/aurora-kaas.com\/wp-content\/uploads\/2022\/03\/logo.svg","width":155,"height":82,"caption":"Aurora Kaas GmbH"},"image":{"@id":"https:\/\/aurora-kaas.com\/de\/#\/schema\/logo\/image\/"},"sameAs":["https:\/\/www.facebook.com\/auroracheese","https:\/\/www.instagram.com\/aurora_kaas\/"]}]}},"taxonomy_info":[],"featured_image_src_large":false,"author_info":{"display_name":"HPU Internet Services","author_link":"https:\/\/aurora-kaas.com\/de\/author\/admin_55mrb345\/"},"comment_info":0,"_links":{"self":[{"href":"https:\/\/aurora-kaas.com\/de\/wp-json\/wp\/v2\/pages\/1538","targetHints":{"allow":["GET"]}}],"collection":[{"href":"https:\/\/aurora-kaas.com\/de\/wp-json\/wp\/v2\/pages"}],"about":[{"href":"https:\/\/aurora-kaas.com\/de\/wp-json\/wp\/v2\/types\/page"}],"author":[{"embeddable":true,"href":"https:\/\/aurora-kaas.com\/de\/wp-json\/wp\/v2\/users\/1"}],"replies":[{"embeddable":true,"href":"https:\/\/aurora-kaas.com\/de\/wp-json\/wp\/v2\/comments?post=1538"}],"version-history":[{"count":4,"href":"https:\/\/aurora-kaas.com\/de\/wp-json\/wp\/v2\/pages\/1538\/revisions"}],"predecessor-version":[{"id":6562,"href":"https:\/\/aurora-kaas.com\/de\/wp-json\/wp\/v2\/pages\/1538\/revisions\/6562"}],"wp:attachment":[{"href":"https:\/\/aurora-kaas.com\/de\/wp-json\/wp\/v2\/media?parent=1538"}],"curies":[{"name":"wp","href":"https:\/\/api.w.org\/{rel}","templated":true}]}}