{"id":1666,"date":"2022-03-16T14:48:25","date_gmt":"2022-03-16T14:48:25","guid":{"rendered":"https:\/\/aurora-kaas.com\/aurora\/certificering\/eu-bio\/"},"modified":"2026-04-01T12:07:14","modified_gmt":"2026-04-01T12:07:14","slug":"eu-bio","status":"publish","type":"page","link":"https:\/\/aurora-kaas.com\/de\/aurora\/zertifizierungen\/eu-bio\/","title":{"rendered":"EU Bio"},"content":{"rendered":"<style>.kb-advanced-slider-1666_059675-ce .kb-slider-size-fixed .kb-advanced-slide-inner-wrap{min-height:700px;}.kb-advanced-slider-1666_059675-ce .kb-slider-pause-button{color:#fff;background-color:transparent;border:2px solid #fff;}@media all and (max-width: 1024px){.kb-advanced-slider-1666_059675-ce .kb-slider-size-fixed .kb-advanced-slide-inner-wrap{min-height:400px;}}@media all and (max-width: 767px){.kb-advanced-slider-1666_059675-ce .kb-slider-size-fixed .kb-advanced-slide-inner-wrap{min-height:350px;}}<\/style><div class=\"kb-advanced-slider kb-advanced-slider-1666_059675-ce wp-block-kadence-slider\"><div class=\"kb-advanced-slider-inner-contain kb-adv-slider-html-version-2\"><div class=\"kb-blocks-advanced-carousel kt-blocks-carousel kt-carousel-container-dotstyle-dark\"><div class=\"kb-blocks-advanced-slider-init kb-slider-loading kb-blocks-slider kt-carousel-arrowstyle-outlinewhite kt-carousel-dotstyle-dark kb-slider-size-fixed kb-slider-type-slider kb-slider-ratio-12-5 kb-slider-group-arrow kb-slider-arrow-position-center kb-slider-tab-ratio-inherit kb-slider-mobile-ratio-inherit splide kb-splide  kb-slider-version-2\" aria-label=\"Slider content\" data-slider-center-mode=\"true\" data-slider-type=\"slider\" data-loop-type=\"loop\" data-columns-xxl=\"3\" data-columns-xl=\"3\" data-columns-md=\"3\" data-columns-sm=\"2\" data-columns-xs=\"1\" data-columns-ss=\"1\" data-slider-anim-speed=\"400\" data-slider-scroll=\"1\" data-slider-fade=\"true\" data-slider-arrows=\"true\" data-slider-dots=\"true\" data-slider-hover-pause=\"false\" data-slider-auto=\"false\"  data-dragging=\"true\" data-slider-speed=\"7000\" data-slider-gap=\"30\" data-slider-gap-tablet=\"30\" data-slider-gap-mobile=\"30\" data-slider-gap-unit=\"px\"><div class=\"splide__track\"><ul class=\"splide__list\">\n\n<li class=\"wp-block-kadence-slide kb-advanced-slide-item kb-slide-1666_aaf421-2b\"><div class=\"kb-advanced-slide\"><div class=\"kb-advanced-slide-inner-wrap\"><div class=\"kb-advanced-slide-inner\"><\/div><\/div><\/div><\/li>\n\n<\/ul><\/div><\/div><\/div><\/div><\/div>\n\n\n<figure class=\"wp-block-image size-large is-resized overlay-slider\"><img loading=\"lazy\" decoding=\"async\" width=\"1599\" height=\"94\" src=\"https:\/\/aurora-kaas.com\/wp-content\/uploads\/2022\/03\/overlay.svg\" alt=\"\" class=\"wp-image-208\" style=\"width:1241px;height:73px\"\/><\/figure>\n\n\n<style>.kb-row-layout-id_3301d4-7b > .kt-row-column-wrap{align-content:start;}:where(.kb-row-layout-id_3301d4-7b > .kt-row-column-wrap) > .wp-block-kadence-column{justify-content:start;}.kb-row-layout-id_3301d4-7b > .kt-row-column-wrap{column-gap:var(--global-kb-gap-md, 2rem);row-gap:var(--global-kb-gap-md, 2rem);padding-top:var(--global-kb-spacing-sm, 1.5rem);padding-bottom:var(--global-kb-spacing-sm, 1.5rem);grid-template-columns:minmax(0, 1fr);}.kb-row-layout-id_3301d4-7b > .kt-row-layout-overlay{opacity:0.30;}@media all and (max-width: 1024px){.kb-row-layout-id_3301d4-7b > .kt-row-column-wrap{grid-template-columns:minmax(0, 1fr);}}@media all and (max-width: 767px){.kb-row-layout-id_3301d4-7b > .kt-row-column-wrap{grid-template-columns:minmax(0, 1fr);}}<\/style><div class=\"kb-row-layout-wrap kb-row-layout-id_3301d4-7b alignnone header-text-overlay wp-block-kadence-rowlayout\"><div class=\"kt-row-column-wrap kt-has-1-columns kt-row-layout-equal kt-tab-layout-inherit kt-mobile-layout-row kt-row-valign-top\">\n<style>.kadence-column_979397-6a > .kt-inside-inner-col,.kadence-column_979397-6a > .kt-inside-inner-col:before{border-top-left-radius:0px;border-top-right-radius:0px;border-bottom-right-radius:0px;border-bottom-left-radius:0px;}.kadence-column_979397-6a > .kt-inside-inner-col{column-gap:var(--global-kb-gap-sm, 1rem);}.kadence-column_979397-6a > .kt-inside-inner-col{flex-direction:column;}.kadence-column_979397-6a > .kt-inside-inner-col > .aligncenter{width:100%;}.kadence-column_979397-6a > .kt-inside-inner-col:before{opacity:0.3;}.kadence-column_979397-6a{position:relative;}@media all and (max-width: 1024px){.kadence-column_979397-6a > .kt-inside-inner-col{flex-direction:column;justify-content:center;}}@media all and (max-width: 767px){.kadence-column_979397-6a > .kt-inside-inner-col{flex-direction:column;justify-content:center;}}<\/style>\n<div class=\"wp-block-kadence-column kadence-column_979397-6a inner-column-1\"><div class=\"kt-inside-inner-col\"><\/div><\/div>\n\n<\/div><\/div>\n\n<style>.kb-row-layout-id1666_43e3cf-6d > .kt-row-column-wrap{align-content:start;}:where(.kb-row-layout-id1666_43e3cf-6d > .kt-row-column-wrap) > .wp-block-kadence-column{justify-content:start;}.kb-row-layout-id1666_43e3cf-6d > .kt-row-column-wrap{column-gap:var(--global-kb-gap-md, 2rem);row-gap:var(--global-kb-gap-md, 2rem);max-width:var( --global-content-width, 1290px );padding-left:var(--global-content-edge-padding);padding-right:var(--global-content-edge-padding);padding-top:var(--global-kb-spacing-sm, 1.5rem);padding-bottom:var(--global-kb-spacing-sm, 1.5rem);grid-template-columns:minmax(0, 1fr);}.kb-row-layout-id1666_43e3cf-6d > .kt-row-layout-overlay{opacity:0.30;}@media all and (max-width: 1024px){.kb-row-layout-id1666_43e3cf-6d > .kt-row-column-wrap{grid-template-columns:minmax(0, 1fr);}}@media all and (max-width: 767px){.kb-row-layout-id1666_43e3cf-6d > .kt-row-column-wrap{grid-template-columns:minmax(0, 1fr);}}<\/style><div class=\"kb-row-layout-wrap kb-row-layout-id1666_43e3cf-6d alignnone wp-block-kadence-rowlayout\"><div class=\"kt-row-column-wrap kt-has-1-columns kt-row-layout-equal kt-tab-layout-inherit kt-mobile-layout-row kt-row-valign-top kb-theme-content-width\">\n<style>.kadence-column1666_855785-77 > .kt-inside-inner-col,.kadence-column1666_855785-77 > .kt-inside-inner-col:before{border-top-left-radius:0px;border-top-right-radius:0px;border-bottom-right-radius:0px;border-bottom-left-radius:0px;}.kadence-column1666_855785-77 > .kt-inside-inner-col{column-gap:var(--global-kb-gap-sm, 1rem);}.kadence-column1666_855785-77 > .kt-inside-inner-col{flex-direction:column;}.kadence-column1666_855785-77 > .kt-inside-inner-col > .aligncenter{width:100%;}.kadence-column1666_855785-77 > .kt-inside-inner-col:before{opacity:0.3;}.kadence-column1666_855785-77{position:relative;}@media all and (max-width: 1024px){.kadence-column1666_855785-77 > .kt-inside-inner-col{flex-direction:column;justify-content:center;}}@media all and (max-width: 767px){.kadence-column1666_855785-77 > .kt-inside-inner-col{flex-direction:column;justify-content:center;}}<\/style>\n<div class=\"wp-block-kadence-column kadence-column1666_855785-77 inner-column-1\"><div class=\"kt-inside-inner-col\"><style>.wp-block-kadence-advancedheading.kt-adv-heading1666_d03d8e-38, .wp-block-kadence-advancedheading.kt-adv-heading1666_d03d8e-38[data-kb-block=\"kb-adv-heading1666_d03d8e-38\"]{font-size:var(--global-kb-font-size-xl, 3rem);font-style:normal;}.wp-block-kadence-advancedheading.kt-adv-heading1666_d03d8e-38 mark.kt-highlight, .wp-block-kadence-advancedheading.kt-adv-heading1666_d03d8e-38[data-kb-block=\"kb-adv-heading1666_d03d8e-38\"] mark.kt-highlight{font-style:normal;color:#f76a0c;-webkit-box-decoration-break:clone;box-decoration-break:clone;padding-top:0px;padding-right:0px;padding-bottom:0px;padding-left:0px;}.wp-block-kadence-advancedheading.kt-adv-heading1666_d03d8e-38 img.kb-inline-image, .wp-block-kadence-advancedheading.kt-adv-heading1666_d03d8e-38[data-kb-block=\"kb-adv-heading1666_d03d8e-38\"] img.kb-inline-image{width:150px;vertical-align:baseline;}<\/style>\n<h1 class=\"kt-adv-heading1666_d03d8e-38 wp-block-kadence-advancedheading\" data-kb-block=\"kb-adv-heading1666_d03d8e-38\">EU-Bio-Zertifizierung &#8211; DE-\u00d6KO-006<\/h1>\n\n\n<style>.kb-row-layout-id1666_9712ae-ad > .kt-row-column-wrap{align-content:start;}:where(.kb-row-layout-id1666_9712ae-ad > .kt-row-column-wrap) > .wp-block-kadence-column{justify-content:start;}.kb-row-layout-id1666_9712ae-ad > .kt-row-column-wrap{column-gap:var(--global-kb-gap-md, 2rem);row-gap:var(--global-kb-gap-md, 2rem);padding-top:0px;padding-bottom:25px;grid-template-columns:minmax(0, calc(70% - ((var(--global-kb-gap-md, 2rem) * 1 )\/2)))minmax(0, calc(30% - ((var(--global-kb-gap-md, 2rem) * 1 )\/2)));}.kb-row-layout-id1666_9712ae-ad > .kt-row-layout-overlay{opacity:0.30;}@media all and (max-width: 1024px){.kb-row-layout-id1666_9712ae-ad > .kt-row-column-wrap{grid-template-columns:minmax(0, 2fr) minmax(0, 1fr);}}@media all and (max-width: 767px){.kb-row-layout-id1666_9712ae-ad > .kt-row-column-wrap{grid-template-columns:minmax(0, 1fr);}}<\/style><div class=\"kb-row-layout-wrap kb-row-layout-id1666_9712ae-ad alignnone wp-block-kadence-rowlayout\"><div class=\"kt-row-column-wrap kt-has-2-columns kt-row-layout-left-golden kt-tab-layout-inherit kt-mobile-layout-row kt-row-valign-top\">\n<style>.kadence-column1666_6c8304-42 > .kt-inside-inner-col,.kadence-column1666_6c8304-42 > .kt-inside-inner-col:before{border-top-left-radius:0px;border-top-right-radius:0px;border-bottom-right-radius:0px;border-bottom-left-radius:0px;}.kadence-column1666_6c8304-42 > .kt-inside-inner-col{column-gap:var(--global-kb-gap-sm, 1rem);}.kadence-column1666_6c8304-42 > .kt-inside-inner-col{flex-direction:column;}.kadence-column1666_6c8304-42 > .kt-inside-inner-col > .aligncenter{width:100%;}.kadence-column1666_6c8304-42 > .kt-inside-inner-col:before{opacity:0.3;}.kadence-column1666_6c8304-42{position:relative;}@media all and (max-width: 1024px){.kadence-column1666_6c8304-42 > .kt-inside-inner-col{flex-direction:column;justify-content:center;}}@media all and (max-width: 767px){.kadence-column1666_6c8304-42 > .kt-inside-inner-col{flex-direction:column;justify-content:center;}}<\/style>\n<div class=\"wp-block-kadence-column kadence-column1666_6c8304-42 inner-column-1\"><div class=\"kt-inside-inner-col\">\n<p>Unsere Bio-Kontrollen \u00fcberpr\u00fcfen die Herstellung unserer Produkte auf allen Stufen \u2013 von der Verarbeitung der Rohstoffe bis zum fertigen K\u00e4se. Dabei handelt es sich um Verfahrens- und Prozesskontrollen, die sicherstellen, dass unsere Bio-Standards jederzeit eingehalten werden.<\/p>\n\n\n\n<p>Gepr\u00fcft werden unter anderem:<\/p>\n\n\n\n<ul class=\"wp-block-list\">\n<li>Rezepturen und Verarbeitungsprotokolle<\/li>\n\n\n\n<li>Lieferanten- und Kundenlisten<\/li>\n\n\n\n<li>Belege f\u00fcr Wareneing\u00e4nge und -ausg\u00e4nge<\/li>\n\n\n\n<li>Bio-Bescheinigungen der verwendeten Zutaten<\/li>\n\n\n\n<li>Bestandslisten und Etiketten<\/li>\n<\/ul>\n\n\n\n<p>Bei Betriebsbegehungen wird sichergestellt, dass Bio- und konventionelle Produkte getrennt gelagert und verarbeitet werden, um jede Mischung auszuschlie\u00dfen. Au\u00dferdem wird kontrolliert, dass nur zul\u00e4ssige Zutaten verwendet werden und die eingesetzten Bio-Rohstoffe korrekt dokumentiert mit der Menge der Endprodukte \u00fcbereinstimmen.<\/p>\n\n\n\n<p>So k\u00f6nnen wir garantieren, dass jeder Laib K\u00e4se den EU-Bio-Richtlinien entspricht.<\/p>\n<\/div><\/div>\n\n\n<style>.kadence-column1666_97b53b-0e > .kt-inside-inner-col,.kadence-column1666_97b53b-0e > .kt-inside-inner-col:before{border-top-left-radius:0px;border-top-right-radius:0px;border-bottom-right-radius:0px;border-bottom-left-radius:0px;}.kadence-column1666_97b53b-0e > .kt-inside-inner-col{column-gap:var(--global-kb-gap-sm, 1rem);}.kadence-column1666_97b53b-0e > .kt-inside-inner-col{flex-direction:column;}.kadence-column1666_97b53b-0e > .kt-inside-inner-col > .aligncenter{width:100%;}.kadence-column1666_97b53b-0e > .kt-inside-inner-col:before{opacity:0.3;}.kadence-column1666_97b53b-0e{position:relative;}@media all and (max-width: 1024px){.kadence-column1666_97b53b-0e > .kt-inside-inner-col{flex-direction:column;justify-content:center;}}@media all and (max-width: 767px){.kadence-column1666_97b53b-0e > .kt-inside-inner-col{flex-direction:column;justify-content:center;}}<\/style>\n<div class=\"wp-block-kadence-column kadence-column1666_97b53b-0e inner-column-2\"><div class=\"kt-inside-inner-col\">\n<figure class=\"wp-block-image size-full is-resized image-full-width\"><img loading=\"lazy\" decoding=\"async\" width=\"275\" height=\"183\" src=\"https:\/\/aurora-kaas.com\/wp-content\/uploads\/2022\/03\/eu-bio.png\" alt=\"\" class=\"wp-image-497\"\/><\/figure>\n<\/div><\/div>\n\n<\/div><\/div><\/div><\/div>\n\n<\/div><\/div>\n\n\n<p><\/p>\n","protected":false},"excerpt":{"rendered":"<p>EU-Bio-Zertifizierung &#8211; DE-\u00d6KO-006 Unsere Bio-Kontrollen \u00fcberpr\u00fcfen die Herstellung unserer Produkte auf allen Stufen \u2013 von der Verarbeitung der Rohstoffe bis zum fertigen K\u00e4se. Dabei handelt es sich um Verfahrens- und Prozesskontrollen, die sicherstellen, dass unsere Bio-Standards jederzeit eingehalten werden. Gepr\u00fcft werden unter anderem: Bei Betriebsbegehungen wird sichergestellt, dass Bio- und konventionelle Produkte getrennt gelagert und&#8230;<\/p>\n","protected":false},"author":1,"featured_media":0,"parent":1654,"menu_order":0,"comment_status":"closed","ping_status":"closed","template":"","meta":{"inline_featured_image":false,"_kad_blocks_custom_css":"","_kad_blocks_head_custom_js":"","_kad_blocks_body_custom_js":"","_kad_blocks_footer_custom_js":"","_kadence_starter_templates_imported_post":false,"_kad_post_transparent":"","_kad_post_title":"","_kad_post_layout":"","_kad_post_sidebar_id":"","_kad_post_content_style":"","_kad_post_vertical_padding":"","_kad_post_feature":"","_kad_post_feature_position":"","_kad_post_header":false,"_kad_post_footer":false,"_kad_post_classname":"","footnotes":""},"class_list":["post-1666","page","type-page","status-publish","hentry"],"yoast_head":"<!-- This site is optimized with the Yoast SEO plugin v27.4 - https:\/\/yoast.com\/product\/yoast-seo-wordpress\/ -->\n<title>EU Bio - Aurora kaas<\/title>\n<meta name=\"robots\" content=\"index, follow, max-snippet:-1, max-image-preview:large, max-video-preview:-1\" \/>\n<link rel=\"canonical\" href=\"https:\/\/aurora-kaas.com\/de\/aurora\/zertifizierungen\/eu-bio\/\" \/>\n<meta property=\"og:locale\" content=\"de_DE\" \/>\n<meta property=\"og:type\" content=\"article\" \/>\n<meta property=\"og:title\" content=\"EU Bio - Aurora kaas\" \/>\n<meta property=\"og:description\" content=\"EU-Bio-Zertifizierung &#8211; DE-\u00d6KO-006 Unsere Bio-Kontrollen \u00fcberpr\u00fcfen die Herstellung unserer Produkte auf allen Stufen \u2013 von der Verarbeitung der Rohstoffe bis zum fertigen K\u00e4se. Dabei handelt es sich um Verfahrens- und Prozesskontrollen, die sicherstellen, dass unsere Bio-Standards jederzeit eingehalten werden. Gepr\u00fcft werden unter anderem: Bei Betriebsbegehungen wird sichergestellt, dass Bio- und konventionelle Produkte getrennt gelagert und...\" \/>\n<meta property=\"og:url\" content=\"https:\/\/aurora-kaas.com\/de\/aurora\/zertifizierungen\/eu-bio\/\" \/>\n<meta property=\"og:site_name\" content=\"Aurora kaas\" \/>\n<meta property=\"article:publisher\" content=\"https:\/\/www.facebook.com\/auroracheese\" \/>\n<meta property=\"article:modified_time\" content=\"2026-04-01T12:07:14+00:00\" \/>\n<meta name=\"twitter:card\" content=\"summary_large_image\" \/>\n<meta name=\"twitter:label1\" content=\"Gesch\u00e4tzte Lesezeit\" \/>\n\t<meta name=\"twitter:data1\" content=\"3\u00a0Minuten\" \/>\n<script type=\"application\/ld+json\" class=\"yoast-schema-graph\">{\"@context\":\"https:\\\/\\\/schema.org\",\"@graph\":[{\"@type\":\"WebPage\",\"@id\":\"https:\\\/\\\/aurora-kaas.com\\\/de\\\/aurora\\\/zertifizierungen\\\/eu-bio\\\/\",\"url\":\"https:\\\/\\\/aurora-kaas.com\\\/de\\\/aurora\\\/zertifizierungen\\\/eu-bio\\\/\",\"name\":\"EU Bio - Aurora kaas\",\"isPartOf\":{\"@id\":\"https:\\\/\\\/aurora-kaas.com\\\/de\\\/#website\"},\"primaryImageOfPage\":{\"@id\":\"https:\\\/\\\/aurora-kaas.com\\\/de\\\/aurora\\\/zertifizierungen\\\/eu-bio\\\/#primaryimage\"},\"image\":{\"@id\":\"https:\\\/\\\/aurora-kaas.com\\\/de\\\/aurora\\\/zertifizierungen\\\/eu-bio\\\/#primaryimage\"},\"thumbnailUrl\":\"https:\\\/\\\/aurora-kaas.com\\\/wp-content\\\/uploads\\\/2022\\\/03\\\/overlay.svg\",\"datePublished\":\"2022-03-16T14:48:25+00:00\",\"dateModified\":\"2026-04-01T12:07:14+00:00\",\"breadcrumb\":{\"@id\":\"https:\\\/\\\/aurora-kaas.com\\\/de\\\/aurora\\\/zertifizierungen\\\/eu-bio\\\/#breadcrumb\"},\"inLanguage\":\"de\",\"potentialAction\":[{\"@type\":\"ReadAction\",\"target\":[\"https:\\\/\\\/aurora-kaas.com\\\/de\\\/aurora\\\/zertifizierungen\\\/eu-bio\\\/\"]}]},{\"@type\":\"ImageObject\",\"inLanguage\":\"de\",\"@id\":\"https:\\\/\\\/aurora-kaas.com\\\/de\\\/aurora\\\/zertifizierungen\\\/eu-bio\\\/#primaryimage\",\"url\":\"https:\\\/\\\/aurora-kaas.com\\\/wp-content\\\/uploads\\\/2022\\\/03\\\/overlay.svg\",\"contentUrl\":\"https:\\\/\\\/aurora-kaas.com\\\/wp-content\\\/uploads\\\/2022\\\/03\\\/overlay.svg\"},{\"@type\":\"BreadcrumbList\",\"@id\":\"https:\\\/\\\/aurora-kaas.com\\\/de\\\/aurora\\\/zertifizierungen\\\/eu-bio\\\/#breadcrumb\",\"itemListElement\":[{\"@type\":\"ListItem\",\"position\":1,\"name\":\"Startseite\",\"item\":\"https:\\\/\\\/aurora-kaas.com\\\/de\\\/\"},{\"@type\":\"ListItem\",\"position\":2,\"name\":\"Aurora\",\"item\":\"https:\\\/\\\/aurora-kaas.com\\\/de\\\/aurora\\\/\"},{\"@type\":\"ListItem\",\"position\":3,\"name\":\"Zertifizierungen\",\"item\":\"https:\\\/\\\/aurora-kaas.com\\\/de\\\/aurora\\\/zertifizierungen\\\/\"},{\"@type\":\"ListItem\",\"position\":4,\"name\":\"EU Bio\"}]},{\"@type\":\"WebSite\",\"@id\":\"https:\\\/\\\/aurora-kaas.com\\\/de\\\/#website\",\"url\":\"https:\\\/\\\/aurora-kaas.com\\\/de\\\/\",\"name\":\"Aurora Kaas\",\"description\":\"Biok\u00e4se vom Niederrhein\",\"publisher\":{\"@id\":\"https:\\\/\\\/aurora-kaas.com\\\/de\\\/#organization\"},\"potentialAction\":[{\"@type\":\"SearchAction\",\"target\":{\"@type\":\"EntryPoint\",\"urlTemplate\":\"https:\\\/\\\/aurora-kaas.com\\\/de\\\/?s={search_term_string}\"},\"query-input\":{\"@type\":\"PropertyValueSpecification\",\"valueRequired\":true,\"valueName\":\"search_term_string\"}}],\"inLanguage\":\"de\"},{\"@type\":\"Organization\",\"@id\":\"https:\\\/\\\/aurora-kaas.com\\\/de\\\/#organization\",\"name\":\"Aurora Kaas GmbH\",\"url\":\"https:\\\/\\\/aurora-kaas.com\\\/de\\\/\",\"logo\":{\"@type\":\"ImageObject\",\"inLanguage\":\"de\",\"@id\":\"https:\\\/\\\/aurora-kaas.com\\\/de\\\/#\\\/schema\\\/logo\\\/image\\\/\",\"url\":\"https:\\\/\\\/aurora-kaas.com\\\/wp-content\\\/uploads\\\/2022\\\/03\\\/logo.svg\",\"contentUrl\":\"https:\\\/\\\/aurora-kaas.com\\\/wp-content\\\/uploads\\\/2022\\\/03\\\/logo.svg\",\"width\":155,\"height\":82,\"caption\":\"Aurora Kaas GmbH\"},\"image\":{\"@id\":\"https:\\\/\\\/aurora-kaas.com\\\/de\\\/#\\\/schema\\\/logo\\\/image\\\/\"},\"sameAs\":[\"https:\\\/\\\/www.facebook.com\\\/auroracheese\",\"https:\\\/\\\/www.instagram.com\\\/aurora_kaas\\\/\"]}]}<\/script>\n<!-- \/ Yoast SEO plugin. -->","yoast_head_json":{"title":"EU Bio - Aurora kaas","robots":{"index":"index","follow":"follow","max-snippet":"max-snippet:-1","max-image-preview":"max-image-preview:large","max-video-preview":"max-video-preview:-1"},"canonical":"https:\/\/aurora-kaas.com\/de\/aurora\/zertifizierungen\/eu-bio\/","og_locale":"de_DE","og_type":"article","og_title":"EU Bio - Aurora kaas","og_description":"EU-Bio-Zertifizierung &#8211; DE-\u00d6KO-006 Unsere Bio-Kontrollen \u00fcberpr\u00fcfen die Herstellung unserer Produkte auf allen Stufen \u2013 von der Verarbeitung der Rohstoffe bis zum fertigen K\u00e4se. Dabei handelt es sich um Verfahrens- und Prozesskontrollen, die sicherstellen, dass unsere Bio-Standards jederzeit eingehalten werden. Gepr\u00fcft werden unter anderem: Bei Betriebsbegehungen wird sichergestellt, dass Bio- und konventionelle Produkte getrennt gelagert und...","og_url":"https:\/\/aurora-kaas.com\/de\/aurora\/zertifizierungen\/eu-bio\/","og_site_name":"Aurora kaas","article_publisher":"https:\/\/www.facebook.com\/auroracheese","article_modified_time":"2026-04-01T12:07:14+00:00","twitter_card":"summary_large_image","twitter_misc":{"Gesch\u00e4tzte Lesezeit":"3\u00a0Minuten"},"schema":{"@context":"https:\/\/schema.org","@graph":[{"@type":"WebPage","@id":"https:\/\/aurora-kaas.com\/de\/aurora\/zertifizierungen\/eu-bio\/","url":"https:\/\/aurora-kaas.com\/de\/aurora\/zertifizierungen\/eu-bio\/","name":"EU Bio - Aurora kaas","isPartOf":{"@id":"https:\/\/aurora-kaas.com\/de\/#website"},"primaryImageOfPage":{"@id":"https:\/\/aurora-kaas.com\/de\/aurora\/zertifizierungen\/eu-bio\/#primaryimage"},"image":{"@id":"https:\/\/aurora-kaas.com\/de\/aurora\/zertifizierungen\/eu-bio\/#primaryimage"},"thumbnailUrl":"https:\/\/aurora-kaas.com\/wp-content\/uploads\/2022\/03\/overlay.svg","datePublished":"2022-03-16T14:48:25+00:00","dateModified":"2026-04-01T12:07:14+00:00","breadcrumb":{"@id":"https:\/\/aurora-kaas.com\/de\/aurora\/zertifizierungen\/eu-bio\/#breadcrumb"},"inLanguage":"de","potentialAction":[{"@type":"ReadAction","target":["https:\/\/aurora-kaas.com\/de\/aurora\/zertifizierungen\/eu-bio\/"]}]},{"@type":"ImageObject","inLanguage":"de","@id":"https:\/\/aurora-kaas.com\/de\/aurora\/zertifizierungen\/eu-bio\/#primaryimage","url":"https:\/\/aurora-kaas.com\/wp-content\/uploads\/2022\/03\/overlay.svg","contentUrl":"https:\/\/aurora-kaas.com\/wp-content\/uploads\/2022\/03\/overlay.svg"},{"@type":"BreadcrumbList","@id":"https:\/\/aurora-kaas.com\/de\/aurora\/zertifizierungen\/eu-bio\/#breadcrumb","itemListElement":[{"@type":"ListItem","position":1,"name":"Startseite","item":"https:\/\/aurora-kaas.com\/de\/"},{"@type":"ListItem","position":2,"name":"Aurora","item":"https:\/\/aurora-kaas.com\/de\/aurora\/"},{"@type":"ListItem","position":3,"name":"Zertifizierungen","item":"https:\/\/aurora-kaas.com\/de\/aurora\/zertifizierungen\/"},{"@type":"ListItem","position":4,"name":"EU Bio"}]},{"@type":"WebSite","@id":"https:\/\/aurora-kaas.com\/de\/#website","url":"https:\/\/aurora-kaas.com\/de\/","name":"Aurora Kaas","description":"Biok\u00e4se vom Niederrhein","publisher":{"@id":"https:\/\/aurora-kaas.com\/de\/#organization"},"potentialAction":[{"@type":"SearchAction","target":{"@type":"EntryPoint","urlTemplate":"https:\/\/aurora-kaas.com\/de\/?s={search_term_string}"},"query-input":{"@type":"PropertyValueSpecification","valueRequired":true,"valueName":"search_term_string"}}],"inLanguage":"de"},{"@type":"Organization","@id":"https:\/\/aurora-kaas.com\/de\/#organization","name":"Aurora Kaas GmbH","url":"https:\/\/aurora-kaas.com\/de\/","logo":{"@type":"ImageObject","inLanguage":"de","@id":"https:\/\/aurora-kaas.com\/de\/#\/schema\/logo\/image\/","url":"https:\/\/aurora-kaas.com\/wp-content\/uploads\/2022\/03\/logo.svg","contentUrl":"https:\/\/aurora-kaas.com\/wp-content\/uploads\/2022\/03\/logo.svg","width":155,"height":82,"caption":"Aurora Kaas GmbH"},"image":{"@id":"https:\/\/aurora-kaas.com\/de\/#\/schema\/logo\/image\/"},"sameAs":["https:\/\/www.facebook.com\/auroracheese","https:\/\/www.instagram.com\/aurora_kaas\/"]}]}},"taxonomy_info":[],"featured_image_src_large":false,"author_info":{"display_name":"HPU Internet Services","author_link":"https:\/\/aurora-kaas.com\/de\/author\/admin_55mrb345\/"},"comment_info":0,"_links":{"self":[{"href":"https:\/\/aurora-kaas.com\/de\/wp-json\/wp\/v2\/pages\/1666","targetHints":{"allow":["GET"]}}],"collection":[{"href":"https:\/\/aurora-kaas.com\/de\/wp-json\/wp\/v2\/pages"}],"about":[{"href":"https:\/\/aurora-kaas.com\/de\/wp-json\/wp\/v2\/types\/page"}],"author":[{"embeddable":true,"href":"https:\/\/aurora-kaas.com\/de\/wp-json\/wp\/v2\/users\/1"}],"replies":[{"embeddable":true,"href":"https:\/\/aurora-kaas.com\/de\/wp-json\/wp\/v2\/comments?post=1666"}],"version-history":[{"count":17,"href":"https:\/\/aurora-kaas.com\/de\/wp-json\/wp\/v2\/pages\/1666\/revisions"}],"predecessor-version":[{"id":9108,"href":"https:\/\/aurora-kaas.com\/de\/wp-json\/wp\/v2\/pages\/1666\/revisions\/9108"}],"up":[{"embeddable":true,"href":"https:\/\/aurora-kaas.com\/de\/wp-json\/wp\/v2\/pages\/1654"}],"wp:attachment":[{"href":"https:\/\/aurora-kaas.com\/de\/wp-json\/wp\/v2\/media?parent=1666"}],"curies":[{"name":"wp","href":"https:\/\/api.w.org\/{rel}","templated":true}]}}