{"id":1697,"date":"2022-03-16T14:48:54","date_gmt":"2022-03-16T14:48:54","guid":{"rendered":"https:\/\/aurora-kaas.com\/aurora\/certificering\/demeter\/"},"modified":"2026-04-01T12:09:52","modified_gmt":"2026-04-01T12:09:52","slug":"demeter","status":"publish","type":"page","link":"https:\/\/aurora-kaas.com\/de\/aurora\/zertifizierungen\/demeter\/","title":{"rendered":"Demeter"},"content":{"rendered":"<style>.kb-advanced-slider-1697_7b0126-08 .kb-slider-size-fixed .kb-advanced-slide-inner-wrap{min-height:700px;}.kb-advanced-slider-1697_7b0126-08 .kb-slider-pause-button{color:#fff;background-color:transparent;border:2px solid #fff;}@media all and (max-width: 1024px){.kb-advanced-slider-1697_7b0126-08 .kb-slider-size-fixed .kb-advanced-slide-inner-wrap{min-height:400px;}}@media all and (max-width: 767px){.kb-advanced-slider-1697_7b0126-08 .kb-slider-size-fixed .kb-advanced-slide-inner-wrap{min-height:350px;}}<\/style><div class=\"kb-advanced-slider kb-advanced-slider-1697_7b0126-08 wp-block-kadence-slider\"><div class=\"kb-advanced-slider-inner-contain kb-adv-slider-html-version-2\"><div class=\"kb-blocks-advanced-carousel kt-blocks-carousel kt-carousel-container-dotstyle-dark\"><div class=\"kb-blocks-advanced-slider-init kb-slider-loading kb-blocks-slider kt-carousel-arrowstyle-outlinewhite kt-carousel-dotstyle-dark kb-slider-size-fixed kb-slider-type-slider kb-slider-ratio-12-5 kb-slider-group-arrow kb-slider-arrow-position-center kb-slider-tab-ratio-inherit kb-slider-mobile-ratio-inherit splide kb-splide  kb-slider-version-3\" aria-label=\"Slider content\" data-slider-center-mode=\"true\" data-slider-type=\"slider\" data-loop-type=\"loop\" data-columns-xxl=\"3\" data-columns-xl=\"3\" data-columns-md=\"3\" data-columns-sm=\"2\" data-columns-xs=\"1\" data-columns-ss=\"1\" data-slider-anim-speed=\"400\" data-slider-scroll=\"1\" data-slider-fade=\"true\" data-slider-arrows=\"true\" data-slider-dots=\"true\" data-slider-hover-pause=\"false\" data-slider-auto=\"false\"  data-dragging=\"true\" data-slider-speed=\"7000\" data-slider-gap=\"30\" data-slider-gap-tablet=\"30\" data-slider-gap-mobile=\"30\" data-slider-gap-unit=\"px\"><div class=\"splide__track\"><ul class=\"splide__list\">\n\n<li class=\"wp-block-kadence-slide kb-advanced-slide-item kb-slide-1697_94927d-9e\"><div class=\"kb-advanced-slide\"><div class=\"kb-advanced-slide-inner-wrap\"><div class=\"kb-advanced-slide-inner\"><\/div><\/div><\/div><\/li>\n\n<\/ul><\/div><\/div><\/div><\/div><\/div>\n\n<style>.kb-row-layout-id1697_0ae0ea-03 > .kt-row-column-wrap{align-content:start;}:where(.kb-row-layout-id1697_0ae0ea-03 > .kt-row-column-wrap) > .wp-block-kadence-column{justify-content:start;}.kb-row-layout-id1697_0ae0ea-03 > .kt-row-column-wrap{column-gap:var(--global-kb-gap-md, 2rem);row-gap:var(--global-kb-gap-md, 2rem);max-width:var( --global-content-width, 1290px );padding-left:var(--global-content-edge-padding);padding-right:var(--global-content-edge-padding);padding-top:var(--global-kb-spacing-sm, 1.5rem);padding-bottom:var(--global-kb-spacing-sm, 1.5rem);grid-template-columns:minmax(0, 1fr);}.kb-row-layout-id1697_0ae0ea-03 > .kt-row-layout-overlay{opacity:0.30;}@media all and (max-width: 1024px){.kb-row-layout-id1697_0ae0ea-03 > .kt-row-column-wrap{grid-template-columns:minmax(0, 1fr);}}@media all and (max-width: 767px){.kb-row-layout-id1697_0ae0ea-03 > .kt-row-column-wrap{grid-template-columns:minmax(0, 1fr);}}<\/style><div class=\"kb-row-layout-wrap kb-row-layout-id1697_0ae0ea-03 alignnone wp-block-kadence-rowlayout\"><div class=\"kt-row-column-wrap kt-has-1-columns kt-row-layout-equal kt-tab-layout-inherit kt-mobile-layout-row kt-row-valign-top kb-theme-content-width\">\n<style>.kadence-column1697_a4e884-03 > .kt-inside-inner-col,.kadence-column1697_a4e884-03 > .kt-inside-inner-col:before{border-top-left-radius:0px;border-top-right-radius:0px;border-bottom-right-radius:0px;border-bottom-left-radius:0px;}.kadence-column1697_a4e884-03 > .kt-inside-inner-col{column-gap:var(--global-kb-gap-sm, 1rem);}.kadence-column1697_a4e884-03 > .kt-inside-inner-col{flex-direction:column;}.kadence-column1697_a4e884-03 > .kt-inside-inner-col > .aligncenter{width:100%;}.kadence-column1697_a4e884-03 > .kt-inside-inner-col:before{opacity:0.3;}.kadence-column1697_a4e884-03{position:relative;}@media all and (max-width: 1024px){.kadence-column1697_a4e884-03 > .kt-inside-inner-col{flex-direction:column;justify-content:center;}}@media all and (max-width: 767px){.kadence-column1697_a4e884-03 > .kt-inside-inner-col{flex-direction:column;justify-content:center;}}<\/style>\n<div class=\"wp-block-kadence-column kadence-column1697_a4e884-03 inner-column-1\"><div class=\"kt-inside-inner-col\"><style>.wp-block-kadence-advancedheading.kt-adv-heading1697_20fcec-32, .wp-block-kadence-advancedheading.kt-adv-heading1697_20fcec-32[data-kb-block=\"kb-adv-heading1697_20fcec-32\"]{font-style:normal;}.wp-block-kadence-advancedheading.kt-adv-heading1697_20fcec-32 mark.kt-highlight, .wp-block-kadence-advancedheading.kt-adv-heading1697_20fcec-32[data-kb-block=\"kb-adv-heading1697_20fcec-32\"] mark.kt-highlight{font-style:normal;color:#f76a0c;-webkit-box-decoration-break:clone;box-decoration-break:clone;padding-top:0px;padding-right:0px;padding-bottom:0px;padding-left:0px;}.wp-block-kadence-advancedheading.kt-adv-heading1697_20fcec-32 img.kb-inline-image, .wp-block-kadence-advancedheading.kt-adv-heading1697_20fcec-32[data-kb-block=\"kb-adv-heading1697_20fcec-32\"] img.kb-inline-image{width:150px;vertical-align:baseline;}<\/style>\n<h1 class=\"kt-adv-heading1697_20fcec-32 wp-block-kadence-advancedheading\" data-kb-block=\"kb-adv-heading1697_20fcec-32\">Demeter-Zertifizierung<\/h1>\n\n\n<style>.kb-row-layout-id1697_634a42-03 > .kt-row-column-wrap{align-content:start;}:where(.kb-row-layout-id1697_634a42-03 > .kt-row-column-wrap) > .wp-block-kadence-column{justify-content:start;}.kb-row-layout-id1697_634a42-03 > .kt-row-column-wrap{column-gap:var(--global-kb-gap-md, 2rem);row-gap:var(--global-kb-gap-md, 2rem);padding-top:0px;padding-bottom:25px;grid-template-columns:minmax(0, calc(70% - ((var(--global-kb-gap-md, 2rem) * 1 )\/2)))minmax(0, calc(30% - ((var(--global-kb-gap-md, 2rem) * 1 )\/2)));}.kb-row-layout-id1697_634a42-03 > .kt-row-layout-overlay{opacity:0.30;}@media all and (max-width: 1024px){.kb-row-layout-id1697_634a42-03 > .kt-row-column-wrap{grid-template-columns:minmax(0, 2fr) minmax(0, 1fr);}}@media all and (max-width: 767px){.kb-row-layout-id1697_634a42-03 > .kt-row-column-wrap{grid-template-columns:minmax(0, 1fr);}}<\/style><div class=\"kb-row-layout-wrap kb-row-layout-id1697_634a42-03 alignnone wp-block-kadence-rowlayout\"><div class=\"kt-row-column-wrap kt-has-2-columns kt-row-layout-left-golden kt-tab-layout-inherit kt-mobile-layout-row kt-row-valign-top\">\n<style>.kadence-column1697_c57e4e-bc > .kt-inside-inner-col,.kadence-column1697_c57e4e-bc > .kt-inside-inner-col:before{border-top-left-radius:0px;border-top-right-radius:0px;border-bottom-right-radius:0px;border-bottom-left-radius:0px;}.kadence-column1697_c57e4e-bc > .kt-inside-inner-col{column-gap:var(--global-kb-gap-sm, 1rem);}.kadence-column1697_c57e4e-bc > .kt-inside-inner-col{flex-direction:column;}.kadence-column1697_c57e4e-bc > .kt-inside-inner-col > .aligncenter{width:100%;}.kadence-column1697_c57e4e-bc > .kt-inside-inner-col:before{opacity:0.3;}.kadence-column1697_c57e4e-bc{position:relative;}@media all and (max-width: 1024px){.kadence-column1697_c57e4e-bc > .kt-inside-inner-col{flex-direction:column;justify-content:center;}}@media all and (max-width: 767px){.kadence-column1697_c57e4e-bc > .kt-inside-inner-col{flex-direction:column;justify-content:center;}}<\/style>\n<div class=\"wp-block-kadence-column kadence-column1697_c57e4e-bc inner-column-1\"><div class=\"kt-inside-inner-col\">\n<p><strong>Demeter-zertifizierte Milch<\/strong><\/p>\n\n\n\n<p>Bei der <strong>Demeter-Zertifizierung<\/strong> steht nicht nur \u00f6kologische Nachhaltigkeit und Tierwohl im Mittelpunkt, sondern auch die ganzheitliche Harmonie zwischen Landwirtschaft, Natur und Kosmos.<\/p>\n\n\n\n<p>In der biodynamischen Landwirtschaft leben die K\u00fche in einem nat\u00fcrlichen Umfeld, das ihnen Freiheit, Bewegung und artgerechte Haltung erm\u00f6glicht. Sie grasen auf biologisch-dynamisch bewirtschafteten Weiden und erhalten ausschlie\u00dflich biologisch angebautes Futter \u2013 ganz ohne Gentechnik.<\/p>\n\n\n\n<p>Der Genuss von Demeter-Milchprodukten unterst\u00fctzt den Schutz der Umwelt, das Tierwohl und die F\u00f6rderung eines ganzheitlich nachhaltigen Landwirtschaftsansatzes. Mit dem bewussten Kauf tragen Verbraucherinnen und Verbraucher zu einer positiven Entwicklung in der Landwirtschaft bei \u2013 und genie\u00dfen gleichzeitig hochwertige, geschmackvolle Milchprodukte.<\/p>\n\n\n\n<p>Weitere Information finden Sie auf der Website von&nbsp;<a rel=\"noreferrer noopener\" href=\"https:\/\/www.demeter.de\/\" target=\"_blank\">Demeter<\/a>.<\/p>\n<\/div><\/div>\n\n\n<style>.kadence-column1697_8df824-c4 > .kt-inside-inner-col,.kadence-column1697_8df824-c4 > .kt-inside-inner-col:before{border-top-left-radius:0px;border-top-right-radius:0px;border-bottom-right-radius:0px;border-bottom-left-radius:0px;}.kadence-column1697_8df824-c4 > .kt-inside-inner-col{column-gap:var(--global-kb-gap-sm, 1rem);}.kadence-column1697_8df824-c4 > .kt-inside-inner-col{flex-direction:column;}.kadence-column1697_8df824-c4 > .kt-inside-inner-col > .aligncenter{width:100%;}.kadence-column1697_8df824-c4 > .kt-inside-inner-col:before{opacity:0.3;}.kadence-column1697_8df824-c4{position:relative;}@media all and (max-width: 1024px){.kadence-column1697_8df824-c4 > .kt-inside-inner-col{flex-direction:column;justify-content:center;}}@media all and (max-width: 767px){.kadence-column1697_8df824-c4 > .kt-inside-inner-col{flex-direction:column;justify-content:center;}}<\/style>\n<div class=\"wp-block-kadence-column kadence-column1697_8df824-c4 inner-column-2\"><div class=\"kt-inside-inner-col\">\n<figure class=\"wp-block-image size-full image-full-width\"><img loading=\"lazy\" decoding=\"async\" width=\"300\" height=\"158\" src=\"https:\/\/aurora-kaas.com\/wp-content\/uploads\/2022\/03\/demeter.jpeg\" alt=\"\" class=\"wp-image-499\"\/><\/figure>\n<\/div><\/div>\n\n<\/div><\/div><\/div><\/div>\n\n<\/div><\/div>","protected":false},"excerpt":{"rendered":"<p>Demeter-Zertifizierung Demeter-zertifizierte Milch Bei der Demeter-Zertifizierung steht nicht nur \u00f6kologische Nachhaltigkeit und Tierwohl im Mittelpunkt, sondern auch die ganzheitliche Harmonie zwischen Landwirtschaft, Natur und Kosmos. In der biodynamischen Landwirtschaft leben die K\u00fche in einem nat\u00fcrlichen Umfeld, das ihnen Freiheit, Bewegung und artgerechte Haltung erm\u00f6glicht. Sie grasen auf biologisch-dynamisch bewirtschafteten Weiden und erhalten ausschlie\u00dflich biologisch angebautes&#8230;<\/p>\n","protected":false},"author":1,"featured_media":0,"parent":1654,"menu_order":0,"comment_status":"closed","ping_status":"closed","template":"","meta":{"inline_featured_image":false,"_kad_blocks_custom_css":"","_kad_blocks_head_custom_js":"","_kad_blocks_body_custom_js":"","_kad_blocks_footer_custom_js":"","_kadence_starter_templates_imported_post":false,"_kad_post_transparent":"","_kad_post_title":"","_kad_post_layout":"","_kad_post_sidebar_id":"","_kad_post_content_style":"","_kad_post_vertical_padding":"","_kad_post_feature":"","_kad_post_feature_position":"","_kad_post_header":false,"_kad_post_footer":false,"_kad_post_classname":"","footnotes":""},"class_list":["post-1697","page","type-page","status-publish","hentry"],"yoast_head":"<!-- This site is optimized with the Yoast SEO plugin v27.4 - https:\/\/yoast.com\/product\/yoast-seo-wordpress\/ -->\n<title>Demeter - Aurora kaas<\/title>\n<meta name=\"robots\" content=\"index, follow, max-snippet:-1, max-image-preview:large, max-video-preview:-1\" \/>\n<link rel=\"canonical\" href=\"https:\/\/aurora-kaas.com\/de\/aurora\/zertifizierungen\/demeter\/\" \/>\n<meta property=\"og:locale\" content=\"de_DE\" \/>\n<meta property=\"og:type\" content=\"article\" \/>\n<meta property=\"og:title\" content=\"Demeter - Aurora kaas\" \/>\n<meta property=\"og:description\" content=\"Demeter-Zertifizierung Demeter-zertifizierte Milch Bei der Demeter-Zertifizierung steht nicht nur \u00f6kologische Nachhaltigkeit und Tierwohl im Mittelpunkt, sondern auch die ganzheitliche Harmonie zwischen Landwirtschaft, Natur und Kosmos. In der biodynamischen Landwirtschaft leben die K\u00fche in einem nat\u00fcrlichen Umfeld, das ihnen Freiheit, Bewegung und artgerechte Haltung erm\u00f6glicht. Sie grasen auf biologisch-dynamisch bewirtschafteten Weiden und erhalten ausschlie\u00dflich biologisch angebautes...\" \/>\n<meta property=\"og:url\" content=\"https:\/\/aurora-kaas.com\/de\/aurora\/zertifizierungen\/demeter\/\" \/>\n<meta property=\"og:site_name\" content=\"Aurora kaas\" \/>\n<meta property=\"article:publisher\" content=\"https:\/\/www.facebook.com\/auroracheese\" \/>\n<meta property=\"article:modified_time\" content=\"2026-04-01T12:09:52+00:00\" \/>\n<meta property=\"og:image\" content=\"https:\/\/aurora-kaas.com\/wp-content\/uploads\/2022\/03\/demeter.jpeg\" \/>\n\t<meta property=\"og:image:width\" content=\"300\" \/>\n\t<meta property=\"og:image:height\" content=\"158\" \/>\n\t<meta property=\"og:image:type\" content=\"image\/jpeg\" \/>\n<meta name=\"twitter:card\" content=\"summary_large_image\" \/>\n<meta name=\"twitter:label1\" content=\"Gesch\u00e4tzte Lesezeit\" \/>\n\t<meta name=\"twitter:data1\" content=\"1\u00a0Minute\" \/>\n<script type=\"application\/ld+json\" class=\"yoast-schema-graph\">{\"@context\":\"https:\\\/\\\/schema.org\",\"@graph\":[{\"@type\":\"WebPage\",\"@id\":\"https:\\\/\\\/aurora-kaas.com\\\/de\\\/aurora\\\/zertifizierungen\\\/demeter\\\/\",\"url\":\"https:\\\/\\\/aurora-kaas.com\\\/de\\\/aurora\\\/zertifizierungen\\\/demeter\\\/\",\"name\":\"Demeter - Aurora kaas\",\"isPartOf\":{\"@id\":\"https:\\\/\\\/aurora-kaas.com\\\/de\\\/#website\"},\"primaryImageOfPage\":{\"@id\":\"https:\\\/\\\/aurora-kaas.com\\\/de\\\/aurora\\\/zertifizierungen\\\/demeter\\\/#primaryimage\"},\"image\":{\"@id\":\"https:\\\/\\\/aurora-kaas.com\\\/de\\\/aurora\\\/zertifizierungen\\\/demeter\\\/#primaryimage\"},\"thumbnailUrl\":\"https:\\\/\\\/aurora-kaas.com\\\/wp-content\\\/uploads\\\/2022\\\/03\\\/demeter.jpeg\",\"datePublished\":\"2022-03-16T14:48:54+00:00\",\"dateModified\":\"2026-04-01T12:09:52+00:00\",\"breadcrumb\":{\"@id\":\"https:\\\/\\\/aurora-kaas.com\\\/de\\\/aurora\\\/zertifizierungen\\\/demeter\\\/#breadcrumb\"},\"inLanguage\":\"de\",\"potentialAction\":[{\"@type\":\"ReadAction\",\"target\":[\"https:\\\/\\\/aurora-kaas.com\\\/de\\\/aurora\\\/zertifizierungen\\\/demeter\\\/\"]}]},{\"@type\":\"ImageObject\",\"inLanguage\":\"de\",\"@id\":\"https:\\\/\\\/aurora-kaas.com\\\/de\\\/aurora\\\/zertifizierungen\\\/demeter\\\/#primaryimage\",\"url\":\"https:\\\/\\\/aurora-kaas.com\\\/wp-content\\\/uploads\\\/2022\\\/03\\\/demeter.jpeg\",\"contentUrl\":\"https:\\\/\\\/aurora-kaas.com\\\/wp-content\\\/uploads\\\/2022\\\/03\\\/demeter.jpeg\"},{\"@type\":\"BreadcrumbList\",\"@id\":\"https:\\\/\\\/aurora-kaas.com\\\/de\\\/aurora\\\/zertifizierungen\\\/demeter\\\/#breadcrumb\",\"itemListElement\":[{\"@type\":\"ListItem\",\"position\":1,\"name\":\"Startseite\",\"item\":\"https:\\\/\\\/aurora-kaas.com\\\/de\\\/\"},{\"@type\":\"ListItem\",\"position\":2,\"name\":\"Aurora\",\"item\":\"https:\\\/\\\/aurora-kaas.com\\\/de\\\/aurora\\\/\"},{\"@type\":\"ListItem\",\"position\":3,\"name\":\"Zertifizierungen\",\"item\":\"https:\\\/\\\/aurora-kaas.com\\\/de\\\/aurora\\\/zertifizierungen\\\/\"},{\"@type\":\"ListItem\",\"position\":4,\"name\":\"Demeter\"}]},{\"@type\":\"WebSite\",\"@id\":\"https:\\\/\\\/aurora-kaas.com\\\/de\\\/#website\",\"url\":\"https:\\\/\\\/aurora-kaas.com\\\/de\\\/\",\"name\":\"Aurora Kaas\",\"description\":\"Biok\u00e4se vom Niederrhein\",\"publisher\":{\"@id\":\"https:\\\/\\\/aurora-kaas.com\\\/de\\\/#organization\"},\"potentialAction\":[{\"@type\":\"SearchAction\",\"target\":{\"@type\":\"EntryPoint\",\"urlTemplate\":\"https:\\\/\\\/aurora-kaas.com\\\/de\\\/?s={search_term_string}\"},\"query-input\":{\"@type\":\"PropertyValueSpecification\",\"valueRequired\":true,\"valueName\":\"search_term_string\"}}],\"inLanguage\":\"de\"},{\"@type\":\"Organization\",\"@id\":\"https:\\\/\\\/aurora-kaas.com\\\/de\\\/#organization\",\"name\":\"Aurora Kaas GmbH\",\"url\":\"https:\\\/\\\/aurora-kaas.com\\\/de\\\/\",\"logo\":{\"@type\":\"ImageObject\",\"inLanguage\":\"de\",\"@id\":\"https:\\\/\\\/aurora-kaas.com\\\/de\\\/#\\\/schema\\\/logo\\\/image\\\/\",\"url\":\"https:\\\/\\\/aurora-kaas.com\\\/wp-content\\\/uploads\\\/2022\\\/03\\\/logo.svg\",\"contentUrl\":\"https:\\\/\\\/aurora-kaas.com\\\/wp-content\\\/uploads\\\/2022\\\/03\\\/logo.svg\",\"width\":155,\"height\":82,\"caption\":\"Aurora Kaas GmbH\"},\"image\":{\"@id\":\"https:\\\/\\\/aurora-kaas.com\\\/de\\\/#\\\/schema\\\/logo\\\/image\\\/\"},\"sameAs\":[\"https:\\\/\\\/www.facebook.com\\\/auroracheese\",\"https:\\\/\\\/www.instagram.com\\\/aurora_kaas\\\/\"]}]}<\/script>\n<!-- \/ Yoast SEO plugin. -->","yoast_head_json":{"title":"Demeter - Aurora kaas","robots":{"index":"index","follow":"follow","max-snippet":"max-snippet:-1","max-image-preview":"max-image-preview:large","max-video-preview":"max-video-preview:-1"},"canonical":"https:\/\/aurora-kaas.com\/de\/aurora\/zertifizierungen\/demeter\/","og_locale":"de_DE","og_type":"article","og_title":"Demeter - Aurora kaas","og_description":"Demeter-Zertifizierung Demeter-zertifizierte Milch Bei der Demeter-Zertifizierung steht nicht nur \u00f6kologische Nachhaltigkeit und Tierwohl im Mittelpunkt, sondern auch die ganzheitliche Harmonie zwischen Landwirtschaft, Natur und Kosmos. In der biodynamischen Landwirtschaft leben die K\u00fche in einem nat\u00fcrlichen Umfeld, das ihnen Freiheit, Bewegung und artgerechte Haltung erm\u00f6glicht. Sie grasen auf biologisch-dynamisch bewirtschafteten Weiden und erhalten ausschlie\u00dflich biologisch angebautes...","og_url":"https:\/\/aurora-kaas.com\/de\/aurora\/zertifizierungen\/demeter\/","og_site_name":"Aurora kaas","article_publisher":"https:\/\/www.facebook.com\/auroracheese","article_modified_time":"2026-04-01T12:09:52+00:00","og_image":[{"width":300,"height":158,"url":"https:\/\/aurora-kaas.com\/wp-content\/uploads\/2022\/03\/demeter.jpeg","type":"image\/jpeg"}],"twitter_card":"summary_large_image","twitter_misc":{"Gesch\u00e4tzte Lesezeit":"1\u00a0Minute"},"schema":{"@context":"https:\/\/schema.org","@graph":[{"@type":"WebPage","@id":"https:\/\/aurora-kaas.com\/de\/aurora\/zertifizierungen\/demeter\/","url":"https:\/\/aurora-kaas.com\/de\/aurora\/zertifizierungen\/demeter\/","name":"Demeter - Aurora kaas","isPartOf":{"@id":"https:\/\/aurora-kaas.com\/de\/#website"},"primaryImageOfPage":{"@id":"https:\/\/aurora-kaas.com\/de\/aurora\/zertifizierungen\/demeter\/#primaryimage"},"image":{"@id":"https:\/\/aurora-kaas.com\/de\/aurora\/zertifizierungen\/demeter\/#primaryimage"},"thumbnailUrl":"https:\/\/aurora-kaas.com\/wp-content\/uploads\/2022\/03\/demeter.jpeg","datePublished":"2022-03-16T14:48:54+00:00","dateModified":"2026-04-01T12:09:52+00:00","breadcrumb":{"@id":"https:\/\/aurora-kaas.com\/de\/aurora\/zertifizierungen\/demeter\/#breadcrumb"},"inLanguage":"de","potentialAction":[{"@type":"ReadAction","target":["https:\/\/aurora-kaas.com\/de\/aurora\/zertifizierungen\/demeter\/"]}]},{"@type":"ImageObject","inLanguage":"de","@id":"https:\/\/aurora-kaas.com\/de\/aurora\/zertifizierungen\/demeter\/#primaryimage","url":"https:\/\/aurora-kaas.com\/wp-content\/uploads\/2022\/03\/demeter.jpeg","contentUrl":"https:\/\/aurora-kaas.com\/wp-content\/uploads\/2022\/03\/demeter.jpeg"},{"@type":"BreadcrumbList","@id":"https:\/\/aurora-kaas.com\/de\/aurora\/zertifizierungen\/demeter\/#breadcrumb","itemListElement":[{"@type":"ListItem","position":1,"name":"Startseite","item":"https:\/\/aurora-kaas.com\/de\/"},{"@type":"ListItem","position":2,"name":"Aurora","item":"https:\/\/aurora-kaas.com\/de\/aurora\/"},{"@type":"ListItem","position":3,"name":"Zertifizierungen","item":"https:\/\/aurora-kaas.com\/de\/aurora\/zertifizierungen\/"},{"@type":"ListItem","position":4,"name":"Demeter"}]},{"@type":"WebSite","@id":"https:\/\/aurora-kaas.com\/de\/#website","url":"https:\/\/aurora-kaas.com\/de\/","name":"Aurora Kaas","description":"Biok\u00e4se vom Niederrhein","publisher":{"@id":"https:\/\/aurora-kaas.com\/de\/#organization"},"potentialAction":[{"@type":"SearchAction","target":{"@type":"EntryPoint","urlTemplate":"https:\/\/aurora-kaas.com\/de\/?s={search_term_string}"},"query-input":{"@type":"PropertyValueSpecification","valueRequired":true,"valueName":"search_term_string"}}],"inLanguage":"de"},{"@type":"Organization","@id":"https:\/\/aurora-kaas.com\/de\/#organization","name":"Aurora Kaas GmbH","url":"https:\/\/aurora-kaas.com\/de\/","logo":{"@type":"ImageObject","inLanguage":"de","@id":"https:\/\/aurora-kaas.com\/de\/#\/schema\/logo\/image\/","url":"https:\/\/aurora-kaas.com\/wp-content\/uploads\/2022\/03\/logo.svg","contentUrl":"https:\/\/aurora-kaas.com\/wp-content\/uploads\/2022\/03\/logo.svg","width":155,"height":82,"caption":"Aurora Kaas GmbH"},"image":{"@id":"https:\/\/aurora-kaas.com\/de\/#\/schema\/logo\/image\/"},"sameAs":["https:\/\/www.facebook.com\/auroracheese","https:\/\/www.instagram.com\/aurora_kaas\/"]}]}},"taxonomy_info":[],"featured_image_src_large":false,"author_info":{"display_name":"HPU Internet Services","author_link":"https:\/\/aurora-kaas.com\/de\/author\/admin_55mrb345\/"},"comment_info":0,"_links":{"self":[{"href":"https:\/\/aurora-kaas.com\/de\/wp-json\/wp\/v2\/pages\/1697","targetHints":{"allow":["GET"]}}],"collection":[{"href":"https:\/\/aurora-kaas.com\/de\/wp-json\/wp\/v2\/pages"}],"about":[{"href":"https:\/\/aurora-kaas.com\/de\/wp-json\/wp\/v2\/types\/page"}],"author":[{"embeddable":true,"href":"https:\/\/aurora-kaas.com\/de\/wp-json\/wp\/v2\/users\/1"}],"replies":[{"embeddable":true,"href":"https:\/\/aurora-kaas.com\/de\/wp-json\/wp\/v2\/comments?post=1697"}],"version-history":[{"count":15,"href":"https:\/\/aurora-kaas.com\/de\/wp-json\/wp\/v2\/pages\/1697\/revisions"}],"predecessor-version":[{"id":9110,"href":"https:\/\/aurora-kaas.com\/de\/wp-json\/wp\/v2\/pages\/1697\/revisions\/9110"}],"up":[{"embeddable":true,"href":"https:\/\/aurora-kaas.com\/de\/wp-json\/wp\/v2\/pages\/1654"}],"wp:attachment":[{"href":"https:\/\/aurora-kaas.com\/de\/wp-json\/wp\/v2\/media?parent=1697"}],"curies":[{"name":"wp","href":"https:\/\/api.w.org\/{rel}","templated":true}]}}