{"id":1742,"date":"2022-04-07T12:47:18","date_gmt":"2022-04-07T12:47:18","guid":{"rendered":"https:\/\/aurora-kaas.com\/?page_id=1742"},"modified":"2025-09-01T09:26:52","modified_gmt":"2025-09-01T09:26:52","slug":"fairbio","status":"publish","type":"page","link":"https:\/\/aurora-kaas.com\/de\/aurora\/zertifizierungen\/fairbio\/","title":{"rendered":"FairBio"},"content":{"rendered":"<style>.kb-advanced-slider-1742_5fe795-9e .kb-slider-size-fixed .kb-advanced-slide-inner-wrap{min-height:700px;}.kb-advanced-slider-1742_5fe795-9e .kb-slider-pause-button{color:#fff;background-color:transparent;border:2px solid #fff;}@media all and (max-width: 1024px){.kb-advanced-slider-1742_5fe795-9e .kb-slider-size-fixed .kb-advanced-slide-inner-wrap{min-height:400px;}}@media all and (max-width: 767px){.kb-advanced-slider-1742_5fe795-9e .kb-slider-size-fixed .kb-advanced-slide-inner-wrap{min-height:350px;}}<\/style>\n<div class=\"wp-block-kadence-slider kb-advanced-slider kb-advanced-slider-1742_5fe795-9e\"><div class=\"kb-advanced-slider-inner-contain\"><div class=\"kb-blocks-advanced-carousel kt-blocks-carousel kt-carousel-container-dotstyle-dark\"><div class=\"kb-blocks-advanced-slider-init kb-slider-loading kb-blocks-slider kt-carousel-arrowstyle-outlinewhite kt-carousel-dotstyle-dark kb-slider-size-fixed kb-slider-ratio-12-5 kb-slider-tab-ratio-inherit kb-slider-mobile-ratio-inherit\" data-slider-anim-speed=\"400\" data-slider-type=\"slider\" data-slider-scroll=\"1\" data-slider-fade=\"true\" data-slider-arrows=\"true\" data-slider-dots=\"true\" data-slider-hover-pause=\"false\" data-slider-auto=\"false\" data-slider-speed=\"7000\">\n<li class=\"wp-block-kadence-slide kb-advanced-slide-item kb-slide-1742_e8596a-e3\"><div class=\"kb-advanced-slide\"><div class=\"kb-advanced-slide-inner-wrap\"><div class=\"kb-advanced-slide-inner\"><\/div><\/div><\/div><\/li>\n<\/div><\/div><\/div><\/div>\n\n\n\n\n<style>.kb-row-layout-id_3301d4-7b > .kt-row-column-wrap{align-content:start;}:where(.kb-row-layout-id_3301d4-7b > .kt-row-column-wrap) > .wp-block-kadence-column{justify-content:start;}.kb-row-layout-id_3301d4-7b > .kt-row-column-wrap{column-gap:var(--global-kb-gap-md, 2rem);row-gap:var(--global-kb-gap-md, 2rem);padding-top:var(--global-kb-spacing-sm, 1.5rem);padding-bottom:var(--global-kb-spacing-sm, 1.5rem);grid-template-columns:minmax(0, 1fr);}.kb-row-layout-id_3301d4-7b > .kt-row-layout-overlay{opacity:0.30;}@media all and (max-width: 1024px){.kb-row-layout-id_3301d4-7b > .kt-row-column-wrap{grid-template-columns:minmax(0, 1fr);}}@media all and (max-width: 767px){.kb-row-layout-id_3301d4-7b > .kt-row-column-wrap{grid-template-columns:minmax(0, 1fr);}}<\/style><div class=\"kb-row-layout-wrap kb-row-layout-id_3301d4-7b alignnone header-text-overlay wp-block-kadence-rowlayout\"><div class=\"kt-row-column-wrap kt-has-1-columns kt-row-layout-equal kt-tab-layout-inherit kt-mobile-layout-row kt-row-valign-top\">\n<style>.kadence-column_979397-6a > .kt-inside-inner-col,.kadence-column_979397-6a > .kt-inside-inner-col:before{border-top-left-radius:0px;border-top-right-radius:0px;border-bottom-right-radius:0px;border-bottom-left-radius:0px;}.kadence-column_979397-6a > .kt-inside-inner-col{column-gap:var(--global-kb-gap-sm, 1rem);}.kadence-column_979397-6a > .kt-inside-inner-col{flex-direction:column;}.kadence-column_979397-6a > .kt-inside-inner-col > .aligncenter{width:100%;}.kadence-column_979397-6a > .kt-inside-inner-col:before{opacity:0.3;}.kadence-column_979397-6a{position:relative;}@media all and (max-width: 1024px){.kadence-column_979397-6a > .kt-inside-inner-col{flex-direction:column;justify-content:center;}}@media all and (max-width: 767px){.kadence-column_979397-6a > .kt-inside-inner-col{flex-direction:column;justify-content:center;}}<\/style>\n<div class=\"wp-block-kadence-column kadence-column_979397-6a inner-column-1\"><div class=\"kt-inside-inner-col\"><\/div><\/div>\n\n<\/div><\/div>\n\n<style>#kt-layout-id1742_8b08d0-2c > .kt-row-column-wrap{align-content:start;}:where(#kt-layout-id1742_8b08d0-2c > .kt-row-column-wrap) > .wp-block-kadence-column{justify-content:start;}#kt-layout-id1742_8b08d0-2c > .kt-row-column-wrap{column-gap:var(--global-kb-gap-md, 2rem);row-gap:var(--global-kb-gap-md, 2rem);max-width:var( --global-content-width, 1290px );padding-left:var(--global-content-edge-padding);padding-right:var(--global-content-edge-padding);padding-top:var( --global-kb-row-default-top, 25px );padding-bottom:var( --global-kb-row-default-bottom, 25px );padding-top:var(--global-kb-spacing-sm, 1.5rem);padding-bottom:var(--global-kb-spacing-sm, 1.5rem);grid-template-columns:minmax(0, 1fr);}#kt-layout-id1742_8b08d0-2c > .kt-row-layout-overlay{opacity:0.30;}@media all and (max-width: 1024px){#kt-layout-id1742_8b08d0-2c > .kt-row-column-wrap{grid-template-columns:minmax(0, 1fr);}}@media all and (max-width: 767px){#kt-layout-id1742_8b08d0-2c > .kt-row-column-wrap{grid-template-columns:minmax(0, 1fr);}}<\/style>\n<style>.kadence-column1742_05184f-f3 > .kt-inside-inner-col{border-top-width:0px;border-right-width:0px;border-bottom-width:0px;border-left-width:0px;}.kadence-column1742_05184f-f3 > .kt-inside-inner-col,.kadence-column1742_05184f-f3 > .kt-inside-inner-col:before{border-top-left-radius:0px;border-top-right-radius:0px;border-bottom-right-radius:0px;border-bottom-left-radius:0px;}.kadence-column1742_05184f-f3 > .kt-inside-inner-col{column-gap:var(--global-kb-gap-sm, 1rem);}.kadence-column1742_05184f-f3 > .kt-inside-inner-col{flex-direction:column;}.kadence-column1742_05184f-f3 > .kt-inside-inner-col > .aligncenter{width:100%;}.kadence-column1742_05184f-f3 > .kt-inside-inner-col:before{opacity:0.3;}.kadence-column1742_05184f-f3{position:relative;}@media all and (max-width: 1024px){.kadence-column1742_05184f-f3 > .kt-inside-inner-col{flex-direction:column;justify-content:center;}}@media all and (max-width: 767px){.kadence-column1742_05184f-f3 > .kt-inside-inner-col{flex-direction:column;justify-content:center;}}<\/style>\n<div class=\"wp-block-kadence-column kadence-column1742_05184f-f3 inner-column-1\"><div class=\"kt-inside-inner-col\"><style>.wp-block-kadence-advancedheading.kt-adv-heading1742_537b95-e7, .wp-block-kadence-advancedheading.kt-adv-heading1742_537b95-e7[data-kb-block=\"kb-adv-heading1742_537b95-e7\"]{font-style:normal;}.wp-block-kadence-advancedheading.kt-adv-heading1742_537b95-e7 mark.kt-highlight, .wp-block-kadence-advancedheading.kt-adv-heading1742_537b95-e7[data-kb-block=\"kb-adv-heading1742_537b95-e7\"] mark.kt-highlight{font-style:normal;color:#f76a0c;-webkit-box-decoration-break:clone;box-decoration-break:clone;padding-top:0px;padding-right:0px;padding-bottom:0px;padding-left:0px;}.wp-block-kadence-advancedheading.kt-adv-heading1742_537b95-e7 img.kb-inline-image, .wp-block-kadence-advancedheading.kt-adv-heading1742_537b95-e7[data-kb-block=\"kb-adv-heading1742_537b95-e7\"] img.kb-inline-image{width:150px;vertical-align:baseline;}<\/style>\n<h1 class=\"kt-adv-heading1742_537b95-e7 wp-block-kadence-advancedheading\" data-kb-block=\"kb-adv-heading1742_537b95-e7\">FairBio<\/h1>\n\n\n<style>#kt-layout-id1742_3fd11d-d4 > .kt-row-column-wrap{align-content:start;}:where(#kt-layout-id1742_3fd11d-d4 > .kt-row-column-wrap) > .wp-block-kadence-column{justify-content:start;}#kt-layout-id1742_3fd11d-d4 > .kt-row-column-wrap{column-gap:var(--global-kb-gap-md, 2rem);row-gap:var(--global-kb-gap-md, 2rem);padding-top:var( --global-kb-row-default-top, 25px );padding-bottom:var( --global-kb-row-default-bottom, 25px );padding-top:0px;grid-template-columns:minmax(0, calc(30% - ((var(--global-kb-gap-md, 2rem) * 1 )\/2)))minmax(0, calc(70% - ((var(--global-kb-gap-md, 2rem) * 1 )\/2)));}#kt-layout-id1742_3fd11d-d4 > .kt-row-layout-overlay{opacity:0.30;}@media all and (max-width: 1024px){#kt-layout-id1742_3fd11d-d4 > .kt-row-column-wrap{grid-template-columns:minmax(0, 2fr) minmax(0, 1fr);}}@media all and (max-width: 767px){#kt-layout-id1742_3fd11d-d4 > .kt-row-column-wrap{grid-template-columns:minmax(0, 1fr);}}<\/style>\n<style>.kadence-column1742_14e75a-47 > .kt-inside-inner-col{border-top-width:0px;border-right-width:0px;border-bottom-width:0px;border-left-width:0px;}.kadence-column1742_14e75a-47 > .kt-inside-inner-col,.kadence-column1742_14e75a-47 > .kt-inside-inner-col:before{border-top-left-radius:0px;border-top-right-radius:0px;border-bottom-right-radius:0px;border-bottom-left-radius:0px;}.kadence-column1742_14e75a-47 > .kt-inside-inner-col{column-gap:var(--global-kb-gap-sm, 1rem);}.kadence-column1742_14e75a-47 > .kt-inside-inner-col{flex-direction:column;}.kadence-column1742_14e75a-47 > .kt-inside-inner-col > .aligncenter{width:100%;}.kadence-column1742_14e75a-47 > .kt-inside-inner-col:before{opacity:0.3;}.kadence-column1742_14e75a-47{position:relative;}@media all and (max-width: 1024px){.kadence-column1742_14e75a-47 > .kt-inside-inner-col{flex-direction:column;justify-content:center;}}@media all and (max-width: 767px){.kadence-column1742_14e75a-47 > .kt-inside-inner-col{flex-direction:column;justify-content:center;}}<\/style>\n<div class=\"wp-block-kadence-column kadence-column1742_14e75a-47 inner-column-1\"><div class=\"kt-inside-inner-col\">\n<figure class=\"wp-block-image size-full image-full-width\"><img loading=\"lazy\" decoding=\"async\" width=\"538\" height=\"497\" src=\"https:\/\/aurora-kaas.com\/wp-content\/uploads\/2022\/04\/1641601_fairbio_signet_3c-volledig.jpeg\" alt=\"\" class=\"wp-image-1743\" srcset=\"https:\/\/aurora-kaas.com\/wp-content\/uploads\/2022\/04\/1641601_fairbio_signet_3c-volledig.jpeg 538w, https:\/\/aurora-kaas.com\/wp-content\/uploads\/2022\/04\/1641601_fairbio_signet_3c-volledig-300x277.jpeg 300w\" sizes=\"auto, (max-width: 538px) 100vw, 538px\" \/><\/figure>\n<\/div><\/div>\n\n\n<style>.kadence-column1742_49d634-3a > .kt-inside-inner-col{border-top-width:0px;border-right-width:0px;border-bottom-width:0px;border-left-width:0px;}.kadence-column1742_49d634-3a > .kt-inside-inner-col,.kadence-column1742_49d634-3a > .kt-inside-inner-col:before{border-top-left-radius:0px;border-top-right-radius:0px;border-bottom-right-radius:0px;border-bottom-left-radius:0px;}.kadence-column1742_49d634-3a > .kt-inside-inner-col{column-gap:var(--global-kb-gap-sm, 1rem);}.kadence-column1742_49d634-3a > .kt-inside-inner-col{flex-direction:column;}.kadence-column1742_49d634-3a > .kt-inside-inner-col > .aligncenter{width:100%;}.kadence-column1742_49d634-3a > .kt-inside-inner-col:before{opacity:0.3;}.kadence-column1742_49d634-3a{position:relative;}@media all and (max-width: 1024px){.kadence-column1742_49d634-3a > .kt-inside-inner-col{flex-direction:column;justify-content:center;}}@media all and (max-width: 767px){.kadence-column1742_49d634-3a > .kt-inside-inner-col{flex-direction:column;justify-content:center;}}<\/style>\n<div class=\"wp-block-kadence-column kadence-column1742_49d634-3a inner-column-2\"><div class=\"kt-inside-inner-col\">\n<p>Von Anfang an \u2013 seit 1980, verarbeiten wir&nbsp;ausschlie\u00dflich Bio zertifizierte Milch zu unserem Aurora K\u00e4se.&nbsp;Anfangs wurden die K\u00e4se in Ven-Zelderheide (NL) hergestellt.<\/p>\n\n\n\n<p>Ende 2019 war der Neubau der K\u00e4serei in Kranenburg am Niederrhein fertig und k\u00f6nnen wir die komplette Produktion nach Deutschland verlagern.<\/p>\n\n\n\n<p>Der nachhaltige, transparente und ehrliche Charakter von FairBio e.V. spricht uns als Familienunternehmen an.<\/p>\n\n\n\n<p>Bio muss mehr sein und weiter gehen.<\/p>\n\n\n\n<p>Mit Fair Bio sehen wir die M\u00f6glichkeit uns zu positionieren und auf unser Verst\u00e4ndnis f\u00fcr Bio aufmerksam zu machen, quasi ein Bio+.<\/p>\n\n\n\n<p>F\u00fcr uns z\u00e4hlt dazu:<\/p>\n\n\n\n<p>\u00b7&nbsp;&nbsp;&nbsp;&nbsp;&nbsp;&nbsp;&nbsp;&nbsp; Verantwortung f\u00fcr die n\u00e4chsten Generationen durch nachhaltiges Handeln<\/p>\n\n\n\n<p>\u00b7&nbsp;&nbsp;&nbsp;&nbsp;&nbsp;&nbsp;&nbsp;&nbsp; Regionale Lieferanten und fair Preis f\u00fcr die Rohstoffe<\/p>\n\n\n\n<p>\u00b7&nbsp;&nbsp;&nbsp;&nbsp;&nbsp;&nbsp;&nbsp;&nbsp; Nachvollziehbare Preise f\u00fcr Lieferanten und Kunden<\/p>\n\n\n\n<p>\u00b7&nbsp;&nbsp;&nbsp;&nbsp;&nbsp;&nbsp;&nbsp;&nbsp; Unterst\u00fctzung von \u00d6ko-sozialen Projekten:<\/p>\n\n\n\n<p>\u00a0 \u00a0 \u00a0 \u00a0 \u00a0 wie z.B. Ein Forscherhaus f\u00fcr die\u00a0 Kita Holzwurm in Erle, Eine Riesen Kugelbahn und Wasserspielplatz f\u00fcr das SOS Kinderdorf in Kleve<\/p>\n\n\n\n<p>\u00b7&nbsp;&nbsp;&nbsp;&nbsp;&nbsp;&nbsp;&nbsp;&nbsp; Zufriedene Mitarbeiter durch das famili\u00e4re und pers\u00f6nliche Arbeitsklima<\/p>\n\n\n\n<p>\u00b7&nbsp;&nbsp;&nbsp;&nbsp;&nbsp;&nbsp;&nbsp;&nbsp; Nicht nur ein Beruf, sondern eine Berufung f\u00fcr uns und unsere vier Kinder.<\/p>\n\n\n\n<p><a href=\"https:\/\/acrobat.adobe.com\/id\/urn:aaid:sc:EU:802882a6-4618-4838-b2c9-b038d381ebc7\">Klicken Sie hier f\u00fcr unser FairBio Zertifikat bis 28.02.2026.<\/a><\/p>\n\n\n\n<p><a href=\"https:\/\/www.fairbio.bio\/\" target=\"_blank\" rel=\"noreferrer noopener\">Weite Info&#8217;s zu FairBio<\/a><\/p>\n\n\n\n<p><a href=\"https:\/\/www.fairbio.bio\/fairbio-auf-platz-1-im-labelcheck\/\">Fair Bio Auf Platz 1 beim Label Check!<\/a><\/p>\n<\/div><\/div>\n\n<\/div><\/div>\n\n","protected":false},"excerpt":{"rendered":"<p>FairBio Von Anfang an \u2013 seit 1980, verarbeiten wir&nbsp;ausschlie\u00dflich Bio zertifizierte Milch zu unserem Aurora K\u00e4se.&nbsp;Anfangs wurden die K\u00e4se in Ven-Zelderheide (NL) hergestellt. Ende 2019 war der Neubau der K\u00e4serei in Kranenburg am Niederrhein fertig und k\u00f6nnen wir die komplette Produktion nach Deutschland verlagern. Der nachhaltige, transparente und ehrliche Charakter von FairBio e.V. spricht uns&#8230;<\/p>\n","protected":false},"author":1,"featured_media":0,"parent":1654,"menu_order":0,"comment_status":"closed","ping_status":"closed","template":"","meta":{"inline_featured_image":false,"_kad_blocks_custom_css":"","_kad_blocks_head_custom_js":"","_kad_blocks_body_custom_js":"","_kad_blocks_footer_custom_js":"","_kadence_starter_templates_imported_post":false,"_kad_post_transparent":"","_kad_post_title":"","_kad_post_layout":"","_kad_post_sidebar_id":"","_kad_post_content_style":"","_kad_post_vertical_padding":"","_kad_post_feature":"","_kad_post_feature_position":"","_kad_post_header":false,"_kad_post_footer":false,"_kad_post_classname":"","footnotes":""},"class_list":["post-1742","page","type-page","status-publish","hentry"],"yoast_head":"<!-- This site is optimized with the Yoast SEO plugin v27.4 - https:\/\/yoast.com\/product\/yoast-seo-wordpress\/ -->\n<title>FairBio - Aurora kaas<\/title>\n<meta name=\"robots\" content=\"index, follow, max-snippet:-1, max-image-preview:large, max-video-preview:-1\" \/>\n<link rel=\"canonical\" href=\"https:\/\/aurora-kaas.com\/de\/aurora\/zertifizierungen\/fairbio\/\" \/>\n<meta property=\"og:locale\" content=\"de_DE\" \/>\n<meta property=\"og:type\" content=\"article\" \/>\n<meta property=\"og:title\" content=\"FairBio - Aurora kaas\" \/>\n<meta property=\"og:description\" content=\"FairBio Von Anfang an \u2013 seit 1980, verarbeiten wir&nbsp;ausschlie\u00dflich Bio zertifizierte Milch zu unserem Aurora K\u00e4se.&nbsp;Anfangs wurden die K\u00e4se in Ven-Zelderheide (NL) hergestellt. Ende 2019 war der Neubau der K\u00e4serei in Kranenburg am Niederrhein fertig und k\u00f6nnen wir die komplette Produktion nach Deutschland verlagern. Der nachhaltige, transparente und ehrliche Charakter von FairBio e.V. spricht uns...\" \/>\n<meta property=\"og:url\" content=\"https:\/\/aurora-kaas.com\/de\/aurora\/zertifizierungen\/fairbio\/\" \/>\n<meta property=\"og:site_name\" content=\"Aurora kaas\" \/>\n<meta property=\"article:publisher\" content=\"https:\/\/www.facebook.com\/auroracheese\" \/>\n<meta property=\"article:modified_time\" content=\"2025-09-01T09:26:52+00:00\" \/>\n<meta property=\"og:image\" content=\"https:\/\/aurora-kaas.com\/wp-content\/uploads\/2022\/04\/1641601_fairbio_signet_3c-volledig.jpeg\" \/>\n<meta name=\"twitter:card\" content=\"summary_large_image\" \/>\n<meta name=\"twitter:label1\" content=\"Gesch\u00e4tzte Lesezeit\" \/>\n\t<meta name=\"twitter:data1\" content=\"2\u00a0Minuten\" \/>\n<script type=\"application\/ld+json\" class=\"yoast-schema-graph\">{\"@context\":\"https:\\\/\\\/schema.org\",\"@graph\":[{\"@type\":\"WebPage\",\"@id\":\"https:\\\/\\\/aurora-kaas.com\\\/de\\\/aurora\\\/zertifizierungen\\\/fairbio\\\/\",\"url\":\"https:\\\/\\\/aurora-kaas.com\\\/de\\\/aurora\\\/zertifizierungen\\\/fairbio\\\/\",\"name\":\"FairBio - Aurora kaas\",\"isPartOf\":{\"@id\":\"https:\\\/\\\/aurora-kaas.com\\\/de\\\/#website\"},\"primaryImageOfPage\":{\"@id\":\"https:\\\/\\\/aurora-kaas.com\\\/de\\\/aurora\\\/zertifizierungen\\\/fairbio\\\/#primaryimage\"},\"image\":{\"@id\":\"https:\\\/\\\/aurora-kaas.com\\\/de\\\/aurora\\\/zertifizierungen\\\/fairbio\\\/#primaryimage\"},\"thumbnailUrl\":\"https:\\\/\\\/aurora-kaas.com\\\/wp-content\\\/uploads\\\/2022\\\/04\\\/1641601_fairbio_signet_3c-volledig.jpeg\",\"datePublished\":\"2022-04-07T12:47:18+00:00\",\"dateModified\":\"2025-09-01T09:26:52+00:00\",\"breadcrumb\":{\"@id\":\"https:\\\/\\\/aurora-kaas.com\\\/de\\\/aurora\\\/zertifizierungen\\\/fairbio\\\/#breadcrumb\"},\"inLanguage\":\"de\",\"potentialAction\":[{\"@type\":\"ReadAction\",\"target\":[\"https:\\\/\\\/aurora-kaas.com\\\/de\\\/aurora\\\/zertifizierungen\\\/fairbio\\\/\"]}]},{\"@type\":\"ImageObject\",\"inLanguage\":\"de\",\"@id\":\"https:\\\/\\\/aurora-kaas.com\\\/de\\\/aurora\\\/zertifizierungen\\\/fairbio\\\/#primaryimage\",\"url\":\"https:\\\/\\\/aurora-kaas.com\\\/wp-content\\\/uploads\\\/2022\\\/04\\\/1641601_fairbio_signet_3c-volledig.jpeg\",\"contentUrl\":\"https:\\\/\\\/aurora-kaas.com\\\/wp-content\\\/uploads\\\/2022\\\/04\\\/1641601_fairbio_signet_3c-volledig.jpeg\"},{\"@type\":\"BreadcrumbList\",\"@id\":\"https:\\\/\\\/aurora-kaas.com\\\/de\\\/aurora\\\/zertifizierungen\\\/fairbio\\\/#breadcrumb\",\"itemListElement\":[{\"@type\":\"ListItem\",\"position\":1,\"name\":\"Startseite\",\"item\":\"https:\\\/\\\/aurora-kaas.com\\\/de\\\/\"},{\"@type\":\"ListItem\",\"position\":2,\"name\":\"Aurora\",\"item\":\"https:\\\/\\\/aurora-kaas.com\\\/de\\\/aurora\\\/\"},{\"@type\":\"ListItem\",\"position\":3,\"name\":\"Zertifizierungen\",\"item\":\"https:\\\/\\\/aurora-kaas.com\\\/de\\\/aurora\\\/zertifizierungen\\\/\"},{\"@type\":\"ListItem\",\"position\":4,\"name\":\"FairBio\"}]},{\"@type\":\"WebSite\",\"@id\":\"https:\\\/\\\/aurora-kaas.com\\\/de\\\/#website\",\"url\":\"https:\\\/\\\/aurora-kaas.com\\\/de\\\/\",\"name\":\"Aurora Kaas\",\"description\":\"Biok\u00e4se vom Niederrhein\",\"publisher\":{\"@id\":\"https:\\\/\\\/aurora-kaas.com\\\/de\\\/#organization\"},\"potentialAction\":[{\"@type\":\"SearchAction\",\"target\":{\"@type\":\"EntryPoint\",\"urlTemplate\":\"https:\\\/\\\/aurora-kaas.com\\\/de\\\/?s={search_term_string}\"},\"query-input\":{\"@type\":\"PropertyValueSpecification\",\"valueRequired\":true,\"valueName\":\"search_term_string\"}}],\"inLanguage\":\"de\"},{\"@type\":\"Organization\",\"@id\":\"https:\\\/\\\/aurora-kaas.com\\\/de\\\/#organization\",\"name\":\"Aurora Kaas GmbH\",\"url\":\"https:\\\/\\\/aurora-kaas.com\\\/de\\\/\",\"logo\":{\"@type\":\"ImageObject\",\"inLanguage\":\"de\",\"@id\":\"https:\\\/\\\/aurora-kaas.com\\\/de\\\/#\\\/schema\\\/logo\\\/image\\\/\",\"url\":\"https:\\\/\\\/aurora-kaas.com\\\/wp-content\\\/uploads\\\/2022\\\/03\\\/logo.svg\",\"contentUrl\":\"https:\\\/\\\/aurora-kaas.com\\\/wp-content\\\/uploads\\\/2022\\\/03\\\/logo.svg\",\"width\":155,\"height\":82,\"caption\":\"Aurora Kaas GmbH\"},\"image\":{\"@id\":\"https:\\\/\\\/aurora-kaas.com\\\/de\\\/#\\\/schema\\\/logo\\\/image\\\/\"},\"sameAs\":[\"https:\\\/\\\/www.facebook.com\\\/auroracheese\",\"https:\\\/\\\/www.instagram.com\\\/aurora_kaas\\\/\"]}]}<\/script>\n<!-- \/ Yoast SEO plugin. -->","yoast_head_json":{"title":"FairBio - Aurora kaas","robots":{"index":"index","follow":"follow","max-snippet":"max-snippet:-1","max-image-preview":"max-image-preview:large","max-video-preview":"max-video-preview:-1"},"canonical":"https:\/\/aurora-kaas.com\/de\/aurora\/zertifizierungen\/fairbio\/","og_locale":"de_DE","og_type":"article","og_title":"FairBio - Aurora kaas","og_description":"FairBio Von Anfang an \u2013 seit 1980, verarbeiten wir&nbsp;ausschlie\u00dflich Bio zertifizierte Milch zu unserem Aurora K\u00e4se.&nbsp;Anfangs wurden die K\u00e4se in Ven-Zelderheide (NL) hergestellt. Ende 2019 war der Neubau der K\u00e4serei in Kranenburg am Niederrhein fertig und k\u00f6nnen wir die komplette Produktion nach Deutschland verlagern. Der nachhaltige, transparente und ehrliche Charakter von FairBio e.V. spricht uns...","og_url":"https:\/\/aurora-kaas.com\/de\/aurora\/zertifizierungen\/fairbio\/","og_site_name":"Aurora kaas","article_publisher":"https:\/\/www.facebook.com\/auroracheese","article_modified_time":"2025-09-01T09:26:52+00:00","og_image":[{"url":"https:\/\/aurora-kaas.com\/wp-content\/uploads\/2022\/04\/1641601_fairbio_signet_3c-volledig.jpeg","type":"","width":"","height":""}],"twitter_card":"summary_large_image","twitter_misc":{"Gesch\u00e4tzte Lesezeit":"2\u00a0Minuten"},"schema":{"@context":"https:\/\/schema.org","@graph":[{"@type":"WebPage","@id":"https:\/\/aurora-kaas.com\/de\/aurora\/zertifizierungen\/fairbio\/","url":"https:\/\/aurora-kaas.com\/de\/aurora\/zertifizierungen\/fairbio\/","name":"FairBio - Aurora kaas","isPartOf":{"@id":"https:\/\/aurora-kaas.com\/de\/#website"},"primaryImageOfPage":{"@id":"https:\/\/aurora-kaas.com\/de\/aurora\/zertifizierungen\/fairbio\/#primaryimage"},"image":{"@id":"https:\/\/aurora-kaas.com\/de\/aurora\/zertifizierungen\/fairbio\/#primaryimage"},"thumbnailUrl":"https:\/\/aurora-kaas.com\/wp-content\/uploads\/2022\/04\/1641601_fairbio_signet_3c-volledig.jpeg","datePublished":"2022-04-07T12:47:18+00:00","dateModified":"2025-09-01T09:26:52+00:00","breadcrumb":{"@id":"https:\/\/aurora-kaas.com\/de\/aurora\/zertifizierungen\/fairbio\/#breadcrumb"},"inLanguage":"de","potentialAction":[{"@type":"ReadAction","target":["https:\/\/aurora-kaas.com\/de\/aurora\/zertifizierungen\/fairbio\/"]}]},{"@type":"ImageObject","inLanguage":"de","@id":"https:\/\/aurora-kaas.com\/de\/aurora\/zertifizierungen\/fairbio\/#primaryimage","url":"https:\/\/aurora-kaas.com\/wp-content\/uploads\/2022\/04\/1641601_fairbio_signet_3c-volledig.jpeg","contentUrl":"https:\/\/aurora-kaas.com\/wp-content\/uploads\/2022\/04\/1641601_fairbio_signet_3c-volledig.jpeg"},{"@type":"BreadcrumbList","@id":"https:\/\/aurora-kaas.com\/de\/aurora\/zertifizierungen\/fairbio\/#breadcrumb","itemListElement":[{"@type":"ListItem","position":1,"name":"Startseite","item":"https:\/\/aurora-kaas.com\/de\/"},{"@type":"ListItem","position":2,"name":"Aurora","item":"https:\/\/aurora-kaas.com\/de\/aurora\/"},{"@type":"ListItem","position":3,"name":"Zertifizierungen","item":"https:\/\/aurora-kaas.com\/de\/aurora\/zertifizierungen\/"},{"@type":"ListItem","position":4,"name":"FairBio"}]},{"@type":"WebSite","@id":"https:\/\/aurora-kaas.com\/de\/#website","url":"https:\/\/aurora-kaas.com\/de\/","name":"Aurora Kaas","description":"Biok\u00e4se vom Niederrhein","publisher":{"@id":"https:\/\/aurora-kaas.com\/de\/#organization"},"potentialAction":[{"@type":"SearchAction","target":{"@type":"EntryPoint","urlTemplate":"https:\/\/aurora-kaas.com\/de\/?s={search_term_string}"},"query-input":{"@type":"PropertyValueSpecification","valueRequired":true,"valueName":"search_term_string"}}],"inLanguage":"de"},{"@type":"Organization","@id":"https:\/\/aurora-kaas.com\/de\/#organization","name":"Aurora Kaas GmbH","url":"https:\/\/aurora-kaas.com\/de\/","logo":{"@type":"ImageObject","inLanguage":"de","@id":"https:\/\/aurora-kaas.com\/de\/#\/schema\/logo\/image\/","url":"https:\/\/aurora-kaas.com\/wp-content\/uploads\/2022\/03\/logo.svg","contentUrl":"https:\/\/aurora-kaas.com\/wp-content\/uploads\/2022\/03\/logo.svg","width":155,"height":82,"caption":"Aurora Kaas GmbH"},"image":{"@id":"https:\/\/aurora-kaas.com\/de\/#\/schema\/logo\/image\/"},"sameAs":["https:\/\/www.facebook.com\/auroracheese","https:\/\/www.instagram.com\/aurora_kaas\/"]}]}},"taxonomy_info":[],"featured_image_src_large":false,"author_info":{"display_name":"HPU Internet Services","author_link":"https:\/\/aurora-kaas.com\/de\/author\/admin_55mrb345\/"},"comment_info":0,"_links":{"self":[{"href":"https:\/\/aurora-kaas.com\/de\/wp-json\/wp\/v2\/pages\/1742","targetHints":{"allow":["GET"]}}],"collection":[{"href":"https:\/\/aurora-kaas.com\/de\/wp-json\/wp\/v2\/pages"}],"about":[{"href":"https:\/\/aurora-kaas.com\/de\/wp-json\/wp\/v2\/types\/page"}],"author":[{"embeddable":true,"href":"https:\/\/aurora-kaas.com\/de\/wp-json\/wp\/v2\/users\/1"}],"replies":[{"embeddable":true,"href":"https:\/\/aurora-kaas.com\/de\/wp-json\/wp\/v2\/comments?post=1742"}],"version-history":[{"count":4,"href":"https:\/\/aurora-kaas.com\/de\/wp-json\/wp\/v2\/pages\/1742\/revisions"}],"predecessor-version":[{"id":8888,"href":"https:\/\/aurora-kaas.com\/de\/wp-json\/wp\/v2\/pages\/1742\/revisions\/8888"}],"up":[{"embeddable":true,"href":"https:\/\/aurora-kaas.com\/de\/wp-json\/wp\/v2\/pages\/1654"}],"wp:attachment":[{"href":"https:\/\/aurora-kaas.com\/de\/wp-json\/wp\/v2\/media?parent=1742"}],"curies":[{"name":"wp","href":"https:\/\/api.w.org\/{rel}","templated":true}]}}