{"id":2028,"date":"2022-03-16T15:10:34","date_gmt":"2022-03-16T15:10:34","guid":{"rendered":"https:\/\/aurora-kaas.com\/nieuws\/archief\/december-2019-opening-winkel\/"},"modified":"2025-12-22T09:45:56","modified_gmt":"2025-12-22T09:45:56","slug":"dezember-2019-oeffnung-werksverkaufsladen-kranenburg","status":"publish","type":"page","link":"https:\/\/aurora-kaas.com\/de\/aktuelles\/archiv\/dezember-2019-oeffnung-werksverkaufsladen-kranenburg\/","title":{"rendered":"Dezember 2019: \u00d6ffnung Werksverkaufsladen Kranenburg"},"content":{"rendered":"<style>.kb-advanced-slider-2028_8c641b-89 .kb-slider-size-fixed .kb-advanced-slide-inner-wrap{min-height:700px;}.kb-advanced-slider-2028_8c641b-89 .kb-slider-pause-button{color:#fff;background-color:transparent;border:2px solid #fff;}@media all and (max-width: 1024px){.kb-advanced-slider-2028_8c641b-89 .kb-slider-size-fixed .kb-advanced-slide-inner-wrap{min-height:400px;}}@media all and (max-width: 767px){.kb-advanced-slider-2028_8c641b-89 .kb-slider-size-fixed .kb-advanced-slide-inner-wrap{min-height:350px;}}<\/style>\n<div class=\"wp-block-kadence-slider kb-advanced-slider kb-advanced-slider-2028_8c641b-89\"><div class=\"kb-advanced-slider-inner-contain\"><div class=\"kb-blocks-advanced-carousel kt-blocks-carousel kt-carousel-container-dotstyle-dark\"><div class=\"kb-blocks-advanced-slider-init kb-slider-loading kb-blocks-slider kt-carousel-arrowstyle-outlinewhite kt-carousel-dotstyle-dark kb-slider-size-fixed kb-slider-ratio-12-5 kb-slider-tab-ratio-inherit kb-slider-mobile-ratio-inherit\" data-slider-anim-speed=\"400\" data-slider-type=\"slider\" data-slider-scroll=\"1\" data-slider-fade=\"true\" data-slider-arrows=\"true\" data-slider-dots=\"true\" data-slider-hover-pause=\"false\" data-slider-auto=\"false\" data-slider-speed=\"7000\">\n<li class=\"wp-block-kadence-slide kb-advanced-slide-item kb-slide-2028_c87b4e-01\"><div class=\"kb-advanced-slide\"><div class=\"kb-advanced-slide-inner-wrap\"><div class=\"kb-advanced-slide-inner\"><\/div><\/div><\/div><\/li>\n<\/div><\/div><\/div><\/div>\n\n\n\n\n<style>.kb-row-layout-id_3301d4-7b > .kt-row-column-wrap{align-content:start;}:where(.kb-row-layout-id_3301d4-7b > .kt-row-column-wrap) > .wp-block-kadence-column{justify-content:start;}.kb-row-layout-id_3301d4-7b > .kt-row-column-wrap{column-gap:var(--global-kb-gap-md, 2rem);row-gap:var(--global-kb-gap-md, 2rem);padding-top:var(--global-kb-spacing-sm, 1.5rem);padding-bottom:var(--global-kb-spacing-sm, 1.5rem);grid-template-columns:minmax(0, 1fr);}.kb-row-layout-id_3301d4-7b > .kt-row-layout-overlay{opacity:0.30;}@media all and (max-width: 1024px){.kb-row-layout-id_3301d4-7b > .kt-row-column-wrap{grid-template-columns:minmax(0, 1fr);}}@media all and (max-width: 767px){.kb-row-layout-id_3301d4-7b > .kt-row-column-wrap{grid-template-columns:minmax(0, 1fr);}}<\/style><div class=\"kb-row-layout-wrap kb-row-layout-id_3301d4-7b alignnone header-text-overlay wp-block-kadence-rowlayout\"><div class=\"kt-row-column-wrap kt-has-1-columns kt-row-layout-equal kt-tab-layout-inherit kt-mobile-layout-row kt-row-valign-top\">\n<style>.kadence-column_979397-6a > .kt-inside-inner-col,.kadence-column_979397-6a > .kt-inside-inner-col:before{border-top-left-radius:0px;border-top-right-radius:0px;border-bottom-right-radius:0px;border-bottom-left-radius:0px;}.kadence-column_979397-6a > .kt-inside-inner-col{column-gap:var(--global-kb-gap-sm, 1rem);}.kadence-column_979397-6a > .kt-inside-inner-col{flex-direction:column;}.kadence-column_979397-6a > .kt-inside-inner-col > .aligncenter{width:100%;}.kadence-column_979397-6a > .kt-inside-inner-col:before{opacity:0.3;}.kadence-column_979397-6a{position:relative;}@media all and (max-width: 1024px){.kadence-column_979397-6a > .kt-inside-inner-col{flex-direction:column;justify-content:center;}}@media all and (max-width: 767px){.kadence-column_979397-6a > .kt-inside-inner-col{flex-direction:column;justify-content:center;}}<\/style>\n<div class=\"wp-block-kadence-column kadence-column_979397-6a inner-column-1\"><div class=\"kt-inside-inner-col\"><\/div><\/div>\n\n<\/div><\/div>\n\n<style>.kb-row-layout-id2028_acff06-60 > .kt-row-column-wrap{align-content:start;}:where(.kb-row-layout-id2028_acff06-60 > .kt-row-column-wrap) > .wp-block-kadence-column{justify-content:start;}.kb-row-layout-id2028_acff06-60 > .kt-row-column-wrap{column-gap:var(--global-kb-gap-md, 2rem);row-gap:var(--global-kb-gap-md, 2rem);max-width:var( --global-content-width, 1290px );padding-left:var(--global-content-edge-padding);padding-right:var(--global-content-edge-padding);padding-top:var(--global-kb-spacing-sm, 1.5rem);padding-bottom:var(--global-kb-spacing-sm, 1.5rem);grid-template-columns:minmax(0, 1fr);}.kb-row-layout-id2028_acff06-60 > .kt-row-layout-overlay{opacity:0.30;}@media all and (max-width: 1024px){.kb-row-layout-id2028_acff06-60 > .kt-row-column-wrap{grid-template-columns:minmax(0, 1fr);}}@media all and (max-width: 767px){.kb-row-layout-id2028_acff06-60 > .kt-row-column-wrap{grid-template-columns:minmax(0, 1fr);}}<\/style><div class=\"kb-row-layout-wrap kb-row-layout-id2028_acff06-60 alignnone wp-block-kadence-rowlayout\"><div class=\"kt-row-column-wrap kt-has-1-columns kt-row-layout-equal kt-tab-layout-inherit kt-mobile-layout-row kt-row-valign-top kb-theme-content-width\">\n<style>.kadence-column2028_c04129-89 > .kt-inside-inner-col{border-top-width:0px;border-right-width:0px;border-bottom-width:0px;border-left-width:0px;}.kadence-column2028_c04129-89 > .kt-inside-inner-col,.kadence-column2028_c04129-89 > .kt-inside-inner-col:before{border-top-left-radius:0px;border-top-right-radius:0px;border-bottom-right-radius:0px;border-bottom-left-radius:0px;}.kadence-column2028_c04129-89 > .kt-inside-inner-col{column-gap:var(--global-kb-gap-sm, 1rem);}.kadence-column2028_c04129-89 > .kt-inside-inner-col{flex-direction:column;}.kadence-column2028_c04129-89 > .kt-inside-inner-col > .aligncenter{width:100%;}.kadence-column2028_c04129-89 > .kt-inside-inner-col:before{opacity:0.3;}.kadence-column2028_c04129-89{position:relative;}@media all and (max-width: 1024px){.kadence-column2028_c04129-89 > .kt-inside-inner-col{flex-direction:column;justify-content:center;}}@media all and (max-width: 767px){.kadence-column2028_c04129-89 > .kt-inside-inner-col{flex-direction:column;justify-content:center;}}<\/style>\n<div class=\"wp-block-kadence-column kadence-column2028_c04129-89 inner-column-1\"><div class=\"kt-inside-inner-col\"><style>.wp-block-kadence-advancedheading.kt-adv-heading2028_36be77-c9, .wp-block-kadence-advancedheading.kt-adv-heading2028_36be77-c9[data-kb-block=\"kb-adv-heading2028_36be77-c9\"]{font-style:normal;}.wp-block-kadence-advancedheading.kt-adv-heading2028_36be77-c9 mark.kt-highlight, .wp-block-kadence-advancedheading.kt-adv-heading2028_36be77-c9[data-kb-block=\"kb-adv-heading2028_36be77-c9\"] mark.kt-highlight{font-style:normal;color:#f76a0c;-webkit-box-decoration-break:clone;box-decoration-break:clone;padding-top:0px;padding-right:0px;padding-bottom:0px;padding-left:0px;}.wp-block-kadence-advancedheading.kt-adv-heading2028_36be77-c9 img.kb-inline-image, .wp-block-kadence-advancedheading.kt-adv-heading2028_36be77-c9[data-kb-block=\"kb-adv-heading2028_36be77-c9\"] img.kb-inline-image{width:150px;vertical-align:baseline;}<\/style>\n<h1 class=\"kt-adv-heading2028_36be77-c9 wp-block-kadence-advancedheading\" data-kb-block=\"kb-adv-heading2028_36be77-c9\">Dezember 2019: \u00d6ffnung Werksverkaufsladen Kranenburg<\/h1>\n\n\n\n<p><strong>Es ist soweit!<\/strong><\/p>\n\n\n\n<p>Am 6. Dezember um 10 Uhr er\u00f6ffnen wir unseren Werksverkaufsladen \u2013 direkt an der neuen K\u00e4serei im Kranenburg.<\/p>\n\n\n\n<p>Wir bieten Euch eine gro\u00dfe Auswahl aus unserem BIO Gouda K\u00e4sesortiment.<\/p>\n\n\n\n<p>Dazu gibt es besondere BIO Senfsorten, Honig, Wein und praktisches K\u00e4sezubeh\u00f6r.<\/p>\n\n\n\n<p>Wir freuen uns auf eueren Besuch!<\/p>\n\n\n\n<p>Adres: Im Hammereisen 55<br>&nbsp; &nbsp; &nbsp; &nbsp; &nbsp; &nbsp; &nbsp;D-47559 Kranenburg<\/p>\n\n\n\n<figure class=\"wp-block-image size-full image-full-width\"><img loading=\"lazy\" decoding=\"async\" width=\"640\" height=\"480\" src=\"https:\/\/aurora-kaas.com\/wp-content\/uploads\/2022\/03\/aurora-winkel.jpeg\" alt=\"\" class=\"wp-image-749\" srcset=\"https:\/\/aurora-kaas.com\/wp-content\/uploads\/2022\/03\/aurora-winkel.jpeg 640w, https:\/\/aurora-kaas.com\/wp-content\/uploads\/2022\/03\/aurora-winkel-600x450.jpeg 600w, https:\/\/aurora-kaas.com\/wp-content\/uploads\/2022\/03\/aurora-winkel-300x225.jpeg 300w\" sizes=\"auto, (max-width: 640px) 100vw, 640px\" \/><\/figure>\n<\/div><\/div>\n\n<\/div><\/div>","protected":false},"excerpt":{"rendered":"<p>Dezember 2019: \u00d6ffnung Werksverkaufsladen Kranenburg Es ist soweit! Am 6. Dezember um 10 Uhr er\u00f6ffnen wir unseren Werksverkaufsladen \u2013 direkt an der neuen K\u00e4serei im Kranenburg. Wir bieten Euch eine gro\u00dfe Auswahl aus unserem BIO Gouda K\u00e4sesortiment. Dazu gibt es besondere BIO Senfsorten, Honig, Wein und praktisches K\u00e4sezubeh\u00f6r. Wir freuen uns auf eueren Besuch! Adres:&#8230;<\/p>\n","protected":false},"author":1,"featured_media":0,"parent":1996,"menu_order":0,"comment_status":"closed","ping_status":"closed","template":"","meta":{"inline_featured_image":false,"_kad_blocks_custom_css":"","_kad_blocks_head_custom_js":"","_kad_blocks_body_custom_js":"","_kad_blocks_footer_custom_js":"","_kadence_starter_templates_imported_post":false,"_kad_post_transparent":"","_kad_post_title":"","_kad_post_layout":"","_kad_post_sidebar_id":"","_kad_post_content_style":"","_kad_post_vertical_padding":"","_kad_post_feature":"","_kad_post_feature_position":"","_kad_post_header":false,"_kad_post_footer":false,"_kad_post_classname":"","footnotes":""},"class_list":["post-2028","page","type-page","status-publish","hentry"],"yoast_head":"<!-- This site is optimized with the Yoast SEO plugin v27.4 - https:\/\/yoast.com\/product\/yoast-seo-wordpress\/ -->\n<title>Dezember 2019: \u00d6ffnung Werksverkaufsladen Kranenburg - Aurora kaas<\/title>\n<meta name=\"robots\" content=\"index, follow, max-snippet:-1, max-image-preview:large, max-video-preview:-1\" \/>\n<link rel=\"canonical\" href=\"https:\/\/aurora-kaas.com\/de\/aktuelles\/archiv\/dezember-2019-oeffnung-werksverkaufsladen-kranenburg\/\" \/>\n<meta property=\"og:locale\" content=\"de_DE\" \/>\n<meta property=\"og:type\" content=\"article\" \/>\n<meta property=\"og:title\" content=\"Dezember 2019: \u00d6ffnung Werksverkaufsladen Kranenburg - Aurora kaas\" \/>\n<meta property=\"og:description\" content=\"Dezember 2019: \u00d6ffnung Werksverkaufsladen Kranenburg Es ist soweit! Am 6. Dezember um 10 Uhr er\u00f6ffnen wir unseren Werksverkaufsladen \u2013 direkt an der neuen K\u00e4serei im Kranenburg. Wir bieten Euch eine gro\u00dfe Auswahl aus unserem BIO Gouda K\u00e4sesortiment. Dazu gibt es besondere BIO Senfsorten, Honig, Wein und praktisches K\u00e4sezubeh\u00f6r. Wir freuen uns auf eueren Besuch! Adres:...\" \/>\n<meta property=\"og:url\" content=\"https:\/\/aurora-kaas.com\/de\/aktuelles\/archiv\/dezember-2019-oeffnung-werksverkaufsladen-kranenburg\/\" \/>\n<meta property=\"og:site_name\" content=\"Aurora kaas\" \/>\n<meta property=\"article:publisher\" content=\"https:\/\/www.facebook.com\/auroracheese\" \/>\n<meta property=\"article:modified_time\" content=\"2025-12-22T09:45:56+00:00\" \/>\n<meta property=\"og:image\" content=\"https:\/\/aurora-kaas.com\/wp-content\/uploads\/2022\/03\/aurora-winkel.jpeg\" \/>\n\t<meta property=\"og:image:width\" content=\"640\" \/>\n\t<meta property=\"og:image:height\" content=\"480\" \/>\n\t<meta property=\"og:image:type\" content=\"image\/jpeg\" \/>\n<meta name=\"twitter:card\" content=\"summary_large_image\" \/>\n<meta name=\"twitter:label1\" content=\"Gesch\u00e4tzte Lesezeit\" \/>\n\t<meta name=\"twitter:data1\" content=\"2\u00a0Minuten\" \/>\n<script type=\"application\/ld+json\" class=\"yoast-schema-graph\">{\"@context\":\"https:\\\/\\\/schema.org\",\"@graph\":[{\"@type\":\"WebPage\",\"@id\":\"https:\\\/\\\/aurora-kaas.com\\\/de\\\/aktuelles\\\/archiv\\\/dezember-2019-oeffnung-werksverkaufsladen-kranenburg\\\/\",\"url\":\"https:\\\/\\\/aurora-kaas.com\\\/de\\\/aktuelles\\\/archiv\\\/dezember-2019-oeffnung-werksverkaufsladen-kranenburg\\\/\",\"name\":\"Dezember 2019: \u00d6ffnung Werksverkaufsladen Kranenburg - Aurora kaas\",\"isPartOf\":{\"@id\":\"https:\\\/\\\/aurora-kaas.com\\\/de\\\/#website\"},\"primaryImageOfPage\":{\"@id\":\"https:\\\/\\\/aurora-kaas.com\\\/de\\\/aktuelles\\\/archiv\\\/dezember-2019-oeffnung-werksverkaufsladen-kranenburg\\\/#primaryimage\"},\"image\":{\"@id\":\"https:\\\/\\\/aurora-kaas.com\\\/de\\\/aktuelles\\\/archiv\\\/dezember-2019-oeffnung-werksverkaufsladen-kranenburg\\\/#primaryimage\"},\"thumbnailUrl\":\"https:\\\/\\\/aurora-kaas.com\\\/wp-content\\\/uploads\\\/2022\\\/03\\\/aurora-winkel.jpeg\",\"datePublished\":\"2022-03-16T15:10:34+00:00\",\"dateModified\":\"2025-12-22T09:45:56+00:00\",\"breadcrumb\":{\"@id\":\"https:\\\/\\\/aurora-kaas.com\\\/de\\\/aktuelles\\\/archiv\\\/dezember-2019-oeffnung-werksverkaufsladen-kranenburg\\\/#breadcrumb\"},\"inLanguage\":\"de\",\"potentialAction\":[{\"@type\":\"ReadAction\",\"target\":[\"https:\\\/\\\/aurora-kaas.com\\\/de\\\/aktuelles\\\/archiv\\\/dezember-2019-oeffnung-werksverkaufsladen-kranenburg\\\/\"]}]},{\"@type\":\"ImageObject\",\"inLanguage\":\"de\",\"@id\":\"https:\\\/\\\/aurora-kaas.com\\\/de\\\/aktuelles\\\/archiv\\\/dezember-2019-oeffnung-werksverkaufsladen-kranenburg\\\/#primaryimage\",\"url\":\"https:\\\/\\\/aurora-kaas.com\\\/wp-content\\\/uploads\\\/2022\\\/03\\\/aurora-winkel.jpeg\",\"contentUrl\":\"https:\\\/\\\/aurora-kaas.com\\\/wp-content\\\/uploads\\\/2022\\\/03\\\/aurora-winkel.jpeg\"},{\"@type\":\"BreadcrumbList\",\"@id\":\"https:\\\/\\\/aurora-kaas.com\\\/de\\\/aktuelles\\\/archiv\\\/dezember-2019-oeffnung-werksverkaufsladen-kranenburg\\\/#breadcrumb\",\"itemListElement\":[{\"@type\":\"ListItem\",\"position\":1,\"name\":\"Startseite\",\"item\":\"https:\\\/\\\/aurora-kaas.com\\\/de\\\/\"},{\"@type\":\"ListItem\",\"position\":2,\"name\":\"Aktuelles\",\"item\":\"https:\\\/\\\/aurora-kaas.com\\\/de\\\/aktuelles\\\/\"},{\"@type\":\"ListItem\",\"position\":3,\"name\":\"Archiv\",\"item\":\"https:\\\/\\\/aurora-kaas.com\\\/de\\\/aktuelles\\\/archiv\\\/\"},{\"@type\":\"ListItem\",\"position\":4,\"name\":\"Dezember 2019: \u00d6ffnung Werksverkaufsladen Kranenburg\"}]},{\"@type\":\"WebSite\",\"@id\":\"https:\\\/\\\/aurora-kaas.com\\\/de\\\/#website\",\"url\":\"https:\\\/\\\/aurora-kaas.com\\\/de\\\/\",\"name\":\"Aurora Kaas\",\"description\":\"Biok\u00e4se vom Niederrhein\",\"publisher\":{\"@id\":\"https:\\\/\\\/aurora-kaas.com\\\/de\\\/#organization\"},\"potentialAction\":[{\"@type\":\"SearchAction\",\"target\":{\"@type\":\"EntryPoint\",\"urlTemplate\":\"https:\\\/\\\/aurora-kaas.com\\\/de\\\/?s={search_term_string}\"},\"query-input\":{\"@type\":\"PropertyValueSpecification\",\"valueRequired\":true,\"valueName\":\"search_term_string\"}}],\"inLanguage\":\"de\"},{\"@type\":\"Organization\",\"@id\":\"https:\\\/\\\/aurora-kaas.com\\\/de\\\/#organization\",\"name\":\"Aurora Kaas GmbH\",\"url\":\"https:\\\/\\\/aurora-kaas.com\\\/de\\\/\",\"logo\":{\"@type\":\"ImageObject\",\"inLanguage\":\"de\",\"@id\":\"https:\\\/\\\/aurora-kaas.com\\\/de\\\/#\\\/schema\\\/logo\\\/image\\\/\",\"url\":\"https:\\\/\\\/aurora-kaas.com\\\/wp-content\\\/uploads\\\/2022\\\/03\\\/logo.svg\",\"contentUrl\":\"https:\\\/\\\/aurora-kaas.com\\\/wp-content\\\/uploads\\\/2022\\\/03\\\/logo.svg\",\"width\":155,\"height\":82,\"caption\":\"Aurora Kaas GmbH\"},\"image\":{\"@id\":\"https:\\\/\\\/aurora-kaas.com\\\/de\\\/#\\\/schema\\\/logo\\\/image\\\/\"},\"sameAs\":[\"https:\\\/\\\/www.facebook.com\\\/auroracheese\",\"https:\\\/\\\/www.instagram.com\\\/aurora_kaas\\\/\"]}]}<\/script>\n<!-- \/ Yoast SEO plugin. -->","yoast_head_json":{"title":"Dezember 2019: \u00d6ffnung Werksverkaufsladen Kranenburg - Aurora kaas","robots":{"index":"index","follow":"follow","max-snippet":"max-snippet:-1","max-image-preview":"max-image-preview:large","max-video-preview":"max-video-preview:-1"},"canonical":"https:\/\/aurora-kaas.com\/de\/aktuelles\/archiv\/dezember-2019-oeffnung-werksverkaufsladen-kranenburg\/","og_locale":"de_DE","og_type":"article","og_title":"Dezember 2019: \u00d6ffnung Werksverkaufsladen Kranenburg - Aurora kaas","og_description":"Dezember 2019: \u00d6ffnung Werksverkaufsladen Kranenburg Es ist soweit! Am 6. Dezember um 10 Uhr er\u00f6ffnen wir unseren Werksverkaufsladen \u2013 direkt an der neuen K\u00e4serei im Kranenburg. Wir bieten Euch eine gro\u00dfe Auswahl aus unserem BIO Gouda K\u00e4sesortiment. Dazu gibt es besondere BIO Senfsorten, Honig, Wein und praktisches K\u00e4sezubeh\u00f6r. Wir freuen uns auf eueren Besuch! Adres:...","og_url":"https:\/\/aurora-kaas.com\/de\/aktuelles\/archiv\/dezember-2019-oeffnung-werksverkaufsladen-kranenburg\/","og_site_name":"Aurora kaas","article_publisher":"https:\/\/www.facebook.com\/auroracheese","article_modified_time":"2025-12-22T09:45:56+00:00","og_image":[{"width":640,"height":480,"url":"https:\/\/aurora-kaas.com\/wp-content\/uploads\/2022\/03\/aurora-winkel.jpeg","type":"image\/jpeg"}],"twitter_card":"summary_large_image","twitter_misc":{"Gesch\u00e4tzte Lesezeit":"2\u00a0Minuten"},"schema":{"@context":"https:\/\/schema.org","@graph":[{"@type":"WebPage","@id":"https:\/\/aurora-kaas.com\/de\/aktuelles\/archiv\/dezember-2019-oeffnung-werksverkaufsladen-kranenburg\/","url":"https:\/\/aurora-kaas.com\/de\/aktuelles\/archiv\/dezember-2019-oeffnung-werksverkaufsladen-kranenburg\/","name":"Dezember 2019: \u00d6ffnung Werksverkaufsladen Kranenburg - Aurora kaas","isPartOf":{"@id":"https:\/\/aurora-kaas.com\/de\/#website"},"primaryImageOfPage":{"@id":"https:\/\/aurora-kaas.com\/de\/aktuelles\/archiv\/dezember-2019-oeffnung-werksverkaufsladen-kranenburg\/#primaryimage"},"image":{"@id":"https:\/\/aurora-kaas.com\/de\/aktuelles\/archiv\/dezember-2019-oeffnung-werksverkaufsladen-kranenburg\/#primaryimage"},"thumbnailUrl":"https:\/\/aurora-kaas.com\/wp-content\/uploads\/2022\/03\/aurora-winkel.jpeg","datePublished":"2022-03-16T15:10:34+00:00","dateModified":"2025-12-22T09:45:56+00:00","breadcrumb":{"@id":"https:\/\/aurora-kaas.com\/de\/aktuelles\/archiv\/dezember-2019-oeffnung-werksverkaufsladen-kranenburg\/#breadcrumb"},"inLanguage":"de","potentialAction":[{"@type":"ReadAction","target":["https:\/\/aurora-kaas.com\/de\/aktuelles\/archiv\/dezember-2019-oeffnung-werksverkaufsladen-kranenburg\/"]}]},{"@type":"ImageObject","inLanguage":"de","@id":"https:\/\/aurora-kaas.com\/de\/aktuelles\/archiv\/dezember-2019-oeffnung-werksverkaufsladen-kranenburg\/#primaryimage","url":"https:\/\/aurora-kaas.com\/wp-content\/uploads\/2022\/03\/aurora-winkel.jpeg","contentUrl":"https:\/\/aurora-kaas.com\/wp-content\/uploads\/2022\/03\/aurora-winkel.jpeg"},{"@type":"BreadcrumbList","@id":"https:\/\/aurora-kaas.com\/de\/aktuelles\/archiv\/dezember-2019-oeffnung-werksverkaufsladen-kranenburg\/#breadcrumb","itemListElement":[{"@type":"ListItem","position":1,"name":"Startseite","item":"https:\/\/aurora-kaas.com\/de\/"},{"@type":"ListItem","position":2,"name":"Aktuelles","item":"https:\/\/aurora-kaas.com\/de\/aktuelles\/"},{"@type":"ListItem","position":3,"name":"Archiv","item":"https:\/\/aurora-kaas.com\/de\/aktuelles\/archiv\/"},{"@type":"ListItem","position":4,"name":"Dezember 2019: \u00d6ffnung Werksverkaufsladen Kranenburg"}]},{"@type":"WebSite","@id":"https:\/\/aurora-kaas.com\/de\/#website","url":"https:\/\/aurora-kaas.com\/de\/","name":"Aurora Kaas","description":"Biok\u00e4se vom Niederrhein","publisher":{"@id":"https:\/\/aurora-kaas.com\/de\/#organization"},"potentialAction":[{"@type":"SearchAction","target":{"@type":"EntryPoint","urlTemplate":"https:\/\/aurora-kaas.com\/de\/?s={search_term_string}"},"query-input":{"@type":"PropertyValueSpecification","valueRequired":true,"valueName":"search_term_string"}}],"inLanguage":"de"},{"@type":"Organization","@id":"https:\/\/aurora-kaas.com\/de\/#organization","name":"Aurora Kaas GmbH","url":"https:\/\/aurora-kaas.com\/de\/","logo":{"@type":"ImageObject","inLanguage":"de","@id":"https:\/\/aurora-kaas.com\/de\/#\/schema\/logo\/image\/","url":"https:\/\/aurora-kaas.com\/wp-content\/uploads\/2022\/03\/logo.svg","contentUrl":"https:\/\/aurora-kaas.com\/wp-content\/uploads\/2022\/03\/logo.svg","width":155,"height":82,"caption":"Aurora Kaas GmbH"},"image":{"@id":"https:\/\/aurora-kaas.com\/de\/#\/schema\/logo\/image\/"},"sameAs":["https:\/\/www.facebook.com\/auroracheese","https:\/\/www.instagram.com\/aurora_kaas\/"]}]}},"taxonomy_info":[],"featured_image_src_large":false,"author_info":{"display_name":"HPU Internet Services","author_link":"https:\/\/aurora-kaas.com\/de\/author\/admin_55mrb345\/"},"comment_info":0,"_links":{"self":[{"href":"https:\/\/aurora-kaas.com\/de\/wp-json\/wp\/v2\/pages\/2028","targetHints":{"allow":["GET"]}}],"collection":[{"href":"https:\/\/aurora-kaas.com\/de\/wp-json\/wp\/v2\/pages"}],"about":[{"href":"https:\/\/aurora-kaas.com\/de\/wp-json\/wp\/v2\/types\/page"}],"author":[{"embeddable":true,"href":"https:\/\/aurora-kaas.com\/de\/wp-json\/wp\/v2\/users\/1"}],"replies":[{"embeddable":true,"href":"https:\/\/aurora-kaas.com\/de\/wp-json\/wp\/v2\/comments?post=2028"}],"version-history":[{"count":5,"href":"https:\/\/aurora-kaas.com\/de\/wp-json\/wp\/v2\/pages\/2028\/revisions"}],"predecessor-version":[{"id":9013,"href":"https:\/\/aurora-kaas.com\/de\/wp-json\/wp\/v2\/pages\/2028\/revisions\/9013"}],"up":[{"embeddable":true,"href":"https:\/\/aurora-kaas.com\/de\/wp-json\/wp\/v2\/pages\/1996"}],"wp:attachment":[{"href":"https:\/\/aurora-kaas.com\/de\/wp-json\/wp\/v2\/media?parent=2028"}],"curies":[{"name":"wp","href":"https:\/\/api.w.org\/{rel}","templated":true}]}}