{"id":2207,"date":"2022-03-16T15:11:49","date_gmt":"2022-03-16T15:11:49","guid":{"rendered":"https:\/\/aurora-kaas.com\/privacy-en-cookieverklaring\/"},"modified":"2026-04-13T10:22:15","modified_gmt":"2026-04-13T10:22:15","slug":"datenschutz-grundverordnung","status":"publish","type":"page","link":"https:\/\/aurora-kaas.com\/de\/datenschutz-grundverordnung\/","title":{"rendered":"Datenschutz-Grundverordnung"},"content":{"rendered":"<style>.kb-advanced-slider-2207_1095d4-98 .kb-slider-size-fixed .kb-advanced-slide-inner-wrap{min-height:700px;}.kb-advanced-slider-2207_1095d4-98 .kb-slider-pause-button{color:#fff;background-color:transparent;border:2px solid #fff;}@media all and (max-width: 1024px){.kb-advanced-slider-2207_1095d4-98 .kb-slider-size-fixed .kb-advanced-slide-inner-wrap{min-height:400px;}}@media all and (max-width: 767px){.kb-advanced-slider-2207_1095d4-98 .kb-slider-size-fixed .kb-advanced-slide-inner-wrap{min-height:350px;}}<\/style>\n<div class=\"wp-block-kadence-slider kb-advanced-slider kb-advanced-slider-2207_1095d4-98\"><div class=\"kb-advanced-slider-inner-contain\"><div class=\"kb-blocks-advanced-carousel kt-blocks-carousel kt-carousel-container-dotstyle-dark\"><div class=\"kb-blocks-advanced-slider-init kb-slider-loading kb-blocks-slider kt-carousel-arrowstyle-outlinewhite kt-carousel-dotstyle-dark kb-slider-size-fixed kb-slider-ratio-12-5 kb-slider-tab-ratio-inherit kb-slider-mobile-ratio-inherit\" data-slider-anim-speed=\"400\" data-slider-type=\"slider\" data-slider-scroll=\"1\" data-slider-fade=\"true\" data-slider-arrows=\"true\" data-slider-dots=\"true\" data-slider-hover-pause=\"false\" data-slider-auto=\"false\" data-slider-speed=\"7000\">\n<li class=\"wp-block-kadence-slide kb-advanced-slide-item kb-slide-2207_7636a6-53\"><div class=\"kb-advanced-slide\"><div class=\"kb-advanced-slide-inner-wrap\"><div class=\"kb-advanced-slide-inner\"><\/div><\/div><\/div><\/li>\n<\/div><\/div><\/div><\/div>\n\n\n\n\n<style>.kb-row-layout-id_3301d4-7b > .kt-row-column-wrap{align-content:start;}:where(.kb-row-layout-id_3301d4-7b > .kt-row-column-wrap) > .wp-block-kadence-column{justify-content:start;}.kb-row-layout-id_3301d4-7b > .kt-row-column-wrap{column-gap:var(--global-kb-gap-md, 2rem);row-gap:var(--global-kb-gap-md, 2rem);padding-top:var(--global-kb-spacing-sm, 1.5rem);padding-bottom:var(--global-kb-spacing-sm, 1.5rem);grid-template-columns:minmax(0, 1fr);}.kb-row-layout-id_3301d4-7b > .kt-row-layout-overlay{opacity:0.30;}@media all and (max-width: 1024px){.kb-row-layout-id_3301d4-7b > .kt-row-column-wrap{grid-template-columns:minmax(0, 1fr);}}@media all and (max-width: 767px){.kb-row-layout-id_3301d4-7b > .kt-row-column-wrap{grid-template-columns:minmax(0, 1fr);}}<\/style><div class=\"kb-row-layout-wrap kb-row-layout-id_3301d4-7b alignnone header-text-overlay wp-block-kadence-rowlayout\"><div class=\"kt-row-column-wrap kt-has-1-columns kt-row-layout-equal kt-tab-layout-inherit kt-mobile-layout-row kt-row-valign-top\">\n<style>.kadence-column_979397-6a > .kt-inside-inner-col,.kadence-column_979397-6a > .kt-inside-inner-col:before{border-top-left-radius:0px;border-top-right-radius:0px;border-bottom-right-radius:0px;border-bottom-left-radius:0px;}.kadence-column_979397-6a > .kt-inside-inner-col{column-gap:var(--global-kb-gap-sm, 1rem);}.kadence-column_979397-6a > .kt-inside-inner-col{flex-direction:column;}.kadence-column_979397-6a > .kt-inside-inner-col > .aligncenter{width:100%;}.kadence-column_979397-6a > .kt-inside-inner-col:before{opacity:0.3;}.kadence-column_979397-6a{position:relative;}@media all and (max-width: 1024px){.kadence-column_979397-6a > .kt-inside-inner-col{flex-direction:column;justify-content:center;}}@media all and (max-width: 767px){.kadence-column_979397-6a > .kt-inside-inner-col{flex-direction:column;justify-content:center;}}<\/style>\n<div class=\"wp-block-kadence-column kadence-column_979397-6a inner-column-1\"><div class=\"kt-inside-inner-col\"><\/div><\/div>\n\n<\/div><\/div>\n\n<style>.kb-row-layout-id2207_0b72cd-4f > .kt-row-column-wrap{align-content:start;}:where(.kb-row-layout-id2207_0b72cd-4f > .kt-row-column-wrap) > .wp-block-kadence-column{justify-content:start;}.kb-row-layout-id2207_0b72cd-4f > .kt-row-column-wrap{column-gap:var(--global-kb-gap-md, 2rem);row-gap:var(--global-kb-gap-md, 2rem);max-width:var( --global-content-width, 1290px );padding-left:var(--global-content-edge-padding);padding-right:var(--global-content-edge-padding);padding-top:var(--global-kb-spacing-sm, 1.5rem);padding-bottom:var(--global-kb-spacing-sm, 1.5rem);grid-template-columns:minmax(0, 1fr);}.kb-row-layout-id2207_0b72cd-4f > .kt-row-layout-overlay{opacity:0.30;}@media all and (max-width: 1024px){.kb-row-layout-id2207_0b72cd-4f > .kt-row-column-wrap{grid-template-columns:minmax(0, 1fr);}}@media all and (max-width: 767px){.kb-row-layout-id2207_0b72cd-4f > .kt-row-column-wrap{grid-template-columns:minmax(0, 1fr);}}<\/style><div class=\"kb-row-layout-wrap kb-row-layout-id2207_0b72cd-4f alignnone wp-block-kadence-rowlayout\"><div class=\"kt-row-column-wrap kt-has-1-columns kt-row-layout-equal kt-tab-layout-inherit kt-mobile-layout-row kt-row-valign-top kb-theme-content-width\">\n<style>.kadence-column2207_0135e3-f6 > .kt-inside-inner-col{border-top-width:0px;border-right-width:0px;border-bottom-width:0px;border-left-width:0px;}.kadence-column2207_0135e3-f6 > .kt-inside-inner-col,.kadence-column2207_0135e3-f6 > .kt-inside-inner-col:before{border-top-left-radius:0px;border-top-right-radius:0px;border-bottom-right-radius:0px;border-bottom-left-radius:0px;}.kadence-column2207_0135e3-f6 > .kt-inside-inner-col{column-gap:var(--global-kb-gap-sm, 1rem);}.kadence-column2207_0135e3-f6 > .kt-inside-inner-col{flex-direction:column;}.kadence-column2207_0135e3-f6 > .kt-inside-inner-col > .aligncenter{width:100%;}.kadence-column2207_0135e3-f6 > .kt-inside-inner-col:before{opacity:0.3;}.kadence-column2207_0135e3-f6{position:relative;}@media all and (max-width: 1024px){.kadence-column2207_0135e3-f6 > .kt-inside-inner-col{flex-direction:column;justify-content:center;}}@media all and (max-width: 767px){.kadence-column2207_0135e3-f6 > .kt-inside-inner-col{flex-direction:column;justify-content:center;}}<\/style>\n<div class=\"wp-block-kadence-column kadence-column2207_0135e3-f6 inner-column-1\"><div class=\"kt-inside-inner-col\"><style>.wp-block-kadence-advancedheading.kt-adv-heading2207_df01d7-e0, .wp-block-kadence-advancedheading.kt-adv-heading2207_df01d7-e0[data-kb-block=\"kb-adv-heading2207_df01d7-e0\"]{font-style:normal;}.wp-block-kadence-advancedheading.kt-adv-heading2207_df01d7-e0 mark.kt-highlight, .wp-block-kadence-advancedheading.kt-adv-heading2207_df01d7-e0[data-kb-block=\"kb-adv-heading2207_df01d7-e0\"] mark.kt-highlight{font-style:normal;color:#f76a0c;-webkit-box-decoration-break:clone;box-decoration-break:clone;padding-top:0px;padding-right:0px;padding-bottom:0px;padding-left:0px;}.wp-block-kadence-advancedheading.kt-adv-heading2207_df01d7-e0 img.kb-inline-image, .wp-block-kadence-advancedheading.kt-adv-heading2207_df01d7-e0[data-kb-block=\"kb-adv-heading2207_df01d7-e0\"] img.kb-inline-image{width:150px;vertical-align:baseline;}<\/style>\n<h1 class=\"kt-adv-heading2207_df01d7-e0 wp-block-kadence-advancedheading\" data-kb-block=\"kb-adv-heading2207_df01d7-e0\">Datenschutz-Grundverordnung<\/h1>\n\n\n\n<p>Auf der Website von Aurora Kaas erheben und verarbeiten wir verschiedene personenbezogene Daten \u00fcber Sie als Besucher. In dieser Datenschutz-Grundverordnung erkl\u00e4ren wir, welche Daten wir sammeln und was wir damit machen.<\/p>\n\n\n\n<p>Wir tun unser Bestes, um sicherzustellen, dass Ihre pers\u00f6nlichen Daten so behandelt werden, dass Ihre Privatsph\u00e4re gesch\u00fctzt und so weit wie m\u00f6glich garantiert wird. Aurora Kaas speichert nur die pers\u00f6nlichen Daten, die wir ben\u00f6tigen, um Ihnen behilflich zu sein.<\/p>\n\n\n\n<p><strong>Verwendung von Cookies<\/strong><br>Aurora Kaas sammelt und speichert bestimmte Informationen von Besuchern \u00fcber die Nutzung der Website, wie z. B. Datum und Uhrzeit des Besuchs der Website, Browsertyp, Browsersprache, IP-Adresse des verwendeten Computers, Anzahl der Zugriffe, die Seiten und Unterseiten wurden vor und w\u00e4hrend der Benutzersitzung besucht.<\/p>\n\n\n\n<p>Aurora Kaas speichert keine eindeutigen pers\u00f6nlichen Daten (zum Beispiel Ihren Namen oder Ihre E-Mail), es sei denn, Sie entscheiden sich daf\u00fcr (zum Beispiel bei der Registrierung unseres Newsletters) und geben diese Informationen ausdr\u00fccklich an. Diese Informationen werden mit Hilfe eines Cookies gesammelt. Ein Cookie ist eine Textdatei, die von Ihrem Browser auf der Festplatte Ihres Computers gespeichert wird. Unsere Cookies enthalten keine Informationen, die auf Personen zur\u00fcckgef\u00fchrt werden k\u00f6nnen.<\/p>\n\n\n\n<p><strong>Kontaktformular und E-Mail<\/strong><br>Wenn Sie unser Kontaktformular auf der Website ausf\u00fcllen oder uns eine E-Mail senden, werden die von Ihnen gesendeten Informationen so lange gespeichert, bis sie beantwortet oder verarbeitet wurden. Diese Informationen werden nicht an Dritte weitergegeben.<\/p>\n\n\n\n<p><strong>Warum brauchen wir Daten?<\/strong><br>Aurora Kaas verarbeitet Ihre Daten zu folgenden Zwecken:<br>Aurora Kaas analysiert Ihr Verhalten auf der Website, um unsere Website zu verbessern und unser Angebot an Produkten und Dienstleistungen an Ihre Vorlieben anzupassen.<\/p>\n\n\n\n<p><strong>Mit anderen teilen<\/strong><br>Aurora Kaas liefert nur an Dritte und nur dann, wenn dies zur Durchf\u00fchrung unseres Vertrages mit Ihnen oder zur Einhaltung einer gesetzlichen Verpflichtung erforderlich ist.<\/p>\n\n\n\n<p><strong>Aufbewahrung von Daten<\/strong><br>Alle Daten und Informationen werden nicht mehr wie erforderlich aufbewahrt.<\/p>\n\n\n\n<p><strong>Fragen und Feedback<\/strong><br>Wenn Sie Fragen haben oder weitere Informationen w\u00fcnschen, wenden Sie sich bitte an uns:<br>+49 (0) 2826-9996740 &#8211; sales(at)aurora-kaas.com<\/p>\n\n\n\n<p>Letzte Aktualisierung: 13-04-2026<\/p>\n<\/div><\/div>\n\n<\/div><\/div>","protected":false},"excerpt":{"rendered":"<p>Datenschutz-Grundverordnung Auf der Website von Aurora Kaas erheben und verarbeiten wir verschiedene personenbezogene Daten \u00fcber Sie als Besucher. In dieser Datenschutz-Grundverordnung erkl\u00e4ren wir, welche Daten wir sammeln und was wir damit machen. Wir tun unser Bestes, um sicherzustellen, dass Ihre pers\u00f6nlichen Daten so behandelt werden, dass Ihre Privatsph\u00e4re gesch\u00fctzt und so weit wie m\u00f6glich garantiert&#8230;<\/p>\n","protected":false},"author":1,"featured_media":0,"parent":0,"menu_order":0,"comment_status":"closed","ping_status":"closed","template":"","meta":{"inline_featured_image":false,"_kad_blocks_custom_css":"","_kad_blocks_head_custom_js":"","_kad_blocks_body_custom_js":"","_kad_blocks_footer_custom_js":"","_kadence_starter_templates_imported_post":false,"_kad_post_transparent":"","_kad_post_title":"","_kad_post_layout":"","_kad_post_sidebar_id":"","_kad_post_content_style":"","_kad_post_vertical_padding":"","_kad_post_feature":"","_kad_post_feature_position":"","_kad_post_header":false,"_kad_post_footer":false,"_kad_post_classname":"","footnotes":""},"class_list":["post-2207","page","type-page","status-publish","hentry"],"yoast_head":"<!-- This site is optimized with the Yoast SEO plugin v27.4 - https:\/\/yoast.com\/product\/yoast-seo-wordpress\/ -->\n<title>Datenschutz-Grundverordnung - Aurora kaas<\/title>\n<meta name=\"robots\" content=\"index, follow, max-snippet:-1, max-image-preview:large, max-video-preview:-1\" \/>\n<link rel=\"canonical\" href=\"https:\/\/aurora-kaas.com\/de\/datenschutz-grundverordnung\/\" \/>\n<meta property=\"og:locale\" content=\"de_DE\" \/>\n<meta property=\"og:type\" content=\"article\" \/>\n<meta property=\"og:title\" content=\"Datenschutz-Grundverordnung - Aurora kaas\" \/>\n<meta property=\"og:description\" content=\"Datenschutz-Grundverordnung Auf der Website von Aurora Kaas erheben und verarbeiten wir verschiedene personenbezogene Daten \u00fcber Sie als Besucher. In dieser Datenschutz-Grundverordnung erkl\u00e4ren wir, welche Daten wir sammeln und was wir damit machen. Wir tun unser Bestes, um sicherzustellen, dass Ihre pers\u00f6nlichen Daten so behandelt werden, dass Ihre Privatsph\u00e4re gesch\u00fctzt und so weit wie m\u00f6glich garantiert...\" \/>\n<meta property=\"og:url\" content=\"https:\/\/aurora-kaas.com\/de\/datenschutz-grundverordnung\/\" \/>\n<meta property=\"og:site_name\" content=\"Aurora kaas\" \/>\n<meta property=\"article:publisher\" content=\"https:\/\/www.facebook.com\/auroracheese\" \/>\n<meta property=\"article:modified_time\" content=\"2026-04-13T10:22:15+00:00\" \/>\n<meta name=\"twitter:card\" content=\"summary_large_image\" \/>\n<meta name=\"twitter:label1\" content=\"Gesch\u00e4tzte Lesezeit\" \/>\n\t<meta name=\"twitter:data1\" content=\"4\u00a0Minuten\" \/>\n<script type=\"application\/ld+json\" class=\"yoast-schema-graph\">{\"@context\":\"https:\\\/\\\/schema.org\",\"@graph\":[{\"@type\":\"WebPage\",\"@id\":\"https:\\\/\\\/aurora-kaas.com\\\/de\\\/datenschutz-grundverordnung\\\/\",\"url\":\"https:\\\/\\\/aurora-kaas.com\\\/de\\\/datenschutz-grundverordnung\\\/\",\"name\":\"Datenschutz-Grundverordnung - Aurora kaas\",\"isPartOf\":{\"@id\":\"https:\\\/\\\/aurora-kaas.com\\\/de\\\/#website\"},\"datePublished\":\"2022-03-16T15:11:49+00:00\",\"dateModified\":\"2026-04-13T10:22:15+00:00\",\"breadcrumb\":{\"@id\":\"https:\\\/\\\/aurora-kaas.com\\\/de\\\/datenschutz-grundverordnung\\\/#breadcrumb\"},\"inLanguage\":\"de\",\"potentialAction\":[{\"@type\":\"ReadAction\",\"target\":[\"https:\\\/\\\/aurora-kaas.com\\\/de\\\/datenschutz-grundverordnung\\\/\"]}]},{\"@type\":\"BreadcrumbList\",\"@id\":\"https:\\\/\\\/aurora-kaas.com\\\/de\\\/datenschutz-grundverordnung\\\/#breadcrumb\",\"itemListElement\":[{\"@type\":\"ListItem\",\"position\":1,\"name\":\"Startseite\",\"item\":\"https:\\\/\\\/aurora-kaas.com\\\/de\\\/\"},{\"@type\":\"ListItem\",\"position\":2,\"name\":\"Datenschutz-Grundverordnung\"}]},{\"@type\":\"WebSite\",\"@id\":\"https:\\\/\\\/aurora-kaas.com\\\/de\\\/#website\",\"url\":\"https:\\\/\\\/aurora-kaas.com\\\/de\\\/\",\"name\":\"Aurora Kaas\",\"description\":\"Biok\u00e4se vom Niederrhein\",\"publisher\":{\"@id\":\"https:\\\/\\\/aurora-kaas.com\\\/de\\\/#organization\"},\"potentialAction\":[{\"@type\":\"SearchAction\",\"target\":{\"@type\":\"EntryPoint\",\"urlTemplate\":\"https:\\\/\\\/aurora-kaas.com\\\/de\\\/?s={search_term_string}\"},\"query-input\":{\"@type\":\"PropertyValueSpecification\",\"valueRequired\":true,\"valueName\":\"search_term_string\"}}],\"inLanguage\":\"de\"},{\"@type\":\"Organization\",\"@id\":\"https:\\\/\\\/aurora-kaas.com\\\/de\\\/#organization\",\"name\":\"Aurora Kaas GmbH\",\"url\":\"https:\\\/\\\/aurora-kaas.com\\\/de\\\/\",\"logo\":{\"@type\":\"ImageObject\",\"inLanguage\":\"de\",\"@id\":\"https:\\\/\\\/aurora-kaas.com\\\/de\\\/#\\\/schema\\\/logo\\\/image\\\/\",\"url\":\"https:\\\/\\\/aurora-kaas.com\\\/wp-content\\\/uploads\\\/2022\\\/03\\\/logo.svg\",\"contentUrl\":\"https:\\\/\\\/aurora-kaas.com\\\/wp-content\\\/uploads\\\/2022\\\/03\\\/logo.svg\",\"width\":155,\"height\":82,\"caption\":\"Aurora Kaas GmbH\"},\"image\":{\"@id\":\"https:\\\/\\\/aurora-kaas.com\\\/de\\\/#\\\/schema\\\/logo\\\/image\\\/\"},\"sameAs\":[\"https:\\\/\\\/www.facebook.com\\\/auroracheese\",\"https:\\\/\\\/www.instagram.com\\\/aurora_kaas\\\/\"]}]}<\/script>\n<!-- \/ Yoast SEO plugin. -->","yoast_head_json":{"title":"Datenschutz-Grundverordnung - Aurora kaas","robots":{"index":"index","follow":"follow","max-snippet":"max-snippet:-1","max-image-preview":"max-image-preview:large","max-video-preview":"max-video-preview:-1"},"canonical":"https:\/\/aurora-kaas.com\/de\/datenschutz-grundverordnung\/","og_locale":"de_DE","og_type":"article","og_title":"Datenschutz-Grundverordnung - Aurora kaas","og_description":"Datenschutz-Grundverordnung Auf der Website von Aurora Kaas erheben und verarbeiten wir verschiedene personenbezogene Daten \u00fcber Sie als Besucher. In dieser Datenschutz-Grundverordnung erkl\u00e4ren wir, welche Daten wir sammeln und was wir damit machen. Wir tun unser Bestes, um sicherzustellen, dass Ihre pers\u00f6nlichen Daten so behandelt werden, dass Ihre Privatsph\u00e4re gesch\u00fctzt und so weit wie m\u00f6glich garantiert...","og_url":"https:\/\/aurora-kaas.com\/de\/datenschutz-grundverordnung\/","og_site_name":"Aurora kaas","article_publisher":"https:\/\/www.facebook.com\/auroracheese","article_modified_time":"2026-04-13T10:22:15+00:00","twitter_card":"summary_large_image","twitter_misc":{"Gesch\u00e4tzte Lesezeit":"4\u00a0Minuten"},"schema":{"@context":"https:\/\/schema.org","@graph":[{"@type":"WebPage","@id":"https:\/\/aurora-kaas.com\/de\/datenschutz-grundverordnung\/","url":"https:\/\/aurora-kaas.com\/de\/datenschutz-grundverordnung\/","name":"Datenschutz-Grundverordnung - Aurora kaas","isPartOf":{"@id":"https:\/\/aurora-kaas.com\/de\/#website"},"datePublished":"2022-03-16T15:11:49+00:00","dateModified":"2026-04-13T10:22:15+00:00","breadcrumb":{"@id":"https:\/\/aurora-kaas.com\/de\/datenschutz-grundverordnung\/#breadcrumb"},"inLanguage":"de","potentialAction":[{"@type":"ReadAction","target":["https:\/\/aurora-kaas.com\/de\/datenschutz-grundverordnung\/"]}]},{"@type":"BreadcrumbList","@id":"https:\/\/aurora-kaas.com\/de\/datenschutz-grundverordnung\/#breadcrumb","itemListElement":[{"@type":"ListItem","position":1,"name":"Startseite","item":"https:\/\/aurora-kaas.com\/de\/"},{"@type":"ListItem","position":2,"name":"Datenschutz-Grundverordnung"}]},{"@type":"WebSite","@id":"https:\/\/aurora-kaas.com\/de\/#website","url":"https:\/\/aurora-kaas.com\/de\/","name":"Aurora Kaas","description":"Biok\u00e4se vom Niederrhein","publisher":{"@id":"https:\/\/aurora-kaas.com\/de\/#organization"},"potentialAction":[{"@type":"SearchAction","target":{"@type":"EntryPoint","urlTemplate":"https:\/\/aurora-kaas.com\/de\/?s={search_term_string}"},"query-input":{"@type":"PropertyValueSpecification","valueRequired":true,"valueName":"search_term_string"}}],"inLanguage":"de"},{"@type":"Organization","@id":"https:\/\/aurora-kaas.com\/de\/#organization","name":"Aurora Kaas GmbH","url":"https:\/\/aurora-kaas.com\/de\/","logo":{"@type":"ImageObject","inLanguage":"de","@id":"https:\/\/aurora-kaas.com\/de\/#\/schema\/logo\/image\/","url":"https:\/\/aurora-kaas.com\/wp-content\/uploads\/2022\/03\/logo.svg","contentUrl":"https:\/\/aurora-kaas.com\/wp-content\/uploads\/2022\/03\/logo.svg","width":155,"height":82,"caption":"Aurora Kaas GmbH"},"image":{"@id":"https:\/\/aurora-kaas.com\/de\/#\/schema\/logo\/image\/"},"sameAs":["https:\/\/www.facebook.com\/auroracheese","https:\/\/www.instagram.com\/aurora_kaas\/"]}]}},"taxonomy_info":[],"featured_image_src_large":false,"author_info":{"display_name":"HPU Internet Services","author_link":"https:\/\/aurora-kaas.com\/de\/author\/admin_55mrb345\/"},"comment_info":0,"_links":{"self":[{"href":"https:\/\/aurora-kaas.com\/de\/wp-json\/wp\/v2\/pages\/2207","targetHints":{"allow":["GET"]}}],"collection":[{"href":"https:\/\/aurora-kaas.com\/de\/wp-json\/wp\/v2\/pages"}],"about":[{"href":"https:\/\/aurora-kaas.com\/de\/wp-json\/wp\/v2\/types\/page"}],"author":[{"embeddable":true,"href":"https:\/\/aurora-kaas.com\/de\/wp-json\/wp\/v2\/users\/1"}],"replies":[{"embeddable":true,"href":"https:\/\/aurora-kaas.com\/de\/wp-json\/wp\/v2\/comments?post=2207"}],"version-history":[{"count":6,"href":"https:\/\/aurora-kaas.com\/de\/wp-json\/wp\/v2\/pages\/2207\/revisions"}],"predecessor-version":[{"id":9135,"href":"https:\/\/aurora-kaas.com\/de\/wp-json\/wp\/v2\/pages\/2207\/revisions\/9135"}],"wp:attachment":[{"href":"https:\/\/aurora-kaas.com\/de\/wp-json\/wp\/v2\/media?parent=2207"}],"curies":[{"name":"wp","href":"https:\/\/api.w.org\/{rel}","templated":true}]}}