{"id":2217,"date":"2022-03-16T15:11:27","date_gmt":"2022-03-16T15:11:27","guid":{"rendered":"https:\/\/aurora-kaas.com\/colofon\/"},"modified":"2026-03-25T13:00:47","modified_gmt":"2026-03-25T13:00:47","slug":"impressum","status":"publish","type":"page","link":"https:\/\/aurora-kaas.com\/de\/impressum\/","title":{"rendered":"Impressum"},"content":{"rendered":"<style>.kb-advanced-slider-2217_13a288-70 .kb-slider-size-fixed .kb-advanced-slide-inner-wrap{min-height:700px;}.kb-advanced-slider-2217_13a288-70 .kb-slider-pause-button{color:#fff;background-color:transparent;border:2px solid #fff;}@media all and (max-width: 1024px){.kb-advanced-slider-2217_13a288-70 .kb-slider-size-fixed .kb-advanced-slide-inner-wrap{min-height:400px;}}@media all and (max-width: 767px){.kb-advanced-slider-2217_13a288-70 .kb-slider-size-fixed .kb-advanced-slide-inner-wrap{min-height:350px;}}<\/style><div class=\"kb-advanced-slider kb-advanced-slider-2217_13a288-70 wp-block-kadence-slider\"><div class=\"kb-advanced-slider-inner-contain kb-adv-slider-html-version-2\"><div class=\"kb-blocks-advanced-carousel kt-blocks-carousel kt-carousel-container-dotstyle-dark\"><div class=\"kb-blocks-advanced-slider-init kb-slider-loading kb-blocks-slider kt-carousel-arrowstyle-outlinewhite kt-carousel-dotstyle-dark kb-slider-size-fixed kb-slider-type-slider kb-slider-ratio-12-5 kb-slider-group-arrow kb-slider-arrow-position-center kb-slider-tab-ratio-inherit kb-slider-mobile-ratio-inherit splide kb-splide  kb-slider-version-2\" aria-label=\"Slider content\" data-slider-center-mode=\"true\" data-slider-type=\"slider\" data-loop-type=\"loop\" data-columns-xxl=\"3\" data-columns-xl=\"3\" data-columns-md=\"3\" data-columns-sm=\"2\" data-columns-xs=\"1\" data-columns-ss=\"1\" data-slider-anim-speed=\"400\" data-slider-scroll=\"1\" data-slider-fade=\"true\" data-slider-arrows=\"true\" data-slider-dots=\"true\" data-slider-hover-pause=\"false\" data-slider-auto=\"false\"  data-dragging=\"true\" data-slider-speed=\"7000\" data-slider-gap=\"30\" data-slider-gap-tablet=\"30\" data-slider-gap-mobile=\"30\" data-slider-gap-unit=\"px\"><div class=\"splide__track\"><ul class=\"splide__list\">\n\n<li class=\"wp-block-kadence-slide kb-advanced-slide-item kb-slide-2217_0e261c-fb\"><div class=\"kb-advanced-slide\"><div class=\"kb-advanced-slide-inner-wrap\"><div class=\"kb-advanced-slide-inner\"><\/div><\/div><\/div><\/li>\n\n<\/ul><\/div><\/div><\/div><\/div><\/div>\n\n\n\n<style>.kb-row-layout-id_3301d4-7b > .kt-row-column-wrap{align-content:start;}:where(.kb-row-layout-id_3301d4-7b > .kt-row-column-wrap) > .wp-block-kadence-column{justify-content:start;}.kb-row-layout-id_3301d4-7b > .kt-row-column-wrap{column-gap:var(--global-kb-gap-md, 2rem);row-gap:var(--global-kb-gap-md, 2rem);padding-top:var(--global-kb-spacing-sm, 1.5rem);padding-bottom:var(--global-kb-spacing-sm, 1.5rem);grid-template-columns:minmax(0, 1fr);}.kb-row-layout-id_3301d4-7b > .kt-row-layout-overlay{opacity:0.30;}@media all and (max-width: 1024px){.kb-row-layout-id_3301d4-7b > .kt-row-column-wrap{grid-template-columns:minmax(0, 1fr);}}@media all and (max-width: 767px){.kb-row-layout-id_3301d4-7b > .kt-row-column-wrap{grid-template-columns:minmax(0, 1fr);}}<\/style><div class=\"kb-row-layout-wrap kb-row-layout-id_3301d4-7b alignnone header-text-overlay wp-block-kadence-rowlayout\"><div class=\"kt-row-column-wrap kt-has-1-columns kt-row-layout-equal kt-tab-layout-inherit kt-mobile-layout-row kt-row-valign-top\">\n<style>.kadence-column_979397-6a > .kt-inside-inner-col,.kadence-column_979397-6a > .kt-inside-inner-col:before{border-top-left-radius:0px;border-top-right-radius:0px;border-bottom-right-radius:0px;border-bottom-left-radius:0px;}.kadence-column_979397-6a > .kt-inside-inner-col{column-gap:var(--global-kb-gap-sm, 1rem);}.kadence-column_979397-6a > .kt-inside-inner-col{flex-direction:column;}.kadence-column_979397-6a > .kt-inside-inner-col > .aligncenter{width:100%;}.kadence-column_979397-6a > .kt-inside-inner-col:before{opacity:0.3;}.kadence-column_979397-6a{position:relative;}@media all and (max-width: 1024px){.kadence-column_979397-6a > .kt-inside-inner-col{flex-direction:column;justify-content:center;}}@media all and (max-width: 767px){.kadence-column_979397-6a > .kt-inside-inner-col{flex-direction:column;justify-content:center;}}<\/style>\n<div class=\"wp-block-kadence-column kadence-column_979397-6a inner-column-1\"><div class=\"kt-inside-inner-col\"><\/div><\/div>\n\n<\/div><\/div>\n\n<style>.kb-row-layout-id2217_84a945-ef > .kt-row-column-wrap{align-content:start;}:where(.kb-row-layout-id2217_84a945-ef > .kt-row-column-wrap) > .wp-block-kadence-column{justify-content:start;}.kb-row-layout-id2217_84a945-ef > .kt-row-column-wrap{column-gap:var(--global-kb-gap-md, 2rem);row-gap:var(--global-kb-gap-md, 2rem);max-width:var( --global-content-width, 1290px );padding-left:var(--global-content-edge-padding);padding-right:var(--global-content-edge-padding);padding-top:var(--global-kb-spacing-sm, 1.5rem);padding-bottom:var(--global-kb-spacing-sm, 1.5rem);grid-template-columns:minmax(0, 1fr);}.kb-row-layout-id2217_84a945-ef > .kt-row-layout-overlay{opacity:0.30;}@media all and (max-width: 1024px){.kb-row-layout-id2217_84a945-ef > .kt-row-column-wrap{grid-template-columns:minmax(0, 1fr);}}@media all and (max-width: 767px){.kb-row-layout-id2217_84a945-ef > .kt-row-column-wrap{grid-template-columns:minmax(0, 1fr);}}<\/style><div class=\"kb-row-layout-wrap kb-row-layout-id2217_84a945-ef alignnone wp-block-kadence-rowlayout\"><div class=\"kt-row-column-wrap kt-has-1-columns kt-row-layout-equal kt-tab-layout-inherit kt-mobile-layout-row kt-row-valign-top kb-theme-content-width\">\n<style>.kadence-column2217_f422fd-cb > .kt-inside-inner-col,.kadence-column2217_f422fd-cb > .kt-inside-inner-col:before{border-top-left-radius:0px;border-top-right-radius:0px;border-bottom-right-radius:0px;border-bottom-left-radius:0px;}.kadence-column2217_f422fd-cb > .kt-inside-inner-col{column-gap:var(--global-kb-gap-sm, 1rem);}.kadence-column2217_f422fd-cb > .kt-inside-inner-col{flex-direction:column;}.kadence-column2217_f422fd-cb > .kt-inside-inner-col > .aligncenter{width:100%;}.kadence-column2217_f422fd-cb > .kt-inside-inner-col:before{opacity:0.3;}.kadence-column2217_f422fd-cb{position:relative;}@media all and (max-width: 1024px){.kadence-column2217_f422fd-cb > .kt-inside-inner-col{flex-direction:column;justify-content:center;}}@media all and (max-width: 767px){.kadence-column2217_f422fd-cb > .kt-inside-inner-col{flex-direction:column;justify-content:center;}}<\/style>\n<div class=\"wp-block-kadence-column kadence-column2217_f422fd-cb inner-column-1\"><div class=\"kt-inside-inner-col\"><style>.wp-block-kadence-advancedheading.kt-adv-heading2217_499eb1-3e, .wp-block-kadence-advancedheading.kt-adv-heading2217_499eb1-3e[data-kb-block=\"kb-adv-heading2217_499eb1-3e\"]{font-style:normal;}.wp-block-kadence-advancedheading.kt-adv-heading2217_499eb1-3e mark.kt-highlight, .wp-block-kadence-advancedheading.kt-adv-heading2217_499eb1-3e[data-kb-block=\"kb-adv-heading2217_499eb1-3e\"] mark.kt-highlight{font-style:normal;color:#f76a0c;-webkit-box-decoration-break:clone;box-decoration-break:clone;padding-top:0px;padding-right:0px;padding-bottom:0px;padding-left:0px;}.wp-block-kadence-advancedheading.kt-adv-heading2217_499eb1-3e img.kb-inline-image, .wp-block-kadence-advancedheading.kt-adv-heading2217_499eb1-3e[data-kb-block=\"kb-adv-heading2217_499eb1-3e\"] img.kb-inline-image{width:150px;vertical-align:baseline;}<\/style>\n<h1 class=\"kt-adv-heading2217_499eb1-3e wp-block-kadence-advancedheading\" data-kb-block=\"kb-adv-heading2217_499eb1-3e\">Impressum<\/h1>\n\n\n<style>.kb-row-layout-id2217_565dfc-c3 > .kt-row-column-wrap{align-content:start;}:where(.kb-row-layout-id2217_565dfc-c3 > .kt-row-column-wrap) > .wp-block-kadence-column{justify-content:start;}.kb-row-layout-id2217_565dfc-c3 > .kt-row-column-wrap{column-gap:var(--global-kb-gap-md, 2rem);row-gap:var(--global-kb-gap-md, 2rem);padding-top:var(--global-kb-spacing-sm, 1.5rem);padding-bottom:var(--global-kb-spacing-sm, 1.5rem);grid-template-columns:repeat(2, minmax(0, 1fr));}.kb-row-layout-id2217_565dfc-c3 > .kt-row-layout-overlay{opacity:0.30;}@media all and (max-width: 1024px){.kb-row-layout-id2217_565dfc-c3 > .kt-row-column-wrap{grid-template-columns:repeat(2, minmax(0, 1fr));}}@media all and (max-width: 767px){.kb-row-layout-id2217_565dfc-c3 > .kt-row-column-wrap{grid-template-columns:minmax(0, 1fr);}}<\/style><div class=\"kb-row-layout-wrap kb-row-layout-id2217_565dfc-c3 alignnone wp-block-kadence-rowlayout\"><div class=\"kt-row-column-wrap kt-has-2-columns kt-row-layout-equal kt-tab-layout-inherit kt-mobile-layout-row kt-row-valign-top\">\n<style>.kadence-column2217_1782c0-bd > .kt-inside-inner-col,.kadence-column2217_1782c0-bd > .kt-inside-inner-col:before{border-top-left-radius:0px;border-top-right-radius:0px;border-bottom-right-radius:0px;border-bottom-left-radius:0px;}.kadence-column2217_1782c0-bd > .kt-inside-inner-col{column-gap:var(--global-kb-gap-sm, 1rem);}.kadence-column2217_1782c0-bd > .kt-inside-inner-col{flex-direction:column;}.kadence-column2217_1782c0-bd > .kt-inside-inner-col > .aligncenter{width:100%;}.kadence-column2217_1782c0-bd > .kt-inside-inner-col:before{opacity:0.3;}.kadence-column2217_1782c0-bd{position:relative;}@media all and (max-width: 1024px){.kadence-column2217_1782c0-bd > .kt-inside-inner-col{flex-direction:column;justify-content:center;}}@media all and (max-width: 767px){.kadence-column2217_1782c0-bd > .kt-inside-inner-col{flex-direction:column;justify-content:center;}}<\/style>\n<div class=\"wp-block-kadence-column kadence-column2217_1782c0-bd inner-column-1\"><div class=\"kt-inside-inner-col\">\n<p><strong>Aurora Kaas GmbH<\/strong><br>Im Hammereisen 55<br>D-47559 Kranenburg<br>Telefon: +49 (0)2826-9996740<\/p>\n\n\n\n<p>Kontrollstelle: DE-\u00d6KO-006<\/p>\n\n\n\n<p>Email:\u00a0sales@aurora-kaas.com<br>Gesch\u00e4ftsf\u00fchrer: Manon ten Dam, Harry ten Dam, Tim ten Dam<\/p>\n\n\n\n<h2 class=\"wp-block-heading has-theme-palette-3-color has-text-color\"><strong>Quellenangaben f\u00fcr die verwendeten Bilder:<\/strong><\/h2>\n\n\n\n<p>Wir danken den unterschiedlichen Fotografen f\u00fcr die zu Verf\u00fcgungstellung von Bildmaterial. Alle verwendeten Bilder unterliegen weiterhin dem Copyright der Urheber.<br><\/p>\n\n\n\n<p>Gem\u00e4\u00df \u00a7 28 BDSG widersprechen wir jeder kommerziellen Verwendung und Weitergabe unserer Daten.<br>Alle Abbildungen, Texte, Audio- und Videodaten im Rahmen dieser Internetpr\u00e4sentation sind urheberrechtlich gesch\u00fctzt. Jede kommerzielle Verwertung ist ohne Zustimmung unzul\u00e4ssig und strafbar.<\/p>\n\n\n\n<p>Wir verwenden an einigen stellen Stockmaterial von <a href=\"https:\/\/freepik.com\/\">https:\/\/freepik.com\/<\/a> die von dieser Quelle verwendeten Assets unterliegen weiterhin dem Copyright der Urheber.<br><\/p>\n\n\n\n<p>Bankverbindung:<br>IBAN: NL&nbsp;23 RABO 0325 3889 54<br>BIC: RABONL2U<br>Bank: Rabobank<\/p>\n\n\n\n<p>HRB 11587 Amtsgericht Kleve<br>Umsatzsteuer-ID: DE815369059<\/p>\n\n\n\n<p>Website:&nbsp;\u00a91996 &#8211; 2022 HPU INTERNET SERVICES B.V.<\/p>\n<\/div><\/div>\n\n\n<style>.kadence-column2217_f19659-3f > .kt-inside-inner-col,.kadence-column2217_f19659-3f > .kt-inside-inner-col:before{border-top-left-radius:0px;border-top-right-radius:0px;border-bottom-right-radius:0px;border-bottom-left-radius:0px;}.kadence-column2217_f19659-3f > .kt-inside-inner-col{column-gap:var(--global-kb-gap-sm, 1rem);}.kadence-column2217_f19659-3f > .kt-inside-inner-col{flex-direction:column;}.kadence-column2217_f19659-3f > .kt-inside-inner-col > .aligncenter{width:100%;}.kadence-column2217_f19659-3f > .kt-inside-inner-col:before{opacity:0.3;}.kadence-column2217_f19659-3f{position:relative;}@media all and (max-width: 1024px){.kadence-column2217_f19659-3f > .kt-inside-inner-col{flex-direction:column;justify-content:center;}}@media all and (max-width: 767px){.kadence-column2217_f19659-3f > .kt-inside-inner-col{flex-direction:column;justify-content:center;}}<\/style>\n<div class=\"wp-block-kadence-column kadence-column2217_f19659-3f inner-column-2\"><div class=\"kt-inside-inner-col\">\n<figure class=\"wp-block-image size-full is-resized\"><img loading=\"lazy\" decoding=\"async\" width=\"237\" height=\"151\" src=\"https:\/\/aurora-kaas.com\/wp-content\/uploads\/2022\/03\/logo-1.jpeg\" alt=\"\" class=\"wp-image-803\" style=\"width:350px;height:undefinedpx\"\/><\/figure>\n<\/div><\/div>\n\n<\/div><\/div><\/div><\/div>\n\n<\/div><\/div>","protected":false},"excerpt":{"rendered":"<p>Impressum Aurora Kaas GmbHIm Hammereisen 55D-47559 KranenburgTelefon: +49 (0)2826-9996740 Kontrollstelle: DE-\u00d6KO-006 Email:\u00a0sales@aurora-kaas.comGesch\u00e4ftsf\u00fchrer: Manon ten Dam, Harry ten Dam, Tim ten Dam Quellenangaben f\u00fcr die verwendeten Bilder: Wir danken den unterschiedlichen Fotografen f\u00fcr die zu Verf\u00fcgungstellung von Bildmaterial. Alle verwendeten Bilder unterliegen weiterhin dem Copyright der Urheber. Gem\u00e4\u00df \u00a7 28 BDSG widersprechen wir jeder kommerziellen Verwendung&#8230;<\/p>\n","protected":false},"author":1,"featured_media":0,"parent":0,"menu_order":0,"comment_status":"closed","ping_status":"closed","template":"","meta":{"inline_featured_image":false,"_kad_blocks_custom_css":"","_kad_blocks_head_custom_js":"","_kad_blocks_body_custom_js":"","_kad_blocks_footer_custom_js":"","_kadence_starter_templates_imported_post":false,"_kad_post_transparent":"","_kad_post_title":"","_kad_post_layout":"","_kad_post_sidebar_id":"","_kad_post_content_style":"","_kad_post_vertical_padding":"","_kad_post_feature":"","_kad_post_feature_position":"","_kad_post_header":false,"_kad_post_footer":false,"_kad_post_classname":"","footnotes":""},"class_list":["post-2217","page","type-page","status-publish","hentry"],"yoast_head":"<!-- This site is optimized with the Yoast SEO plugin v27.4 - https:\/\/yoast.com\/product\/yoast-seo-wordpress\/ -->\n<title>Impressum - Aurora kaas<\/title>\n<meta name=\"robots\" content=\"index, follow, max-snippet:-1, max-image-preview:large, max-video-preview:-1\" \/>\n<link rel=\"canonical\" href=\"https:\/\/aurora-kaas.com\/de\/impressum\/\" \/>\n<meta property=\"og:locale\" content=\"de_DE\" \/>\n<meta property=\"og:type\" content=\"article\" \/>\n<meta property=\"og:title\" content=\"Impressum - Aurora kaas\" \/>\n<meta property=\"og:description\" content=\"Impressum Aurora Kaas GmbHIm Hammereisen 55D-47559 KranenburgTelefon: +49 (0)2826-9996740 Kontrollstelle: DE-\u00d6KO-006 Email:\u00a0sales@aurora-kaas.comGesch\u00e4ftsf\u00fchrer: Manon ten Dam, Harry ten Dam, Tim ten Dam Quellenangaben f\u00fcr die verwendeten Bilder: Wir danken den unterschiedlichen Fotografen f\u00fcr die zu Verf\u00fcgungstellung von Bildmaterial. Alle verwendeten Bilder unterliegen weiterhin dem Copyright der Urheber. Gem\u00e4\u00df \u00a7 28 BDSG widersprechen wir jeder kommerziellen Verwendung...\" \/>\n<meta property=\"og:url\" content=\"https:\/\/aurora-kaas.com\/de\/impressum\/\" \/>\n<meta property=\"og:site_name\" content=\"Aurora kaas\" \/>\n<meta property=\"article:publisher\" content=\"https:\/\/www.facebook.com\/auroracheese\" \/>\n<meta property=\"article:modified_time\" content=\"2026-03-25T13:00:47+00:00\" \/>\n<meta property=\"og:image\" content=\"https:\/\/aurora-kaas.com\/wp-content\/uploads\/2022\/03\/logo-1.jpeg\" \/>\n\t<meta property=\"og:image:width\" content=\"237\" \/>\n\t<meta property=\"og:image:height\" content=\"151\" \/>\n\t<meta property=\"og:image:type\" content=\"image\/jpeg\" \/>\n<meta name=\"twitter:card\" content=\"summary_large_image\" \/>\n<meta name=\"twitter:label1\" content=\"Gesch\u00e4tzte Lesezeit\" \/>\n\t<meta name=\"twitter:data1\" content=\"3\u00a0Minuten\" \/>\n<script type=\"application\/ld+json\" class=\"yoast-schema-graph\">{\"@context\":\"https:\\\/\\\/schema.org\",\"@graph\":[{\"@type\":\"WebPage\",\"@id\":\"https:\\\/\\\/aurora-kaas.com\\\/de\\\/impressum\\\/\",\"url\":\"https:\\\/\\\/aurora-kaas.com\\\/de\\\/impressum\\\/\",\"name\":\"Impressum - Aurora kaas\",\"isPartOf\":{\"@id\":\"https:\\\/\\\/aurora-kaas.com\\\/de\\\/#website\"},\"primaryImageOfPage\":{\"@id\":\"https:\\\/\\\/aurora-kaas.com\\\/de\\\/impressum\\\/#primaryimage\"},\"image\":{\"@id\":\"https:\\\/\\\/aurora-kaas.com\\\/de\\\/impressum\\\/#primaryimage\"},\"thumbnailUrl\":\"https:\\\/\\\/aurora-kaas.com\\\/wp-content\\\/uploads\\\/2022\\\/03\\\/logo-1.jpeg\",\"datePublished\":\"2022-03-16T15:11:27+00:00\",\"dateModified\":\"2026-03-25T13:00:47+00:00\",\"breadcrumb\":{\"@id\":\"https:\\\/\\\/aurora-kaas.com\\\/de\\\/impressum\\\/#breadcrumb\"},\"inLanguage\":\"de\",\"potentialAction\":[{\"@type\":\"ReadAction\",\"target\":[\"https:\\\/\\\/aurora-kaas.com\\\/de\\\/impressum\\\/\"]}]},{\"@type\":\"ImageObject\",\"inLanguage\":\"de\",\"@id\":\"https:\\\/\\\/aurora-kaas.com\\\/de\\\/impressum\\\/#primaryimage\",\"url\":\"https:\\\/\\\/aurora-kaas.com\\\/wp-content\\\/uploads\\\/2022\\\/03\\\/logo-1.jpeg\",\"contentUrl\":\"https:\\\/\\\/aurora-kaas.com\\\/wp-content\\\/uploads\\\/2022\\\/03\\\/logo-1.jpeg\"},{\"@type\":\"BreadcrumbList\",\"@id\":\"https:\\\/\\\/aurora-kaas.com\\\/de\\\/impressum\\\/#breadcrumb\",\"itemListElement\":[{\"@type\":\"ListItem\",\"position\":1,\"name\":\"Startseite\",\"item\":\"https:\\\/\\\/aurora-kaas.com\\\/de\\\/\"},{\"@type\":\"ListItem\",\"position\":2,\"name\":\"Impressum\"}]},{\"@type\":\"WebSite\",\"@id\":\"https:\\\/\\\/aurora-kaas.com\\\/de\\\/#website\",\"url\":\"https:\\\/\\\/aurora-kaas.com\\\/de\\\/\",\"name\":\"Aurora Kaas\",\"description\":\"Biok\u00e4se vom Niederrhein\",\"publisher\":{\"@id\":\"https:\\\/\\\/aurora-kaas.com\\\/de\\\/#organization\"},\"potentialAction\":[{\"@type\":\"SearchAction\",\"target\":{\"@type\":\"EntryPoint\",\"urlTemplate\":\"https:\\\/\\\/aurora-kaas.com\\\/de\\\/?s={search_term_string}\"},\"query-input\":{\"@type\":\"PropertyValueSpecification\",\"valueRequired\":true,\"valueName\":\"search_term_string\"}}],\"inLanguage\":\"de\"},{\"@type\":\"Organization\",\"@id\":\"https:\\\/\\\/aurora-kaas.com\\\/de\\\/#organization\",\"name\":\"Aurora Kaas GmbH\",\"url\":\"https:\\\/\\\/aurora-kaas.com\\\/de\\\/\",\"logo\":{\"@type\":\"ImageObject\",\"inLanguage\":\"de\",\"@id\":\"https:\\\/\\\/aurora-kaas.com\\\/de\\\/#\\\/schema\\\/logo\\\/image\\\/\",\"url\":\"https:\\\/\\\/aurora-kaas.com\\\/wp-content\\\/uploads\\\/2022\\\/03\\\/logo.svg\",\"contentUrl\":\"https:\\\/\\\/aurora-kaas.com\\\/wp-content\\\/uploads\\\/2022\\\/03\\\/logo.svg\",\"width\":155,\"height\":82,\"caption\":\"Aurora Kaas GmbH\"},\"image\":{\"@id\":\"https:\\\/\\\/aurora-kaas.com\\\/de\\\/#\\\/schema\\\/logo\\\/image\\\/\"},\"sameAs\":[\"https:\\\/\\\/www.facebook.com\\\/auroracheese\",\"https:\\\/\\\/www.instagram.com\\\/aurora_kaas\\\/\"]}]}<\/script>\n<!-- \/ Yoast SEO plugin. -->","yoast_head_json":{"title":"Impressum - Aurora kaas","robots":{"index":"index","follow":"follow","max-snippet":"max-snippet:-1","max-image-preview":"max-image-preview:large","max-video-preview":"max-video-preview:-1"},"canonical":"https:\/\/aurora-kaas.com\/de\/impressum\/","og_locale":"de_DE","og_type":"article","og_title":"Impressum - Aurora kaas","og_description":"Impressum Aurora Kaas GmbHIm Hammereisen 55D-47559 KranenburgTelefon: +49 (0)2826-9996740 Kontrollstelle: DE-\u00d6KO-006 Email:\u00a0sales@aurora-kaas.comGesch\u00e4ftsf\u00fchrer: Manon ten Dam, Harry ten Dam, Tim ten Dam Quellenangaben f\u00fcr die verwendeten Bilder: Wir danken den unterschiedlichen Fotografen f\u00fcr die zu Verf\u00fcgungstellung von Bildmaterial. Alle verwendeten Bilder unterliegen weiterhin dem Copyright der Urheber. Gem\u00e4\u00df \u00a7 28 BDSG widersprechen wir jeder kommerziellen Verwendung...","og_url":"https:\/\/aurora-kaas.com\/de\/impressum\/","og_site_name":"Aurora kaas","article_publisher":"https:\/\/www.facebook.com\/auroracheese","article_modified_time":"2026-03-25T13:00:47+00:00","og_image":[{"width":237,"height":151,"url":"https:\/\/aurora-kaas.com\/wp-content\/uploads\/2022\/03\/logo-1.jpeg","type":"image\/jpeg"}],"twitter_card":"summary_large_image","twitter_misc":{"Gesch\u00e4tzte Lesezeit":"3\u00a0Minuten"},"schema":{"@context":"https:\/\/schema.org","@graph":[{"@type":"WebPage","@id":"https:\/\/aurora-kaas.com\/de\/impressum\/","url":"https:\/\/aurora-kaas.com\/de\/impressum\/","name":"Impressum - Aurora kaas","isPartOf":{"@id":"https:\/\/aurora-kaas.com\/de\/#website"},"primaryImageOfPage":{"@id":"https:\/\/aurora-kaas.com\/de\/impressum\/#primaryimage"},"image":{"@id":"https:\/\/aurora-kaas.com\/de\/impressum\/#primaryimage"},"thumbnailUrl":"https:\/\/aurora-kaas.com\/wp-content\/uploads\/2022\/03\/logo-1.jpeg","datePublished":"2022-03-16T15:11:27+00:00","dateModified":"2026-03-25T13:00:47+00:00","breadcrumb":{"@id":"https:\/\/aurora-kaas.com\/de\/impressum\/#breadcrumb"},"inLanguage":"de","potentialAction":[{"@type":"ReadAction","target":["https:\/\/aurora-kaas.com\/de\/impressum\/"]}]},{"@type":"ImageObject","inLanguage":"de","@id":"https:\/\/aurora-kaas.com\/de\/impressum\/#primaryimage","url":"https:\/\/aurora-kaas.com\/wp-content\/uploads\/2022\/03\/logo-1.jpeg","contentUrl":"https:\/\/aurora-kaas.com\/wp-content\/uploads\/2022\/03\/logo-1.jpeg"},{"@type":"BreadcrumbList","@id":"https:\/\/aurora-kaas.com\/de\/impressum\/#breadcrumb","itemListElement":[{"@type":"ListItem","position":1,"name":"Startseite","item":"https:\/\/aurora-kaas.com\/de\/"},{"@type":"ListItem","position":2,"name":"Impressum"}]},{"@type":"WebSite","@id":"https:\/\/aurora-kaas.com\/de\/#website","url":"https:\/\/aurora-kaas.com\/de\/","name":"Aurora Kaas","description":"Biok\u00e4se vom Niederrhein","publisher":{"@id":"https:\/\/aurora-kaas.com\/de\/#organization"},"potentialAction":[{"@type":"SearchAction","target":{"@type":"EntryPoint","urlTemplate":"https:\/\/aurora-kaas.com\/de\/?s={search_term_string}"},"query-input":{"@type":"PropertyValueSpecification","valueRequired":true,"valueName":"search_term_string"}}],"inLanguage":"de"},{"@type":"Organization","@id":"https:\/\/aurora-kaas.com\/de\/#organization","name":"Aurora Kaas GmbH","url":"https:\/\/aurora-kaas.com\/de\/","logo":{"@type":"ImageObject","inLanguage":"de","@id":"https:\/\/aurora-kaas.com\/de\/#\/schema\/logo\/image\/","url":"https:\/\/aurora-kaas.com\/wp-content\/uploads\/2022\/03\/logo.svg","contentUrl":"https:\/\/aurora-kaas.com\/wp-content\/uploads\/2022\/03\/logo.svg","width":155,"height":82,"caption":"Aurora Kaas GmbH"},"image":{"@id":"https:\/\/aurora-kaas.com\/de\/#\/schema\/logo\/image\/"},"sameAs":["https:\/\/www.facebook.com\/auroracheese","https:\/\/www.instagram.com\/aurora_kaas\/"]}]}},"taxonomy_info":[],"featured_image_src_large":false,"author_info":{"display_name":"HPU Internet Services","author_link":"https:\/\/aurora-kaas.com\/de\/author\/admin_55mrb345\/"},"comment_info":0,"_links":{"self":[{"href":"https:\/\/aurora-kaas.com\/de\/wp-json\/wp\/v2\/pages\/2217","targetHints":{"allow":["GET"]}}],"collection":[{"href":"https:\/\/aurora-kaas.com\/de\/wp-json\/wp\/v2\/pages"}],"about":[{"href":"https:\/\/aurora-kaas.com\/de\/wp-json\/wp\/v2\/types\/page"}],"author":[{"embeddable":true,"href":"https:\/\/aurora-kaas.com\/de\/wp-json\/wp\/v2\/users\/1"}],"replies":[{"embeddable":true,"href":"https:\/\/aurora-kaas.com\/de\/wp-json\/wp\/v2\/comments?post=2217"}],"version-history":[{"count":7,"href":"https:\/\/aurora-kaas.com\/de\/wp-json\/wp\/v2\/pages\/2217\/revisions"}],"predecessor-version":[{"id":9036,"href":"https:\/\/aurora-kaas.com\/de\/wp-json\/wp\/v2\/pages\/2217\/revisions\/9036"}],"wp:attachment":[{"href":"https:\/\/aurora-kaas.com\/de\/wp-json\/wp\/v2\/media?parent=2217"}],"curies":[{"name":"wp","href":"https:\/\/api.w.org\/{rel}","templated":true}]}}