{"id":2353,"date":"2022-04-13T14:59:11","date_gmt":"2022-04-13T14:59:11","guid":{"rendered":"https:\/\/aurora-kaas.com\/?page_id=2353"},"modified":"2022-04-13T14:59:11","modified_gmt":"2022-04-13T14:59:11","slug":"scheibenkaese","status":"publish","type":"page","link":"https:\/\/aurora-kaas.com\/de\/unsere-kaese\/scheibenkaese\/","title":{"rendered":"Scheibenk\u00e4se"},"content":{"rendered":"<style>.kb-advanced-slider-_27561e-62 .kb-slider-size-fixed .kb-advanced-slide-inner-wrap{min-height:700px;}.kb-advanced-slider-_27561e-62 .kb-slider-pause-button{color:#fff;background-color:transparent;border:2px solid #fff;}@media all and (max-width: 1024px){.kb-advanced-slider-_27561e-62 .kb-slider-size-fixed .kb-advanced-slide-inner-wrap{min-height:400px;}}@media all and (max-width: 767px){.kb-advanced-slider-_27561e-62 .kb-slider-size-fixed .kb-advanced-slide-inner-wrap{min-height:350px;}}<\/style>\n<div class=\"wp-block-kadence-slider kb-advanced-slider kb-advanced-slider-_27561e-62\"><div class=\"kb-advanced-slider-inner-contain\"><div class=\"kb-blocks-advanced-carousel kt-blocks-carousel kt-carousel-container-dotstyle-dark\"><div class=\"kb-blocks-advanced-slider-init kb-slider-loading kb-blocks-slider kt-carousel-arrowstyle-outlinewhite kt-carousel-dotstyle-dark kb-slider-size-fixed kb-slider-ratio-12-5 kb-slider-tab-ratio-inherit kb-slider-mobile-ratio-inherit\" data-slider-anim-speed=\"400\" data-slider-type=\"slider\" data-slider-scroll=\"1\" data-slider-fade=\"true\" data-slider-arrows=\"true\" data-slider-dots=\"true\" data-slider-hover-pause=\"false\" data-slider-auto=\"false\" data-slider-speed=\"7000\">\n<div class=\"wp-block-kadence-slide kb-advanced-slide-item kb-slide-_42a694-e5\"><div class=\"kb-advanced-slide\"><div class=\"kb-advanced-slide-inner-wrap\" style=\"background-image:url(https:\/\/aurora-kaas.com\/wp-content\/uploads\/2022\/03\/2000px_IMA7654.jpeg);background-size:cover;background-position:center center;background-repeat:no-repeat\"><div class=\"kb-advanced-slide-inner\"><\/div><\/div><\/div><\/div>\n<\/div><\/div><\/div><\/div>\n\n\n\n\n<style>.kb-row-layout-id_3301d4-7b > .kt-row-column-wrap{align-content:start;}:where(.kb-row-layout-id_3301d4-7b > .kt-row-column-wrap) > .wp-block-kadence-column{justify-content:start;}.kb-row-layout-id_3301d4-7b > .kt-row-column-wrap{column-gap:var(--global-kb-gap-md, 2rem);row-gap:var(--global-kb-gap-md, 2rem);padding-top:var(--global-kb-spacing-sm, 1.5rem);padding-bottom:var(--global-kb-spacing-sm, 1.5rem);grid-template-columns:minmax(0, 1fr);}.kb-row-layout-id_3301d4-7b > .kt-row-layout-overlay{opacity:0.30;}@media all and (max-width: 1024px){.kb-row-layout-id_3301d4-7b > .kt-row-column-wrap{grid-template-columns:minmax(0, 1fr);}}@media all and (max-width: 767px){.kb-row-layout-id_3301d4-7b > .kt-row-column-wrap{grid-template-columns:minmax(0, 1fr);}}<\/style><div class=\"kb-row-layout-wrap kb-row-layout-id_3301d4-7b alignnone header-text-overlay wp-block-kadence-rowlayout\"><div class=\"kt-row-column-wrap kt-has-1-columns kt-row-layout-equal kt-tab-layout-inherit kt-mobile-layout-row kt-row-valign-top\">\n<style>.kadence-column_979397-6a > .kt-inside-inner-col,.kadence-column_979397-6a > .kt-inside-inner-col:before{border-top-left-radius:0px;border-top-right-radius:0px;border-bottom-right-radius:0px;border-bottom-left-radius:0px;}.kadence-column_979397-6a > .kt-inside-inner-col{column-gap:var(--global-kb-gap-sm, 1rem);}.kadence-column_979397-6a > .kt-inside-inner-col{flex-direction:column;}.kadence-column_979397-6a > .kt-inside-inner-col > .aligncenter{width:100%;}.kadence-column_979397-6a > .kt-inside-inner-col:before{opacity:0.3;}.kadence-column_979397-6a{position:relative;}@media all and (max-width: 1024px){.kadence-column_979397-6a > .kt-inside-inner-col{flex-direction:column;justify-content:center;}}@media all and (max-width: 767px){.kadence-column_979397-6a > .kt-inside-inner-col{flex-direction:column;justify-content:center;}}<\/style>\n<div class=\"wp-block-kadence-column kadence-column_979397-6a inner-column-1\"><div class=\"kt-inside-inner-col\"><\/div><\/div>\n\n<\/div><\/div>\n\n<style>#kt-layout-id_8ab6ad-a3 > .kt-row-column-wrap{align-content:start;}:where(#kt-layout-id_8ab6ad-a3 > .kt-row-column-wrap) > .wp-block-kadence-column{justify-content:start;}#kt-layout-id_8ab6ad-a3 > .kt-row-column-wrap{column-gap:var(--global-kb-gap-md, 2rem);row-gap:var(--global-kb-gap-md, 2rem);max-width:var( --global-content-width, 1290px );padding-left:var(--global-content-edge-padding);padding-right:var(--global-content-edge-padding);padding-top:var( --global-kb-row-default-top, 25px );padding-bottom:var( --global-kb-row-default-bottom, 25px );padding-top:var(--global-kb-spacing-sm, 1.5rem);padding-bottom:var(--global-kb-spacing-sm, 1.5rem);grid-template-columns:minmax(0, 1fr);}#kt-layout-id_8ab6ad-a3 > .kt-row-layout-overlay{opacity:0.30;}@media all and (max-width: 1024px){#kt-layout-id_8ab6ad-a3 > .kt-row-column-wrap{grid-template-columns:minmax(0, 1fr);}}@media all and (max-width: 767px){#kt-layout-id_8ab6ad-a3 > .kt-row-column-wrap{grid-template-columns:minmax(0, 1fr);}}<\/style>\n<div class=\"wp-block-kadence-rowlayout alignnone\"><div id=\"kt-layout-id_8ab6ad-a3\" class=\"kt-row-layout-inner kt-layout-id_8ab6ad-a3\"><div class=\"kt-row-column-wrap kt-has-1-columns kt-gutter-default kt-v-gutter-default kt-row-valign-top kt-row-layout-equal kt-tab-layout-inherit kt-m-colapse-left-to-right kt-mobile-layout-row kb-theme-content-width\"><style>.kadence-column_1be1f2-99 > .kt-inside-inner-col{border-top-width:0px;border-right-width:0px;border-bottom-width:0px;border-left-width:0px;}.kadence-column_1be1f2-99 > .kt-inside-inner-col,.kadence-column_1be1f2-99 > .kt-inside-inner-col:before{border-top-left-radius:0px;border-top-right-radius:0px;border-bottom-right-radius:0px;border-bottom-left-radius:0px;}.kadence-column_1be1f2-99 > .kt-inside-inner-col{column-gap:var(--global-kb-gap-sm, 1rem);}.kadence-column_1be1f2-99 > .kt-inside-inner-col{flex-direction:column;}.kadence-column_1be1f2-99 > .kt-inside-inner-col > .aligncenter{width:100%;}.kadence-column_1be1f2-99 > .kt-inside-inner-col:before{opacity:0.3;}.kadence-column_1be1f2-99{position:relative;}@media all and (max-width: 1024px){.kadence-column_1be1f2-99 > .kt-inside-inner-col{flex-direction:column;justify-content:center;}}@media all and (max-width: 767px){.kadence-column_1be1f2-99 > .kt-inside-inner-col{flex-direction:column;justify-content:center;}}<\/style>\n<div class=\"wp-block-kadence-column inner-column-1 kadence-column_1be1f2-99\"><div class=\"kt-inside-inner-col\">\n<h1 class=\"wp-block-heading\">Aurora Gouda Scheiben<\/h1>\n\n\n\n<p>Die drei Klassiker von Aurora, jetzt auch als Scheibenk\u00e4se<\/p>\n\n\n\n<p>Seit Februar 2022 sind unsere beliebten Klassiker Aurora Gold Gouda Jung, Aurora Gold Gouda Mittel Alt und Aurora Gold&nbsp; Ziegen Gouda Mild auch als frisch geschnittener Scheibenk\u00e4se in der wiederverschlie\u00dfbaren Verpackung erh\u00e4ltlich.<\/p>\n\n\n\n<p>Alle Gouda Schnittk\u00e4se werden aus nat\u00fcrlich rindengereiften Carronk\u00e4se hergestellt. Dadurch&nbsp;erhalten die Scheiben die perfekte Form f\u00fcr die Scheibe Brot.<\/p>\n\n\n<style>#kt-layout-id_ed3adb-ee > .kt-row-column-wrap{align-content:start;}:where(#kt-layout-id_ed3adb-ee > .kt-row-column-wrap) > .wp-block-kadence-column{justify-content:start;}#kt-layout-id_ed3adb-ee > .kt-row-column-wrap{column-gap:var(--global-kb-gap-md, 2rem);row-gap:var(--global-kb-gap-md, 2rem);padding-top:var( --global-kb-row-default-top, 25px );padding-bottom:var( --global-kb-row-default-bottom, 25px );padding-top:var(--global-kb-spacing-sm, 1.5rem);padding-bottom:var(--global-kb-spacing-sm, 1.5rem);}#kt-layout-id_ed3adb-ee > .kt-row-column-wrap > div:not(.added-for-specificity){grid-column:initial;}#kt-layout-id_ed3adb-ee > .kt-row-column-wrap{grid-template-columns:repeat(3, minmax(0, 1fr));}#kt-layout-id_ed3adb-ee > .kt-row-layout-overlay{opacity:0.30;}@media all and (max-width: 1024px){#kt-layout-id_ed3adb-ee > .kt-row-column-wrap > div:not(.added-for-specificity){grid-column:initial;}}@media all and (max-width: 1024px){#kt-layout-id_ed3adb-ee > .kt-row-column-wrap{grid-template-columns:repeat(3, minmax(0, 1fr));}}@media all and (max-width: 767px){#kt-layout-id_ed3adb-ee > .kt-row-column-wrap > div:not(.added-for-specificity){grid-column:initial;}#kt-layout-id_ed3adb-ee > .kt-row-column-wrap{grid-template-columns:minmax(0, 1fr);}}<\/style>\n<div class=\"wp-block-kadence-rowlayout alignnone\"><div id=\"kt-layout-id_ed3adb-ee\" class=\"kt-row-layout-inner kt-layout-id_ed3adb-ee\"><div class=\"kt-row-column-wrap kt-has-3-columns kt-gutter-default kt-v-gutter-default kt-row-valign-top kt-row-layout-equal kt-tab-layout-inherit kt-m-colapse-left-to-right kt-mobile-layout-row\"><style>.kadence-column_25fbdf-80 > .kt-inside-inner-col{border-top-width:0px;border-right-width:0px;border-bottom-width:0px;border-left-width:0px;}.kadence-column_25fbdf-80 > .kt-inside-inner-col,.kadence-column_25fbdf-80 > .kt-inside-inner-col:before{border-top-left-radius:0px;border-top-right-radius:0px;border-bottom-right-radius:0px;border-bottom-left-radius:0px;}.kadence-column_25fbdf-80 > .kt-inside-inner-col{column-gap:var(--global-kb-gap-sm, 1rem);}.kadence-column_25fbdf-80 > .kt-inside-inner-col{flex-direction:column;}.kadence-column_25fbdf-80 > .kt-inside-inner-col > .aligncenter{width:100%;}.kadence-column_25fbdf-80 > .kt-inside-inner-col:before{opacity:0.3;}.kadence-column_25fbdf-80{position:relative;}@media all and (max-width: 1024px){.kadence-column_25fbdf-80 > .kt-inside-inner-col{flex-direction:column;justify-content:center;}}@media all and (max-width: 767px){.kadence-column_25fbdf-80 > .kt-inside-inner-col{flex-direction:column;justify-content:center;}}<\/style>\n<div class=\"wp-block-kadence-column inner-column-1 kadence-column_25fbdf-80\"><div class=\"kt-inside-inner-col\">\n<figure class=\"wp-block-image size-full\"><img loading=\"lazy\" decoding=\"async\" width=\"467\" height=\"649\" src=\"https:\/\/aurora-kaas.com\/wp-content\/uploads\/2022\/03\/945521E7-340E-11B5-163D-335A6FCE98EA-1.jpeg\" alt=\"\" class=\"wp-image-674\" srcset=\"https:\/\/aurora-kaas.com\/wp-content\/uploads\/2022\/03\/945521E7-340E-11B5-163D-335A6FCE98EA-1.jpeg 467w, https:\/\/aurora-kaas.com\/wp-content\/uploads\/2022\/03\/945521E7-340E-11B5-163D-335A6FCE98EA-1-216x300.jpeg 216w\" sizes=\"auto, (max-width: 467px) 100vw, 467px\" \/><\/figure>\n\n\n\n<p class=\"has-text-align-center\">Aurora Gouda Scheiben Jung<\/p>\n\n\n\n<p class=\"has-text-align-center\">Herrlich sahnig und mild<\/p>\n\n\n\n<p class=\"has-text-align-center\">150 g Packung&nbsp;<\/p>\n\n\n\n<p class=\"has-text-align-center\"><em>ohne Rinde<\/em><\/p>\n<\/div><\/div>\n\n\n<style>.kadence-column_8527fa-d0 > .kt-inside-inner-col{border-top-width:0px;border-right-width:0px;border-bottom-width:0px;border-left-width:0px;}.kadence-column_8527fa-d0 > .kt-inside-inner-col,.kadence-column_8527fa-d0 > .kt-inside-inner-col:before{border-top-left-radius:0px;border-top-right-radius:0px;border-bottom-right-radius:0px;border-bottom-left-radius:0px;}.kadence-column_8527fa-d0 > .kt-inside-inner-col{column-gap:var(--global-kb-gap-sm, 1rem);}.kadence-column_8527fa-d0 > .kt-inside-inner-col{flex-direction:column;}.kadence-column_8527fa-d0 > .kt-inside-inner-col > .aligncenter{width:100%;}.kadence-column_8527fa-d0 > .kt-inside-inner-col:before{opacity:0.3;}.kadence-column_8527fa-d0{position:relative;}@media all and (max-width: 1024px){.kadence-column_8527fa-d0 > .kt-inside-inner-col{flex-direction:column;justify-content:center;}}@media all and (max-width: 767px){.kadence-column_8527fa-d0 > .kt-inside-inner-col{flex-direction:column;justify-content:center;}}<\/style>\n<div class=\"wp-block-kadence-column inner-column-2 kadence-column_8527fa-d0\"><div class=\"kt-inside-inner-col\">\n<figure class=\"wp-block-image size-full\"><img loading=\"lazy\" decoding=\"async\" width=\"467\" height=\"617\" src=\"https:\/\/aurora-kaas.com\/wp-content\/uploads\/2022\/03\/C6A0A1CA-B5E2-561C-63F2-CB394474A7EF.jpeg\" alt=\"\" class=\"wp-image-675\" srcset=\"https:\/\/aurora-kaas.com\/wp-content\/uploads\/2022\/03\/C6A0A1CA-B5E2-561C-63F2-CB394474A7EF.jpeg 467w, https:\/\/aurora-kaas.com\/wp-content\/uploads\/2022\/03\/C6A0A1CA-B5E2-561C-63F2-CB394474A7EF-227x300.jpeg 227w\" sizes=\"auto, (max-width: 467px) 100vw, 467px\" \/><\/figure>\n\n\n\n<p class=\"has-text-align-center\">Aurora Gouda Scheiben Mittel Alt<\/p>\n\n\n\n<p class=\"has-text-align-center\">Mindestens drei Monate gereift, angenehm pikant und sahnig&nbsp;<\/p>\n\n\n\n<p class=\"has-text-align-center\">150 g Packung&nbsp;<\/p>\n\n\n\n<p class=\"has-text-align-center\">ohne Rinde<\/p>\n<\/div><\/div>\n\n\n<style>.kadence-column_b90372-c4 > .kt-inside-inner-col{border-top-width:0px;border-right-width:0px;border-bottom-width:0px;border-left-width:0px;}.kadence-column_b90372-c4 > .kt-inside-inner-col,.kadence-column_b90372-c4 > .kt-inside-inner-col:before{border-top-left-radius:0px;border-top-right-radius:0px;border-bottom-right-radius:0px;border-bottom-left-radius:0px;}.kadence-column_b90372-c4 > .kt-inside-inner-col{column-gap:var(--global-kb-gap-sm, 1rem);}.kadence-column_b90372-c4 > .kt-inside-inner-col{flex-direction:column;}.kadence-column_b90372-c4 > .kt-inside-inner-col > .aligncenter{width:100%;}.kadence-column_b90372-c4 > .kt-inside-inner-col:before{opacity:0.3;}.kadence-column_b90372-c4{position:relative;}@media all and (max-width: 1024px){.kadence-column_b90372-c4 > .kt-inside-inner-col{flex-direction:column;justify-content:center;}}@media all and (max-width: 767px){.kadence-column_b90372-c4 > .kt-inside-inner-col{flex-direction:column;justify-content:center;}}<\/style>\n<div class=\"wp-block-kadence-column inner-column-3 kadence-column_b90372-c4\"><div class=\"kt-inside-inner-col\">\n<figure class=\"wp-block-image size-full\"><img loading=\"lazy\" decoding=\"async\" width=\"467\" height=\"633\" src=\"https:\/\/aurora-kaas.com\/wp-content\/uploads\/2022\/03\/96683A58-63EC-8931-3209-5C5469B96B4E.jpeg\" alt=\"\" class=\"wp-image-676\" srcset=\"https:\/\/aurora-kaas.com\/wp-content\/uploads\/2022\/03\/96683A58-63EC-8931-3209-5C5469B96B4E.jpeg 467w, https:\/\/aurora-kaas.com\/wp-content\/uploads\/2022\/03\/96683A58-63EC-8931-3209-5C5469B96B4E-221x300.jpeg 221w\" sizes=\"auto, (max-width: 467px) 100vw, 467px\" \/><\/figure>\n\n\n\n<p class=\"has-text-align-center\">Aurora Scheiben Ziegen Gouda Mild<\/p>\n\n\n\n<p class=\"has-text-align-center\">Junger Ziegen Gouda mit feinem Geschmack&nbsp; &nbsp; &nbsp;<\/p>\n\n\n\n<p class=\"has-text-align-center\">125g Packung<\/p>\n\n\n\n<p class=\"has-text-align-center\">ohne Rinde<\/p>\n<\/div><\/div>\n<\/div><\/div><\/div>\n<\/div><\/div>\n<\/div><\/div><\/div>\n","protected":false},"excerpt":{"rendered":"<p>Aurora Gouda Scheiben Die drei Klassiker von Aurora, jetzt auch als Scheibenk\u00e4se Seit Februar 2022 sind unsere beliebten Klassiker Aurora Gold Gouda Jung, Aurora Gold Gouda Mittel Alt und Aurora Gold&nbsp; Ziegen Gouda Mild auch als frisch geschnittener Scheibenk\u00e4se in der wiederverschlie\u00dfbaren Verpackung erh\u00e4ltlich. Alle Gouda Schnittk\u00e4se werden aus nat\u00fcrlich rindengereiften Carronk\u00e4se hergestellt. Dadurch&nbsp;erhalten die&#8230;<\/p>\n","protected":false},"author":1,"featured_media":0,"parent":1825,"menu_order":0,"comment_status":"closed","ping_status":"closed","template":"","meta":{"inline_featured_image":false,"_kad_blocks_custom_css":"","_kad_blocks_head_custom_js":"","_kad_blocks_body_custom_js":"","_kad_blocks_footer_custom_js":"","_kadence_starter_templates_imported_post":false,"_kad_post_transparent":"","_kad_post_title":"","_kad_post_layout":"","_kad_post_sidebar_id":"","_kad_post_content_style":"","_kad_post_vertical_padding":"","_kad_post_feature":"","_kad_post_feature_position":"","_kad_post_header":false,"_kad_post_footer":false,"_kad_post_classname":"","footnotes":""},"class_list":["post-2353","page","type-page","status-publish","hentry"],"yoast_head":"<!-- This site is optimized with the Yoast SEO plugin v27.4 - https:\/\/yoast.com\/product\/yoast-seo-wordpress\/ -->\n<title>Scheibenk\u00e4se - Aurora kaas<\/title>\n<meta name=\"robots\" content=\"index, follow, max-snippet:-1, max-image-preview:large, max-video-preview:-1\" \/>\n<link rel=\"canonical\" href=\"https:\/\/aurora-kaas.com\/de\/unsere-kaese\/scheibenkaese\/\" \/>\n<meta property=\"og:locale\" content=\"de_DE\" \/>\n<meta property=\"og:type\" content=\"article\" \/>\n<meta property=\"og:title\" content=\"Scheibenk\u00e4se - Aurora kaas\" \/>\n<meta property=\"og:description\" content=\"Aurora Gouda Scheiben Die drei Klassiker von Aurora, jetzt auch als Scheibenk\u00e4se Seit Februar 2022 sind unsere beliebten Klassiker Aurora Gold Gouda Jung, Aurora Gold Gouda Mittel Alt und Aurora Gold&nbsp; Ziegen Gouda Mild auch als frisch geschnittener Scheibenk\u00e4se in der wiederverschlie\u00dfbaren Verpackung erh\u00e4ltlich. Alle Gouda Schnittk\u00e4se werden aus nat\u00fcrlich rindengereiften Carronk\u00e4se hergestellt. Dadurch&nbsp;erhalten die...\" \/>\n<meta property=\"og:url\" content=\"https:\/\/aurora-kaas.com\/de\/unsere-kaese\/scheibenkaese\/\" \/>\n<meta property=\"og:site_name\" content=\"Aurora kaas\" \/>\n<meta property=\"article:publisher\" content=\"https:\/\/www.facebook.com\/auroracheese\" \/>\n<meta property=\"og:image\" content=\"https:\/\/aurora-kaas.com\/wp-content\/uploads\/2022\/03\/945521E7-340E-11B5-163D-335A6FCE98EA-1.jpeg\" \/>\n<meta name=\"twitter:card\" content=\"summary_large_image\" \/>\n<meta name=\"twitter:label1\" content=\"Gesch\u00e4tzte Lesezeit\" \/>\n\t<meta name=\"twitter:data1\" content=\"1\u00a0Minute\" \/>\n<script type=\"application\/ld+json\" class=\"yoast-schema-graph\">{\"@context\":\"https:\\\/\\\/schema.org\",\"@graph\":[{\"@type\":\"WebPage\",\"@id\":\"https:\\\/\\\/aurora-kaas.com\\\/de\\\/unsere-kaese\\\/scheibenkaese\\\/\",\"url\":\"https:\\\/\\\/aurora-kaas.com\\\/de\\\/unsere-kaese\\\/scheibenkaese\\\/\",\"name\":\"Scheibenk\u00e4se - Aurora kaas\",\"isPartOf\":{\"@id\":\"https:\\\/\\\/aurora-kaas.com\\\/de\\\/#website\"},\"primaryImageOfPage\":{\"@id\":\"https:\\\/\\\/aurora-kaas.com\\\/de\\\/unsere-kaese\\\/scheibenkaese\\\/#primaryimage\"},\"image\":{\"@id\":\"https:\\\/\\\/aurora-kaas.com\\\/de\\\/unsere-kaese\\\/scheibenkaese\\\/#primaryimage\"},\"thumbnailUrl\":\"https:\\\/\\\/aurora-kaas.com\\\/wp-content\\\/uploads\\\/2022\\\/03\\\/945521E7-340E-11B5-163D-335A6FCE98EA-1.jpeg\",\"datePublished\":\"2022-04-13T14:59:11+00:00\",\"breadcrumb\":{\"@id\":\"https:\\\/\\\/aurora-kaas.com\\\/de\\\/unsere-kaese\\\/scheibenkaese\\\/#breadcrumb\"},\"inLanguage\":\"de\",\"potentialAction\":[{\"@type\":\"ReadAction\",\"target\":[\"https:\\\/\\\/aurora-kaas.com\\\/de\\\/unsere-kaese\\\/scheibenkaese\\\/\"]}]},{\"@type\":\"ImageObject\",\"inLanguage\":\"de\",\"@id\":\"https:\\\/\\\/aurora-kaas.com\\\/de\\\/unsere-kaese\\\/scheibenkaese\\\/#primaryimage\",\"url\":\"https:\\\/\\\/aurora-kaas.com\\\/wp-content\\\/uploads\\\/2022\\\/03\\\/945521E7-340E-11B5-163D-335A6FCE98EA-1.jpeg\",\"contentUrl\":\"https:\\\/\\\/aurora-kaas.com\\\/wp-content\\\/uploads\\\/2022\\\/03\\\/945521E7-340E-11B5-163D-335A6FCE98EA-1.jpeg\"},{\"@type\":\"BreadcrumbList\",\"@id\":\"https:\\\/\\\/aurora-kaas.com\\\/de\\\/unsere-kaese\\\/scheibenkaese\\\/#breadcrumb\",\"itemListElement\":[{\"@type\":\"ListItem\",\"position\":1,\"name\":\"Startseite\",\"item\":\"https:\\\/\\\/aurora-kaas.com\\\/de\\\/\"},{\"@type\":\"ListItem\",\"position\":2,\"name\":\"Unsere K\u00e4se\",\"item\":\"https:\\\/\\\/aurora-kaas.com\\\/de\\\/unsere-kaese\\\/\"},{\"@type\":\"ListItem\",\"position\":3,\"name\":\"Scheibenk\u00e4se\"}]},{\"@type\":\"WebSite\",\"@id\":\"https:\\\/\\\/aurora-kaas.com\\\/de\\\/#website\",\"url\":\"https:\\\/\\\/aurora-kaas.com\\\/de\\\/\",\"name\":\"Aurora Kaas\",\"description\":\"Biok\u00e4se vom Niederrhein\",\"publisher\":{\"@id\":\"https:\\\/\\\/aurora-kaas.com\\\/de\\\/#organization\"},\"potentialAction\":[{\"@type\":\"SearchAction\",\"target\":{\"@type\":\"EntryPoint\",\"urlTemplate\":\"https:\\\/\\\/aurora-kaas.com\\\/de\\\/?s={search_term_string}\"},\"query-input\":{\"@type\":\"PropertyValueSpecification\",\"valueRequired\":true,\"valueName\":\"search_term_string\"}}],\"inLanguage\":\"de\"},{\"@type\":\"Organization\",\"@id\":\"https:\\\/\\\/aurora-kaas.com\\\/de\\\/#organization\",\"name\":\"Aurora Kaas GmbH\",\"url\":\"https:\\\/\\\/aurora-kaas.com\\\/de\\\/\",\"logo\":{\"@type\":\"ImageObject\",\"inLanguage\":\"de\",\"@id\":\"https:\\\/\\\/aurora-kaas.com\\\/de\\\/#\\\/schema\\\/logo\\\/image\\\/\",\"url\":\"https:\\\/\\\/aurora-kaas.com\\\/wp-content\\\/uploads\\\/2022\\\/03\\\/logo.svg\",\"contentUrl\":\"https:\\\/\\\/aurora-kaas.com\\\/wp-content\\\/uploads\\\/2022\\\/03\\\/logo.svg\",\"width\":155,\"height\":82,\"caption\":\"Aurora Kaas GmbH\"},\"image\":{\"@id\":\"https:\\\/\\\/aurora-kaas.com\\\/de\\\/#\\\/schema\\\/logo\\\/image\\\/\"},\"sameAs\":[\"https:\\\/\\\/www.facebook.com\\\/auroracheese\",\"https:\\\/\\\/www.instagram.com\\\/aurora_kaas\\\/\"]}]}<\/script>\n<!-- \/ Yoast SEO plugin. -->","yoast_head_json":{"title":"Scheibenk\u00e4se - Aurora kaas","robots":{"index":"index","follow":"follow","max-snippet":"max-snippet:-1","max-image-preview":"max-image-preview:large","max-video-preview":"max-video-preview:-1"},"canonical":"https:\/\/aurora-kaas.com\/de\/unsere-kaese\/scheibenkaese\/","og_locale":"de_DE","og_type":"article","og_title":"Scheibenk\u00e4se - Aurora kaas","og_description":"Aurora Gouda Scheiben Die drei Klassiker von Aurora, jetzt auch als Scheibenk\u00e4se Seit Februar 2022 sind unsere beliebten Klassiker Aurora Gold Gouda Jung, Aurora Gold Gouda Mittel Alt und Aurora Gold&nbsp; Ziegen Gouda Mild auch als frisch geschnittener Scheibenk\u00e4se in der wiederverschlie\u00dfbaren Verpackung erh\u00e4ltlich. Alle Gouda Schnittk\u00e4se werden aus nat\u00fcrlich rindengereiften Carronk\u00e4se hergestellt. Dadurch&nbsp;erhalten die...","og_url":"https:\/\/aurora-kaas.com\/de\/unsere-kaese\/scheibenkaese\/","og_site_name":"Aurora kaas","article_publisher":"https:\/\/www.facebook.com\/auroracheese","og_image":[{"url":"https:\/\/aurora-kaas.com\/wp-content\/uploads\/2022\/03\/945521E7-340E-11B5-163D-335A6FCE98EA-1.jpeg","type":"","width":"","height":""}],"twitter_card":"summary_large_image","twitter_misc":{"Gesch\u00e4tzte Lesezeit":"1\u00a0Minute"},"schema":{"@context":"https:\/\/schema.org","@graph":[{"@type":"WebPage","@id":"https:\/\/aurora-kaas.com\/de\/unsere-kaese\/scheibenkaese\/","url":"https:\/\/aurora-kaas.com\/de\/unsere-kaese\/scheibenkaese\/","name":"Scheibenk\u00e4se - Aurora kaas","isPartOf":{"@id":"https:\/\/aurora-kaas.com\/de\/#website"},"primaryImageOfPage":{"@id":"https:\/\/aurora-kaas.com\/de\/unsere-kaese\/scheibenkaese\/#primaryimage"},"image":{"@id":"https:\/\/aurora-kaas.com\/de\/unsere-kaese\/scheibenkaese\/#primaryimage"},"thumbnailUrl":"https:\/\/aurora-kaas.com\/wp-content\/uploads\/2022\/03\/945521E7-340E-11B5-163D-335A6FCE98EA-1.jpeg","datePublished":"2022-04-13T14:59:11+00:00","breadcrumb":{"@id":"https:\/\/aurora-kaas.com\/de\/unsere-kaese\/scheibenkaese\/#breadcrumb"},"inLanguage":"de","potentialAction":[{"@type":"ReadAction","target":["https:\/\/aurora-kaas.com\/de\/unsere-kaese\/scheibenkaese\/"]}]},{"@type":"ImageObject","inLanguage":"de","@id":"https:\/\/aurora-kaas.com\/de\/unsere-kaese\/scheibenkaese\/#primaryimage","url":"https:\/\/aurora-kaas.com\/wp-content\/uploads\/2022\/03\/945521E7-340E-11B5-163D-335A6FCE98EA-1.jpeg","contentUrl":"https:\/\/aurora-kaas.com\/wp-content\/uploads\/2022\/03\/945521E7-340E-11B5-163D-335A6FCE98EA-1.jpeg"},{"@type":"BreadcrumbList","@id":"https:\/\/aurora-kaas.com\/de\/unsere-kaese\/scheibenkaese\/#breadcrumb","itemListElement":[{"@type":"ListItem","position":1,"name":"Startseite","item":"https:\/\/aurora-kaas.com\/de\/"},{"@type":"ListItem","position":2,"name":"Unsere K\u00e4se","item":"https:\/\/aurora-kaas.com\/de\/unsere-kaese\/"},{"@type":"ListItem","position":3,"name":"Scheibenk\u00e4se"}]},{"@type":"WebSite","@id":"https:\/\/aurora-kaas.com\/de\/#website","url":"https:\/\/aurora-kaas.com\/de\/","name":"Aurora Kaas","description":"Biok\u00e4se vom Niederrhein","publisher":{"@id":"https:\/\/aurora-kaas.com\/de\/#organization"},"potentialAction":[{"@type":"SearchAction","target":{"@type":"EntryPoint","urlTemplate":"https:\/\/aurora-kaas.com\/de\/?s={search_term_string}"},"query-input":{"@type":"PropertyValueSpecification","valueRequired":true,"valueName":"search_term_string"}}],"inLanguage":"de"},{"@type":"Organization","@id":"https:\/\/aurora-kaas.com\/de\/#organization","name":"Aurora Kaas GmbH","url":"https:\/\/aurora-kaas.com\/de\/","logo":{"@type":"ImageObject","inLanguage":"de","@id":"https:\/\/aurora-kaas.com\/de\/#\/schema\/logo\/image\/","url":"https:\/\/aurora-kaas.com\/wp-content\/uploads\/2022\/03\/logo.svg","contentUrl":"https:\/\/aurora-kaas.com\/wp-content\/uploads\/2022\/03\/logo.svg","width":155,"height":82,"caption":"Aurora Kaas GmbH"},"image":{"@id":"https:\/\/aurora-kaas.com\/de\/#\/schema\/logo\/image\/"},"sameAs":["https:\/\/www.facebook.com\/auroracheese","https:\/\/www.instagram.com\/aurora_kaas\/"]}]}},"taxonomy_info":[],"featured_image_src_large":false,"author_info":{"display_name":"HPU Internet Services","author_link":"https:\/\/aurora-kaas.com\/de\/author\/admin_55mrb345\/"},"comment_info":0,"_links":{"self":[{"href":"https:\/\/aurora-kaas.com\/de\/wp-json\/wp\/v2\/pages\/2353","targetHints":{"allow":["GET"]}}],"collection":[{"href":"https:\/\/aurora-kaas.com\/de\/wp-json\/wp\/v2\/pages"}],"about":[{"href":"https:\/\/aurora-kaas.com\/de\/wp-json\/wp\/v2\/types\/page"}],"author":[{"embeddable":true,"href":"https:\/\/aurora-kaas.com\/de\/wp-json\/wp\/v2\/users\/1"}],"replies":[{"embeddable":true,"href":"https:\/\/aurora-kaas.com\/de\/wp-json\/wp\/v2\/comments?post=2353"}],"version-history":[{"count":1,"href":"https:\/\/aurora-kaas.com\/de\/wp-json\/wp\/v2\/pages\/2353\/revisions"}],"predecessor-version":[{"id":2354,"href":"https:\/\/aurora-kaas.com\/de\/wp-json\/wp\/v2\/pages\/2353\/revisions\/2354"}],"up":[{"embeddable":true,"href":"https:\/\/aurora-kaas.com\/de\/wp-json\/wp\/v2\/pages\/1825"}],"wp:attachment":[{"href":"https:\/\/aurora-kaas.com\/de\/wp-json\/wp\/v2\/media?parent=2353"}],"curies":[{"name":"wp","href":"https:\/\/api.w.org\/{rel}","templated":true}]}}