{"id":4793,"date":"2023-01-19T10:10:10","date_gmt":"2023-01-19T10:10:10","guid":{"rendered":"https:\/\/aurora-kaas.com\/?post_type=product&#038;p=4793"},"modified":"2023-02-08T08:17:10","modified_gmt":"2023-02-08T08:17:10","slug":"aurora-gold-pikant-ganzer-kaese-45-kg","status":"publish","type":"product","link":"https:\/\/aurora-kaas.com\/de\/produkt\/aurora-gold-pikant-ganzer-kaese-45-kg\/","title":{"rendered":"Aurora Gold &#8211; Pikant-ganzer K\u00e4se &#8211; 4,5 kg"},"content":{"rendered":"<div class=\"rte_content left\">\n<p>Der geschmackvolle und dabei auch noch cremige Aurora Gold Pikant ist mindestens drei Monate gereift und schmeckt hervorragend als Brotbelag aber auch als Snack. Auch eignet er sich sehr gut zum \u00dcberbacken von Gerichten und verleiht dem Essen eine w\u00fcrzige Note.<\/p>\n<p><strong>Vakuumverpacktes St\u00fcck von\u00a0\u00b1\u00a0450 Gramm.<\/strong><\/p>\n<p>Der K\u00e4se wird auf traditionelle niederl\u00e4ndischer K\u00e4sereikunst gefertigt, mit vegetarischem Lab und im Meersalz gep\u00f6kelt. Der K\u00e4se ist durch die reifebedingt laktosefrei<\/p>\n<p><u><strong>im K\u00fchlschrank aufbewahren!\u00a0<\/strong><\/u><\/p>\n<p><em>Zutaten:\u00a0pasteurisierte Kuhmilch*,\u00a0Meersalz, vegetarisch Lab und Milchs\u00e4urekultur.<\/em><br \/>\n<em>*aus kontrolliert Biologischem Anbau\u00a0\u00a0<\/em><\/p>\n<\/div>\n<p>&nbsp;<\/p>\n<p><img loading=\"lazy\" decoding=\"async\" class=\"alignleft wp-image-4623\" src=\"https:\/\/aurora-kaas.com\/wp-content\/uploads\/2022\/11\/Bio-Siegel-EG-Oeko-VO-Deutschland-300x249.png\" alt=\"\" width=\"121\" height=\"100\" srcset=\"https:\/\/aurora-kaas.com\/wp-content\/uploads\/2022\/11\/Bio-Siegel-EG-Oeko-VO-Deutschland-300x249.png 300w, https:\/\/aurora-kaas.com\/wp-content\/uploads\/2022\/11\/Bio-Siegel-EG-Oeko-VO-Deutschland-600x498.png 600w, https:\/\/aurora-kaas.com\/wp-content\/uploads\/2022\/11\/Bio-Siegel-EG-Oeko-VO-Deutschland-1024x849.png 1024w, https:\/\/aurora-kaas.com\/wp-content\/uploads\/2022\/11\/Bio-Siegel-EG-Oeko-VO-Deutschland-768x637.png 768w, https:\/\/aurora-kaas.com\/wp-content\/uploads\/2022\/11\/Bio-Siegel-EG-Oeko-VO-Deutschland.png 1478w\" sizes=\"auto, (max-width: 121px) 100vw, 121px\" \/><img loading=\"lazy\" decoding=\"async\" class=\"alignleft wp-image-4694\" src=\"https:\/\/aurora-kaas.com\/wp-content\/uploads\/2023\/01\/DE-OeKO-070-300x294.jpg\" alt=\"\" width=\"102\" height=\"100\" srcset=\"https:\/\/aurora-kaas.com\/wp-content\/uploads\/2023\/01\/DE-OeKO-070-300x294.jpg 300w, https:\/\/aurora-kaas.com\/wp-content\/uploads\/2023\/01\/DE-OeKO-070.jpg 591w\" sizes=\"auto, (max-width: 102px) 100vw, 102px\" \/><\/p>\n<p>&nbsp;<\/p>\n<p>&nbsp;<\/p>\n<p>&nbsp;<\/p>\n<p><strong>Wichtiger Hinweis! <\/strong>Wir versenden immer nur mittwochs. Bestellungen werden, wenn sie vor Montag 12 Uhr eingegangen sind, am darauf folgendem Mittwoch verschickt.<\/p>\n<p>&nbsp;<\/p>\n","protected":false},"excerpt":{"rendered":"<p><strong>Vakuumverpacktes St\u00fcck von\u00a0\u00b1\u00a0450 Gramm.<\/strong><\/p>\n<p><em>Zutaten:\u00a0pasteurisierte Kuhmilch*,\u00a0Meersalz, vegetarisch Lab und Milchs\u00e4urekultur.<\/em><br \/>\n<em>*aus kontrolliert Biologischem Anbau\u00a0\u00a0<\/em><\/p>\n<p><img loading=\"lazy\" decoding=\"async\" class=\"alignleft wp-image-4623\" src=\"https:\/\/aurora-kaas.com\/wp-content\/uploads\/2022\/11\/Bio-Siegel-EG-Oeko-VO-Deutschland-300x249.png\" alt=\"\" width=\"121\" height=\"100\" srcset=\"https:\/\/aurora-kaas.com\/wp-content\/uploads\/2022\/11\/Bio-Siegel-EG-Oeko-VO-Deutschland-300x249.png 300w, https:\/\/aurora-kaas.com\/wp-content\/uploads\/2022\/11\/Bio-Siegel-EG-Oeko-VO-Deutschland-600x498.png 600w, https:\/\/aurora-kaas.com\/wp-content\/uploads\/2022\/11\/Bio-Siegel-EG-Oeko-VO-Deutschland-1024x849.png 1024w, https:\/\/aurora-kaas.com\/wp-content\/uploads\/2022\/11\/Bio-Siegel-EG-Oeko-VO-Deutschland-768x637.png 768w, https:\/\/aurora-kaas.com\/wp-content\/uploads\/2022\/11\/Bio-Siegel-EG-Oeko-VO-Deutschland.png 1478w\" sizes=\"auto, (max-width: 121px) 100vw, 121px\" \/><img loading=\"lazy\" decoding=\"async\" class=\"alignleft wp-image-4694\" src=\"https:\/\/aurora-kaas.com\/wp-content\/uploads\/2023\/01\/DE-OeKO-070-300x294.jpg\" alt=\"\" width=\"102\" height=\"100\" srcset=\"https:\/\/aurora-kaas.com\/wp-content\/uploads\/2023\/01\/DE-OeKO-070-300x294.jpg 300w, https:\/\/aurora-kaas.com\/wp-content\/uploads\/2023\/01\/DE-OeKO-070.jpg 591w\" sizes=\"auto, (max-width: 102px) 100vw, 102px\" \/><\/p>\n<p>&nbsp;<\/p>\n<p>&nbsp;<\/p>\n<p>&nbsp;<\/p>\n<p>&nbsp;<\/p>\n<p><strong>Wichtiger Hinweis! <\/strong>Wir versenden immer nur mittwochs. Bestellungen werden, wenn sie vor Montag 12 Uhr eingegangen sind, am darauf folgendem Mittwoch verschickt.<\/p>\n<p>&nbsp;<\/p>\n","protected":false},"featured_media":1158,"template":"","meta":{"inline_featured_image":false,"_kad_blocks_custom_css":"","_kad_blocks_head_custom_js":"","_kad_blocks_body_custom_js":"","_kad_blocks_footer_custom_js":"","_kadence_starter_templates_imported_post":false,"_kad_post_transparent":"default","_kad_post_title":"","_kad_post_layout":"default","_kad_post_sidebar_id":"","_kad_post_content_style":"default","_kad_post_vertical_padding":"default","_kad_post_feature":"","_kad_post_feature_position":"","_kad_post_header":false,"_kad_post_footer":false,"_kad_post_classname":""},"product_brand":[],"product_cat":[205,221,223,237],"product_tag":[94,117],"class_list":{"0":"post-4793","1":"product","2":"type-product","3":"status-publish","4":"has-post-thumbnail","6":"product_cat-biokaese-kuhmilch","7":"product_cat-eu-bio-de","8":"product_cat-gouda-pikant-mittelalt","9":"product_cat-natur","10":"product_tag-gouda-pikant-mittelalt","11":"product_tag-mittelalt","13":"first","14":"instock","15":"taxable","16":"shipping-taxable","17":"product-type-simple","18":"entry","19":"content-bg","20":"loop-entry"},"yoast_head":"<!-- This site is optimized with the Yoast SEO plugin v27.3 - https:\/\/yoast.com\/product\/yoast-seo-wordpress\/ -->\n<title>Aurora Gold - Pikant-ganzer K\u00e4se - 4,5 kg - Aurora kaas<\/title>\n<meta name=\"robots\" content=\"index, follow, max-snippet:-1, max-image-preview:large, max-video-preview:-1\" \/>\n<link rel=\"canonical\" href=\"https:\/\/aurora-kaas.com\/de\/produkt\/aurora-gold-pikant-ganzer-kaese-45-kg\/\" \/>\n<meta property=\"og:locale\" content=\"de_DE\" \/>\n<meta property=\"og:type\" content=\"article\" \/>\n<meta property=\"og:title\" content=\"Aurora Gold - Pikant-ganzer K\u00e4se - 4,5 kg - Aurora kaas\" \/>\n<meta property=\"og:description\" content=\"Vakuumverpacktes St\u00fcck von\u00a0\u00b1\u00a0450 Gramm.  Zutaten:\u00a0pasteurisierte Kuhmilch*,\u00a0Meersalz, vegetarisch Lab und Milchs\u00e4urekultur. *aus kontrolliert Biologischem Anbau\u00a0\u00a0    &nbsp;  &nbsp;  &nbsp;  &nbsp;  Wichtiger Hinweis! Wir versenden immer nur mittwochs. Bestellungen werden, wenn sie vor Montag 12 Uhr eingegangen sind, am darauf folgendem Mittwoch verschickt.  &nbsp;\" \/>\n<meta property=\"og:url\" content=\"https:\/\/aurora-kaas.com\/de\/produkt\/aurora-gold-pikant-ganzer-kaese-45-kg\/\" \/>\n<meta property=\"og:site_name\" content=\"Aurora kaas\" \/>\n<meta property=\"article:publisher\" content=\"https:\/\/www.facebook.com\/auroracheese\" \/>\n<meta property=\"article:modified_time\" content=\"2023-02-08T08:17:10+00:00\" \/>\n<meta property=\"og:image\" content=\"https:\/\/aurora-kaas.com\/wp-content\/uploads\/2022\/03\/Aurora-Gold-Pikant.jpeg\" \/>\n\t<meta property=\"og:image:width\" content=\"800\" \/>\n\t<meta property=\"og:image:height\" content=\"533\" \/>\n\t<meta property=\"og:image:type\" content=\"image\/jpeg\" \/>\n<meta name=\"twitter:card\" content=\"summary_large_image\" \/>\n<meta name=\"twitter:label1\" content=\"Gesch\u00e4tzte Lesezeit\" \/>\n\t<meta name=\"twitter:data1\" content=\"1\u00a0Minute\" \/>\n<script type=\"application\/ld+json\" class=\"yoast-schema-graph\">{\"@context\":\"https:\\\/\\\/schema.org\",\"@graph\":[{\"@type\":\"WebPage\",\"@id\":\"https:\\\/\\\/aurora-kaas.com\\\/de\\\/produkt\\\/aurora-gold-pikant-ganzer-kaese-45-kg\\\/\",\"url\":\"https:\\\/\\\/aurora-kaas.com\\\/de\\\/produkt\\\/aurora-gold-pikant-ganzer-kaese-45-kg\\\/\",\"name\":\"Aurora Gold - Pikant-ganzer K\u00e4se - 4,5 kg - Aurora kaas\",\"isPartOf\":{\"@id\":\"https:\\\/\\\/aurora-kaas.com\\\/de\\\/#website\"},\"primaryImageOfPage\":{\"@id\":\"https:\\\/\\\/aurora-kaas.com\\\/de\\\/produkt\\\/aurora-gold-pikant-ganzer-kaese-45-kg\\\/#primaryimage\"},\"image\":{\"@id\":\"https:\\\/\\\/aurora-kaas.com\\\/de\\\/produkt\\\/aurora-gold-pikant-ganzer-kaese-45-kg\\\/#primaryimage\"},\"thumbnailUrl\":\"https:\\\/\\\/aurora-kaas.com\\\/wp-content\\\/uploads\\\/2022\\\/03\\\/Aurora-Gold-Pikant.jpeg\",\"datePublished\":\"2023-01-19T10:10:10+00:00\",\"dateModified\":\"2023-02-08T08:17:10+00:00\",\"breadcrumb\":{\"@id\":\"https:\\\/\\\/aurora-kaas.com\\\/de\\\/produkt\\\/aurora-gold-pikant-ganzer-kaese-45-kg\\\/#breadcrumb\"},\"inLanguage\":\"de\",\"potentialAction\":[{\"@type\":\"ReadAction\",\"target\":[\"https:\\\/\\\/aurora-kaas.com\\\/de\\\/produkt\\\/aurora-gold-pikant-ganzer-kaese-45-kg\\\/\"]}]},{\"@type\":\"ImageObject\",\"inLanguage\":\"de\",\"@id\":\"https:\\\/\\\/aurora-kaas.com\\\/de\\\/produkt\\\/aurora-gold-pikant-ganzer-kaese-45-kg\\\/#primaryimage\",\"url\":\"https:\\\/\\\/aurora-kaas.com\\\/wp-content\\\/uploads\\\/2022\\\/03\\\/Aurora-Gold-Pikant.jpeg\",\"contentUrl\":\"https:\\\/\\\/aurora-kaas.com\\\/wp-content\\\/uploads\\\/2022\\\/03\\\/Aurora-Gold-Pikant.jpeg\",\"width\":800,\"height\":533},{\"@type\":\"BreadcrumbList\",\"@id\":\"https:\\\/\\\/aurora-kaas.com\\\/de\\\/produkt\\\/aurora-gold-pikant-ganzer-kaese-45-kg\\\/#breadcrumb\",\"itemListElement\":[{\"@type\":\"ListItem\",\"position\":1,\"name\":\"Startseite\",\"item\":\"https:\\\/\\\/aurora-kaas.com\\\/de\\\/\"},{\"@type\":\"ListItem\",\"position\":2,\"name\":\"Bio K\u00e4se\",\"item\":\"https:\\\/\\\/aurora-kaas.com\\\/de\\\/?page_id=2187\"},{\"@type\":\"ListItem\",\"position\":3,\"name\":\"Aurora Gold &#8211; Pikant-ganzer K\u00e4se &#8211; 4,5 kg\"}]},{\"@type\":\"WebSite\",\"@id\":\"https:\\\/\\\/aurora-kaas.com\\\/de\\\/#website\",\"url\":\"https:\\\/\\\/aurora-kaas.com\\\/de\\\/\",\"name\":\"Aurora Kaas\",\"description\":\"Biok\u00e4se vom Niederrhein\",\"publisher\":{\"@id\":\"https:\\\/\\\/aurora-kaas.com\\\/de\\\/#organization\"},\"potentialAction\":[{\"@type\":\"SearchAction\",\"target\":{\"@type\":\"EntryPoint\",\"urlTemplate\":\"https:\\\/\\\/aurora-kaas.com\\\/de\\\/?s={search_term_string}\"},\"query-input\":{\"@type\":\"PropertyValueSpecification\",\"valueRequired\":true,\"valueName\":\"search_term_string\"}}],\"inLanguage\":\"de\"},{\"@type\":\"Organization\",\"@id\":\"https:\\\/\\\/aurora-kaas.com\\\/de\\\/#organization\",\"name\":\"Aurora Kaas GmbH\",\"url\":\"https:\\\/\\\/aurora-kaas.com\\\/de\\\/\",\"logo\":{\"@type\":\"ImageObject\",\"inLanguage\":\"de\",\"@id\":\"https:\\\/\\\/aurora-kaas.com\\\/de\\\/#\\\/schema\\\/logo\\\/image\\\/\",\"url\":\"https:\\\/\\\/aurora-kaas.com\\\/wp-content\\\/uploads\\\/2022\\\/03\\\/logo.svg\",\"contentUrl\":\"https:\\\/\\\/aurora-kaas.com\\\/wp-content\\\/uploads\\\/2022\\\/03\\\/logo.svg\",\"width\":155,\"height\":82,\"caption\":\"Aurora Kaas GmbH\"},\"image\":{\"@id\":\"https:\\\/\\\/aurora-kaas.com\\\/de\\\/#\\\/schema\\\/logo\\\/image\\\/\"},\"sameAs\":[\"https:\\\/\\\/www.facebook.com\\\/auroracheese\",\"https:\\\/\\\/www.instagram.com\\\/aurora_kaas\\\/\"]}]}<\/script>\n<!-- \/ Yoast SEO plugin. -->","yoast_head_json":{"title":"Aurora Gold - Pikant-ganzer K\u00e4se - 4,5 kg - Aurora kaas","robots":{"index":"index","follow":"follow","max-snippet":"max-snippet:-1","max-image-preview":"max-image-preview:large","max-video-preview":"max-video-preview:-1"},"canonical":"https:\/\/aurora-kaas.com\/de\/produkt\/aurora-gold-pikant-ganzer-kaese-45-kg\/","og_locale":"de_DE","og_type":"article","og_title":"Aurora Gold - Pikant-ganzer K\u00e4se - 4,5 kg - Aurora kaas","og_description":"Vakuumverpacktes St\u00fcck von\u00a0\u00b1\u00a0450 Gramm.  Zutaten:\u00a0pasteurisierte Kuhmilch*,\u00a0Meersalz, vegetarisch Lab und Milchs\u00e4urekultur. *aus kontrolliert Biologischem Anbau\u00a0\u00a0    &nbsp;  &nbsp;  &nbsp;  &nbsp;  Wichtiger Hinweis! Wir versenden immer nur mittwochs. Bestellungen werden, wenn sie vor Montag 12 Uhr eingegangen sind, am darauf folgendem Mittwoch verschickt.  &nbsp;","og_url":"https:\/\/aurora-kaas.com\/de\/produkt\/aurora-gold-pikant-ganzer-kaese-45-kg\/","og_site_name":"Aurora kaas","article_publisher":"https:\/\/www.facebook.com\/auroracheese","article_modified_time":"2023-02-08T08:17:10+00:00","og_image":[{"width":800,"height":533,"url":"https:\/\/aurora-kaas.com\/wp-content\/uploads\/2022\/03\/Aurora-Gold-Pikant.jpeg","type":"image\/jpeg"}],"twitter_card":"summary_large_image","twitter_misc":{"Gesch\u00e4tzte Lesezeit":"1\u00a0Minute"},"schema":{"@context":"https:\/\/schema.org","@graph":[{"@type":"WebPage","@id":"https:\/\/aurora-kaas.com\/de\/produkt\/aurora-gold-pikant-ganzer-kaese-45-kg\/","url":"https:\/\/aurora-kaas.com\/de\/produkt\/aurora-gold-pikant-ganzer-kaese-45-kg\/","name":"Aurora Gold - Pikant-ganzer K\u00e4se - 4,5 kg - Aurora kaas","isPartOf":{"@id":"https:\/\/aurora-kaas.com\/de\/#website"},"primaryImageOfPage":{"@id":"https:\/\/aurora-kaas.com\/de\/produkt\/aurora-gold-pikant-ganzer-kaese-45-kg\/#primaryimage"},"image":{"@id":"https:\/\/aurora-kaas.com\/de\/produkt\/aurora-gold-pikant-ganzer-kaese-45-kg\/#primaryimage"},"thumbnailUrl":"https:\/\/aurora-kaas.com\/wp-content\/uploads\/2022\/03\/Aurora-Gold-Pikant.jpeg","datePublished":"2023-01-19T10:10:10+00:00","dateModified":"2023-02-08T08:17:10+00:00","breadcrumb":{"@id":"https:\/\/aurora-kaas.com\/de\/produkt\/aurora-gold-pikant-ganzer-kaese-45-kg\/#breadcrumb"},"inLanguage":"de","potentialAction":[{"@type":"ReadAction","target":["https:\/\/aurora-kaas.com\/de\/produkt\/aurora-gold-pikant-ganzer-kaese-45-kg\/"]}]},{"@type":"ImageObject","inLanguage":"de","@id":"https:\/\/aurora-kaas.com\/de\/produkt\/aurora-gold-pikant-ganzer-kaese-45-kg\/#primaryimage","url":"https:\/\/aurora-kaas.com\/wp-content\/uploads\/2022\/03\/Aurora-Gold-Pikant.jpeg","contentUrl":"https:\/\/aurora-kaas.com\/wp-content\/uploads\/2022\/03\/Aurora-Gold-Pikant.jpeg","width":800,"height":533},{"@type":"BreadcrumbList","@id":"https:\/\/aurora-kaas.com\/de\/produkt\/aurora-gold-pikant-ganzer-kaese-45-kg\/#breadcrumb","itemListElement":[{"@type":"ListItem","position":1,"name":"Startseite","item":"https:\/\/aurora-kaas.com\/de\/"},{"@type":"ListItem","position":2,"name":"Bio K\u00e4se","item":"https:\/\/aurora-kaas.com\/de\/?page_id=2187"},{"@type":"ListItem","position":3,"name":"Aurora Gold &#8211; Pikant-ganzer K\u00e4se &#8211; 4,5 kg"}]},{"@type":"WebSite","@id":"https:\/\/aurora-kaas.com\/de\/#website","url":"https:\/\/aurora-kaas.com\/de\/","name":"Aurora Kaas","description":"Biok\u00e4se vom Niederrhein","publisher":{"@id":"https:\/\/aurora-kaas.com\/de\/#organization"},"potentialAction":[{"@type":"SearchAction","target":{"@type":"EntryPoint","urlTemplate":"https:\/\/aurora-kaas.com\/de\/?s={search_term_string}"},"query-input":{"@type":"PropertyValueSpecification","valueRequired":true,"valueName":"search_term_string"}}],"inLanguage":"de"},{"@type":"Organization","@id":"https:\/\/aurora-kaas.com\/de\/#organization","name":"Aurora Kaas GmbH","url":"https:\/\/aurora-kaas.com\/de\/","logo":{"@type":"ImageObject","inLanguage":"de","@id":"https:\/\/aurora-kaas.com\/de\/#\/schema\/logo\/image\/","url":"https:\/\/aurora-kaas.com\/wp-content\/uploads\/2022\/03\/logo.svg","contentUrl":"https:\/\/aurora-kaas.com\/wp-content\/uploads\/2022\/03\/logo.svg","width":155,"height":82,"caption":"Aurora Kaas GmbH"},"image":{"@id":"https:\/\/aurora-kaas.com\/de\/#\/schema\/logo\/image\/"},"sameAs":["https:\/\/www.facebook.com\/auroracheese","https:\/\/www.instagram.com\/aurora_kaas\/"]}]}},"taxonomy_info":{"product_cat":[{"value":205,"label":"Biok\u00e4se-Kuhmilch"},{"value":221,"label":"Eu-Bio"},{"value":223,"label":"Gouda Pikant\/Mittelalt"},{"value":237,"label":"Natur"}],"product_tag":[{"value":94,"label":"Gouda Pikant-mittelalt"},{"value":117,"label":"Mittelalt"}]},"featured_image_src_large":["https:\/\/aurora-kaas.com\/wp-content\/uploads\/2022\/03\/Aurora-Gold-Pikant.jpeg",800,533,false],"author_info":[],"comment_info":"","_links":{"self":[{"href":"https:\/\/aurora-kaas.com\/de\/wp-json\/wp\/v2\/product\/4793","targetHints":{"allow":["GET"]}}],"collection":[{"href":"https:\/\/aurora-kaas.com\/de\/wp-json\/wp\/v2\/product"}],"about":[{"href":"https:\/\/aurora-kaas.com\/de\/wp-json\/wp\/v2\/types\/product"}],"wp:featuredmedia":[{"embeddable":true,"href":"https:\/\/aurora-kaas.com\/de\/wp-json\/wp\/v2\/media\/1158"}],"wp:attachment":[{"href":"https:\/\/aurora-kaas.com\/de\/wp-json\/wp\/v2\/media?parent=4793"}],"wp:term":[{"taxonomy":"product_brand","embeddable":true,"href":"https:\/\/aurora-kaas.com\/de\/wp-json\/wp\/v2\/product_brand?post=4793"},{"taxonomy":"product_cat","embeddable":true,"href":"https:\/\/aurora-kaas.com\/de\/wp-json\/wp\/v2\/product_cat?post=4793"},{"taxonomy":"product_tag","embeddable":true,"href":"https:\/\/aurora-kaas.com\/de\/wp-json\/wp\/v2\/product_tag?post=4793"}],"curies":[{"name":"wp","href":"https:\/\/api.w.org\/{rel}","templated":true}]}}