{"id":5634,"date":"2023-02-08T09:21:32","date_gmt":"2023-02-08T09:21:32","guid":{"rendered":"https:\/\/aurora-kaas.com\/?post_type=product&#038;p=5634"},"modified":"2023-02-08T09:21:32","modified_gmt":"2023-02-08T09:21:32","slug":"aurora-gold-butterkaese-bioland-ganzer-laib","status":"publish","type":"product","link":"https:\/\/aurora-kaas.com\/de\/produkt\/aurora-gold-butterkaese-bioland-ganzer-laib\/","title":{"rendered":"Aurora Gold Butterk\u00e4se Bioland &#8211; ganzer Laib"},"content":{"rendered":"<p>Unser Aurora Gold Butterk\u00e4se wird aus Bioland Milch hergestellt und reift mindestens zwei Wochen in der Folie. Der K\u00e4se hat einen milden, sahnigen Geschmack und l\u00e4sst sich hervorragend in Scheiben schneiden.<\/p>\n<p>Der K\u00e4se wird auf traditionelle Niederl\u00e4ndischer K\u00e4sereikunst gefertigt, mit vegetarischem Lab und im Meersalz gep\u00f6kelt.<\/p>\n<p>Der K\u00e4se kann Laktose enthalten.<\/p>\n<p><strong>Vakuumverpacktes St\u00fcck von \u00b1 3,5 Kilogramm.<\/strong><\/p>\n<p><em>Zutaten:\u00a0pasteurisierte Kuhmilch*,\u00a0Meersalz, vegetarisch Lab und Milchs\u00e4urekultur.<\/em><br \/>\n<em>*aus kontrolliert Biologischem Anbau\u00a0<\/em><\/p>\n<p><em>\u00a0\u00a0<\/em><\/p>\n<p><img loading=\"lazy\" decoding=\"async\" class=\"alignleft wp-image-501\" src=\"https:\/\/aurora-kaas.com\/wp-content\/uploads\/2022\/03\/bioland_logo.jpeg\" alt=\"\" width=\"100\" height=\"100\" srcset=\"https:\/\/aurora-kaas.com\/wp-content\/uploads\/2022\/03\/bioland_logo.jpeg 180w, https:\/\/aurora-kaas.com\/wp-content\/uploads\/2022\/03\/bioland_logo-100x100.jpeg 100w, https:\/\/aurora-kaas.com\/wp-content\/uploads\/2022\/03\/bioland_logo-150x150.jpeg 150w\" sizes=\"auto, (max-width: 100px) 100vw, 100px\" \/> <img loading=\"lazy\" decoding=\"async\" class=\"alignleft wp-image-4623\" src=\"https:\/\/aurora-kaas.com\/wp-content\/uploads\/2022\/11\/Bio-Siegel-EG-Oeko-VO-Deutschland-300x249.png\" alt=\"\" width=\"121\" height=\"100\" srcset=\"https:\/\/aurora-kaas.com\/wp-content\/uploads\/2022\/11\/Bio-Siegel-EG-Oeko-VO-Deutschland-300x249.png 300w, https:\/\/aurora-kaas.com\/wp-content\/uploads\/2022\/11\/Bio-Siegel-EG-Oeko-VO-Deutschland-600x498.png 600w, https:\/\/aurora-kaas.com\/wp-content\/uploads\/2022\/11\/Bio-Siegel-EG-Oeko-VO-Deutschland-1024x849.png 1024w, https:\/\/aurora-kaas.com\/wp-content\/uploads\/2022\/11\/Bio-Siegel-EG-Oeko-VO-Deutschland-768x637.png 768w, https:\/\/aurora-kaas.com\/wp-content\/uploads\/2022\/11\/Bio-Siegel-EG-Oeko-VO-Deutschland.png 1478w\" sizes=\"auto, (max-width: 121px) 100vw, 121px\" \/><img loading=\"lazy\" decoding=\"async\" class=\"alignleft wp-image-4694\" src=\"https:\/\/aurora-kaas.com\/wp-content\/uploads\/2023\/01\/DE-OeKO-070-300x294.jpg\" alt=\"\" width=\"102\" height=\"100\" srcset=\"https:\/\/aurora-kaas.com\/wp-content\/uploads\/2023\/01\/DE-OeKO-070-300x294.jpg 300w, https:\/\/aurora-kaas.com\/wp-content\/uploads\/2023\/01\/DE-OeKO-070.jpg 591w\" sizes=\"auto, (max-width: 102px) 100vw, 102px\" \/><\/p>\n<p>&nbsp;<\/p>\n<p>&nbsp;<\/p>\n<p>&nbsp;<\/p>\n<p>&nbsp;<\/p>\n<p><strong>Wichtiger Hinweis! <\/strong>Wir versenden immer nur mittwochs. Bestellungen werden, wenn sie vor Montag 12 Uhr eingegangen sind, am darauf folgendem Mittwoch verschickt.<\/p>\n<p><em>\u00a0<\/em><\/p>\n","protected":false},"excerpt":{"rendered":"<p><strong>Vakuumverpacktes St\u00fcck von \u00b1 3,5 Kilogramm.<\/strong><\/p>\n<p><em>Zutaten:\u00a0pasteurisierte Kuhmilch*,\u00a0Meersalz, vegetarisch Lab und Milchs\u00e4urekultur.<\/em><br \/>\n<em>*aus kontrolliert Biologischem Anbau\u00a0<\/em><\/p>\n<p><em>\u00a0\u00a0<\/em><\/p>\n<p><img loading=\"lazy\" decoding=\"async\" class=\"alignleft wp-image-501\" src=\"https:\/\/aurora-kaas.com\/wp-content\/uploads\/2022\/03\/bioland_logo.jpeg\" alt=\"\" width=\"100\" height=\"100\" srcset=\"https:\/\/aurora-kaas.com\/wp-content\/uploads\/2022\/03\/bioland_logo.jpeg 180w, https:\/\/aurora-kaas.com\/wp-content\/uploads\/2022\/03\/bioland_logo-100x100.jpeg 100w, https:\/\/aurora-kaas.com\/wp-content\/uploads\/2022\/03\/bioland_logo-150x150.jpeg 150w\" sizes=\"auto, (max-width: 100px) 100vw, 100px\" \/> <img loading=\"lazy\" decoding=\"async\" class=\"alignleft wp-image-4623\" src=\"https:\/\/aurora-kaas.com\/wp-content\/uploads\/2022\/11\/Bio-Siegel-EG-Oeko-VO-Deutschland-300x249.png\" alt=\"\" width=\"121\" height=\"100\" srcset=\"https:\/\/aurora-kaas.com\/wp-content\/uploads\/2022\/11\/Bio-Siegel-EG-Oeko-VO-Deutschland-300x249.png 300w, https:\/\/aurora-kaas.com\/wp-content\/uploads\/2022\/11\/Bio-Siegel-EG-Oeko-VO-Deutschland-600x498.png 600w, https:\/\/aurora-kaas.com\/wp-content\/uploads\/2022\/11\/Bio-Siegel-EG-Oeko-VO-Deutschland-1024x849.png 1024w, https:\/\/aurora-kaas.com\/wp-content\/uploads\/2022\/11\/Bio-Siegel-EG-Oeko-VO-Deutschland-768x637.png 768w, https:\/\/aurora-kaas.com\/wp-content\/uploads\/2022\/11\/Bio-Siegel-EG-Oeko-VO-Deutschland.png 1478w\" sizes=\"auto, (max-width: 121px) 100vw, 121px\" \/><img loading=\"lazy\" decoding=\"async\" class=\"alignleft wp-image-4694\" src=\"https:\/\/aurora-kaas.com\/wp-content\/uploads\/2023\/01\/DE-OeKO-070-300x294.jpg\" alt=\"\" width=\"102\" height=\"100\" srcset=\"https:\/\/aurora-kaas.com\/wp-content\/uploads\/2023\/01\/DE-OeKO-070-300x294.jpg 300w, https:\/\/aurora-kaas.com\/wp-content\/uploads\/2023\/01\/DE-OeKO-070.jpg 591w\" sizes=\"auto, (max-width: 102px) 100vw, 102px\" \/><\/p>\n<p>&nbsp;<\/p>\n<p>&nbsp;<\/p>\n<p>&nbsp;<\/p>\n<p>&nbsp;<\/p>\n<p><strong>Wichtiger Hinweis! <\/strong>Wir versenden immer nur mittwochs. Bestellungen werden, wenn sie vor Montag 12 Uhr eingegangen sind, am darauf folgendem Mittwoch verschickt.<\/p>\n<p>&nbsp;<\/p>\n","protected":false},"featured_media":5635,"template":"","meta":{"inline_featured_image":false,"_kad_blocks_custom_css":"","_kad_blocks_head_custom_js":"","_kad_blocks_body_custom_js":"","_kad_blocks_footer_custom_js":"","_kadence_starter_templates_imported_post":false,"_kad_post_transparent":"default","_kad_post_title":"","_kad_post_layout":"default","_kad_post_sidebar_id":"","_kad_post_content_style":"default","_kad_post_vertical_padding":"default","_kad_post_feature":"","_kad_post_feature_position":"","_kad_post_header":false,"_kad_post_footer":false,"_kad_post_classname":""},"product_brand":[],"product_cat":[205,230,240,227],"product_tag":[],"class_list":{"0":"post-5634","1":"product","2":"type-product","3":"status-publish","4":"has-post-thumbnail","6":"product_cat-biokaese-kuhmilch","7":"product_cat-bioland","8":"product_cat-butterkaese","9":"product_cat-gouda-mild-jung","11":"first","12":"instock","13":"taxable","14":"shipping-taxable","15":"product-type-simple","16":"entry","17":"content-bg","18":"loop-entry"},"yoast_head":"<!-- This site is optimized with the Yoast SEO plugin v27.3 - https:\/\/yoast.com\/product\/yoast-seo-wordpress\/ -->\n<title>Aurora Gold Butterk\u00e4se Bioland - ganzer Laib - Aurora kaas<\/title>\n<meta name=\"robots\" content=\"index, follow, max-snippet:-1, max-image-preview:large, max-video-preview:-1\" \/>\n<link rel=\"canonical\" href=\"https:\/\/aurora-kaas.com\/de\/produkt\/aurora-gold-butterkaese-bioland-ganzer-laib\/\" \/>\n<meta property=\"og:locale\" content=\"de_DE\" \/>\n<meta property=\"og:type\" content=\"article\" \/>\n<meta property=\"og:title\" content=\"Aurora Gold Butterk\u00e4se Bioland - ganzer Laib - Aurora kaas\" \/>\n<meta property=\"og:description\" content=\"Vakuumverpacktes St\u00fcck von \u00b1 3,5 Kilogramm.  Zutaten:\u00a0pasteurisierte Kuhmilch*,\u00a0Meersalz, vegetarisch Lab und Milchs\u00e4urekultur. *aus kontrolliert Biologischem Anbau\u00a0  \u00a0\u00a0     &nbsp;  &nbsp;  &nbsp;  &nbsp;  Wichtiger Hinweis! Wir versenden immer nur mittwochs. Bestellungen werden, wenn sie vor Montag 12 Uhr eingegangen sind, am darauf folgendem Mittwoch verschickt.  &nbsp;\" \/>\n<meta property=\"og:url\" content=\"https:\/\/aurora-kaas.com\/de\/produkt\/aurora-gold-butterkaese-bioland-ganzer-laib\/\" \/>\n<meta property=\"og:site_name\" content=\"Aurora kaas\" \/>\n<meta property=\"article:publisher\" content=\"https:\/\/www.facebook.com\/auroracheese\" \/>\n<meta property=\"og:image\" content=\"https:\/\/aurora-kaas.com\/wp-content\/uploads\/2023\/02\/310025-Aurora-Gold-Butterkaese.jpg\" \/>\n\t<meta property=\"og:image:width\" content=\"1500\" \/>\n\t<meta property=\"og:image:height\" content=\"1500\" \/>\n\t<meta property=\"og:image:type\" content=\"image\/jpeg\" \/>\n<meta name=\"twitter:card\" content=\"summary_large_image\" \/>\n<meta name=\"twitter:label1\" content=\"Gesch\u00e4tzte Lesezeit\" \/>\n\t<meta name=\"twitter:data1\" content=\"1\u00a0Minute\" \/>\n<script type=\"application\/ld+json\" class=\"yoast-schema-graph\">{\"@context\":\"https:\\\/\\\/schema.org\",\"@graph\":[{\"@type\":\"WebPage\",\"@id\":\"https:\\\/\\\/aurora-kaas.com\\\/de\\\/produkt\\\/aurora-gold-butterkaese-bioland-ganzer-laib\\\/\",\"url\":\"https:\\\/\\\/aurora-kaas.com\\\/de\\\/produkt\\\/aurora-gold-butterkaese-bioland-ganzer-laib\\\/\",\"name\":\"Aurora Gold Butterk\u00e4se Bioland - ganzer Laib - Aurora kaas\",\"isPartOf\":{\"@id\":\"https:\\\/\\\/aurora-kaas.com\\\/de\\\/#website\"},\"primaryImageOfPage\":{\"@id\":\"https:\\\/\\\/aurora-kaas.com\\\/de\\\/produkt\\\/aurora-gold-butterkaese-bioland-ganzer-laib\\\/#primaryimage\"},\"image\":{\"@id\":\"https:\\\/\\\/aurora-kaas.com\\\/de\\\/produkt\\\/aurora-gold-butterkaese-bioland-ganzer-laib\\\/#primaryimage\"},\"thumbnailUrl\":\"https:\\\/\\\/aurora-kaas.com\\\/wp-content\\\/uploads\\\/2023\\\/02\\\/310025-Aurora-Gold-Butterkaese.jpg\",\"datePublished\":\"2023-02-08T09:21:32+00:00\",\"breadcrumb\":{\"@id\":\"https:\\\/\\\/aurora-kaas.com\\\/de\\\/produkt\\\/aurora-gold-butterkaese-bioland-ganzer-laib\\\/#breadcrumb\"},\"inLanguage\":\"de\",\"potentialAction\":[{\"@type\":\"ReadAction\",\"target\":[\"https:\\\/\\\/aurora-kaas.com\\\/de\\\/produkt\\\/aurora-gold-butterkaese-bioland-ganzer-laib\\\/\"]}]},{\"@type\":\"ImageObject\",\"inLanguage\":\"de\",\"@id\":\"https:\\\/\\\/aurora-kaas.com\\\/de\\\/produkt\\\/aurora-gold-butterkaese-bioland-ganzer-laib\\\/#primaryimage\",\"url\":\"https:\\\/\\\/aurora-kaas.com\\\/wp-content\\\/uploads\\\/2023\\\/02\\\/310025-Aurora-Gold-Butterkaese.jpg\",\"contentUrl\":\"https:\\\/\\\/aurora-kaas.com\\\/wp-content\\\/uploads\\\/2023\\\/02\\\/310025-Aurora-Gold-Butterkaese.jpg\",\"width\":1500,\"height\":1500},{\"@type\":\"BreadcrumbList\",\"@id\":\"https:\\\/\\\/aurora-kaas.com\\\/de\\\/produkt\\\/aurora-gold-butterkaese-bioland-ganzer-laib\\\/#breadcrumb\",\"itemListElement\":[{\"@type\":\"ListItem\",\"position\":1,\"name\":\"Startseite\",\"item\":\"https:\\\/\\\/aurora-kaas.com\\\/de\\\/\"},{\"@type\":\"ListItem\",\"position\":2,\"name\":\"Bio K\u00e4se\",\"item\":\"https:\\\/\\\/aurora-kaas.com\\\/de\\\/?page_id=2187\"},{\"@type\":\"ListItem\",\"position\":3,\"name\":\"Aurora Gold Butterk\u00e4se Bioland &#8211; ganzer Laib\"}]},{\"@type\":\"WebSite\",\"@id\":\"https:\\\/\\\/aurora-kaas.com\\\/de\\\/#website\",\"url\":\"https:\\\/\\\/aurora-kaas.com\\\/de\\\/\",\"name\":\"Aurora Kaas\",\"description\":\"Biok\u00e4se vom Niederrhein\",\"publisher\":{\"@id\":\"https:\\\/\\\/aurora-kaas.com\\\/de\\\/#organization\"},\"potentialAction\":[{\"@type\":\"SearchAction\",\"target\":{\"@type\":\"EntryPoint\",\"urlTemplate\":\"https:\\\/\\\/aurora-kaas.com\\\/de\\\/?s={search_term_string}\"},\"query-input\":{\"@type\":\"PropertyValueSpecification\",\"valueRequired\":true,\"valueName\":\"search_term_string\"}}],\"inLanguage\":\"de\"},{\"@type\":\"Organization\",\"@id\":\"https:\\\/\\\/aurora-kaas.com\\\/de\\\/#organization\",\"name\":\"Aurora Kaas GmbH\",\"url\":\"https:\\\/\\\/aurora-kaas.com\\\/de\\\/\",\"logo\":{\"@type\":\"ImageObject\",\"inLanguage\":\"de\",\"@id\":\"https:\\\/\\\/aurora-kaas.com\\\/de\\\/#\\\/schema\\\/logo\\\/image\\\/\",\"url\":\"https:\\\/\\\/aurora-kaas.com\\\/wp-content\\\/uploads\\\/2022\\\/03\\\/logo.svg\",\"contentUrl\":\"https:\\\/\\\/aurora-kaas.com\\\/wp-content\\\/uploads\\\/2022\\\/03\\\/logo.svg\",\"width\":155,\"height\":82,\"caption\":\"Aurora Kaas GmbH\"},\"image\":{\"@id\":\"https:\\\/\\\/aurora-kaas.com\\\/de\\\/#\\\/schema\\\/logo\\\/image\\\/\"},\"sameAs\":[\"https:\\\/\\\/www.facebook.com\\\/auroracheese\",\"https:\\\/\\\/www.instagram.com\\\/aurora_kaas\\\/\"]}]}<\/script>\n<!-- \/ Yoast SEO plugin. -->","yoast_head_json":{"title":"Aurora Gold Butterk\u00e4se Bioland - ganzer Laib - Aurora kaas","robots":{"index":"index","follow":"follow","max-snippet":"max-snippet:-1","max-image-preview":"max-image-preview:large","max-video-preview":"max-video-preview:-1"},"canonical":"https:\/\/aurora-kaas.com\/de\/produkt\/aurora-gold-butterkaese-bioland-ganzer-laib\/","og_locale":"de_DE","og_type":"article","og_title":"Aurora Gold Butterk\u00e4se Bioland - ganzer Laib - Aurora kaas","og_description":"Vakuumverpacktes St\u00fcck von \u00b1 3,5 Kilogramm.  Zutaten:\u00a0pasteurisierte Kuhmilch*,\u00a0Meersalz, vegetarisch Lab und Milchs\u00e4urekultur. *aus kontrolliert Biologischem Anbau\u00a0  \u00a0\u00a0     &nbsp;  &nbsp;  &nbsp;  &nbsp;  Wichtiger Hinweis! Wir versenden immer nur mittwochs. Bestellungen werden, wenn sie vor Montag 12 Uhr eingegangen sind, am darauf folgendem Mittwoch verschickt.  &nbsp;","og_url":"https:\/\/aurora-kaas.com\/de\/produkt\/aurora-gold-butterkaese-bioland-ganzer-laib\/","og_site_name":"Aurora kaas","article_publisher":"https:\/\/www.facebook.com\/auroracheese","og_image":[{"width":1500,"height":1500,"url":"https:\/\/aurora-kaas.com\/wp-content\/uploads\/2023\/02\/310025-Aurora-Gold-Butterkaese.jpg","type":"image\/jpeg"}],"twitter_card":"summary_large_image","twitter_misc":{"Gesch\u00e4tzte Lesezeit":"1\u00a0Minute"},"schema":{"@context":"https:\/\/schema.org","@graph":[{"@type":"WebPage","@id":"https:\/\/aurora-kaas.com\/de\/produkt\/aurora-gold-butterkaese-bioland-ganzer-laib\/","url":"https:\/\/aurora-kaas.com\/de\/produkt\/aurora-gold-butterkaese-bioland-ganzer-laib\/","name":"Aurora Gold Butterk\u00e4se Bioland - ganzer Laib - Aurora kaas","isPartOf":{"@id":"https:\/\/aurora-kaas.com\/de\/#website"},"primaryImageOfPage":{"@id":"https:\/\/aurora-kaas.com\/de\/produkt\/aurora-gold-butterkaese-bioland-ganzer-laib\/#primaryimage"},"image":{"@id":"https:\/\/aurora-kaas.com\/de\/produkt\/aurora-gold-butterkaese-bioland-ganzer-laib\/#primaryimage"},"thumbnailUrl":"https:\/\/aurora-kaas.com\/wp-content\/uploads\/2023\/02\/310025-Aurora-Gold-Butterkaese.jpg","datePublished":"2023-02-08T09:21:32+00:00","breadcrumb":{"@id":"https:\/\/aurora-kaas.com\/de\/produkt\/aurora-gold-butterkaese-bioland-ganzer-laib\/#breadcrumb"},"inLanguage":"de","potentialAction":[{"@type":"ReadAction","target":["https:\/\/aurora-kaas.com\/de\/produkt\/aurora-gold-butterkaese-bioland-ganzer-laib\/"]}]},{"@type":"ImageObject","inLanguage":"de","@id":"https:\/\/aurora-kaas.com\/de\/produkt\/aurora-gold-butterkaese-bioland-ganzer-laib\/#primaryimage","url":"https:\/\/aurora-kaas.com\/wp-content\/uploads\/2023\/02\/310025-Aurora-Gold-Butterkaese.jpg","contentUrl":"https:\/\/aurora-kaas.com\/wp-content\/uploads\/2023\/02\/310025-Aurora-Gold-Butterkaese.jpg","width":1500,"height":1500},{"@type":"BreadcrumbList","@id":"https:\/\/aurora-kaas.com\/de\/produkt\/aurora-gold-butterkaese-bioland-ganzer-laib\/#breadcrumb","itemListElement":[{"@type":"ListItem","position":1,"name":"Startseite","item":"https:\/\/aurora-kaas.com\/de\/"},{"@type":"ListItem","position":2,"name":"Bio K\u00e4se","item":"https:\/\/aurora-kaas.com\/de\/?page_id=2187"},{"@type":"ListItem","position":3,"name":"Aurora Gold Butterk\u00e4se Bioland &#8211; ganzer Laib"}]},{"@type":"WebSite","@id":"https:\/\/aurora-kaas.com\/de\/#website","url":"https:\/\/aurora-kaas.com\/de\/","name":"Aurora Kaas","description":"Biok\u00e4se vom Niederrhein","publisher":{"@id":"https:\/\/aurora-kaas.com\/de\/#organization"},"potentialAction":[{"@type":"SearchAction","target":{"@type":"EntryPoint","urlTemplate":"https:\/\/aurora-kaas.com\/de\/?s={search_term_string}"},"query-input":{"@type":"PropertyValueSpecification","valueRequired":true,"valueName":"search_term_string"}}],"inLanguage":"de"},{"@type":"Organization","@id":"https:\/\/aurora-kaas.com\/de\/#organization","name":"Aurora Kaas GmbH","url":"https:\/\/aurora-kaas.com\/de\/","logo":{"@type":"ImageObject","inLanguage":"de","@id":"https:\/\/aurora-kaas.com\/de\/#\/schema\/logo\/image\/","url":"https:\/\/aurora-kaas.com\/wp-content\/uploads\/2022\/03\/logo.svg","contentUrl":"https:\/\/aurora-kaas.com\/wp-content\/uploads\/2022\/03\/logo.svg","width":155,"height":82,"caption":"Aurora Kaas GmbH"},"image":{"@id":"https:\/\/aurora-kaas.com\/de\/#\/schema\/logo\/image\/"},"sameAs":["https:\/\/www.facebook.com\/auroracheese","https:\/\/www.instagram.com\/aurora_kaas\/"]}]}},"taxonomy_info":{"product_cat":[{"value":205,"label":"Biok\u00e4se-Kuhmilch"},{"value":230,"label":"Bioland"},{"value":240,"label":"Butterk\u00e4se"},{"value":227,"label":"Gouda Mild\/Jung"}]},"featured_image_src_large":["https:\/\/aurora-kaas.com\/wp-content\/uploads\/2023\/02\/310025-Aurora-Gold-Butterkaese-1024x1024.jpg",1024,1024,true],"author_info":[],"comment_info":"","_links":{"self":[{"href":"https:\/\/aurora-kaas.com\/de\/wp-json\/wp\/v2\/product\/5634","targetHints":{"allow":["GET"]}}],"collection":[{"href":"https:\/\/aurora-kaas.com\/de\/wp-json\/wp\/v2\/product"}],"about":[{"href":"https:\/\/aurora-kaas.com\/de\/wp-json\/wp\/v2\/types\/product"}],"wp:featuredmedia":[{"embeddable":true,"href":"https:\/\/aurora-kaas.com\/de\/wp-json\/wp\/v2\/media\/5635"}],"wp:attachment":[{"href":"https:\/\/aurora-kaas.com\/de\/wp-json\/wp\/v2\/media?parent=5634"}],"wp:term":[{"taxonomy":"product_brand","embeddable":true,"href":"https:\/\/aurora-kaas.com\/de\/wp-json\/wp\/v2\/product_brand?post=5634"},{"taxonomy":"product_cat","embeddable":true,"href":"https:\/\/aurora-kaas.com\/de\/wp-json\/wp\/v2\/product_cat?post=5634"},{"taxonomy":"product_tag","embeddable":true,"href":"https:\/\/aurora-kaas.com\/de\/wp-json\/wp\/v2\/product_tag?post=5634"}],"curies":[{"name":"wp","href":"https:\/\/api.w.org\/{rel}","templated":true}]}}