{"id":6441,"date":"2023-06-19T09:58:24","date_gmt":"2023-06-19T09:58:24","guid":{"rendered":"https:\/\/aurora-kaas.com\/?post_type=product&#038;p=6441"},"modified":"2023-06-19T10:08:46","modified_gmt":"2023-06-19T10:08:46","slug":"iduns-aepfel-rotkultur-kaese-%c2%b1-450-gram","status":"publish","type":"product","link":"https:\/\/aurora-kaas.com\/de\/produkt\/iduns-aepfel-rotkultur-kaese-%c2%b1-450-gram\/","title":{"rendered":"Iduns \u00c4pfel &#8211; Rotkultur K\u00e4se \u00b1 450 gram"},"content":{"rendered":"<div class=\"rte_content left\">\n<p>In der nordischen Mythologie h\u00fctet Idun die goldenen \u00c4pfel, die den G\u00f6ttern ewige Jugend verleihen. Bei uns verleiht das Niederrheinische Apfelkraut unserem K\u00e4se einen besonders fruchtigen, samtenen Geschmack. Ein spannender K\u00e4se von bester Demeter-Qualit\u00e4t und ein echtes Regionalprodukt vom Niederrhein.<\/p>\n<p><strong>Vakuumverpacktes &#8211; Rotkultur K\u00e4se St\u00fcck von \u00b1 450 gram<br \/>\n<\/strong><\/p>\n<p>Der K\u00e4se wird nach traditioneller K\u00e4sereikunst gefertigt, mit vegetarischem Lab und im Meersalz gep\u00f6kelt. Der K\u00e4se ist durch die Reifung laktosefrei.<\/p>\n<p><u><strong>im K\u00fchlschrank aufbewahren!\u00a0<\/strong><\/u><\/p>\n<p><em>Zutaten: pasteurisierte Kuhmilch*, Meersalz, vegetarisch Lab und Milchs\u00e4urekultur. Affniert mit Rotkultur und Apfelkraut*<\/em><br \/>\n<em>*aus kontrolliert Biologischem Anbau\u00a0\u00a0<\/em><\/p>\n<\/div>\n<p>&nbsp;<\/p>\n<p><img loading=\"lazy\" decoding=\"async\" class=\"alignleft wp-image-1072\" src=\"https:\/\/aurora-kaas.com\/wp-content\/uploads\/2022\/03\/demeter.jpeg\" alt=\"\" width=\"180\" height=\"95\" \/> <img loading=\"lazy\" decoding=\"async\" class=\"alignleft wp-image-4623\" src=\"https:\/\/aurora-kaas.com\/wp-content\/uploads\/2022\/11\/Bio-Siegel-EG-Oeko-VO-Deutschland-300x249.png\" alt=\"\" width=\"121\" height=\"100\" srcset=\"https:\/\/aurora-kaas.com\/wp-content\/uploads\/2022\/11\/Bio-Siegel-EG-Oeko-VO-Deutschland-300x249.png 300w, https:\/\/aurora-kaas.com\/wp-content\/uploads\/2022\/11\/Bio-Siegel-EG-Oeko-VO-Deutschland-600x498.png 600w, https:\/\/aurora-kaas.com\/wp-content\/uploads\/2022\/11\/Bio-Siegel-EG-Oeko-VO-Deutschland-1024x849.png 1024w, https:\/\/aurora-kaas.com\/wp-content\/uploads\/2022\/11\/Bio-Siegel-EG-Oeko-VO-Deutschland-768x637.png 768w, https:\/\/aurora-kaas.com\/wp-content\/uploads\/2022\/11\/Bio-Siegel-EG-Oeko-VO-Deutschland.png 1478w\" sizes=\"auto, (max-width: 121px) 100vw, 121px\" \/><img loading=\"lazy\" decoding=\"async\" class=\"alignleft wp-image-4694\" src=\"https:\/\/aurora-kaas.com\/wp-content\/uploads\/2023\/01\/DE-OeKO-070-300x294.jpg\" alt=\"\" width=\"102\" height=\"100\" srcset=\"https:\/\/aurora-kaas.com\/wp-content\/uploads\/2023\/01\/DE-OeKO-070-300x294.jpg 300w, https:\/\/aurora-kaas.com\/wp-content\/uploads\/2023\/01\/DE-OeKO-070.jpg 591w\" sizes=\"auto, (max-width: 102px) 100vw, 102px\" \/><\/p>\n<p>&nbsp;<\/p>\n<p>&nbsp;<\/p>\n<p>&nbsp;<\/p>\n<p><strong>Wichtiger Hinweis! <\/strong>Wir versenden immer nur mittwochs. Bestellungen werden, wenn sie vor Montag 12 Uhr eingegangen sind, am darauf folgendem Mittwoch verschickt.<\/p>\n<p>&nbsp;<\/p>\n","protected":false},"excerpt":{"rendered":"<p><strong>Vakuumverpackter Laib \u00b1 4,2 kg.<\/strong><\/p>\n<p><em>Zutaten:\u00a0pasteurisierte Kuhmilch*,\u00a0Meersalz, vegetarisch Lab und Milchs\u00e4urekultur.<\/em><br \/>\n<em>*aus kontrolliert Biologischem Anbau\u00a0\u00a0<\/em><\/p>\n<p><img loading=\"lazy\" decoding=\"async\" class=\"alignleft wp-image-1072\" src=\"https:\/\/aurora-kaas.com\/wp-content\/uploads\/2022\/03\/demeter.jpeg\" alt=\"\" width=\"180\" height=\"95\" \/> <img loading=\"lazy\" decoding=\"async\" class=\"alignleft wp-image-4623\" src=\"https:\/\/aurora-kaas.com\/wp-content\/uploads\/2022\/11\/Bio-Siegel-EG-Oeko-VO-Deutschland-300x249.png\" alt=\"\" width=\"121\" height=\"100\" srcset=\"https:\/\/aurora-kaas.com\/wp-content\/uploads\/2022\/11\/Bio-Siegel-EG-Oeko-VO-Deutschland-300x249.png 300w, https:\/\/aurora-kaas.com\/wp-content\/uploads\/2022\/11\/Bio-Siegel-EG-Oeko-VO-Deutschland-600x498.png 600w, https:\/\/aurora-kaas.com\/wp-content\/uploads\/2022\/11\/Bio-Siegel-EG-Oeko-VO-Deutschland-1024x849.png 1024w, https:\/\/aurora-kaas.com\/wp-content\/uploads\/2022\/11\/Bio-Siegel-EG-Oeko-VO-Deutschland-768x637.png 768w, https:\/\/aurora-kaas.com\/wp-content\/uploads\/2022\/11\/Bio-Siegel-EG-Oeko-VO-Deutschland.png 1478w\" sizes=\"auto, (max-width: 121px) 100vw, 121px\" \/><img loading=\"lazy\" decoding=\"async\" class=\"alignleft wp-image-4694\" src=\"https:\/\/aurora-kaas.com\/wp-content\/uploads\/2023\/01\/DE-OeKO-070-300x294.jpg\" alt=\"\" width=\"102\" height=\"100\" srcset=\"https:\/\/aurora-kaas.com\/wp-content\/uploads\/2023\/01\/DE-OeKO-070-300x294.jpg 300w, https:\/\/aurora-kaas.com\/wp-content\/uploads\/2023\/01\/DE-OeKO-070.jpg 591w\" sizes=\"auto, (max-width: 102px) 100vw, 102px\" \/><\/p>\n<p>&nbsp;<\/p>\n<p>&nbsp;<\/p>\n<p>&nbsp;<\/p>\n<p>&nbsp;<\/p>\n<p><strong>Wichtiger Hinweis! <\/strong>Wir versenden immer nur mittwochs. Bestellungen werden, wenn sie vor Montag 12 Uhr eingegangen sind, am darauf folgendem Mittwoch verschickt.<\/p>\n<p>&nbsp;<\/p>\n","protected":false},"featured_media":5865,"template":"","meta":{"inline_featured_image":false,"_kad_blocks_custom_css":"","_kad_blocks_head_custom_js":"","_kad_blocks_body_custom_js":"","_kad_blocks_footer_custom_js":"","_kadence_starter_templates_imported_post":false,"_kad_post_transparent":"default","_kad_post_title":"","_kad_post_layout":"default","_kad_post_sidebar_id":"","_kad_post_content_style":"default","_kad_post_vertical_padding":"default","_kad_post_feature":"","_kad_post_feature_position":"","_kad_post_header":false,"_kad_post_footer":false,"_kad_post_classname":""},"product_brand":[],"product_cat":[209,217],"product_tag":[107,90],"class_list":{"0":"post-6441","1":"product","2":"type-product","3":"status-publish","4":"has-post-thumbnail","6":"product_cat-aurora-rot","7":"product_cat-demeter-de","8":"product_tag-demeter","9":"product_tag-gouda-jung","11":"first","12":"instock","13":"taxable","14":"shipping-taxable","15":"product-type-simple","16":"entry","17":"content-bg","18":"loop-entry"},"yoast_head":"<!-- This site is optimized with the Yoast SEO plugin v27.3 - https:\/\/yoast.com\/product\/yoast-seo-wordpress\/ -->\n<title>Iduns \u00c4pfel - Rotkultur K\u00e4se \u00b1 450 gram - Aurora kaas<\/title>\n<meta name=\"robots\" content=\"index, follow, max-snippet:-1, max-image-preview:large, max-video-preview:-1\" \/>\n<link rel=\"canonical\" href=\"https:\/\/aurora-kaas.com\/de\/produkt\/iduns-aepfel-rotkultur-kaese-%c2%b1-450-gram\/\" \/>\n<meta property=\"og:locale\" content=\"de_DE\" \/>\n<meta property=\"og:type\" content=\"article\" \/>\n<meta property=\"og:title\" content=\"Iduns \u00c4pfel - Rotkultur K\u00e4se \u00b1 450 gram - Aurora kaas\" \/>\n<meta property=\"og:description\" content=\"Vakuumverpackter Laib \u00b1 4,2 kg.  Zutaten:\u00a0pasteurisierte Kuhmilch*,\u00a0Meersalz, vegetarisch Lab und Milchs\u00e4urekultur. *aus kontrolliert Biologischem Anbau\u00a0\u00a0     &nbsp;  &nbsp;  &nbsp;  &nbsp;  Wichtiger Hinweis! Wir versenden immer nur mittwochs. Bestellungen werden, wenn sie vor Montag 12 Uhr eingegangen sind, am darauf folgendem Mittwoch verschickt.  &nbsp;\" \/>\n<meta property=\"og:url\" content=\"https:\/\/aurora-kaas.com\/de\/produkt\/iduns-aepfel-rotkultur-kaese-%c2%b1-450-gram\/\" \/>\n<meta property=\"og:site_name\" content=\"Aurora kaas\" \/>\n<meta property=\"article:publisher\" content=\"https:\/\/www.facebook.com\/auroracheese\" \/>\n<meta property=\"article:modified_time\" content=\"2023-06-19T10:08:46+00:00\" \/>\n<meta property=\"og:image\" content=\"https:\/\/aurora-kaas.com\/wp-content\/uploads\/2023\/02\/Idun.png\" \/>\n\t<meta property=\"og:image:width\" content=\"700\" \/>\n\t<meta property=\"og:image:height\" content=\"700\" \/>\n\t<meta property=\"og:image:type\" content=\"image\/png\" \/>\n<meta name=\"twitter:card\" content=\"summary_large_image\" \/>\n<meta name=\"twitter:label1\" content=\"Gesch\u00e4tzte Lesezeit\" \/>\n\t<meta name=\"twitter:data1\" content=\"2\u00a0Minuten\" \/>\n<script type=\"application\/ld+json\" class=\"yoast-schema-graph\">{\"@context\":\"https:\\\/\\\/schema.org\",\"@graph\":[{\"@type\":\"WebPage\",\"@id\":\"https:\\\/\\\/aurora-kaas.com\\\/de\\\/produkt\\\/iduns-aepfel-rotkultur-kaese-%c2%b1-450-gram\\\/\",\"url\":\"https:\\\/\\\/aurora-kaas.com\\\/de\\\/produkt\\\/iduns-aepfel-rotkultur-kaese-%c2%b1-450-gram\\\/\",\"name\":\"Iduns \u00c4pfel - Rotkultur K\u00e4se \u00b1 450 gram - Aurora kaas\",\"isPartOf\":{\"@id\":\"https:\\\/\\\/aurora-kaas.com\\\/de\\\/#website\"},\"primaryImageOfPage\":{\"@id\":\"https:\\\/\\\/aurora-kaas.com\\\/de\\\/produkt\\\/iduns-aepfel-rotkultur-kaese-%c2%b1-450-gram\\\/#primaryimage\"},\"image\":{\"@id\":\"https:\\\/\\\/aurora-kaas.com\\\/de\\\/produkt\\\/iduns-aepfel-rotkultur-kaese-%c2%b1-450-gram\\\/#primaryimage\"},\"thumbnailUrl\":\"https:\\\/\\\/aurora-kaas.com\\\/wp-content\\\/uploads\\\/2023\\\/02\\\/Idun.png\",\"datePublished\":\"2023-06-19T09:58:24+00:00\",\"dateModified\":\"2023-06-19T10:08:46+00:00\",\"breadcrumb\":{\"@id\":\"https:\\\/\\\/aurora-kaas.com\\\/de\\\/produkt\\\/iduns-aepfel-rotkultur-kaese-%c2%b1-450-gram\\\/#breadcrumb\"},\"inLanguage\":\"de\",\"potentialAction\":[{\"@type\":\"ReadAction\",\"target\":[\"https:\\\/\\\/aurora-kaas.com\\\/de\\\/produkt\\\/iduns-aepfel-rotkultur-kaese-%c2%b1-450-gram\\\/\"]}]},{\"@type\":\"ImageObject\",\"inLanguage\":\"de\",\"@id\":\"https:\\\/\\\/aurora-kaas.com\\\/de\\\/produkt\\\/iduns-aepfel-rotkultur-kaese-%c2%b1-450-gram\\\/#primaryimage\",\"url\":\"https:\\\/\\\/aurora-kaas.com\\\/wp-content\\\/uploads\\\/2023\\\/02\\\/Idun.png\",\"contentUrl\":\"https:\\\/\\\/aurora-kaas.com\\\/wp-content\\\/uploads\\\/2023\\\/02\\\/Idun.png\",\"width\":700,\"height\":700},{\"@type\":\"BreadcrumbList\",\"@id\":\"https:\\\/\\\/aurora-kaas.com\\\/de\\\/produkt\\\/iduns-aepfel-rotkultur-kaese-%c2%b1-450-gram\\\/#breadcrumb\",\"itemListElement\":[{\"@type\":\"ListItem\",\"position\":1,\"name\":\"Startseite\",\"item\":\"https:\\\/\\\/aurora-kaas.com\\\/de\\\/\"},{\"@type\":\"ListItem\",\"position\":2,\"name\":\"Bio K\u00e4se\",\"item\":\"https:\\\/\\\/aurora-kaas.com\\\/de\\\/?page_id=2187\"},{\"@type\":\"ListItem\",\"position\":3,\"name\":\"Iduns \u00c4pfel &#8211; Rotkultur K\u00e4se \u00b1 450 gram\"}]},{\"@type\":\"WebSite\",\"@id\":\"https:\\\/\\\/aurora-kaas.com\\\/de\\\/#website\",\"url\":\"https:\\\/\\\/aurora-kaas.com\\\/de\\\/\",\"name\":\"Aurora Kaas\",\"description\":\"Biok\u00e4se vom Niederrhein\",\"publisher\":{\"@id\":\"https:\\\/\\\/aurora-kaas.com\\\/de\\\/#organization\"},\"potentialAction\":[{\"@type\":\"SearchAction\",\"target\":{\"@type\":\"EntryPoint\",\"urlTemplate\":\"https:\\\/\\\/aurora-kaas.com\\\/de\\\/?s={search_term_string}\"},\"query-input\":{\"@type\":\"PropertyValueSpecification\",\"valueRequired\":true,\"valueName\":\"search_term_string\"}}],\"inLanguage\":\"de\"},{\"@type\":\"Organization\",\"@id\":\"https:\\\/\\\/aurora-kaas.com\\\/de\\\/#organization\",\"name\":\"Aurora Kaas GmbH\",\"url\":\"https:\\\/\\\/aurora-kaas.com\\\/de\\\/\",\"logo\":{\"@type\":\"ImageObject\",\"inLanguage\":\"de\",\"@id\":\"https:\\\/\\\/aurora-kaas.com\\\/de\\\/#\\\/schema\\\/logo\\\/image\\\/\",\"url\":\"https:\\\/\\\/aurora-kaas.com\\\/wp-content\\\/uploads\\\/2022\\\/03\\\/logo.svg\",\"contentUrl\":\"https:\\\/\\\/aurora-kaas.com\\\/wp-content\\\/uploads\\\/2022\\\/03\\\/logo.svg\",\"width\":155,\"height\":82,\"caption\":\"Aurora Kaas GmbH\"},\"image\":{\"@id\":\"https:\\\/\\\/aurora-kaas.com\\\/de\\\/#\\\/schema\\\/logo\\\/image\\\/\"},\"sameAs\":[\"https:\\\/\\\/www.facebook.com\\\/auroracheese\",\"https:\\\/\\\/www.instagram.com\\\/aurora_kaas\\\/\"]}]}<\/script>\n<!-- \/ Yoast SEO plugin. -->","yoast_head_json":{"title":"Iduns \u00c4pfel - Rotkultur K\u00e4se \u00b1 450 gram - Aurora kaas","robots":{"index":"index","follow":"follow","max-snippet":"max-snippet:-1","max-image-preview":"max-image-preview:large","max-video-preview":"max-video-preview:-1"},"canonical":"https:\/\/aurora-kaas.com\/de\/produkt\/iduns-aepfel-rotkultur-kaese-%c2%b1-450-gram\/","og_locale":"de_DE","og_type":"article","og_title":"Iduns \u00c4pfel - Rotkultur K\u00e4se \u00b1 450 gram - Aurora kaas","og_description":"Vakuumverpackter Laib \u00b1 4,2 kg.  Zutaten:\u00a0pasteurisierte Kuhmilch*,\u00a0Meersalz, vegetarisch Lab und Milchs\u00e4urekultur. *aus kontrolliert Biologischem Anbau\u00a0\u00a0     &nbsp;  &nbsp;  &nbsp;  &nbsp;  Wichtiger Hinweis! Wir versenden immer nur mittwochs. Bestellungen werden, wenn sie vor Montag 12 Uhr eingegangen sind, am darauf folgendem Mittwoch verschickt.  &nbsp;","og_url":"https:\/\/aurora-kaas.com\/de\/produkt\/iduns-aepfel-rotkultur-kaese-%c2%b1-450-gram\/","og_site_name":"Aurora kaas","article_publisher":"https:\/\/www.facebook.com\/auroracheese","article_modified_time":"2023-06-19T10:08:46+00:00","og_image":[{"width":700,"height":700,"url":"https:\/\/aurora-kaas.com\/wp-content\/uploads\/2023\/02\/Idun.png","type":"image\/png"}],"twitter_card":"summary_large_image","twitter_misc":{"Gesch\u00e4tzte Lesezeit":"2\u00a0Minuten"},"schema":{"@context":"https:\/\/schema.org","@graph":[{"@type":"WebPage","@id":"https:\/\/aurora-kaas.com\/de\/produkt\/iduns-aepfel-rotkultur-kaese-%c2%b1-450-gram\/","url":"https:\/\/aurora-kaas.com\/de\/produkt\/iduns-aepfel-rotkultur-kaese-%c2%b1-450-gram\/","name":"Iduns \u00c4pfel - Rotkultur K\u00e4se \u00b1 450 gram - Aurora kaas","isPartOf":{"@id":"https:\/\/aurora-kaas.com\/de\/#website"},"primaryImageOfPage":{"@id":"https:\/\/aurora-kaas.com\/de\/produkt\/iduns-aepfel-rotkultur-kaese-%c2%b1-450-gram\/#primaryimage"},"image":{"@id":"https:\/\/aurora-kaas.com\/de\/produkt\/iduns-aepfel-rotkultur-kaese-%c2%b1-450-gram\/#primaryimage"},"thumbnailUrl":"https:\/\/aurora-kaas.com\/wp-content\/uploads\/2023\/02\/Idun.png","datePublished":"2023-06-19T09:58:24+00:00","dateModified":"2023-06-19T10:08:46+00:00","breadcrumb":{"@id":"https:\/\/aurora-kaas.com\/de\/produkt\/iduns-aepfel-rotkultur-kaese-%c2%b1-450-gram\/#breadcrumb"},"inLanguage":"de","potentialAction":[{"@type":"ReadAction","target":["https:\/\/aurora-kaas.com\/de\/produkt\/iduns-aepfel-rotkultur-kaese-%c2%b1-450-gram\/"]}]},{"@type":"ImageObject","inLanguage":"de","@id":"https:\/\/aurora-kaas.com\/de\/produkt\/iduns-aepfel-rotkultur-kaese-%c2%b1-450-gram\/#primaryimage","url":"https:\/\/aurora-kaas.com\/wp-content\/uploads\/2023\/02\/Idun.png","contentUrl":"https:\/\/aurora-kaas.com\/wp-content\/uploads\/2023\/02\/Idun.png","width":700,"height":700},{"@type":"BreadcrumbList","@id":"https:\/\/aurora-kaas.com\/de\/produkt\/iduns-aepfel-rotkultur-kaese-%c2%b1-450-gram\/#breadcrumb","itemListElement":[{"@type":"ListItem","position":1,"name":"Startseite","item":"https:\/\/aurora-kaas.com\/de\/"},{"@type":"ListItem","position":2,"name":"Bio K\u00e4se","item":"https:\/\/aurora-kaas.com\/de\/?page_id=2187"},{"@type":"ListItem","position":3,"name":"Iduns \u00c4pfel &#8211; Rotkultur K\u00e4se \u00b1 450 gram"}]},{"@type":"WebSite","@id":"https:\/\/aurora-kaas.com\/de\/#website","url":"https:\/\/aurora-kaas.com\/de\/","name":"Aurora Kaas","description":"Biok\u00e4se vom Niederrhein","publisher":{"@id":"https:\/\/aurora-kaas.com\/de\/#organization"},"potentialAction":[{"@type":"SearchAction","target":{"@type":"EntryPoint","urlTemplate":"https:\/\/aurora-kaas.com\/de\/?s={search_term_string}"},"query-input":{"@type":"PropertyValueSpecification","valueRequired":true,"valueName":"search_term_string"}}],"inLanguage":"de"},{"@type":"Organization","@id":"https:\/\/aurora-kaas.com\/de\/#organization","name":"Aurora Kaas GmbH","url":"https:\/\/aurora-kaas.com\/de\/","logo":{"@type":"ImageObject","inLanguage":"de","@id":"https:\/\/aurora-kaas.com\/de\/#\/schema\/logo\/image\/","url":"https:\/\/aurora-kaas.com\/wp-content\/uploads\/2022\/03\/logo.svg","contentUrl":"https:\/\/aurora-kaas.com\/wp-content\/uploads\/2022\/03\/logo.svg","width":155,"height":82,"caption":"Aurora Kaas GmbH"},"image":{"@id":"https:\/\/aurora-kaas.com\/de\/#\/schema\/logo\/image\/"},"sameAs":["https:\/\/www.facebook.com\/auroracheese","https:\/\/www.instagram.com\/aurora_kaas\/"]}]}},"taxonomy_info":{"product_cat":[{"value":209,"label":"Aurora Rot"},{"value":217,"label":"Demeter"}],"product_tag":[{"value":107,"label":"Demeter"},{"value":90,"label":"Gouda jung"}]},"featured_image_src_large":["https:\/\/aurora-kaas.com\/wp-content\/uploads\/2023\/02\/Idun.png",700,700,false],"author_info":[],"comment_info":"","_links":{"self":[{"href":"https:\/\/aurora-kaas.com\/de\/wp-json\/wp\/v2\/product\/6441","targetHints":{"allow":["GET"]}}],"collection":[{"href":"https:\/\/aurora-kaas.com\/de\/wp-json\/wp\/v2\/product"}],"about":[{"href":"https:\/\/aurora-kaas.com\/de\/wp-json\/wp\/v2\/types\/product"}],"wp:featuredmedia":[{"embeddable":true,"href":"https:\/\/aurora-kaas.com\/de\/wp-json\/wp\/v2\/media\/5865"}],"wp:attachment":[{"href":"https:\/\/aurora-kaas.com\/de\/wp-json\/wp\/v2\/media?parent=6441"}],"wp:term":[{"taxonomy":"product_brand","embeddable":true,"href":"https:\/\/aurora-kaas.com\/de\/wp-json\/wp\/v2\/product_brand?post=6441"},{"taxonomy":"product_cat","embeddable":true,"href":"https:\/\/aurora-kaas.com\/de\/wp-json\/wp\/v2\/product_cat?post=6441"},{"taxonomy":"product_tag","embeddable":true,"href":"https:\/\/aurora-kaas.com\/de\/wp-json\/wp\/v2\/product_tag?post=6441"}],"curies":[{"name":"wp","href":"https:\/\/api.w.org\/{rel}","templated":true}]}}