{"id":6444,"date":"2023-06-19T10:09:32","date_gmt":"2023-06-19T10:09:32","guid":{"rendered":"https:\/\/aurora-kaas.com\/?post_type=product&#038;p=6444"},"modified":"2023-07-18T12:12:55","modified_gmt":"2023-07-18T12:12:55","slug":"ostaras-morgenroete-rotkultur-kaese-%c2%b1-450-gram","status":"publish","type":"product","link":"https:\/\/aurora-kaas.com\/de\/produkt\/ostaras-morgenroete-rotkultur-kaese-%c2%b1-450-gram\/","title":{"rendered":"Ostaras Morgenr\u00f6te &#8211; Rotkultur K\u00e4se \u00b1 450 gram ("},"content":{"rendered":"<div class=\"rte_content left\">\n<p>Die aufgehende Sonne war schon seit den Anfangsjahren das Sinnbild der Familien ten Dam f\u00fcr ihre K\u00e4serei Aurora. Die germanische G\u00f6ttin Ostara, deren Name sich von Aurora ableitet, ist die G\u00f6ttin der Morgenr\u00f6te und bringt Licht, W\u00e4rme und Energie in die Welt. Darum ist sie die Patin f\u00fcr den ersten Rotkulturk\u00e4se der Ten Dams, der nach genau dieser W\u00e4rme und Energie schmeckt.<\/p>\n<p><strong>Vakuumverpacktes &#8211; Rotkultur K\u00e4se St\u00fcck von \u00b1 450 gram<br \/>\n<\/strong><\/p>\n<p>Der K\u00e4se wird nach traditioneller K\u00e4sereikunst gefertigt, mit vegetarischem Lab und im Meersalz gep\u00f6kelt. Der K\u00e4se ist durch die Reifung laktosefrei.<\/p>\n<p><u><strong>im K\u00fchlschrank aufbewahren!\u00a0<\/strong><\/u><\/p>\n<p><em>Zutaten: pasteurisierte Kuhmilch*, Meersalz, vegetarisch Lab und Milchs\u00e4urekultur. Affniert mit Rotkultur<\/em><br \/>\n<em>*aus kontrolliert Biologischem Anbau\u00a0\u00a0<\/em><\/p>\n<p>&nbsp;<\/p>\n<\/div>\n<p><img loading=\"lazy\" decoding=\"async\" class=\"alignnone  wp-image-3808\" src=\"https:\/\/aurora-kaas.com\/wp-content\/uploads\/2022\/09\/Logo-Bioland-296x300.png\" alt=\"\" width=\"104\" height=\"105\" srcset=\"https:\/\/aurora-kaas.com\/wp-content\/uploads\/2022\/09\/Logo-Bioland-296x300.png 296w, https:\/\/aurora-kaas.com\/wp-content\/uploads\/2022\/09\/Logo-Bioland-300x300.png 300w, https:\/\/aurora-kaas.com\/wp-content\/uploads\/2022\/09\/Logo-Bioland-100x100.png 100w, https:\/\/aurora-kaas.com\/wp-content\/uploads\/2022\/09\/Logo-Bioland-150x150.png 150w, https:\/\/aurora-kaas.com\/wp-content\/uploads\/2022\/09\/Logo-Bioland.png 501w\" sizes=\"auto, (max-width: 104px) 100vw, 104px\" \/><img loading=\"lazy\" decoding=\"async\" class=\"alignleft wp-image-4694\" src=\"https:\/\/aurora-kaas.com\/wp-content\/uploads\/2023\/01\/DE-OeKO-070-300x294.jpg\" alt=\"\" width=\"102\" height=\"100\" srcset=\"https:\/\/aurora-kaas.com\/wp-content\/uploads\/2023\/01\/DE-OeKO-070-300x294.jpg 300w, https:\/\/aurora-kaas.com\/wp-content\/uploads\/2023\/01\/DE-OeKO-070.jpg 591w\" sizes=\"auto, (max-width: 102px) 100vw, 102px\" \/><\/p>\n<p>&nbsp;<\/p>\n<p>&nbsp;<\/p>\n<p>&nbsp;<\/p>\n<p><strong>Wichtiger Hinweis! <\/strong>Wir versenden immer nur mittwochs. Bestellungen werden, wenn sie vor Montag 12 Uhr eingegangen sind, am darauf folgendem Mittwoch verschickt.<\/p>\n<p>&nbsp;<\/p>\n","protected":false},"excerpt":{"rendered":"<div class=\"rte_content left\">\n<p><strong>Vakuumverpacktes &#8211; Rotkultur K\u00e4se St\u00fcck von \u00b1 450 gram<br \/>\n<\/strong><\/p>\n<p>Der K\u00e4se wird nach traditioneller K\u00e4sereikunst gefertigt, mit vegetarischem Lab und im Meersalz gep\u00f6kelt. Der K\u00e4se ist durch die Reifung laktosefrei.<\/p>\n<p><u><strong>im K\u00fchlschrank aufbewahren!\u00a0<\/strong><\/u><\/p>\n<p><em>Zutaten: pasteurisierte Kuhmilch*, Meersalz, vegetarisch Lab und Milchs\u00e4urekultur. Affniert mit Rotkultur<\/em><br \/>\n<em>*aus kontrolliert Biologischem Anbau\u00a0\u00a0<\/em><\/p>\n<\/div>\n<p>&nbsp;<\/p>\n<p><img loading=\"lazy\" decoding=\"async\" class=\"alignleft wp-image-1072\" src=\"https:\/\/aurora-kaas.com\/wp-content\/uploads\/2022\/03\/demeter.jpeg\" alt=\"\" width=\"180\" height=\"95\" \/>\u00a0<img loading=\"lazy\" decoding=\"async\" class=\"alignleft wp-image-4694\" src=\"https:\/\/aurora-kaas.com\/wp-content\/uploads\/2023\/01\/DE-OeKO-070-300x294.jpg\" alt=\"\" width=\"102\" height=\"100\" srcset=\"https:\/\/aurora-kaas.com\/wp-content\/uploads\/2023\/01\/DE-OeKO-070-300x294.jpg 300w, https:\/\/aurora-kaas.com\/wp-content\/uploads\/2023\/01\/DE-OeKO-070.jpg 591w\" sizes=\"auto, (max-width: 102px) 100vw, 102px\" \/><\/p>\n<p>&nbsp;<\/p>\n<p>&nbsp;<\/p>\n<p><strong>Wichtiger Hinweis! <\/strong>Wir versenden immer nur mittwochs. Bestellungen werden, wenn sie vor Montag 12 Uhr eingegangen sind, am darauf folgendem Mittwoch verschickt.<\/p>\n","protected":false},"featured_media":3252,"template":"","meta":{"inline_featured_image":false,"_kad_blocks_custom_css":"","_kad_blocks_head_custom_js":"","_kad_blocks_body_custom_js":"","_kad_blocks_footer_custom_js":"","_kadence_starter_templates_imported_post":false,"_kad_post_transparent":"default","_kad_post_title":"","_kad_post_layout":"default","_kad_post_sidebar_id":"","_kad_post_content_style":"default","_kad_post_vertical_padding":"default","_kad_post_feature":"","_kad_post_feature_position":"","_kad_post_header":false,"_kad_post_footer":false,"_kad_post_classname":""},"product_brand":[],"product_cat":[209,230],"product_tag":[107,90],"class_list":{"0":"post-6444","1":"product","2":"type-product","3":"status-publish","4":"has-post-thumbnail","6":"product_cat-aurora-rot","7":"product_cat-bioland","8":"product_tag-demeter","9":"product_tag-gouda-jung","11":"first","12":"instock","13":"taxable","14":"shipping-taxable","15":"product-type-simple","16":"entry","17":"content-bg","18":"loop-entry"},"yoast_head":"<!-- This site is optimized with the Yoast SEO plugin v27.3 - https:\/\/yoast.com\/product\/yoast-seo-wordpress\/ -->\n<title>Ostaras Morgenr\u00f6te - Rotkultur K\u00e4se \u00b1 450 gram ( - Aurora kaas<\/title>\n<meta name=\"robots\" content=\"index, follow, max-snippet:-1, max-image-preview:large, max-video-preview:-1\" \/>\n<link rel=\"canonical\" href=\"https:\/\/aurora-kaas.com\/de\/produkt\/ostaras-morgenroete-rotkultur-kaese-%c2%b1-450-gram\/\" \/>\n<meta property=\"og:locale\" content=\"de_DE\" \/>\n<meta property=\"og:type\" content=\"article\" \/>\n<meta property=\"og:title\" content=\"Ostaras Morgenr\u00f6te - Rotkultur K\u00e4se \u00b1 450 gram ( - Aurora kaas\" \/>\n<meta property=\"og:description\" content=\"Vakuumverpacktes - Rotkultur K\u00e4se St\u00fcck von \u00b1 450 gram   Der K\u00e4se wird nach traditioneller K\u00e4sereikunst gefertigt, mit vegetarischem Lab und im Meersalz gep\u00f6kelt. Der K\u00e4se ist durch die Reifung laktosefrei.  im K\u00fchlschrank aufbewahren!\u00a0  Zutaten: pasteurisierte Kuhmilch*, Meersalz, vegetarisch Lab und Milchs\u00e4urekultur. Affniert mit Rotkultur *aus kontrolliert Biologischem Anbau\u00a0\u00a0   &nbsp;  \u00a0  &nbsp;  &nbsp;  Wichtiger Hinweis! Wir versenden immer nur mittwochs. Bestellungen werden, wenn sie vor Montag 12 Uhr eingegangen sind, am darauf folgendem Mittwoch verschickt.\" \/>\n<meta property=\"og:url\" content=\"https:\/\/aurora-kaas.com\/de\/produkt\/ostaras-morgenroete-rotkultur-kaese-%c2%b1-450-gram\/\" \/>\n<meta property=\"og:site_name\" content=\"Aurora kaas\" \/>\n<meta property=\"article:publisher\" content=\"https:\/\/www.facebook.com\/auroracheese\" \/>\n<meta property=\"article:modified_time\" content=\"2023-07-18T12:12:55+00:00\" \/>\n<meta property=\"og:image\" content=\"https:\/\/aurora-kaas.com\/wp-content\/uploads\/2022\/08\/RZ_Rotkultur_Etiketten_Gaben-der_Goetter-Ostara.jpg\" \/>\n\t<meta property=\"og:image:width\" content=\"2550\" \/>\n\t<meta property=\"og:image:height\" content=\"2539\" \/>\n\t<meta property=\"og:image:type\" content=\"image\/jpeg\" \/>\n<meta name=\"twitter:card\" content=\"summary_large_image\" \/>\n<meta name=\"twitter:label1\" content=\"Gesch\u00e4tzte Lesezeit\" \/>\n\t<meta name=\"twitter:data1\" content=\"2\u00a0Minuten\" \/>\n<script type=\"application\/ld+json\" class=\"yoast-schema-graph\">{\"@context\":\"https:\\\/\\\/schema.org\",\"@graph\":[{\"@type\":\"WebPage\",\"@id\":\"https:\\\/\\\/aurora-kaas.com\\\/de\\\/produkt\\\/ostaras-morgenroete-rotkultur-kaese-%c2%b1-450-gram\\\/\",\"url\":\"https:\\\/\\\/aurora-kaas.com\\\/de\\\/produkt\\\/ostaras-morgenroete-rotkultur-kaese-%c2%b1-450-gram\\\/\",\"name\":\"Ostaras Morgenr\u00f6te - Rotkultur K\u00e4se \u00b1 450 gram ( - Aurora kaas\",\"isPartOf\":{\"@id\":\"https:\\\/\\\/aurora-kaas.com\\\/de\\\/#website\"},\"primaryImageOfPage\":{\"@id\":\"https:\\\/\\\/aurora-kaas.com\\\/de\\\/produkt\\\/ostaras-morgenroete-rotkultur-kaese-%c2%b1-450-gram\\\/#primaryimage\"},\"image\":{\"@id\":\"https:\\\/\\\/aurora-kaas.com\\\/de\\\/produkt\\\/ostaras-morgenroete-rotkultur-kaese-%c2%b1-450-gram\\\/#primaryimage\"},\"thumbnailUrl\":\"https:\\\/\\\/aurora-kaas.com\\\/wp-content\\\/uploads\\\/2022\\\/08\\\/RZ_Rotkultur_Etiketten_Gaben-der_Goetter-Ostara.jpg\",\"datePublished\":\"2023-06-19T10:09:32+00:00\",\"dateModified\":\"2023-07-18T12:12:55+00:00\",\"breadcrumb\":{\"@id\":\"https:\\\/\\\/aurora-kaas.com\\\/de\\\/produkt\\\/ostaras-morgenroete-rotkultur-kaese-%c2%b1-450-gram\\\/#breadcrumb\"},\"inLanguage\":\"de\",\"potentialAction\":[{\"@type\":\"ReadAction\",\"target\":[\"https:\\\/\\\/aurora-kaas.com\\\/de\\\/produkt\\\/ostaras-morgenroete-rotkultur-kaese-%c2%b1-450-gram\\\/\"]}]},{\"@type\":\"ImageObject\",\"inLanguage\":\"de\",\"@id\":\"https:\\\/\\\/aurora-kaas.com\\\/de\\\/produkt\\\/ostaras-morgenroete-rotkultur-kaese-%c2%b1-450-gram\\\/#primaryimage\",\"url\":\"https:\\\/\\\/aurora-kaas.com\\\/wp-content\\\/uploads\\\/2022\\\/08\\\/RZ_Rotkultur_Etiketten_Gaben-der_Goetter-Ostara.jpg\",\"contentUrl\":\"https:\\\/\\\/aurora-kaas.com\\\/wp-content\\\/uploads\\\/2022\\\/08\\\/RZ_Rotkultur_Etiketten_Gaben-der_Goetter-Ostara.jpg\",\"width\":2550,\"height\":2539},{\"@type\":\"BreadcrumbList\",\"@id\":\"https:\\\/\\\/aurora-kaas.com\\\/de\\\/produkt\\\/ostaras-morgenroete-rotkultur-kaese-%c2%b1-450-gram\\\/#breadcrumb\",\"itemListElement\":[{\"@type\":\"ListItem\",\"position\":1,\"name\":\"Startseite\",\"item\":\"https:\\\/\\\/aurora-kaas.com\\\/de\\\/\"},{\"@type\":\"ListItem\",\"position\":2,\"name\":\"Bio K\u00e4se\",\"item\":\"https:\\\/\\\/aurora-kaas.com\\\/de\\\/?page_id=2187\"},{\"@type\":\"ListItem\",\"position\":3,\"name\":\"Ostaras Morgenr\u00f6te &#8211; Rotkultur K\u00e4se \u00b1 450 gram (\"}]},{\"@type\":\"WebSite\",\"@id\":\"https:\\\/\\\/aurora-kaas.com\\\/de\\\/#website\",\"url\":\"https:\\\/\\\/aurora-kaas.com\\\/de\\\/\",\"name\":\"Aurora Kaas\",\"description\":\"Biok\u00e4se vom Niederrhein\",\"publisher\":{\"@id\":\"https:\\\/\\\/aurora-kaas.com\\\/de\\\/#organization\"},\"potentialAction\":[{\"@type\":\"SearchAction\",\"target\":{\"@type\":\"EntryPoint\",\"urlTemplate\":\"https:\\\/\\\/aurora-kaas.com\\\/de\\\/?s={search_term_string}\"},\"query-input\":{\"@type\":\"PropertyValueSpecification\",\"valueRequired\":true,\"valueName\":\"search_term_string\"}}],\"inLanguage\":\"de\"},{\"@type\":\"Organization\",\"@id\":\"https:\\\/\\\/aurora-kaas.com\\\/de\\\/#organization\",\"name\":\"Aurora Kaas GmbH\",\"url\":\"https:\\\/\\\/aurora-kaas.com\\\/de\\\/\",\"logo\":{\"@type\":\"ImageObject\",\"inLanguage\":\"de\",\"@id\":\"https:\\\/\\\/aurora-kaas.com\\\/de\\\/#\\\/schema\\\/logo\\\/image\\\/\",\"url\":\"https:\\\/\\\/aurora-kaas.com\\\/wp-content\\\/uploads\\\/2022\\\/03\\\/logo.svg\",\"contentUrl\":\"https:\\\/\\\/aurora-kaas.com\\\/wp-content\\\/uploads\\\/2022\\\/03\\\/logo.svg\",\"width\":155,\"height\":82,\"caption\":\"Aurora Kaas GmbH\"},\"image\":{\"@id\":\"https:\\\/\\\/aurora-kaas.com\\\/de\\\/#\\\/schema\\\/logo\\\/image\\\/\"},\"sameAs\":[\"https:\\\/\\\/www.facebook.com\\\/auroracheese\",\"https:\\\/\\\/www.instagram.com\\\/aurora_kaas\\\/\"]}]}<\/script>\n<!-- \/ Yoast SEO plugin. -->","yoast_head_json":{"title":"Ostaras Morgenr\u00f6te - Rotkultur K\u00e4se \u00b1 450 gram ( - Aurora kaas","robots":{"index":"index","follow":"follow","max-snippet":"max-snippet:-1","max-image-preview":"max-image-preview:large","max-video-preview":"max-video-preview:-1"},"canonical":"https:\/\/aurora-kaas.com\/de\/produkt\/ostaras-morgenroete-rotkultur-kaese-%c2%b1-450-gram\/","og_locale":"de_DE","og_type":"article","og_title":"Ostaras Morgenr\u00f6te - Rotkultur K\u00e4se \u00b1 450 gram ( - Aurora kaas","og_description":"Vakuumverpacktes - Rotkultur K\u00e4se St\u00fcck von \u00b1 450 gram   Der K\u00e4se wird nach traditioneller K\u00e4sereikunst gefertigt, mit vegetarischem Lab und im Meersalz gep\u00f6kelt. Der K\u00e4se ist durch die Reifung laktosefrei.  im K\u00fchlschrank aufbewahren!\u00a0  Zutaten: pasteurisierte Kuhmilch*, Meersalz, vegetarisch Lab und Milchs\u00e4urekultur. Affniert mit Rotkultur *aus kontrolliert Biologischem Anbau\u00a0\u00a0   &nbsp;  \u00a0  &nbsp;  &nbsp;  Wichtiger Hinweis! Wir versenden immer nur mittwochs. Bestellungen werden, wenn sie vor Montag 12 Uhr eingegangen sind, am darauf folgendem Mittwoch verschickt.","og_url":"https:\/\/aurora-kaas.com\/de\/produkt\/ostaras-morgenroete-rotkultur-kaese-%c2%b1-450-gram\/","og_site_name":"Aurora kaas","article_publisher":"https:\/\/www.facebook.com\/auroracheese","article_modified_time":"2023-07-18T12:12:55+00:00","og_image":[{"width":2550,"height":2539,"url":"https:\/\/aurora-kaas.com\/wp-content\/uploads\/2022\/08\/RZ_Rotkultur_Etiketten_Gaben-der_Goetter-Ostara.jpg","type":"image\/jpeg"}],"twitter_card":"summary_large_image","twitter_misc":{"Gesch\u00e4tzte Lesezeit":"2\u00a0Minuten"},"schema":{"@context":"https:\/\/schema.org","@graph":[{"@type":"WebPage","@id":"https:\/\/aurora-kaas.com\/de\/produkt\/ostaras-morgenroete-rotkultur-kaese-%c2%b1-450-gram\/","url":"https:\/\/aurora-kaas.com\/de\/produkt\/ostaras-morgenroete-rotkultur-kaese-%c2%b1-450-gram\/","name":"Ostaras Morgenr\u00f6te - Rotkultur K\u00e4se \u00b1 450 gram ( - Aurora kaas","isPartOf":{"@id":"https:\/\/aurora-kaas.com\/de\/#website"},"primaryImageOfPage":{"@id":"https:\/\/aurora-kaas.com\/de\/produkt\/ostaras-morgenroete-rotkultur-kaese-%c2%b1-450-gram\/#primaryimage"},"image":{"@id":"https:\/\/aurora-kaas.com\/de\/produkt\/ostaras-morgenroete-rotkultur-kaese-%c2%b1-450-gram\/#primaryimage"},"thumbnailUrl":"https:\/\/aurora-kaas.com\/wp-content\/uploads\/2022\/08\/RZ_Rotkultur_Etiketten_Gaben-der_Goetter-Ostara.jpg","datePublished":"2023-06-19T10:09:32+00:00","dateModified":"2023-07-18T12:12:55+00:00","breadcrumb":{"@id":"https:\/\/aurora-kaas.com\/de\/produkt\/ostaras-morgenroete-rotkultur-kaese-%c2%b1-450-gram\/#breadcrumb"},"inLanguage":"de","potentialAction":[{"@type":"ReadAction","target":["https:\/\/aurora-kaas.com\/de\/produkt\/ostaras-morgenroete-rotkultur-kaese-%c2%b1-450-gram\/"]}]},{"@type":"ImageObject","inLanguage":"de","@id":"https:\/\/aurora-kaas.com\/de\/produkt\/ostaras-morgenroete-rotkultur-kaese-%c2%b1-450-gram\/#primaryimage","url":"https:\/\/aurora-kaas.com\/wp-content\/uploads\/2022\/08\/RZ_Rotkultur_Etiketten_Gaben-der_Goetter-Ostara.jpg","contentUrl":"https:\/\/aurora-kaas.com\/wp-content\/uploads\/2022\/08\/RZ_Rotkultur_Etiketten_Gaben-der_Goetter-Ostara.jpg","width":2550,"height":2539},{"@type":"BreadcrumbList","@id":"https:\/\/aurora-kaas.com\/de\/produkt\/ostaras-morgenroete-rotkultur-kaese-%c2%b1-450-gram\/#breadcrumb","itemListElement":[{"@type":"ListItem","position":1,"name":"Startseite","item":"https:\/\/aurora-kaas.com\/de\/"},{"@type":"ListItem","position":2,"name":"Bio K\u00e4se","item":"https:\/\/aurora-kaas.com\/de\/?page_id=2187"},{"@type":"ListItem","position":3,"name":"Ostaras Morgenr\u00f6te &#8211; Rotkultur K\u00e4se \u00b1 450 gram ("}]},{"@type":"WebSite","@id":"https:\/\/aurora-kaas.com\/de\/#website","url":"https:\/\/aurora-kaas.com\/de\/","name":"Aurora Kaas","description":"Biok\u00e4se vom Niederrhein","publisher":{"@id":"https:\/\/aurora-kaas.com\/de\/#organization"},"potentialAction":[{"@type":"SearchAction","target":{"@type":"EntryPoint","urlTemplate":"https:\/\/aurora-kaas.com\/de\/?s={search_term_string}"},"query-input":{"@type":"PropertyValueSpecification","valueRequired":true,"valueName":"search_term_string"}}],"inLanguage":"de"},{"@type":"Organization","@id":"https:\/\/aurora-kaas.com\/de\/#organization","name":"Aurora Kaas GmbH","url":"https:\/\/aurora-kaas.com\/de\/","logo":{"@type":"ImageObject","inLanguage":"de","@id":"https:\/\/aurora-kaas.com\/de\/#\/schema\/logo\/image\/","url":"https:\/\/aurora-kaas.com\/wp-content\/uploads\/2022\/03\/logo.svg","contentUrl":"https:\/\/aurora-kaas.com\/wp-content\/uploads\/2022\/03\/logo.svg","width":155,"height":82,"caption":"Aurora Kaas GmbH"},"image":{"@id":"https:\/\/aurora-kaas.com\/de\/#\/schema\/logo\/image\/"},"sameAs":["https:\/\/www.facebook.com\/auroracheese","https:\/\/www.instagram.com\/aurora_kaas\/"]}]}},"taxonomy_info":{"product_cat":[{"value":209,"label":"Aurora Rot"},{"value":230,"label":"Bioland"}],"product_tag":[{"value":107,"label":"Demeter"},{"value":90,"label":"Gouda jung"}]},"featured_image_src_large":["https:\/\/aurora-kaas.com\/wp-content\/uploads\/2022\/08\/RZ_Rotkultur_Etiketten_Gaben-der_Goetter-Ostara-1024x1020.jpg",1024,1020,true],"author_info":[],"comment_info":"","_links":{"self":[{"href":"https:\/\/aurora-kaas.com\/de\/wp-json\/wp\/v2\/product\/6444","targetHints":{"allow":["GET"]}}],"collection":[{"href":"https:\/\/aurora-kaas.com\/de\/wp-json\/wp\/v2\/product"}],"about":[{"href":"https:\/\/aurora-kaas.com\/de\/wp-json\/wp\/v2\/types\/product"}],"wp:featuredmedia":[{"embeddable":true,"href":"https:\/\/aurora-kaas.com\/de\/wp-json\/wp\/v2\/media\/3252"}],"wp:attachment":[{"href":"https:\/\/aurora-kaas.com\/de\/wp-json\/wp\/v2\/media?parent=6444"}],"wp:term":[{"taxonomy":"product_brand","embeddable":true,"href":"https:\/\/aurora-kaas.com\/de\/wp-json\/wp\/v2\/product_brand?post=6444"},{"taxonomy":"product_cat","embeddable":true,"href":"https:\/\/aurora-kaas.com\/de\/wp-json\/wp\/v2\/product_cat?post=6444"},{"taxonomy":"product_tag","embeddable":true,"href":"https:\/\/aurora-kaas.com\/de\/wp-json\/wp\/v2\/product_tag?post=6444"}],"curies":[{"name":"wp","href":"https:\/\/api.w.org\/{rel}","templated":true}]}}