{"id":7348,"date":"2023-09-07T08:43:22","date_gmt":"2023-09-07T08:43:22","guid":{"rendered":"https:\/\/aurora-kaas.com\/?post_type=product&#038;p=7348"},"modified":"2024-04-10T05:55:14","modified_gmt":"2024-04-10T05:55:14","slug":"aurora-mama-kuh-%c2%b1-450-gramm","status":"publish","type":"product","link":"https:\/\/aurora-kaas.com\/de\/produkt\/aurora-mama-kuh-%c2%b1-450-gramm\/","title":{"rendered":"Aurora Gold Mama Kuh Demeter &#8211; \u00b1 450 Gramm"},"content":{"rendered":"<div class=\"rte_content left\">\n<p>Herrlich mild-cremiger K\u00e4se mit Suchtpotential<\/p>\n<p>Die Milch f\u00fcr diesen K\u00e4se, stammt von zwei Demeter-H\u00f6fen am Niederrhein, die schon seit mehreren Jahren kuhgebundene K\u00e4lberhaltung praktizieren.<br \/>\nIn einer Gruppe spielend w\u00e4chst das K\u00e4lbchen bei seiner Mutter oder einer Amme die ersten 12. Wochen auf. Dort darf es F\u00fcrsorge und Geborgenheit genie\u00dfen. Das Kalb trinkt direkt von der Kuh. So werden wichtige und gesunde N\u00e4hrstoffe in der engen Beziehung direkt weitergegeben.<\/p>\n<p>Erst wenn das Kalb satt ist, wird die Kuh gemolken<\/p>\n<p><strong>Vakuumverpacktes St\u00fcck von\u00a0\u00b1\u00a0450 Gramm.<\/strong><\/p>\n<p>Der K\u00e4se wird auf traditionelle niederl\u00e4ndischer K\u00e4sereikunst gefertigt, mit vegetarischem Lab und im Meersalz gep\u00f6kelt. Der K\u00e4se ist durch die reifebedingt laktosefrei<\/p>\n<p><u><strong>im K\u00fchlschrank aufbewahren!\u00a0<\/strong><\/u><\/p>\n<p><em>Zutaten:\u00a0pasteurisierte Kuhmilch*,\u00a0Meersalz, vegetarisch Lab und Milchs\u00e4urekultur.<\/em><br \/>\n<em>*aus kontrolliert Biologischem Anbau\u00a0\u00a0<\/em><\/p>\n<\/div>\n<p>&nbsp;<\/p>\n<p><img loading=\"lazy\" decoding=\"async\" class=\"alignleft wp-image-4623\" src=\"https:\/\/aurora-kaas.com\/wp-content\/uploads\/2022\/11\/Bio-Siegel-EG-Oeko-VO-Deutschland-300x249.png\" alt=\"\" width=\"121\" height=\"100\" srcset=\"https:\/\/aurora-kaas.com\/wp-content\/uploads\/2022\/11\/Bio-Siegel-EG-Oeko-VO-Deutschland-300x249.png 300w, https:\/\/aurora-kaas.com\/wp-content\/uploads\/2022\/11\/Bio-Siegel-EG-Oeko-VO-Deutschland-600x498.png 600w, https:\/\/aurora-kaas.com\/wp-content\/uploads\/2022\/11\/Bio-Siegel-EG-Oeko-VO-Deutschland-1024x849.png 1024w, https:\/\/aurora-kaas.com\/wp-content\/uploads\/2022\/11\/Bio-Siegel-EG-Oeko-VO-Deutschland-768x637.png 768w, https:\/\/aurora-kaas.com\/wp-content\/uploads\/2022\/11\/Bio-Siegel-EG-Oeko-VO-Deutschland.png 1478w\" sizes=\"auto, (max-width: 121px) 100vw, 121px\" \/><img loading=\"lazy\" decoding=\"async\" class=\"wp-image-1072 alignnone\" src=\"https:\/\/aurora-kaas.com\/wp-content\/uploads\/2022\/03\/demeter.jpeg\" alt=\"\" width=\"180\" height=\"78\" \/><img loading=\"lazy\" decoding=\"async\" class=\"alignleft wp-image-4694\" src=\"https:\/\/aurora-kaas.com\/wp-content\/uploads\/2023\/01\/DE-OeKO-070-300x294.jpg\" alt=\"\" width=\"102\" height=\"100\" srcset=\"https:\/\/aurora-kaas.com\/wp-content\/uploads\/2023\/01\/DE-OeKO-070-300x294.jpg 300w, https:\/\/aurora-kaas.com\/wp-content\/uploads\/2023\/01\/DE-OeKO-070.jpg 591w\" sizes=\"auto, (max-width: 102px) 100vw, 102px\" \/><\/p>\n<p><strong>Wichtiger Hinweis! <\/strong>Wir versenden immer nur mittwochs. Bestellungen werden, wenn sie vor Montag 12 Uhr eingegangen sind, am darauf folgendem Mittwoch verschickt.<\/p>\n<p>&nbsp;<\/p>\n","protected":false},"excerpt":{"rendered":"<p><strong>Vakuumverpacktes St\u00fcck von\u00a0\u00b1\u00a0450 Gramm.<\/strong><\/p>\n<p><em>Zutaten:\u00a0pasteurisierte Kuhmilch*,\u00a0Meersalz, vegetarisch Lab und Milchs\u00e4urekultur.<\/em><br \/>\n<em>*aus kontrolliert Biologischem Anbau\u00a0\u00a0<\/em><\/p>\n<p><img loading=\"lazy\" decoding=\"async\" class=\"alignleft wp-image-4623\" src=\"https:\/\/aurora-kaas.com\/wp-content\/uploads\/2022\/11\/Bio-Siegel-EG-Oeko-VO-Deutschland-300x249.png\" alt=\"\" width=\"121\" height=\"100\" srcset=\"https:\/\/aurora-kaas.com\/wp-content\/uploads\/2022\/11\/Bio-Siegel-EG-Oeko-VO-Deutschland-300x249.png 300w, https:\/\/aurora-kaas.com\/wp-content\/uploads\/2022\/11\/Bio-Siegel-EG-Oeko-VO-Deutschland-600x498.png 600w, https:\/\/aurora-kaas.com\/wp-content\/uploads\/2022\/11\/Bio-Siegel-EG-Oeko-VO-Deutschland-1024x849.png 1024w, https:\/\/aurora-kaas.com\/wp-content\/uploads\/2022\/11\/Bio-Siegel-EG-Oeko-VO-Deutschland-768x637.png 768w, https:\/\/aurora-kaas.com\/wp-content\/uploads\/2022\/11\/Bio-Siegel-EG-Oeko-VO-Deutschland.png 1478w\" sizes=\"auto, (max-width: 121px) 100vw, 121px\" \/><img loading=\"lazy\" decoding=\"async\" class=\"alignnone wp-image-1072\" src=\"https:\/\/aurora-kaas.com\/wp-content\/uploads\/2022\/03\/demeter.jpeg\" alt=\"\" width=\"212\" height=\"98\" \/><img loading=\"lazy\" decoding=\"async\" class=\"alignleft wp-image-4694\" src=\"https:\/\/aurora-kaas.com\/wp-content\/uploads\/2023\/01\/DE-OeKO-070-300x294.jpg\" alt=\"\" width=\"102\" height=\"100\" srcset=\"https:\/\/aurora-kaas.com\/wp-content\/uploads\/2023\/01\/DE-OeKO-070-300x294.jpg 300w, https:\/\/aurora-kaas.com\/wp-content\/uploads\/2023\/01\/DE-OeKO-070.jpg 591w\" sizes=\"auto, (max-width: 102px) 100vw, 102px\" \/><\/p>\n<p>&nbsp;<\/p>\n<p>&nbsp;<\/p>\n<p>&nbsp;<\/p>\n<p><strong>Wichtiger Hinweis! <\/strong>Wir versenden immer nur mittwochs. Bestellungen werden, wenn sie vor Montag 12 Uhr eingegangen sind, am darauf folgendem Mittwoch verschickt.<\/p>\n<p>&nbsp;<\/p>\n","protected":false},"featured_media":7124,"template":"","meta":{"inline_featured_image":false,"_kad_blocks_custom_css":"","_kad_blocks_head_custom_js":"","_kad_blocks_body_custom_js":"","_kad_blocks_footer_custom_js":"","_kadence_starter_templates_imported_post":false,"_kad_post_transparent":"default","_kad_post_title":"","_kad_post_layout":"default","_kad_post_sidebar_id":"","_kad_post_content_style":"default","_kad_post_vertical_padding":"default","_kad_post_feature":"","_kad_post_feature_position":"","_kad_post_header":false,"_kad_post_footer":false,"_kad_post_classname":""},"product_brand":[],"product_cat":[205,217,227,237],"product_tag":[251,129,250],"class_list":{"0":"post-7348","1":"product","2":"type-product","3":"status-publish","4":"has-post-thumbnail","6":"product_cat-biokaese-kuhmilch","7":"product_cat-demeter-de","8":"product_cat-gouda-mild-jung","9":"product_cat-natur","10":"product_tag-demeter-de","11":"product_tag-mild","12":"product_tag-muttergebunden","14":"first","15":"instock","16":"taxable","17":"shipping-taxable","18":"product-type-simple","19":"entry","20":"content-bg","21":"loop-entry"},"yoast_head":"<!-- This site is optimized with the Yoast SEO plugin v27.3 - https:\/\/yoast.com\/product\/yoast-seo-wordpress\/ -->\n<title>Aurora Gold Mama Kuh Demeter - \u00b1 450 Gramm - Aurora kaas<\/title>\n<meta name=\"description\" content=\"Demeter K\u00e4se, Muttergebunden, K\u00e4lber bei der Kuh, Niederrhein, Bio Milch, Tierwohl\" \/>\n<meta name=\"robots\" content=\"index, follow, max-snippet:-1, max-image-preview:large, max-video-preview:-1\" \/>\n<link rel=\"canonical\" href=\"https:\/\/aurora-kaas.com\/de\/produkt\/aurora-mama-kuh-%c2%b1-450-gramm\/\" \/>\n<meta property=\"og:locale\" content=\"de_DE\" \/>\n<meta property=\"og:type\" content=\"article\" \/>\n<meta property=\"og:title\" content=\"Aurora Gold Mama Kuh Demeter - \u00b1 450 Gramm - Aurora kaas\" \/>\n<meta property=\"og:description\" content=\"Demeter K\u00e4se, Muttergebunden, K\u00e4lber bei der Kuh, Niederrhein, Bio Milch, Tierwohl\" \/>\n<meta property=\"og:url\" content=\"https:\/\/aurora-kaas.com\/de\/produkt\/aurora-mama-kuh-%c2%b1-450-gramm\/\" \/>\n<meta property=\"og:site_name\" content=\"Aurora kaas\" \/>\n<meta property=\"article:publisher\" content=\"https:\/\/www.facebook.com\/auroracheese\" \/>\n<meta property=\"article:modified_time\" content=\"2024-04-10T05:55:14+00:00\" \/>\n<meta property=\"og:image\" content=\"https:\/\/aurora-kaas.com\/wp-content\/uploads\/2023\/08\/Aurora-Gold-Mama-Kuh-1024x1024.png\" \/>\n\t<meta property=\"og:image:width\" content=\"1024\" \/>\n\t<meta property=\"og:image:height\" content=\"1024\" \/>\n\t<meta property=\"og:image:type\" content=\"image\/png\" \/>\n<meta name=\"twitter:card\" content=\"summary_large_image\" \/>\n<meta name=\"twitter:label1\" content=\"Gesch\u00e4tzte Lesezeit\" \/>\n\t<meta name=\"twitter:data1\" content=\"2\u00a0Minuten\" \/>\n<script type=\"application\/ld+json\" class=\"yoast-schema-graph\">{\"@context\":\"https:\\\/\\\/schema.org\",\"@graph\":[{\"@type\":\"WebPage\",\"@id\":\"https:\\\/\\\/aurora-kaas.com\\\/de\\\/produkt\\\/aurora-mama-kuh-%c2%b1-450-gramm\\\/\",\"url\":\"https:\\\/\\\/aurora-kaas.com\\\/de\\\/produkt\\\/aurora-mama-kuh-%c2%b1-450-gramm\\\/\",\"name\":\"Aurora Gold Mama Kuh Demeter - \u00b1 450 Gramm - Aurora kaas\",\"isPartOf\":{\"@id\":\"https:\\\/\\\/aurora-kaas.com\\\/de\\\/#website\"},\"primaryImageOfPage\":{\"@id\":\"https:\\\/\\\/aurora-kaas.com\\\/de\\\/produkt\\\/aurora-mama-kuh-%c2%b1-450-gramm\\\/#primaryimage\"},\"image\":{\"@id\":\"https:\\\/\\\/aurora-kaas.com\\\/de\\\/produkt\\\/aurora-mama-kuh-%c2%b1-450-gramm\\\/#primaryimage\"},\"thumbnailUrl\":\"https:\\\/\\\/aurora-kaas.com\\\/wp-content\\\/uploads\\\/2023\\\/08\\\/Aurora-Gold-Mama-Kuh.png\",\"datePublished\":\"2023-09-07T08:43:22+00:00\",\"dateModified\":\"2024-04-10T05:55:14+00:00\",\"description\":\"Demeter K\u00e4se, Muttergebunden, K\u00e4lber bei der Kuh, Niederrhein, Bio Milch, Tierwohl\",\"breadcrumb\":{\"@id\":\"https:\\\/\\\/aurora-kaas.com\\\/de\\\/produkt\\\/aurora-mama-kuh-%c2%b1-450-gramm\\\/#breadcrumb\"},\"inLanguage\":\"de\",\"potentialAction\":[{\"@type\":\"ReadAction\",\"target\":[\"https:\\\/\\\/aurora-kaas.com\\\/de\\\/produkt\\\/aurora-mama-kuh-%c2%b1-450-gramm\\\/\"]}]},{\"@type\":\"ImageObject\",\"inLanguage\":\"de\",\"@id\":\"https:\\\/\\\/aurora-kaas.com\\\/de\\\/produkt\\\/aurora-mama-kuh-%c2%b1-450-gramm\\\/#primaryimage\",\"url\":\"https:\\\/\\\/aurora-kaas.com\\\/wp-content\\\/uploads\\\/2023\\\/08\\\/Aurora-Gold-Mama-Kuh.png\",\"contentUrl\":\"https:\\\/\\\/aurora-kaas.com\\\/wp-content\\\/uploads\\\/2023\\\/08\\\/Aurora-Gold-Mama-Kuh.png\",\"width\":2480,\"height\":2480},{\"@type\":\"BreadcrumbList\",\"@id\":\"https:\\\/\\\/aurora-kaas.com\\\/de\\\/produkt\\\/aurora-mama-kuh-%c2%b1-450-gramm\\\/#breadcrumb\",\"itemListElement\":[{\"@type\":\"ListItem\",\"position\":1,\"name\":\"Startseite\",\"item\":\"https:\\\/\\\/aurora-kaas.com\\\/de\\\/\"},{\"@type\":\"ListItem\",\"position\":2,\"name\":\"Bio K\u00e4se\",\"item\":\"https:\\\/\\\/aurora-kaas.com\\\/de\\\/?page_id=2187\"},{\"@type\":\"ListItem\",\"position\":3,\"name\":\"Aurora Gold Mama Kuh Demeter &#8211; \u00b1 450 Gramm\"}]},{\"@type\":\"WebSite\",\"@id\":\"https:\\\/\\\/aurora-kaas.com\\\/de\\\/#website\",\"url\":\"https:\\\/\\\/aurora-kaas.com\\\/de\\\/\",\"name\":\"Aurora Kaas\",\"description\":\"Biok\u00e4se vom Niederrhein\",\"publisher\":{\"@id\":\"https:\\\/\\\/aurora-kaas.com\\\/de\\\/#organization\"},\"potentialAction\":[{\"@type\":\"SearchAction\",\"target\":{\"@type\":\"EntryPoint\",\"urlTemplate\":\"https:\\\/\\\/aurora-kaas.com\\\/de\\\/?s={search_term_string}\"},\"query-input\":{\"@type\":\"PropertyValueSpecification\",\"valueRequired\":true,\"valueName\":\"search_term_string\"}}],\"inLanguage\":\"de\"},{\"@type\":\"Organization\",\"@id\":\"https:\\\/\\\/aurora-kaas.com\\\/de\\\/#organization\",\"name\":\"Aurora Kaas GmbH\",\"url\":\"https:\\\/\\\/aurora-kaas.com\\\/de\\\/\",\"logo\":{\"@type\":\"ImageObject\",\"inLanguage\":\"de\",\"@id\":\"https:\\\/\\\/aurora-kaas.com\\\/de\\\/#\\\/schema\\\/logo\\\/image\\\/\",\"url\":\"https:\\\/\\\/aurora-kaas.com\\\/wp-content\\\/uploads\\\/2022\\\/03\\\/logo.svg\",\"contentUrl\":\"https:\\\/\\\/aurora-kaas.com\\\/wp-content\\\/uploads\\\/2022\\\/03\\\/logo.svg\",\"width\":155,\"height\":82,\"caption\":\"Aurora Kaas GmbH\"},\"image\":{\"@id\":\"https:\\\/\\\/aurora-kaas.com\\\/de\\\/#\\\/schema\\\/logo\\\/image\\\/\"},\"sameAs\":[\"https:\\\/\\\/www.facebook.com\\\/auroracheese\",\"https:\\\/\\\/www.instagram.com\\\/aurora_kaas\\\/\"]}]}<\/script>\n<!-- \/ Yoast SEO plugin. -->","yoast_head_json":{"title":"Aurora Gold Mama Kuh Demeter - \u00b1 450 Gramm - Aurora kaas","description":"Demeter K\u00e4se, Muttergebunden, K\u00e4lber bei der Kuh, Niederrhein, Bio Milch, Tierwohl","robots":{"index":"index","follow":"follow","max-snippet":"max-snippet:-1","max-image-preview":"max-image-preview:large","max-video-preview":"max-video-preview:-1"},"canonical":"https:\/\/aurora-kaas.com\/de\/produkt\/aurora-mama-kuh-%c2%b1-450-gramm\/","og_locale":"de_DE","og_type":"article","og_title":"Aurora Gold Mama Kuh Demeter - \u00b1 450 Gramm - Aurora kaas","og_description":"Demeter K\u00e4se, Muttergebunden, K\u00e4lber bei der Kuh, Niederrhein, Bio Milch, Tierwohl","og_url":"https:\/\/aurora-kaas.com\/de\/produkt\/aurora-mama-kuh-%c2%b1-450-gramm\/","og_site_name":"Aurora kaas","article_publisher":"https:\/\/www.facebook.com\/auroracheese","article_modified_time":"2024-04-10T05:55:14+00:00","og_image":[{"width":1024,"height":1024,"url":"https:\/\/aurora-kaas.com\/wp-content\/uploads\/2023\/08\/Aurora-Gold-Mama-Kuh-1024x1024.png","type":"image\/png"}],"twitter_card":"summary_large_image","twitter_misc":{"Gesch\u00e4tzte Lesezeit":"2\u00a0Minuten"},"schema":{"@context":"https:\/\/schema.org","@graph":[{"@type":"WebPage","@id":"https:\/\/aurora-kaas.com\/de\/produkt\/aurora-mama-kuh-%c2%b1-450-gramm\/","url":"https:\/\/aurora-kaas.com\/de\/produkt\/aurora-mama-kuh-%c2%b1-450-gramm\/","name":"Aurora Gold Mama Kuh Demeter - \u00b1 450 Gramm - Aurora kaas","isPartOf":{"@id":"https:\/\/aurora-kaas.com\/de\/#website"},"primaryImageOfPage":{"@id":"https:\/\/aurora-kaas.com\/de\/produkt\/aurora-mama-kuh-%c2%b1-450-gramm\/#primaryimage"},"image":{"@id":"https:\/\/aurora-kaas.com\/de\/produkt\/aurora-mama-kuh-%c2%b1-450-gramm\/#primaryimage"},"thumbnailUrl":"https:\/\/aurora-kaas.com\/wp-content\/uploads\/2023\/08\/Aurora-Gold-Mama-Kuh.png","datePublished":"2023-09-07T08:43:22+00:00","dateModified":"2024-04-10T05:55:14+00:00","description":"Demeter K\u00e4se, Muttergebunden, K\u00e4lber bei der Kuh, Niederrhein, Bio Milch, Tierwohl","breadcrumb":{"@id":"https:\/\/aurora-kaas.com\/de\/produkt\/aurora-mama-kuh-%c2%b1-450-gramm\/#breadcrumb"},"inLanguage":"de","potentialAction":[{"@type":"ReadAction","target":["https:\/\/aurora-kaas.com\/de\/produkt\/aurora-mama-kuh-%c2%b1-450-gramm\/"]}]},{"@type":"ImageObject","inLanguage":"de","@id":"https:\/\/aurora-kaas.com\/de\/produkt\/aurora-mama-kuh-%c2%b1-450-gramm\/#primaryimage","url":"https:\/\/aurora-kaas.com\/wp-content\/uploads\/2023\/08\/Aurora-Gold-Mama-Kuh.png","contentUrl":"https:\/\/aurora-kaas.com\/wp-content\/uploads\/2023\/08\/Aurora-Gold-Mama-Kuh.png","width":2480,"height":2480},{"@type":"BreadcrumbList","@id":"https:\/\/aurora-kaas.com\/de\/produkt\/aurora-mama-kuh-%c2%b1-450-gramm\/#breadcrumb","itemListElement":[{"@type":"ListItem","position":1,"name":"Startseite","item":"https:\/\/aurora-kaas.com\/de\/"},{"@type":"ListItem","position":2,"name":"Bio K\u00e4se","item":"https:\/\/aurora-kaas.com\/de\/?page_id=2187"},{"@type":"ListItem","position":3,"name":"Aurora Gold Mama Kuh Demeter &#8211; \u00b1 450 Gramm"}]},{"@type":"WebSite","@id":"https:\/\/aurora-kaas.com\/de\/#website","url":"https:\/\/aurora-kaas.com\/de\/","name":"Aurora Kaas","description":"Biok\u00e4se vom Niederrhein","publisher":{"@id":"https:\/\/aurora-kaas.com\/de\/#organization"},"potentialAction":[{"@type":"SearchAction","target":{"@type":"EntryPoint","urlTemplate":"https:\/\/aurora-kaas.com\/de\/?s={search_term_string}"},"query-input":{"@type":"PropertyValueSpecification","valueRequired":true,"valueName":"search_term_string"}}],"inLanguage":"de"},{"@type":"Organization","@id":"https:\/\/aurora-kaas.com\/de\/#organization","name":"Aurora Kaas GmbH","url":"https:\/\/aurora-kaas.com\/de\/","logo":{"@type":"ImageObject","inLanguage":"de","@id":"https:\/\/aurora-kaas.com\/de\/#\/schema\/logo\/image\/","url":"https:\/\/aurora-kaas.com\/wp-content\/uploads\/2022\/03\/logo.svg","contentUrl":"https:\/\/aurora-kaas.com\/wp-content\/uploads\/2022\/03\/logo.svg","width":155,"height":82,"caption":"Aurora Kaas GmbH"},"image":{"@id":"https:\/\/aurora-kaas.com\/de\/#\/schema\/logo\/image\/"},"sameAs":["https:\/\/www.facebook.com\/auroracheese","https:\/\/www.instagram.com\/aurora_kaas\/"]}]}},"taxonomy_info":{"product_cat":[{"value":205,"label":"Biok\u00e4se-Kuhmilch"},{"value":217,"label":"Demeter"},{"value":227,"label":"Gouda Mild\/Jung"},{"value":237,"label":"Natur"}],"product_tag":[{"value":251,"label":"Demeter"},{"value":129,"label":"mild"},{"value":250,"label":"Muttergebunden"}]},"featured_image_src_large":["https:\/\/aurora-kaas.com\/wp-content\/uploads\/2023\/08\/Aurora-Gold-Mama-Kuh-1024x1024.png",1024,1024,true],"author_info":[],"comment_info":"","_links":{"self":[{"href":"https:\/\/aurora-kaas.com\/de\/wp-json\/wp\/v2\/product\/7348","targetHints":{"allow":["GET"]}}],"collection":[{"href":"https:\/\/aurora-kaas.com\/de\/wp-json\/wp\/v2\/product"}],"about":[{"href":"https:\/\/aurora-kaas.com\/de\/wp-json\/wp\/v2\/types\/product"}],"wp:featuredmedia":[{"embeddable":true,"href":"https:\/\/aurora-kaas.com\/de\/wp-json\/wp\/v2\/media\/7124"}],"wp:attachment":[{"href":"https:\/\/aurora-kaas.com\/de\/wp-json\/wp\/v2\/media?parent=7348"}],"wp:term":[{"taxonomy":"product_brand","embeddable":true,"href":"https:\/\/aurora-kaas.com\/de\/wp-json\/wp\/v2\/product_brand?post=7348"},{"taxonomy":"product_cat","embeddable":true,"href":"https:\/\/aurora-kaas.com\/de\/wp-json\/wp\/v2\/product_cat?post=7348"},{"taxonomy":"product_tag","embeddable":true,"href":"https:\/\/aurora-kaas.com\/de\/wp-json\/wp\/v2\/product_tag?post=7348"}],"curies":[{"name":"wp","href":"https:\/\/api.w.org\/{rel}","templated":true}]}}